{"id":5223,"date":"2024-11-18T09:07:29","date_gmt":"2024-11-18T12:07:29","guid":{"rendered":"https:\/\/fundhas.org.br\/portfolio\/portfolio2025\/?page_id=5223"},"modified":"2025-12-05T14:15:29","modified_gmt":"2025-12-05T17:15:29","slug":"dia-mundial-contra-o-trabalho-infantil","status":"publish","type":"page","link":"https:\/\/fundhas.org.br\/portfolio\/portfolio2025\/inicio\/dia-mundial-contra-o-trabalho-infantil\/","title":{"rendered":"Dia Mundial do Trabalho Infantil"},"content":{"rendered":"<p><b><i>Tema: &#8220;<\/i><\/b><strong><i>Dia Mundial do Trabalho Infantil<\/i><i>&#8220;<\/i><\/strong><b><i><br \/>\n<\/i><\/b><\/p>\n<h4><span style=\"color: #00aeef;\">Descri\u00e7\u00e3o<\/span><\/h4>\n<p><span style=\"font-weight: 400;\">Este projeto teve como objetivo central a erradica\u00e7\u00e3o do trabalho infantil, por meio da conscientiza\u00e7\u00e3o e do fortalecimento do protagonismo de crian\u00e7as e adolescentes. A iniciativa buscou sensibilizar o p\u00fablico acerca dos impactos negativos do trabalho precoce na escolariza\u00e7\u00e3o, na socializa\u00e7\u00e3o e na sa\u00fade, ao mesmo tempo em que promoveu reflex\u00f5es sobre os direitos fundamentais da inf\u00e2ncia e da adolesc\u00eancia.<\/span><\/p>\n<p><span style=\"font-weight: 400;\">Para alcan\u00e7ar tais objetivos, foram empregadas estrat\u00e9gias l\u00fadicas e educativas, como rodas de conversa, oficinas tem\u00e1ticas e produ\u00e7\u00f5es art\u00edsticas, que possibilitaram o di\u00e1logo, a express\u00e3o criativa e a constru\u00e7\u00e3o coletiva de conhecimento. As atividades abordaram de forma clara a diferen\u00e7a entre responsabilidades compat\u00edveis com a idade e o trabalho infantil, apresentando suas consequ\u00eancias individuais e sociais, e incentivando os jovens a compreenderem, defenderem e multiplicarem a import\u00e2ncia da garantia de seus direitos.<\/span><\/p>\n<p><span style=\"font-weight: 400;\">O projeto foi desenvolvido em parceria com a Secretaria de Desenvolvimento Social, fortalecendo a integra\u00e7\u00e3o intersetorial e o compromisso com a efetividade das a\u00e7\u00f5es. As atividades foram conduzidas com base na escuta ativa e na avalia\u00e7\u00e3o participativa, o que permitiu identificar aprendizados, registrar experi\u00eancias e estabelecer subs\u00eddios para a formula\u00e7\u00e3o de a\u00e7\u00f5es futuras.<\/span><\/p>\n<p><span style=\"font-weight: 400;\">Essa iniciativa est\u00e1 diretamente alinhada aos Objetivos de Desenvolvimento Sustent\u00e1vel, com destaque para os ODSs 1, 4, 8, 10 e 16.<\/span><\/p>\n","protected":false},"excerpt":{"rendered":"<p>Tema: &#8220;Dia Mundial do Trabalho Infantil&#8220; Descri\u00e7\u00e3o Este projeto teve como objetivo central a erradica\u00e7\u00e3o do trabalho infantil, por meio da conscientiza\u00e7\u00e3o e do fortalecimento do protagonismo de crian\u00e7as e adolescentes. A iniciativa buscou sensibilizar o p\u00fablico acerca dos impactos negativos do trabalho precoce na escolariza\u00e7\u00e3o, na socializa\u00e7\u00e3o e na sa\u00fade, ao mesmo tempo em [&hellip;]<\/p>\n","protected":false},"author":9,"featured_media":0,"parent":36,"menu_order":0,"comment_status":"closed","ping_status":"closed","template":"","meta":{"footnotes":""},"class_list":["post-5223","page","type-page","status-publish","czr-hentry"],"_links":{"self":[{"href":"https:\/\/fundhas.org.br\/portfolio\/portfolio2025\/wp-json\/wp\/v2\/pages\/5223","targetHints":{"allow":["GET"]}}],"collection":[{"href":"https:\/\/fundhas.org.br\/portfolio\/portfolio2025\/wp-json\/wp\/v2\/pages"}],"about":[{"href":"https:\/\/fundhas.org.br\/portfolio\/portfolio2025\/wp-json\/wp\/v2\/types\/page"}],"author":[{"embeddable":true,"href":"https:\/\/fundhas.org.br\/portfolio\/portfolio2025\/wp-json\/wp\/v2\/users\/9"}],"replies":[{"embeddable":true,"href":"https:\/\/fundhas.org.br\/portfolio\/portfolio2025\/wp-json\/wp\/v2\/comments?post=5223"}],"version-history":[{"count":12,"href":"https:\/\/fundhas.org.br\/portfolio\/portfolio2025\/wp-json\/wp\/v2\/pages\/5223\/revisions"}],"predecessor-version":[{"id":7654,"href":"https:\/\/fundhas.org.br\/portfolio\/portfolio2025\/wp-json\/wp\/v2\/pages\/5223\/revisions\/7654"}],"up":[{"embeddable":true,"href":"https:\/\/fundhas.org.br\/portfolio\/portfolio2025\/wp-json\/wp\/v2\/pages\/36"}],"wp:attachment":[{"href":"https:\/\/fundhas.org.br\/portfolio\/portfolio2025\/wp-json\/wp\/v2\/media?parent=5223"}],"curies":[{"name":"wp","href":"https:\/\/api.w.org\/{rel}","templated":true}]}}