{"id":4324,"date":"2023-11-06T15:23:50","date_gmt":"2023-11-06T18:23:50","guid":{"rendered":"https:\/\/fundhas.org.br\/portfolio\/portfolio2023\/?page_id=4324"},"modified":"2023-11-21T15:30:42","modified_gmt":"2023-11-21T18:30:42","slug":"dia-mundial-do-meio-ambiente","status":"publish","type":"page","link":"https:\/\/fundhas.org.br\/portfolio\/portfolio2023\/inicio\/dia-mundial-do-meio-ambiente\/","title":{"rendered":"Dia Mundial do Meio Ambiente"},"content":{"rendered":"<p><b><i>Tema: &#8220;Desenvolvimento Sustent\u00e1vel\/ Dia Mundial do Meio Ambiente\/ Ano Internacional do Pain\u00e7o&#8221;<br \/>\n<\/i><\/b><\/p>\n<h4><span style=\"color: #00aeef;\">Descri\u00e7\u00e3o<\/span><\/h4>\n<p><span style=\"font-weight: 400;\">O Centro de Estudos Ambientais existente na institui\u00e7\u00e3o converge com a Agenda da Educa\u00e7\u00e3o 2030, englobado pelo ODS 4 que visa \u201cAssegurar a educa\u00e7\u00e3o inclusiva e equitativa de aprendizagem ao longo da vida para todos\u201d e pela ODS 12 \u201cConsumo e produ\u00e7\u00e3o respons\u00e1vel\u201d e ODS 13 \u201cA\u00e7\u00e3o contra a mudan\u00e7a global do clima\u201d. Que visam oportunizar conhecimentos que promovam a transforma\u00e7\u00e3o de h\u00e1bitos e atitudes respons\u00e1veis em rela\u00e7\u00e3o ao meio ambiente e a si pr\u00f3prio na busca da qualidade de vida, do consumo consciente e da preserva\u00e7\u00e3o. Esse projeto tem como finalidade a aproxima\u00e7\u00e3o dos alunos e visitantes no Centro de Estudos Ambientais com atividades ligadas ao plantio e conhecimento do Pain\u00e7o, o gr\u00e3o considerado o alimento internacional do ano de 2023.\u00a0<\/span><\/p>\n<p><span style=\"font-weight: 400;\">\u00c9 poss\u00edvel acompanhar o desenvolvimento pelas nossas redes sociais: <\/span><a href=\"https:\/\/fundhas.org.br\/2023\/10\/10\/alunas-da-fundhas-conhecem-propriedades-do-milho-painco\/\"><span style=\"font-weight: 400;\">https:\/\/fundhas.org.br\/2023\/10\/10\/alunas-da-fundhas-conhecem-propriedades-do-milho-painco\/<\/span><\/a><\/p>\n<p>&nbsp;<\/p>\n<h4><span style=\"color: #00aeef;\">Galeria de Imagens<\/span><\/h4>\n<div id='gallery-1' class='czr-gallery row flex-row czr-gallery-style gallery galleryid-4324 gallery-columns-5 gallery-size-thumbnail'><figure class='gallery-item col col-auto'>\r\n                        <div class='gallery-icon landscape czr-gallery-icon'>\r\n                              <a data-lb-type=\"grouped-gallery\" href=https:\/\/fundhas.org.br\/portfolio\/portfolio2023\/wp-content\/uploads\/2023\/11\/01-Educacao-Ambiental-e-Empreendedorismo-Ecologico.jpeg class=\"bg-link\"><\/a><img loading=\"lazy\" decoding=\"async\" width=\"150\" height=\"150\" src=\"https:\/\/fundhas.org.br\/portfolio\/portfolio2023\/wp-content\/uploads\/2023\/11\/01-Educacao-Ambiental-e-Empreendedorismo-Ecologico-150x150.jpeg\" class=\"attachment-thumbnail size-thumbnail no-lazy\" alt=\"\" sizes=\"auto, (min-width: 1200px) 198px, (min-width: 992px) 162px, (min-width: 768px) 114px, (min-width: 576px) 105px, calc( 50vw - 30px )\" srcset=\"https:\/\/fundhas.org.br\/portfolio\/portfolio2023\/wp-content\/uploads\/2023\/11\/01-Educacao-Ambiental-e-Empreendedorismo-Ecologico-150x150.jpeg 150w, https:\/\/fundhas.org.br\/portfolio\/portfolio2023\/wp-content\/uploads\/2023\/11\/01-Educacao-Ambiental-e-Empreendedorismo-Ecologico-510x510.jpeg 510w\" \/>\r\n                        <\/div><\/figure><figure class='gallery-item col col-auto'>\r\n                        <div class='gallery-icon landscape czr-gallery-icon'>\r\n                              <a data-lb-type=\"grouped-gallery\" href=https:\/\/fundhas.org.br\/portfolio\/portfolio2023\/wp-content\/uploads\/2023\/11\/02-Educacao-Ambiental-e-Empreendedorismo-Ecologico.jpeg class=\"bg-link\"><\/a><img loading=\"lazy\" decoding=\"async\" width=\"150\" height=\"150\" src=\"https:\/\/fundhas.org.br\/portfolio\/portfolio2023\/wp-content\/uploads\/2023\/11\/02-Educacao-Ambiental-e-Empreendedorismo-Ecologico-150x150.jpeg\" class=\"attachment-thumbnail size-thumbnail no-lazy\" alt=\"\" sizes=\"auto, (min-width: 1200px) 198px, (min-width: 992px) 162px, (min-width: 768px) 114px, (min-width: 576px) 105px, calc( 50vw - 30px )\" srcset=\"https:\/\/fundhas.org.br\/portfolio\/portfolio2023\/wp-content\/uploads\/2023\/11\/02-Educacao-Ambiental-e-Empreendedorismo-Ecologico-150x150.jpeg 150w, https:\/\/fundhas.org.br\/portfolio\/portfolio2023\/wp-content\/uploads\/2023\/11\/02-Educacao-Ambiental-e-Empreendedorismo-Ecologico-510x510.jpeg 510w\" \/>\r\n                        <\/div><\/figure><figure class='gallery-item col col-auto'>\r\n                        <div class='gallery-icon landscape czr-gallery-icon'>\r\n                              <a data-lb-type=\"grouped-gallery\" href=https:\/\/fundhas.org.br\/portfolio\/portfolio2023\/wp-content\/uploads\/2023\/11\/03-Educacao-Ambiental-e-Empreendedorismo-Ecologico.jpeg class=\"bg-link\"><\/a><img loading=\"lazy\" decoding=\"async\" width=\"150\" height=\"150\" src=\"https:\/\/fundhas.org.br\/portfolio\/portfolio2023\/wp-content\/uploads\/2023\/11\/03-Educacao-Ambiental-e-Empreendedorismo-Ecologico-150x150.jpeg\" class=\"attachment-thumbnail size-thumbnail no-lazy\" alt=\"\" sizes=\"auto, (min-width: 1200px) 198px, (min-width: 992px) 162px, (min-width: 768px) 114px, (min-width: 576px) 105px, calc( 50vw - 30px )\" srcset=\"https:\/\/fundhas.org.br\/portfolio\/portfolio2023\/wp-content\/uploads\/2023\/11\/03-Educacao-Ambiental-e-Empreendedorismo-Ecologico-150x150.jpeg 150w, https:\/\/fundhas.org.br\/portfolio\/portfolio2023\/wp-content\/uploads\/2023\/11\/03-Educacao-Ambiental-e-Empreendedorismo-Ecologico-510x510.jpeg 510w\" \/>\r\n                        <\/div><\/figure><figure class='gallery-item col col-auto'>\r\n                        <div class='gallery-icon landscape czr-gallery-icon'>\r\n                              <a data-lb-type=\"grouped-gallery\" href=https:\/\/fundhas.org.br\/portfolio\/portfolio2023\/wp-content\/uploads\/2023\/11\/03.1-Educacao-Ambiental-e-Empreendedorismo-Ecologico.jpeg class=\"bg-link\"><\/a><img loading=\"lazy\" decoding=\"async\" width=\"150\" height=\"150\" src=\"https:\/\/fundhas.org.br\/portfolio\/portfolio2023\/wp-content\/uploads\/2023\/11\/03.1-Educacao-Ambiental-e-Empreendedorismo-Ecologico-150x150.jpeg\" class=\"attachment-thumbnail size-thumbnail no-lazy\" alt=\"\" sizes=\"auto, (min-width: 1200px) 198px, (min-width: 992px) 162px, (min-width: 768px) 114px, (min-width: 576px) 105px, calc( 50vw - 30px )\" srcset=\"https:\/\/fundhas.org.br\/portfolio\/portfolio2023\/wp-content\/uploads\/2023\/11\/03.1-Educacao-Ambiental-e-Empreendedorismo-Ecologico-150x150.jpeg 150w, https:\/\/fundhas.org.br\/portfolio\/portfolio2023\/wp-content\/uploads\/2023\/11\/03.1-Educacao-Ambiental-e-Empreendedorismo-Ecologico-510x510.jpeg 510w\" \/>\r\n                        <\/div><\/figure><figure class='gallery-item col col-auto'>\r\n                        <div class='gallery-icon landscape czr-gallery-icon'>\r\n                              <a data-lb-type=\"grouped-gallery\" href=https:\/\/fundhas.org.br\/portfolio\/portfolio2023\/wp-content\/uploads\/2023\/11\/04-Educacao-Ambiental-e-Empreendedorismo-Ecologico.jpeg class=\"bg-link\"><\/a><img loading=\"lazy\" decoding=\"async\" width=\"150\" height=\"150\" src=\"https:\/\/fundhas.org.br\/portfolio\/portfolio2023\/wp-content\/uploads\/2023\/11\/04-Educacao-Ambiental-e-Empreendedorismo-Ecologico-150x150.jpeg\" class=\"attachment-thumbnail size-thumbnail no-lazy\" alt=\"\" sizes=\"auto, (min-width: 1200px) 198px, (min-width: 992px) 162px, (min-width: 768px) 114px, (min-width: 576px) 105px, calc( 50vw - 30px )\" srcset=\"https:\/\/fundhas.org.br\/portfolio\/portfolio2023\/wp-content\/uploads\/2023\/11\/04-Educacao-Ambiental-e-Empreendedorismo-Ecologico-150x150.jpeg 150w, https:\/\/fundhas.org.br\/portfolio\/portfolio2023\/wp-content\/uploads\/2023\/11\/04-Educacao-Ambiental-e-Empreendedorismo-Ecologico-510x510.jpeg 510w\" \/>\r\n                        <\/div><\/figure><figure class='gallery-item col col-auto'>\r\n                        <div class='gallery-icon landscape czr-gallery-icon'>\r\n                              <a data-lb-type=\"grouped-gallery\" href=https:\/\/fundhas.org.br\/portfolio\/portfolio2023\/wp-content\/uploads\/2023\/11\/05-Educacao-Ambiental-e-Empreendedorismo-Ecologico.jpeg class=\"bg-link\"><\/a><img loading=\"lazy\" decoding=\"async\" width=\"150\" height=\"150\" src=\"https:\/\/fundhas.org.br\/portfolio\/portfolio2023\/wp-content\/uploads\/2023\/11\/05-Educacao-Ambiental-e-Empreendedorismo-Ecologico-150x150.jpeg\" class=\"attachment-thumbnail size-thumbnail no-lazy\" alt=\"\" sizes=\"auto, (min-width: 1200px) 198px, (min-width: 992px) 162px, (min-width: 768px) 114px, (min-width: 576px) 105px, calc( 50vw - 30px )\" srcset=\"https:\/\/fundhas.org.br\/portfolio\/portfolio2023\/wp-content\/uploads\/2023\/11\/05-Educacao-Ambiental-e-Empreendedorismo-Ecologico-150x150.jpeg 150w, https:\/\/fundhas.org.br\/portfolio\/portfolio2023\/wp-content\/uploads\/2023\/11\/05-Educacao-Ambiental-e-Empreendedorismo-Ecologico-510x510.jpeg 510w\" \/>\r\n                        <\/div><\/figure><figure class='gallery-item col col-auto'>\r\n                        <div class='gallery-icon landscape czr-gallery-icon'>\r\n                              <a data-lb-type=\"grouped-gallery\" href=https:\/\/fundhas.org.br\/portfolio\/portfolio2023\/wp-content\/uploads\/2023\/11\/06-Educacao-Ambiental-e-Empreendedorismo-Ecologico.jpeg class=\"bg-link\"><\/a><img loading=\"lazy\" decoding=\"async\" width=\"150\" height=\"150\" src=\"https:\/\/fundhas.org.br\/portfolio\/portfolio2023\/wp-content\/uploads\/2023\/11\/06-Educacao-Ambiental-e-Empreendedorismo-Ecologico-150x150.jpeg\" class=\"attachment-thumbnail size-thumbnail no-lazy\" alt=\"\" sizes=\"auto, (min-width: 1200px) 198px, (min-width: 992px) 162px, (min-width: 768px) 114px, (min-width: 576px) 105px, calc( 50vw - 30px )\" srcset=\"https:\/\/fundhas.org.br\/portfolio\/portfolio2023\/wp-content\/uploads\/2023\/11\/06-Educacao-Ambiental-e-Empreendedorismo-Ecologico-150x150.jpeg 150w, https:\/\/fundhas.org.br\/portfolio\/portfolio2023\/wp-content\/uploads\/2023\/11\/06-Educacao-Ambiental-e-Empreendedorismo-Ecologico-510x510.jpeg 510w\" \/>\r\n                        <\/div><\/figure><figure class='gallery-item col col-auto'>\r\n                        <div class='gallery-icon landscape czr-gallery-icon'>\r\n                              <a data-lb-type=\"grouped-gallery\" href=https:\/\/fundhas.org.br\/portfolio\/portfolio2023\/wp-content\/uploads\/2023\/11\/07-Educacao-Ambiental-e-Empreendedorismo-Ecologico.jpeg class=\"bg-link\"><\/a><img loading=\"lazy\" decoding=\"async\" width=\"150\" height=\"150\" src=\"https:\/\/fundhas.org.br\/portfolio\/portfolio2023\/wp-content\/uploads\/2023\/11\/07-Educacao-Ambiental-e-Empreendedorismo-Ecologico-150x150.jpeg\" class=\"attachment-thumbnail size-thumbnail no-lazy\" alt=\"\" sizes=\"auto, (min-width: 1200px) 198px, (min-width: 992px) 162px, (min-width: 768px) 114px, (min-width: 576px) 105px, calc( 50vw - 30px )\" srcset=\"https:\/\/fundhas.org.br\/portfolio\/portfolio2023\/wp-content\/uploads\/2023\/11\/07-Educacao-Ambiental-e-Empreendedorismo-Ecologico-150x150.jpeg 150w, https:\/\/fundhas.org.br\/portfolio\/portfolio2023\/wp-content\/uploads\/2023\/11\/07-Educacao-Ambiental-e-Empreendedorismo-Ecologico-510x510.jpeg 510w\" \/>\r\n                        <\/div><\/figure><figure class='gallery-item col col-auto'>\r\n                        <div class='gallery-icon landscape czr-gallery-icon'>\r\n                              <a data-lb-type=\"grouped-gallery\" href=https:\/\/fundhas.org.br\/portfolio\/portfolio2023\/wp-content\/uploads\/2023\/11\/08-Educacao-Ambiental-e-Empreendedorismo-Ecologico.jpeg class=\"bg-link\"><\/a><img loading=\"lazy\" decoding=\"async\" width=\"150\" height=\"150\" src=\"https:\/\/fundhas.org.br\/portfolio\/portfolio2023\/wp-content\/uploads\/2023\/11\/08-Educacao-Ambiental-e-Empreendedorismo-Ecologico-150x150.jpeg\" class=\"attachment-thumbnail size-thumbnail no-lazy\" alt=\"\" sizes=\"auto, (min-width: 1200px) 198px, (min-width: 992px) 162px, (min-width: 768px) 114px, (min-width: 576px) 105px, calc( 50vw - 30px )\" \/>\r\n                        <\/div><\/figure><figure class='gallery-item col col-auto'>\r\n                        <div class='gallery-icon landscape czr-gallery-icon'>\r\n                              <a data-lb-type=\"grouped-gallery\" href=https:\/\/fundhas.org.br\/portfolio\/portfolio2023\/wp-content\/uploads\/2023\/11\/09-Educacao-Ambiental-e-Empreendedorismo-Ecologico.jpeg class=\"bg-link\"><\/a><img loading=\"lazy\" decoding=\"async\" width=\"150\" height=\"150\" src=\"https:\/\/fundhas.org.br\/portfolio\/portfolio2023\/wp-content\/uploads\/2023\/11\/09-Educacao-Ambiental-e-Empreendedorismo-Ecologico-150x150.jpeg\" class=\"attachment-thumbnail size-thumbnail no-lazy\" alt=\"\" sizes=\"auto, (min-width: 1200px) 198px, (min-width: 992px) 162px, (min-width: 768px) 114px, (min-width: 576px) 105px, calc( 50vw - 30px )\" srcset=\"https:\/\/fundhas.org.br\/portfolio\/portfolio2023\/wp-content\/uploads\/2023\/11\/09-Educacao-Ambiental-e-Empreendedorismo-Ecologico-150x150.jpeg 150w, https:\/\/fundhas.org.br\/portfolio\/portfolio2023\/wp-content\/uploads\/2023\/11\/09-Educacao-Ambiental-e-Empreendedorismo-Ecologico-510x510.jpeg 510w\" \/>\r\n                        <\/div><\/figure><figure class='gallery-item col col-auto'>\r\n                        <div class='gallery-icon landscape czr-gallery-icon'>\r\n                              <a data-lb-type=\"grouped-gallery\" href=https:\/\/fundhas.org.br\/portfolio\/portfolio2023\/wp-content\/uploads\/2023\/11\/10-Educacao-Ambiental-e-Empreendedorismo-Ecologico.jpeg class=\"bg-link\"><\/a><img loading=\"lazy\" decoding=\"async\" width=\"150\" height=\"150\" src=\"https:\/\/fundhas.org.br\/portfolio\/portfolio2023\/wp-content\/uploads\/2023\/11\/10-Educacao-Ambiental-e-Empreendedorismo-Ecologico-150x150.jpeg\" class=\"attachment-thumbnail size-thumbnail no-lazy\" alt=\"\" sizes=\"auto, (min-width: 1200px) 198px, (min-width: 992px) 162px, (min-width: 768px) 114px, (min-width: 576px) 105px, calc( 50vw - 30px )\" srcset=\"https:\/\/fundhas.org.br\/portfolio\/portfolio2023\/wp-content\/uploads\/2023\/11\/10-Educacao-Ambiental-e-Empreendedorismo-Ecologico-150x150.jpeg 150w, https:\/\/fundhas.org.br\/portfolio\/portfolio2023\/wp-content\/uploads\/2023\/11\/10-Educacao-Ambiental-e-Empreendedorismo-Ecologico-510x510.jpeg 510w\" \/>\r\n                        <\/div><\/figure><figure class='gallery-item col col-auto'>\r\n                        <div class='gallery-icon landscape czr-gallery-icon'>\r\n                              <a data-lb-type=\"grouped-gallery\" href=https:\/\/fundhas.org.br\/portfolio\/portfolio2023\/wp-content\/uploads\/2023\/11\/11-Educacao-Ambiental-e-Empreendedorismo-Ecologico.jpeg class=\"bg-link\"><\/a><img loading=\"lazy\" decoding=\"async\" width=\"150\" height=\"150\" src=\"https:\/\/fundhas.org.br\/portfolio\/portfolio2023\/wp-content\/uploads\/2023\/11\/11-Educacao-Ambiental-e-Empreendedorismo-Ecologico-150x150.jpeg\" class=\"attachment-thumbnail size-thumbnail no-lazy\" alt=\"\" sizes=\"auto, (min-width: 1200px) 198px, (min-width: 992px) 162px, (min-width: 768px) 114px, (min-width: 576px) 105px, calc( 50vw - 30px )\" srcset=\"https:\/\/fundhas.org.br\/portfolio\/portfolio2023\/wp-content\/uploads\/2023\/11\/11-Educacao-Ambiental-e-Empreendedorismo-Ecologico-150x150.jpeg 150w, https:\/\/fundhas.org.br\/portfolio\/portfolio2023\/wp-content\/uploads\/2023\/11\/11-Educacao-Ambiental-e-Empreendedorismo-Ecologico-510x510.jpeg 510w\" \/>\r\n                        <\/div><\/figure><figure class='gallery-item col col-auto'>\r\n                        <div class='gallery-icon portrait czr-gallery-icon'>\r\n                              <a data-lb-type=\"grouped-gallery\" href=https:\/\/fundhas.org.br\/portfolio\/portfolio2023\/wp-content\/uploads\/2023\/11\/Bolacha-Painco-1.jpg class=\"bg-link\"><\/a><img loading=\"lazy\" decoding=\"async\" width=\"150\" height=\"150\" src=\"https:\/\/fundhas.org.br\/portfolio\/portfolio2023\/wp-content\/uploads\/2023\/11\/Bolacha-Painco-1-150x150.jpg\" class=\"attachment-thumbnail size-thumbnail no-lazy\" alt=\"\" sizes=\"auto, (min-width: 1200px) 198px, (min-width: 992px) 162px, (min-width: 768px) 114px, (min-width: 576px) 105px, calc( 50vw - 30px )\" srcset=\"https:\/\/fundhas.org.br\/portfolio\/portfolio2023\/wp-content\/uploads\/2023\/11\/Bolacha-Painco-1-150x150.jpg 150w, https:\/\/fundhas.org.br\/portfolio\/portfolio2023\/wp-content\/uploads\/2023\/11\/Bolacha-Painco-1-510x510.jpg 510w\" \/>\r\n                        <\/div><\/figure><figure class='gallery-item col col-auto'>\r\n                        <div class='gallery-icon portrait czr-gallery-icon'>\r\n                              <a data-lb-type=\"grouped-gallery\" href=https:\/\/fundhas.org.br\/portfolio\/portfolio2023\/wp-content\/uploads\/2023\/11\/Leite-de-Painco-1.jpg class=\"bg-link\"><\/a><img loading=\"lazy\" decoding=\"async\" width=\"150\" height=\"150\" src=\"https:\/\/fundhas.org.br\/portfolio\/portfolio2023\/wp-content\/uploads\/2023\/11\/Leite-de-Painco-1-150x150.jpg\" class=\"attachment-thumbnail size-thumbnail no-lazy\" alt=\"\" sizes=\"auto, (min-width: 1200px) 198px, (min-width: 992px) 162px, (min-width: 768px) 114px, (min-width: 576px) 105px, calc( 50vw - 30px )\" srcset=\"https:\/\/fundhas.org.br\/portfolio\/portfolio2023\/wp-content\/uploads\/2023\/11\/Leite-de-Painco-1-150x150.jpg 150w, https:\/\/fundhas.org.br\/portfolio\/portfolio2023\/wp-content\/uploads\/2023\/11\/Leite-de-Painco-1-510x510.jpg 510w\" \/>\r\n                        <\/div><\/figure>\r\n                  <\/div>\n\n","protected":false},"excerpt":{"rendered":"<p>Tema: &#8220;Desenvolvimento Sustent\u00e1vel\/ Dia Mundial do Meio Ambiente\/ Ano Internacional do Pain\u00e7o&#8221; Descri\u00e7\u00e3o O Centro de Estudos Ambientais existente na institui\u00e7\u00e3o converge com a Agenda da Educa\u00e7\u00e3o 2030, englobado pelo ODS 4 que visa \u201cAssegurar a educa\u00e7\u00e3o inclusiva e equitativa de aprendizagem ao longo da vida para todos\u201d e pela ODS 12 \u201cConsumo e produ\u00e7\u00e3o [&hellip;]<\/p>\n","protected":false},"author":9,"featured_media":0,"parent":36,"menu_order":0,"comment_status":"closed","ping_status":"closed","template":"","meta":{"footnotes":""},"class_list":["post-4324","page","type-page","status-publish","czr-hentry"],"_links":{"self":[{"href":"https:\/\/fundhas.org.br\/portfolio\/portfolio2023\/wp-json\/wp\/v2\/pages\/4324","targetHints":{"allow":["GET"]}}],"collection":[{"href":"https:\/\/fundhas.org.br\/portfolio\/portfolio2023\/wp-json\/wp\/v2\/pages"}],"about":[{"href":"https:\/\/fundhas.org.br\/portfolio\/portfolio2023\/wp-json\/wp\/v2\/types\/page"}],"author":[{"embeddable":true,"href":"https:\/\/fundhas.org.br\/portfolio\/portfolio2023\/wp-json\/wp\/v2\/users\/9"}],"replies":[{"embeddable":true,"href":"https:\/\/fundhas.org.br\/portfolio\/portfolio2023\/wp-json\/wp\/v2\/comments?post=4324"}],"version-history":[{"count":4,"href":"https:\/\/fundhas.org.br\/portfolio\/portfolio2023\/wp-json\/wp\/v2\/pages\/4324\/revisions"}],"predecessor-version":[{"id":4800,"href":"https:\/\/fundhas.org.br\/portfolio\/portfolio2023\/wp-json\/wp\/v2\/pages\/4324\/revisions\/4800"}],"up":[{"embeddable":true,"href":"https:\/\/fundhas.org.br\/portfolio\/portfolio2023\/wp-json\/wp\/v2\/pages\/36"}],"wp:attachment":[{"href":"https:\/\/fundhas.org.br\/portfolio\/portfolio2023\/wp-json\/wp\/v2\/media?parent=4324"}],"curies":[{"name":"wp","href":"https:\/\/api.w.org\/{rel}","templated":true}]}}