{"id":4279,"date":"2023-11-06T15:12:32","date_gmt":"2023-11-06T18:12:32","guid":{"rendered":"https:\/\/fundhas.org.br\/portfolio\/portfolio2023\/?page_id=4279"},"modified":"2023-11-06T16:19:09","modified_gmt":"2023-11-06T19:19:09","slug":"dia-mundial-das-abelhas","status":"publish","type":"page","link":"https:\/\/fundhas.org.br\/portfolio\/portfolio2023\/inicio\/dia-mundial-das-abelhas\/","title":{"rendered":"Dia Mundial das Abelhas"},"content":{"rendered":"<p><b><i>Tema: &#8220;<a href=\"https:\/\/nacoesunidas.org\/onu-declara-20-de-maio-dia-mundial-das-abelhas\/\">Dia Mundial das Abelhas<\/a>&#8221;<br \/>\n<\/i><\/b><\/p>\n<h4><span style=\"color: #00aeef;\">Descri\u00e7\u00e3o<\/span><\/h4>\n<p><span style=\"font-weight: 400;\">Com a inten\u00e7\u00e3o educativa de conscientizar sobre a import\u00e2ncia de preserva\u00e7\u00e3o da fauna e flora, do cultivo das abelhas (poliniza\u00e7\u00e3o), demonstrando que a manuten\u00e7\u00e3o da biodiversidade, a produ\u00e7\u00e3o de alimentos e a vida humana precisam ser cuidadas foi desenvolvido o projeto para multiplica\u00e7\u00e3o coletiva de saberes acerca do assunto.<\/span><\/p>\n<p><span style=\"font-weight: 400;\">O projeto favoreceu o aprendizado de maneira participativa, coletiva e divertida, explorando os ambientes e conhecendo tudo sobre as abelhas, por meio de cultivo de abelhas, as crian\u00e7as conheceram seu habitat, reprodu\u00e7\u00e3o e as a\u00e7\u00f5es no meio ambiente, afinal, s\u00e3o elas que <\/span><span style=\"font-weight: 400;\">est\u00e3o relacionadas com a sobreviv\u00eancia de muitas esp\u00e9cies de plantas, sendo fundamentais para o aumento da produtividade agr\u00edcola e para o sustento de esp\u00e9cies (aves e mam\u00edferos) que se alimentam de frutas e sementes atrav\u00e9s da poliniza\u00e7\u00e3o cerca de 80% das plantas se reproduzem.<\/span><\/p>\n<p><span style=\"font-weight: 400;\">O<\/span><span style=\"font-weight: 400;\">s polinizadores tamb\u00e9m contribuem diretamente para medicamentos, biocombust\u00edveis, fibras como algod\u00e3o, linho e materiais de constru\u00e7\u00e3o.<\/span><\/p>\n<p><span style=\"font-weight: 400;\">O Projeto vai de encontro com a ODS 13 &#8211; \u201cA\u00e7\u00f5es contra a mudan\u00e7a global do clima\u201d, a sua diversidade garante que h\u00e1 polinizadores eficazes n\u00e3o apenas para as condi\u00e7\u00f5es atuais, mas tamb\u00e9m para as condi\u00e7\u00f5es futuras. Como resultado da biodiversidade, a resili\u00eancia pode, portanto, ser constru\u00edda em agroecossistemas.<\/span><\/p>\n<p><span style=\"font-weight: 400;\">No entanto, os polinizadores enfrentam os principais desafios atuais, que incluem a agricultura intensiva, os pesticidas e a mudan\u00e7a clim\u00e1tica. Al\u00e9m da compreens\u00e3o da import\u00e2ncia das abelhas, as atividades<\/span><span style=\"font-weight: 400;\"> fizeram com que as crian\u00e7as\/adolescentes superassem o medo de abelhas.<\/span><\/p>\n<h4><span style=\"color: #00aeef;\">Galeria de Imagens<\/span><\/h4>\n\n","protected":false},"excerpt":{"rendered":"<p>Tema: &#8220;Dia Mundial das Abelhas&#8221; Descri\u00e7\u00e3o Com a inten\u00e7\u00e3o educativa de conscientizar sobre a import\u00e2ncia de preserva\u00e7\u00e3o da fauna e flora, do cultivo das abelhas (poliniza\u00e7\u00e3o), demonstrando que a manuten\u00e7\u00e3o da biodiversidade, a produ\u00e7\u00e3o de alimentos e a vida humana precisam ser cuidadas foi desenvolvido o projeto para multiplica\u00e7\u00e3o coletiva de saberes acerca do assunto. [&hellip;]<\/p>\n","protected":false},"author":9,"featured_media":0,"parent":36,"menu_order":0,"comment_status":"closed","ping_status":"closed","template":"","meta":{"footnotes":""},"class_list":["post-4279","page","type-page","status-publish","czr-hentry"],"_links":{"self":[{"href":"https:\/\/fundhas.org.br\/portfolio\/portfolio2023\/wp-json\/wp\/v2\/pages\/4279","targetHints":{"allow":["GET"]}}],"collection":[{"href":"https:\/\/fundhas.org.br\/portfolio\/portfolio2023\/wp-json\/wp\/v2\/pages"}],"about":[{"href":"https:\/\/fundhas.org.br\/portfolio\/portfolio2023\/wp-json\/wp\/v2\/types\/page"}],"author":[{"embeddable":true,"href":"https:\/\/fundhas.org.br\/portfolio\/portfolio2023\/wp-json\/wp\/v2\/users\/9"}],"replies":[{"embeddable":true,"href":"https:\/\/fundhas.org.br\/portfolio\/portfolio2023\/wp-json\/wp\/v2\/comments?post=4279"}],"version-history":[{"count":2,"href":"https:\/\/fundhas.org.br\/portfolio\/portfolio2023\/wp-json\/wp\/v2\/pages\/4279\/revisions"}],"predecessor-version":[{"id":4618,"href":"https:\/\/fundhas.org.br\/portfolio\/portfolio2023\/wp-json\/wp\/v2\/pages\/4279\/revisions\/4618"}],"up":[{"embeddable":true,"href":"https:\/\/fundhas.org.br\/portfolio\/portfolio2023\/wp-json\/wp\/v2\/pages\/36"}],"wp:attachment":[{"href":"https:\/\/fundhas.org.br\/portfolio\/portfolio2023\/wp-json\/wp\/v2\/media?parent=4279"}],"curies":[{"name":"wp","href":"https:\/\/api.w.org\/{rel}","templated":true}]}}