{"id":4220,"date":"2023-11-06T14:52:05","date_gmt":"2023-11-06T17:52:05","guid":{"rendered":"https:\/\/fundhas.org.br\/portfolio\/portfolio2023\/?page_id=4220"},"modified":"2023-11-14T09:07:48","modified_gmt":"2023-11-14T12:07:48","slug":"dia-mundial-da-saude","status":"publish","type":"page","link":"https:\/\/fundhas.org.br\/portfolio\/portfolio2023\/inicio\/dia-mundial-da-saude\/","title":{"rendered":"Dia Mundial da Sa\u00fade"},"content":{"rendered":"<p><b><i>Tema: &#8220;Dia Mundial da Sa\u00fade&#8221;<br \/>\n<\/i><\/b><\/p>\n<h4><span style=\"color: #00aeef;\">Descri\u00e7\u00e3o<\/span><\/h4>\n<p><span style=\"font-weight: 400;\">Com o objetivo principal de desenvolver a\u00e7\u00f5es de promo\u00e7\u00e3o da sa\u00fade e preven\u00e7\u00e3o, que permitam, entre outros, melhoria do rendimento de sua qualidade de vida, de sua viv\u00eancia corporal, recupera\u00e7\u00e3o da autoestima e da autoconfian\u00e7a e diminui\u00e7\u00e3o dos n\u00edveis de constru\u00e7\u00e3o de novos saberes e amplia\u00e7\u00e3o de repert\u00f3rio, permeando a ODS 3 &#8211; que visa, assegurar uma vida saud\u00e1vel e promover o bem-estar para todas as pessoas, em todas as idades, foram realizadas a\u00e7\u00f5es de forma\u00e7\u00e3o, conscientiza\u00e7\u00e3o e multiplica\u00e7\u00e3o sobre a tem\u00e1tica com atividades e oficinas desenvolvidas.\u00a0\u00a0<\/span><\/p>\n<p><span style=\"font-weight: 400;\">Os Profissionais da institui\u00e7\u00e3o realizaram a\u00e7\u00f5es que auxiliaram na forma\u00e7\u00e3o de agentes multiplicadores de informa\u00e7\u00f5es \u00e0s crian\u00e7as e adolescentes, facilitando assim a ado\u00e7\u00e3o de estilos e h\u00e1bitos de vida saud\u00e1veis com repercuss\u00f5es positivas para toda a vida, em todos os lugares de viv\u00eancia, inclusive no \u00e2mbito familiar.<\/span><\/p>\n<p><span style=\"font-weight: 400;\">Para enriquecer a atividade, as crian\u00e7as e adolescentes participaram ativamente das oficinas de culin\u00e1rias e colheita de verduras complementando as atividades para vida saud\u00e1vel.<\/span><\/p>\n<p>&nbsp;<\/p>\n<h4><span style=\"color: #00aeef;\">Galeria de Imagens<\/span><\/h4>\n<div id='gallery-1' class='czr-gallery row flex-row czr-gallery-style gallery galleryid-4220 gallery-columns-5 gallery-size-thumbnail'><figure class='gallery-item col col-auto'>\r\n                        <div class='gallery-icon landscape czr-gallery-icon'>\r\n                              <a data-lb-type=\"grouped-gallery\" href=https:\/\/fundhas.org.br\/portfolio\/portfolio2023\/wp-content\/uploads\/2023\/11\/001-Saude-Dia-Mundial-da-Saude.jpeg class=\"bg-link\"><\/a><img loading=\"lazy\" decoding=\"async\" width=\"150\" height=\"150\" src=\"https:\/\/fundhas.org.br\/portfolio\/portfolio2023\/wp-content\/uploads\/2023\/11\/001-Saude-Dia-Mundial-da-Saude-150x150.jpeg\" class=\"attachment-thumbnail size-thumbnail no-lazy\" alt=\"\" sizes=\"auto, (min-width: 1200px) 198px, (min-width: 992px) 162px, (min-width: 768px) 114px, (min-width: 576px) 105px, calc( 50vw - 30px )\" srcset=\"https:\/\/fundhas.org.br\/portfolio\/portfolio2023\/wp-content\/uploads\/2023\/11\/001-Saude-Dia-Mundial-da-Saude-150x150.jpeg 150w, https:\/\/fundhas.org.br\/portfolio\/portfolio2023\/wp-content\/uploads\/2023\/11\/001-Saude-Dia-Mundial-da-Saude-510x510.jpeg 510w\" \/>\r\n                        <\/div><\/figure><figure class='gallery-item col col-auto'>\r\n                        <div class='gallery-icon landscape czr-gallery-icon'>\r\n                              <a data-lb-type=\"grouped-gallery\" href=https:\/\/fundhas.org.br\/portfolio\/portfolio2023\/wp-content\/uploads\/2023\/11\/002-Saude-Dia-Mundial-da-Saude.jpeg class=\"bg-link\"><\/a><img loading=\"lazy\" decoding=\"async\" width=\"150\" height=\"150\" src=\"https:\/\/fundhas.org.br\/portfolio\/portfolio2023\/wp-content\/uploads\/2023\/11\/002-Saude-Dia-Mundial-da-Saude-150x150.jpeg\" class=\"attachment-thumbnail size-thumbnail no-lazy\" alt=\"\" sizes=\"auto, (min-width: 1200px) 198px, (min-width: 992px) 162px, (min-width: 768px) 114px, (min-width: 576px) 105px, calc( 50vw - 30px )\" srcset=\"https:\/\/fundhas.org.br\/portfolio\/portfolio2023\/wp-content\/uploads\/2023\/11\/002-Saude-Dia-Mundial-da-Saude-150x150.jpeg 150w, https:\/\/fundhas.org.br\/portfolio\/portfolio2023\/wp-content\/uploads\/2023\/11\/002-Saude-Dia-Mundial-da-Saude-300x300.jpeg 300w, https:\/\/fundhas.org.br\/portfolio\/portfolio2023\/wp-content\/uploads\/2023\/11\/002-Saude-Dia-Mundial-da-Saude-1024x1024.jpeg 1024w, https:\/\/fundhas.org.br\/portfolio\/portfolio2023\/wp-content\/uploads\/2023\/11\/002-Saude-Dia-Mundial-da-Saude-768x768.jpeg 768w, https:\/\/fundhas.org.br\/portfolio\/portfolio2023\/wp-content\/uploads\/2023\/11\/002-Saude-Dia-Mundial-da-Saude-510x510.jpeg 510w, https:\/\/fundhas.org.br\/portfolio\/portfolio2023\/wp-content\/uploads\/2023\/11\/002-Saude-Dia-Mundial-da-Saude.jpeg 1496w\" \/>\r\n                        <\/div><\/figure><figure class='gallery-item col col-auto'>\r\n                        <div class='gallery-icon landscape czr-gallery-icon'>\r\n                              <a data-lb-type=\"grouped-gallery\" href=https:\/\/fundhas.org.br\/portfolio\/portfolio2023\/wp-content\/uploads\/2023\/11\/003-Saude-Dia-Mundial-da-Saude.jpeg class=\"bg-link\"><\/a><img loading=\"lazy\" decoding=\"async\" width=\"150\" height=\"150\" src=\"https:\/\/fundhas.org.br\/portfolio\/portfolio2023\/wp-content\/uploads\/2023\/11\/003-Saude-Dia-Mundial-da-Saude-150x150.jpeg\" class=\"attachment-thumbnail size-thumbnail no-lazy\" alt=\"\" sizes=\"auto, (min-width: 1200px) 198px, (min-width: 992px) 162px, (min-width: 768px) 114px, (min-width: 576px) 105px, calc( 50vw - 30px )\" srcset=\"https:\/\/fundhas.org.br\/portfolio\/portfolio2023\/wp-content\/uploads\/2023\/11\/003-Saude-Dia-Mundial-da-Saude-150x150.jpeg 150w, https:\/\/fundhas.org.br\/portfolio\/portfolio2023\/wp-content\/uploads\/2023\/11\/003-Saude-Dia-Mundial-da-Saude-300x300.jpeg 300w, https:\/\/fundhas.org.br\/portfolio\/portfolio2023\/wp-content\/uploads\/2023\/11\/003-Saude-Dia-Mundial-da-Saude-1024x1024.jpeg 1024w, https:\/\/fundhas.org.br\/portfolio\/portfolio2023\/wp-content\/uploads\/2023\/11\/003-Saude-Dia-Mundial-da-Saude-768x768.jpeg 768w, https:\/\/fundhas.org.br\/portfolio\/portfolio2023\/wp-content\/uploads\/2023\/11\/003-Saude-Dia-Mundial-da-Saude-510x510.jpeg 510w, https:\/\/fundhas.org.br\/portfolio\/portfolio2023\/wp-content\/uploads\/2023\/11\/003-Saude-Dia-Mundial-da-Saude.jpeg 1496w\" \/>\r\n                        <\/div><\/figure><figure class='gallery-item col col-auto'>\r\n                        <div class='gallery-icon portrait czr-gallery-icon'>\r\n                              <a data-lb-type=\"grouped-gallery\" href=https:\/\/fundhas.org.br\/portfolio\/portfolio2023\/wp-content\/uploads\/2023\/11\/004-Saude-Dia-Mundial-da-Saude.jpeg class=\"bg-link\"><\/a><img loading=\"lazy\" decoding=\"async\" width=\"150\" height=\"150\" src=\"https:\/\/fundhas.org.br\/portfolio\/portfolio2023\/wp-content\/uploads\/2023\/11\/004-Saude-Dia-Mundial-da-Saude-150x150.jpeg\" class=\"attachment-thumbnail size-thumbnail no-lazy\" alt=\"\" sizes=\"auto, (min-width: 1200px) 198px, (min-width: 992px) 162px, (min-width: 768px) 114px, (min-width: 576px) 105px, calc( 50vw - 30px )\" srcset=\"https:\/\/fundhas.org.br\/portfolio\/portfolio2023\/wp-content\/uploads\/2023\/11\/004-Saude-Dia-Mundial-da-Saude-150x150.jpeg 150w, https:\/\/fundhas.org.br\/portfolio\/portfolio2023\/wp-content\/uploads\/2023\/11\/004-Saude-Dia-Mundial-da-Saude-510x510.jpeg 510w\" \/>\r\n                        <\/div><\/figure><figure class='gallery-item col col-auto'>\r\n                        <div class='gallery-icon landscape czr-gallery-icon'>\r\n                              <a data-lb-type=\"grouped-gallery\" href=https:\/\/fundhas.org.br\/portfolio\/portfolio2023\/wp-content\/uploads\/2023\/11\/005-Saude-Dia-Mundial-da-Saude.jpeg class=\"bg-link\"><\/a><img loading=\"lazy\" decoding=\"async\" width=\"150\" height=\"150\" src=\"https:\/\/fundhas.org.br\/portfolio\/portfolio2023\/wp-content\/uploads\/2023\/11\/005-Saude-Dia-Mundial-da-Saude-150x150.jpeg\" class=\"attachment-thumbnail size-thumbnail no-lazy\" alt=\"\" sizes=\"auto, (min-width: 1200px) 198px, (min-width: 992px) 162px, (min-width: 768px) 114px, (min-width: 576px) 105px, calc( 50vw - 30px )\" srcset=\"https:\/\/fundhas.org.br\/portfolio\/portfolio2023\/wp-content\/uploads\/2023\/11\/005-Saude-Dia-Mundial-da-Saude-150x150.jpeg 150w, https:\/\/fundhas.org.br\/portfolio\/portfolio2023\/wp-content\/uploads\/2023\/11\/005-Saude-Dia-Mundial-da-Saude-510x510.jpeg 510w\" \/>\r\n                        <\/div><\/figure><figure class='gallery-item col col-auto'>\r\n                        <div class='gallery-icon portrait czr-gallery-icon'>\r\n                              <a data-lb-type=\"grouped-gallery\" href=https:\/\/fundhas.org.br\/portfolio\/portfolio2023\/wp-content\/uploads\/2023\/11\/006-Saude-Dia-Mundial-da-Saude.jpeg class=\"bg-link\"><\/a><img loading=\"lazy\" decoding=\"async\" width=\"150\" height=\"150\" src=\"https:\/\/fundhas.org.br\/portfolio\/portfolio2023\/wp-content\/uploads\/2023\/11\/006-Saude-Dia-Mundial-da-Saude-150x150.jpeg\" class=\"attachment-thumbnail size-thumbnail no-lazy\" alt=\"\" sizes=\"auto, (min-width: 1200px) 198px, (min-width: 992px) 162px, (min-width: 768px) 114px, (min-width: 576px) 105px, calc( 50vw - 30px )\" srcset=\"https:\/\/fundhas.org.br\/portfolio\/portfolio2023\/wp-content\/uploads\/2023\/11\/006-Saude-Dia-Mundial-da-Saude-150x150.jpeg 150w, https:\/\/fundhas.org.br\/portfolio\/portfolio2023\/wp-content\/uploads\/2023\/11\/006-Saude-Dia-Mundial-da-Saude-510x510.jpeg 510w\" \/>\r\n                        <\/div><\/figure><figure class='gallery-item col col-auto'>\r\n                        <div class='gallery-icon landscape czr-gallery-icon'>\r\n                              <a data-lb-type=\"grouped-gallery\" href=https:\/\/fundhas.org.br\/portfolio\/portfolio2023\/wp-content\/uploads\/2023\/11\/007-Saude-Dia-Mundial-da-Saude.jpeg class=\"bg-link\"><\/a><img loading=\"lazy\" decoding=\"async\" width=\"150\" height=\"150\" src=\"https:\/\/fundhas.org.br\/portfolio\/portfolio2023\/wp-content\/uploads\/2023\/11\/007-Saude-Dia-Mundial-da-Saude-150x150.jpeg\" class=\"attachment-thumbnail size-thumbnail no-lazy\" alt=\"\" sizes=\"auto, (min-width: 1200px) 198px, (min-width: 992px) 162px, (min-width: 768px) 114px, (min-width: 576px) 105px, calc( 50vw - 30px )\" srcset=\"https:\/\/fundhas.org.br\/portfolio\/portfolio2023\/wp-content\/uploads\/2023\/11\/007-Saude-Dia-Mundial-da-Saude-150x150.jpeg 150w, https:\/\/fundhas.org.br\/portfolio\/portfolio2023\/wp-content\/uploads\/2023\/11\/007-Saude-Dia-Mundial-da-Saude-510x510.jpeg 510w\" \/>\r\n                        <\/div><\/figure><figure class='gallery-item col col-auto'>\r\n                        <div class='gallery-icon landscape czr-gallery-icon'>\r\n                              <a data-lb-type=\"grouped-gallery\" href=https:\/\/fundhas.org.br\/portfolio\/portfolio2023\/wp-content\/uploads\/2023\/11\/008-Saude-Dia-Mundial-da-Saude.jpeg class=\"bg-link\"><\/a><img loading=\"lazy\" decoding=\"async\" width=\"150\" height=\"150\" src=\"https:\/\/fundhas.org.br\/portfolio\/portfolio2023\/wp-content\/uploads\/2023\/11\/008-Saude-Dia-Mundial-da-Saude-150x150.jpeg\" class=\"attachment-thumbnail size-thumbnail no-lazy\" alt=\"\" sizes=\"auto, (min-width: 1200px) 198px, (min-width: 992px) 162px, (min-width: 768px) 114px, (min-width: 576px) 105px, calc( 50vw - 30px )\" srcset=\"https:\/\/fundhas.org.br\/portfolio\/portfolio2023\/wp-content\/uploads\/2023\/11\/008-Saude-Dia-Mundial-da-Saude-150x150.jpeg 150w, https:\/\/fundhas.org.br\/portfolio\/portfolio2023\/wp-content\/uploads\/2023\/11\/008-Saude-Dia-Mundial-da-Saude-510x510.jpeg 510w\" \/>\r\n                        <\/div><\/figure><figure class='gallery-item col col-auto'>\r\n                        <div class='gallery-icon landscape czr-gallery-icon'>\r\n                              <a data-lb-type=\"grouped-gallery\" href=https:\/\/fundhas.org.br\/portfolio\/portfolio2023\/wp-content\/uploads\/2023\/11\/009-Saude-Dia-Mundial-da-Saude.jpeg class=\"bg-link\"><\/a><img loading=\"lazy\" decoding=\"async\" width=\"150\" height=\"150\" src=\"https:\/\/fundhas.org.br\/portfolio\/portfolio2023\/wp-content\/uploads\/2023\/11\/009-Saude-Dia-Mundial-da-Saude-150x150.jpeg\" class=\"attachment-thumbnail size-thumbnail no-lazy\" alt=\"\" sizes=\"auto, (min-width: 1200px) 198px, (min-width: 992px) 162px, (min-width: 768px) 114px, (min-width: 576px) 105px, calc( 50vw - 30px )\" srcset=\"https:\/\/fundhas.org.br\/portfolio\/portfolio2023\/wp-content\/uploads\/2023\/11\/009-Saude-Dia-Mundial-da-Saude-150x150.jpeg 150w, https:\/\/fundhas.org.br\/portfolio\/portfolio2023\/wp-content\/uploads\/2023\/11\/009-Saude-Dia-Mundial-da-Saude-510x510.jpeg 510w\" \/>\r\n                        <\/div><\/figure><figure class='gallery-item col col-auto'>\r\n                        <div class='gallery-icon landscape czr-gallery-icon'>\r\n                              <a data-lb-type=\"grouped-gallery\" href=https:\/\/fundhas.org.br\/portfolio\/portfolio2023\/wp-content\/uploads\/2023\/11\/010-Saude-Dia-Mundial-da-Saude.jpeg class=\"bg-link\"><\/a><img loading=\"lazy\" decoding=\"async\" width=\"150\" height=\"150\" src=\"https:\/\/fundhas.org.br\/portfolio\/portfolio2023\/wp-content\/uploads\/2023\/11\/010-Saude-Dia-Mundial-da-Saude-150x150.jpeg\" class=\"attachment-thumbnail size-thumbnail no-lazy\" alt=\"\" sizes=\"auto, (min-width: 1200px) 198px, (min-width: 992px) 162px, (min-width: 768px) 114px, (min-width: 576px) 105px, calc( 50vw - 30px )\" srcset=\"https:\/\/fundhas.org.br\/portfolio\/portfolio2023\/wp-content\/uploads\/2023\/11\/010-Saude-Dia-Mundial-da-Saude-150x150.jpeg 150w, https:\/\/fundhas.org.br\/portfolio\/portfolio2023\/wp-content\/uploads\/2023\/11\/010-Saude-Dia-Mundial-da-Saude-510x510.jpeg 510w\" \/>\r\n                        <\/div><\/figure><figure class='gallery-item col col-auto'>\r\n                        <div class='gallery-icon portrait czr-gallery-icon'>\r\n                              <a data-lb-type=\"grouped-gallery\" href=https:\/\/fundhas.org.br\/portfolio\/portfolio2023\/wp-content\/uploads\/2023\/11\/011-Saude-Dia-Mundial-da-Saude.jpeg class=\"bg-link\"><\/a><img loading=\"lazy\" decoding=\"async\" width=\"150\" height=\"150\" src=\"https:\/\/fundhas.org.br\/portfolio\/portfolio2023\/wp-content\/uploads\/2023\/11\/011-Saude-Dia-Mundial-da-Saude-150x150.jpeg\" class=\"attachment-thumbnail size-thumbnail no-lazy\" alt=\"\" sizes=\"auto, (min-width: 1200px) 198px, (min-width: 992px) 162px, (min-width: 768px) 114px, (min-width: 576px) 105px, calc( 50vw - 30px )\" srcset=\"https:\/\/fundhas.org.br\/portfolio\/portfolio2023\/wp-content\/uploads\/2023\/11\/011-Saude-Dia-Mundial-da-Saude-150x150.jpeg 150w, https:\/\/fundhas.org.br\/portfolio\/portfolio2023\/wp-content\/uploads\/2023\/11\/011-Saude-Dia-Mundial-da-Saude-510x510.jpeg 510w\" \/>\r\n                        <\/div><\/figure><figure class='gallery-item col col-auto'>\r\n                        <div class='gallery-icon landscape czr-gallery-icon'>\r\n                              <a data-lb-type=\"grouped-gallery\" href=https:\/\/fundhas.org.br\/portfolio\/portfolio2023\/wp-content\/uploads\/2023\/11\/013-Saude-Dia-Mundial-da-Saude.jpeg class=\"bg-link\"><\/a><img loading=\"lazy\" decoding=\"async\" width=\"150\" height=\"150\" src=\"https:\/\/fundhas.org.br\/portfolio\/portfolio2023\/wp-content\/uploads\/2023\/11\/013-Saude-Dia-Mundial-da-Saude-150x150.jpeg\" class=\"attachment-thumbnail size-thumbnail no-lazy\" alt=\"\" sizes=\"auto, (min-width: 1200px) 198px, (min-width: 992px) 162px, (min-width: 768px) 114px, (min-width: 576px) 105px, calc( 50vw - 30px )\" srcset=\"https:\/\/fundhas.org.br\/portfolio\/portfolio2023\/wp-content\/uploads\/2023\/11\/013-Saude-Dia-Mundial-da-Saude-150x150.jpeg 150w, https:\/\/fundhas.org.br\/portfolio\/portfolio2023\/wp-content\/uploads\/2023\/11\/013-Saude-Dia-Mundial-da-Saude-510x510.jpeg 510w\" \/>\r\n                        <\/div><\/figure><figure class='gallery-item col col-auto'>\r\n                        <div class='gallery-icon landscape czr-gallery-icon'>\r\n                              <a data-lb-type=\"grouped-gallery\" href=https:\/\/fundhas.org.br\/portfolio\/portfolio2023\/wp-content\/uploads\/2023\/11\/014-Saude-Dia-Mundial-da-Saude.jpeg class=\"bg-link\"><\/a><img loading=\"lazy\" decoding=\"async\" width=\"150\" height=\"150\" src=\"https:\/\/fundhas.org.br\/portfolio\/portfolio2023\/wp-content\/uploads\/2023\/11\/014-Saude-Dia-Mundial-da-Saude-150x150.jpeg\" class=\"attachment-thumbnail size-thumbnail no-lazy\" alt=\"\" sizes=\"auto, (min-width: 1200px) 198px, (min-width: 992px) 162px, (min-width: 768px) 114px, (min-width: 576px) 105px, calc( 50vw - 30px )\" srcset=\"https:\/\/fundhas.org.br\/portfolio\/portfolio2023\/wp-content\/uploads\/2023\/11\/014-Saude-Dia-Mundial-da-Saude-150x150.jpeg 150w, https:\/\/fundhas.org.br\/portfolio\/portfolio2023\/wp-content\/uploads\/2023\/11\/014-Saude-Dia-Mundial-da-Saude-510x510.jpeg 510w\" \/>\r\n                        <\/div><\/figure>\r\n                  <\/div>\n\n","protected":false},"excerpt":{"rendered":"<p>Tema: &#8220;Dia Mundial da Sa\u00fade&#8221; Descri\u00e7\u00e3o Com o objetivo principal de desenvolver a\u00e7\u00f5es de promo\u00e7\u00e3o da sa\u00fade e preven\u00e7\u00e3o, que permitam, entre outros, melhoria do rendimento de sua qualidade de vida, de sua viv\u00eancia corporal, recupera\u00e7\u00e3o da autoestima e da autoconfian\u00e7a e diminui\u00e7\u00e3o dos n\u00edveis de constru\u00e7\u00e3o de novos saberes e amplia\u00e7\u00e3o de repert\u00f3rio, permeando [&hellip;]<\/p>\n","protected":false},"author":9,"featured_media":0,"parent":36,"menu_order":0,"comment_status":"closed","ping_status":"closed","template":"","meta":{"footnotes":""},"class_list":["post-4220","page","type-page","status-publish","czr-hentry"],"_links":{"self":[{"href":"https:\/\/fundhas.org.br\/portfolio\/portfolio2023\/wp-json\/wp\/v2\/pages\/4220","targetHints":{"allow":["GET"]}}],"collection":[{"href":"https:\/\/fundhas.org.br\/portfolio\/portfolio2023\/wp-json\/wp\/v2\/pages"}],"about":[{"href":"https:\/\/fundhas.org.br\/portfolio\/portfolio2023\/wp-json\/wp\/v2\/types\/page"}],"author":[{"embeddable":true,"href":"https:\/\/fundhas.org.br\/portfolio\/portfolio2023\/wp-json\/wp\/v2\/users\/9"}],"replies":[{"embeddable":true,"href":"https:\/\/fundhas.org.br\/portfolio\/portfolio2023\/wp-json\/wp\/v2\/comments?post=4220"}],"version-history":[{"count":4,"href":"https:\/\/fundhas.org.br\/portfolio\/portfolio2023\/wp-json\/wp\/v2\/pages\/4220\/revisions"}],"predecessor-version":[{"id":4717,"href":"https:\/\/fundhas.org.br\/portfolio\/portfolio2023\/wp-json\/wp\/v2\/pages\/4220\/revisions\/4717"}],"up":[{"embeddable":true,"href":"https:\/\/fundhas.org.br\/portfolio\/portfolio2023\/wp-json\/wp\/v2\/pages\/36"}],"wp:attachment":[{"href":"https:\/\/fundhas.org.br\/portfolio\/portfolio2023\/wp-json\/wp\/v2\/media?parent=4220"}],"curies":[{"name":"wp","href":"https:\/\/api.w.org\/{rel}","templated":true}]}}