{"id":970,"date":"2022-10-25T14:22:48","date_gmt":"2022-10-25T17:22:48","guid":{"rendered":"https:\/\/fundhas.org.br\/portfolio\/2021\/?page_id=970"},"modified":"2022-11-07T10:01:07","modified_gmt":"2022-11-07T13:01:07","slug":"cultura-de-paz","status":"publish","type":"page","link":"https:\/\/fundhas.org.br\/portfolio\/portfolio2022\/inicio\/cultura-da-paz\/cultura-de-paz\/","title":{"rendered":"Paz e Confian\u00e7a\/ Dia internacional da Paz"},"content":{"rendered":"<p><b><i>Tema: Liderar com Compaix\u00e3o e Emanar A\u00e7\u00f5es para Cultura da Paz \/ Dia Internacional da Paz<\/i><\/b><\/p>\n<h4><span style=\"color: #00aeef;\">Descri\u00e7\u00e3o<\/span><\/h4>\n<p><span style=\"font-weight: 400;\">O projeto tem como inten\u00e7\u00e3o educativa o desenvolvimento das habilidades socioemocionais, por meio das atividades did\u00e1ticas e pr\u00e1ticas pedag\u00f3gicas subsidiadas por ferramentas de ensino, estruturadas e organizadas no Programa Lions Quest Internacional. As compet\u00eancias acompanhadas s\u00e3o: autoconhecimento, autoconhecimento respons\u00e1vel, conscientiza\u00e7\u00e3o social, habilidade de relacionamento e habilidade para tomada de decis\u00f5es.<\/span><\/p>\n<p><span style=\"font-weight: 400;\">Tendo como objetivo contribuir para amplia\u00e7\u00e3o da Cultura da Paz, prevista na ODS 16 e na busca por respostas efetivas \u00e0s situa\u00e7\u00f5es de conflito e viol\u00eancia no \u00e2mbito das escolas e da comunidade, busca-se trabalhar valores como responsabilidade, respeito, di\u00e1logo, foram produzidos em 2022, desenhos e cartas, sendo algumas no idioma Ucr\u00e2niano, como um apoio \u00e0s crian\u00e7as da Ucr\u00e2nia, almejando o fim do conflito, ou seja, um registro de Paz em tempos de guerra.<\/span><\/p>\n<p><span style=\"font-weight: 400;\">Outro trabalho desenvolvido ocorreu com a participa\u00e7\u00e3o no Concurso do Cartaz da Paz, cuja tem\u00e1tica para 2022 \u00e9 \u201cLiderar com Compaix\u00e3o\u201d que \u00e9 um evento mundial promovido pelo <\/span><a href=\"http:\/\/www.lionsclubs.org\/PO\/\"><span style=\"font-weight: 400;\">Lions Clube Internacional<\/span><\/a><span style=\"font-weight: 400;\">, com objetivo incentivar crian\u00e7as de 11 a 13 anos a expressarem criativamente suas percep\u00e7\u00f5es sobre a paz, buscando estimular a reflex\u00e3o de alunos, pais, professores e de toda comunidade escolar sobre o assunto, compartilhando opini\u00f5es e pontos de vista, \u00e9 poss\u00edvel construir um mundo de mais toler\u00e2ncia e compreens\u00e3o internacional. Ap\u00f3s a confec\u00e7\u00e3o dos cartazes os clubes Lions far\u00e3o exposi\u00e7\u00f5es dentro da sede e em local p\u00fablico, para mobiliza\u00e7\u00e3o da comunidade local, al\u00e9m da exposi\u00e7\u00e3o virtual que ocorrer\u00e1 na p\u00e1gina do clube Lions Augustin Soliva.<\/span><\/p>\n<p><span style=\"font-weight: 400;\">Ainda nesta tem\u00e1tica, foram desenvolvidas a\u00e7\u00f5es de dissemina\u00e7\u00e3o e reflex\u00e3o sobre a Paz em aspectos variados entre recortes et\u00e1rios, diferen\u00e7as entre seres humanos e sua atua\u00e7\u00e3o em sociedade, por meio de poesias, sarais, colet\u00e2neas po\u00e9ticas em que puderam expressar suas emo\u00e7\u00f5es e sentimentos ap\u00f3s rodas de discuss\u00f5es e estudos sobre o tema, que ocorreram em espa\u00e7os variados e ambientes externos ao da institui\u00e7\u00e3o, em que houve a participa\u00e7\u00e3o de cidad\u00e3os joseenses que contribu\u00edram com o desenvolvimento da tem\u00e1tica na adolesc\u00eancia. No dia 21 de setembro houve o evento em comemora\u00e7\u00e3o \u00e0 Paz com a exposi\u00e7\u00e3o dos trabalhos e ainda, uma programa\u00e7\u00e3o diferenciada valorizando a Cultura de Paz.<\/span><\/p>\n<h4><span style=\"color: #00aeef;\">Galeria de Imagens<\/span><\/h4>\n<div id='gallery-1' class='czr-gallery row flex-row czr-gallery-style gallery galleryid-970 gallery-columns-3 gallery-size-thumbnail'><figure class='gallery-item col col-auto'>\r\n                        <div class='gallery-icon portrait czr-gallery-icon'>\r\n                              <a href=https:\/\/fundhas.org.br\/portfolio\/portfolio2022\/inicio\/cultura-da-paz\/dia-internacional-mulheres\/attachment\/3832\/ class=\"bg-link\"><\/a><img loading=\"lazy\" decoding=\"async\" width=\"150\" height=\"150\" src=\"https:\/\/fundhas.org.br\/portfolio\/portfolio2022\/wp-content\/uploads\/2022\/11\/PAZ08-150x150.jpeg\" class=\"attachment-thumbnail size-thumbnail no-lazy\" alt=\"\" sizes=\"auto, (min-width: 1200px) 350px, (min-width: 992px) 290px, (min-width: 768px) 210px, (min-width: 576px) 150px, calc( 50vw - 30px )\" srcset=\"https:\/\/fundhas.org.br\/portfolio\/portfolio2022\/wp-content\/uploads\/2022\/11\/PAZ08-150x150.jpeg 150w, https:\/\/fundhas.org.br\/portfolio\/portfolio2022\/wp-content\/uploads\/2022\/11\/PAZ08-510x510.jpeg 510w\" \/><div class=\"post-action btn btn-skin-dark-shaded inverted\"><a href=\"https:\/\/fundhas.org.br\/portfolio\/portfolio2022\/wp-content\/uploads\/2022\/11\/PAZ08.jpeg\" class=\"icn-expand\" data-lb-type=\"grouped-gallery\"><\/a><\/div>\r\n                        <\/div><\/figure><figure class='gallery-item col col-auto'>\r\n                        <div class='gallery-icon landscape czr-gallery-icon'>\r\n                              <a href=https:\/\/fundhas.org.br\/portfolio\/portfolio2022\/inicio\/cultura-da-paz\/dia-internacional-mulheres\/attachment\/3838\/ class=\"bg-link\"><\/a><img loading=\"lazy\" decoding=\"async\" width=\"150\" height=\"150\" src=\"https:\/\/fundhas.org.br\/portfolio\/portfolio2022\/wp-content\/uploads\/2022\/11\/PAZ02-scaled-1-150x150.jpg\" class=\"attachment-thumbnail size-thumbnail no-lazy\" alt=\"\" sizes=\"auto, (min-width: 1200px) 350px, (min-width: 992px) 290px, (min-width: 768px) 210px, (min-width: 576px) 150px, calc( 50vw - 30px )\" srcset=\"https:\/\/fundhas.org.br\/portfolio\/portfolio2022\/wp-content\/uploads\/2022\/11\/PAZ02-scaled-1-150x150.jpg 150w, https:\/\/fundhas.org.br\/portfolio\/portfolio2022\/wp-content\/uploads\/2022\/11\/PAZ02-scaled-1-510x510.jpg 510w\" \/><div class=\"post-action btn btn-skin-dark-shaded inverted\"><a href=\"https:\/\/fundhas.org.br\/portfolio\/portfolio2022\/wp-content\/uploads\/2022\/11\/PAZ02-scaled-1.jpg\" class=\"icn-expand\" data-lb-type=\"grouped-gallery\"><\/a><\/div>\r\n                        <\/div><\/figure><figure class='gallery-item col col-auto'>\r\n                        <div class='gallery-icon landscape czr-gallery-icon'>\r\n                              <a href=https:\/\/fundhas.org.br\/portfolio\/portfolio2022\/inicio\/cultura-da-paz\/dia-internacional-mulheres\/attachment\/3839\/ class=\"bg-link\"><\/a><img loading=\"lazy\" decoding=\"async\" width=\"150\" height=\"150\" src=\"https:\/\/fundhas.org.br\/portfolio\/portfolio2022\/wp-content\/uploads\/2022\/11\/PAZ01-150x150.jpeg\" class=\"attachment-thumbnail size-thumbnail no-lazy\" alt=\"\" sizes=\"auto, (min-width: 1200px) 350px, (min-width: 992px) 290px, (min-width: 768px) 210px, (min-width: 576px) 150px, calc( 50vw - 30px )\" srcset=\"https:\/\/fundhas.org.br\/portfolio\/portfolio2022\/wp-content\/uploads\/2022\/11\/PAZ01-150x150.jpeg 150w, https:\/\/fundhas.org.br\/portfolio\/portfolio2022\/wp-content\/uploads\/2022\/11\/PAZ01-510x510.jpeg 510w\" \/><div class=\"post-action btn btn-skin-dark-shaded inverted\"><a href=\"https:\/\/fundhas.org.br\/portfolio\/portfolio2022\/wp-content\/uploads\/2022\/11\/PAZ01.jpeg\" class=\"icn-expand\" data-lb-type=\"grouped-gallery\"><\/a><\/div>\r\n                        <\/div><\/figure><figure class='gallery-item col col-auto'>\r\n                        <div class='gallery-icon landscape czr-gallery-icon'>\r\n                              <a href=https:\/\/fundhas.org.br\/portfolio\/portfolio2022\/inicio\/cultura-da-paz\/dia-internacional-mulheres\/attachment\/3833\/ class=\"bg-link\"><\/a><img loading=\"lazy\" decoding=\"async\" width=\"150\" height=\"150\" src=\"https:\/\/fundhas.org.br\/portfolio\/portfolio2022\/wp-content\/uploads\/2022\/11\/PAZ07-150x150.jpeg\" class=\"attachment-thumbnail size-thumbnail no-lazy\" alt=\"\" sizes=\"auto, (min-width: 1200px) 350px, (min-width: 992px) 290px, (min-width: 768px) 210px, (min-width: 576px) 150px, calc( 50vw - 30px )\" srcset=\"https:\/\/fundhas.org.br\/portfolio\/portfolio2022\/wp-content\/uploads\/2022\/11\/PAZ07-150x150.jpeg 150w, https:\/\/fundhas.org.br\/portfolio\/portfolio2022\/wp-content\/uploads\/2022\/11\/PAZ07-510x510.jpeg 510w\" \/><div class=\"post-action btn btn-skin-dark-shaded inverted\"><a href=\"https:\/\/fundhas.org.br\/portfolio\/portfolio2022\/wp-content\/uploads\/2022\/11\/PAZ07.jpeg\" class=\"icn-expand\" data-lb-type=\"grouped-gallery\"><\/a><\/div>\r\n                        <\/div><\/figure><figure class='gallery-item col col-auto'>\r\n                        <div class='gallery-icon landscape czr-gallery-icon'>\r\n                              <a href=https:\/\/fundhas.org.br\/portfolio\/portfolio2022\/inicio\/cultura-da-paz\/dia-internacional-mulheres\/attachment\/3835\/ class=\"bg-link\"><\/a><img loading=\"lazy\" decoding=\"async\" width=\"150\" height=\"150\" src=\"https:\/\/fundhas.org.br\/portfolio\/portfolio2022\/wp-content\/uploads\/2022\/11\/PAZ05-scaled-1-150x150.jpeg\" class=\"attachment-thumbnail size-thumbnail no-lazy\" alt=\"\" sizes=\"auto, (min-width: 1200px) 350px, (min-width: 992px) 290px, (min-width: 768px) 210px, (min-width: 576px) 150px, calc( 50vw - 30px )\" srcset=\"https:\/\/fundhas.org.br\/portfolio\/portfolio2022\/wp-content\/uploads\/2022\/11\/PAZ05-scaled-1-150x150.jpeg 150w, https:\/\/fundhas.org.br\/portfolio\/portfolio2022\/wp-content\/uploads\/2022\/11\/PAZ05-scaled-1-510x510.jpeg 510w\" \/><div class=\"post-action btn btn-skin-dark-shaded inverted\"><a href=\"https:\/\/fundhas.org.br\/portfolio\/portfolio2022\/wp-content\/uploads\/2022\/11\/PAZ05-scaled-1.jpeg\" class=\"icn-expand\" data-lb-type=\"grouped-gallery\"><\/a><\/div>\r\n                        <\/div><\/figure><figure class='gallery-item col col-auto'>\r\n                        <div class='gallery-icon landscape czr-gallery-icon'>\r\n                              <a href=https:\/\/fundhas.org.br\/portfolio\/portfolio2022\/inicio\/cultura-da-paz\/dia-internacional-mulheres\/attachment\/3837\/ class=\"bg-link\"><\/a><img loading=\"lazy\" decoding=\"async\" width=\"150\" height=\"150\" src=\"https:\/\/fundhas.org.br\/portfolio\/portfolio2022\/wp-content\/uploads\/2022\/11\/PAZ03-scaled-1-150x150.jpg\" class=\"attachment-thumbnail size-thumbnail no-lazy\" alt=\"\" sizes=\"auto, (min-width: 1200px) 350px, (min-width: 992px) 290px, (min-width: 768px) 210px, (min-width: 576px) 150px, calc( 50vw - 30px )\" srcset=\"https:\/\/fundhas.org.br\/portfolio\/portfolio2022\/wp-content\/uploads\/2022\/11\/PAZ03-scaled-1-150x150.jpg 150w, https:\/\/fundhas.org.br\/portfolio\/portfolio2022\/wp-content\/uploads\/2022\/11\/PAZ03-scaled-1-510x510.jpg 510w\" \/><div class=\"post-action btn btn-skin-dark-shaded inverted\"><a href=\"https:\/\/fundhas.org.br\/portfolio\/portfolio2022\/wp-content\/uploads\/2022\/11\/PAZ03-scaled-1.jpg\" class=\"icn-expand\" data-lb-type=\"grouped-gallery\"><\/a><\/div>\r\n                        <\/div><\/figure><figure class='gallery-item col col-auto'>\r\n                        <div class='gallery-icon landscape czr-gallery-icon'>\r\n                              <a href=https:\/\/fundhas.org.br\/portfolio\/portfolio2022\/inicio\/cultura-da-paz\/dia-internacional-mulheres\/attachment\/3836\/ class=\"bg-link\"><\/a><img loading=\"lazy\" decoding=\"async\" width=\"150\" height=\"150\" src=\"https:\/\/fundhas.org.br\/portfolio\/portfolio2022\/wp-content\/uploads\/2022\/11\/PAZ04-scaled-1-150x150.jpg\" class=\"attachment-thumbnail size-thumbnail no-lazy\" alt=\"\" sizes=\"auto, (min-width: 1200px) 350px, (min-width: 992px) 290px, (min-width: 768px) 210px, (min-width: 576px) 150px, calc( 50vw - 30px )\" srcset=\"https:\/\/fundhas.org.br\/portfolio\/portfolio2022\/wp-content\/uploads\/2022\/11\/PAZ04-scaled-1-150x150.jpg 150w, https:\/\/fundhas.org.br\/portfolio\/portfolio2022\/wp-content\/uploads\/2022\/11\/PAZ04-scaled-1-510x510.jpg 510w\" \/><div class=\"post-action btn btn-skin-dark-shaded inverted\"><a href=\"https:\/\/fundhas.org.br\/portfolio\/portfolio2022\/wp-content\/uploads\/2022\/11\/PAZ04-scaled-1.jpg\" class=\"icn-expand\" data-lb-type=\"grouped-gallery\"><\/a><\/div>\r\n                        <\/div><\/figure><figure class='gallery-item col col-auto'>\r\n                        <div class='gallery-icon landscape czr-gallery-icon'>\r\n                              <a href=https:\/\/fundhas.org.br\/portfolio\/portfolio2022\/inicio\/cultura-da-paz\/dia-internacional-mulheres\/attachment\/3829\/ class=\"bg-link\"><\/a><img loading=\"lazy\" decoding=\"async\" width=\"150\" height=\"150\" src=\"https:\/\/fundhas.org.br\/portfolio\/portfolio2022\/wp-content\/uploads\/2022\/11\/PAZ11-150x150.jpeg\" class=\"attachment-thumbnail size-thumbnail no-lazy\" alt=\"\" sizes=\"auto, (min-width: 1200px) 350px, (min-width: 992px) 290px, (min-width: 768px) 210px, (min-width: 576px) 150px, calc( 50vw - 30px )\" srcset=\"https:\/\/fundhas.org.br\/portfolio\/portfolio2022\/wp-content\/uploads\/2022\/11\/PAZ11-150x150.jpeg 150w, https:\/\/fundhas.org.br\/portfolio\/portfolio2022\/wp-content\/uploads\/2022\/11\/PAZ11-510x510.jpeg 510w\" \/><div class=\"post-action btn btn-skin-dark-shaded inverted\"><a href=\"https:\/\/fundhas.org.br\/portfolio\/portfolio2022\/wp-content\/uploads\/2022\/11\/PAZ11.jpeg\" class=\"icn-expand\" data-lb-type=\"grouped-gallery\"><\/a><\/div>\r\n                        <\/div><\/figure><figure class='gallery-item col col-auto'>\r\n                        <div class='gallery-icon landscape czr-gallery-icon'>\r\n                              <a href=https:\/\/fundhas.org.br\/portfolio\/portfolio2022\/inicio\/cultura-da-paz\/dia-internacional-mulheres\/attachment\/3830\/ class=\"bg-link\"><\/a><img loading=\"lazy\" decoding=\"async\" width=\"150\" height=\"150\" src=\"https:\/\/fundhas.org.br\/portfolio\/portfolio2022\/wp-content\/uploads\/2022\/11\/PAZ10-150x150.jpeg\" class=\"attachment-thumbnail size-thumbnail no-lazy\" alt=\"\" sizes=\"auto, (min-width: 1200px) 350px, (min-width: 992px) 290px, (min-width: 768px) 210px, (min-width: 576px) 150px, calc( 50vw - 30px )\" srcset=\"https:\/\/fundhas.org.br\/portfolio\/portfolio2022\/wp-content\/uploads\/2022\/11\/PAZ10-150x150.jpeg 150w, https:\/\/fundhas.org.br\/portfolio\/portfolio2022\/wp-content\/uploads\/2022\/11\/PAZ10-510x510.jpeg 510w\" \/><div class=\"post-action btn btn-skin-dark-shaded inverted\"><a href=\"https:\/\/fundhas.org.br\/portfolio\/portfolio2022\/wp-content\/uploads\/2022\/11\/PAZ10.jpeg\" class=\"icn-expand\" data-lb-type=\"grouped-gallery\"><\/a><\/div>\r\n                        <\/div><\/figure><figure class='gallery-item col col-auto'>\r\n                        <div class='gallery-icon landscape czr-gallery-icon'>\r\n                              <a href=https:\/\/fundhas.org.br\/portfolio\/portfolio2022\/inicio\/cultura-da-paz\/dia-internacional-mulheres\/attachment\/3834\/ class=\"bg-link\"><\/a><img loading=\"lazy\" decoding=\"async\" width=\"150\" height=\"150\" src=\"https:\/\/fundhas.org.br\/portfolio\/portfolio2022\/wp-content\/uploads\/2022\/11\/PAZ06-scaled-1-150x150.jpeg\" class=\"attachment-thumbnail size-thumbnail no-lazy\" alt=\"\" sizes=\"auto, (min-width: 1200px) 350px, (min-width: 992px) 290px, (min-width: 768px) 210px, (min-width: 576px) 150px, calc( 50vw - 30px )\" srcset=\"https:\/\/fundhas.org.br\/portfolio\/portfolio2022\/wp-content\/uploads\/2022\/11\/PAZ06-scaled-1-150x150.jpeg 150w, https:\/\/fundhas.org.br\/portfolio\/portfolio2022\/wp-content\/uploads\/2022\/11\/PAZ06-scaled-1-510x510.jpeg 510w\" \/><div class=\"post-action btn btn-skin-dark-shaded inverted\"><a href=\"https:\/\/fundhas.org.br\/portfolio\/portfolio2022\/wp-content\/uploads\/2022\/11\/PAZ06-scaled-1.jpeg\" class=\"icn-expand\" data-lb-type=\"grouped-gallery\"><\/a><\/div>\r\n                        <\/div><\/figure><figure class='gallery-item col col-auto'>\r\n                        <div class='gallery-icon landscape czr-gallery-icon'>\r\n                              <a href=https:\/\/fundhas.org.br\/portfolio\/portfolio2022\/inicio\/cultura-da-paz\/dia-internacional-mulheres\/attachment\/3831\/ class=\"bg-link\"><\/a><img loading=\"lazy\" decoding=\"async\" width=\"150\" height=\"150\" src=\"https:\/\/fundhas.org.br\/portfolio\/portfolio2022\/wp-content\/uploads\/2022\/11\/PAZ09-150x150.jpeg\" class=\"attachment-thumbnail size-thumbnail no-lazy\" alt=\"\" sizes=\"auto, (min-width: 1200px) 350px, (min-width: 992px) 290px, (min-width: 768px) 210px, (min-width: 576px) 150px, calc( 50vw - 30px )\" srcset=\"https:\/\/fundhas.org.br\/portfolio\/portfolio2022\/wp-content\/uploads\/2022\/11\/PAZ09-150x150.jpeg 150w, https:\/\/fundhas.org.br\/portfolio\/portfolio2022\/wp-content\/uploads\/2022\/11\/PAZ09-510x510.jpeg 510w\" \/><div class=\"post-action btn btn-skin-dark-shaded inverted\"><a href=\"https:\/\/fundhas.org.br\/portfolio\/portfolio2022\/wp-content\/uploads\/2022\/11\/PAZ09.jpeg\" class=\"icn-expand\" data-lb-type=\"grouped-gallery\"><\/a><\/div>\r\n                        <\/div><\/figure>\r\n                  <\/div>\n\n","protected":false},"excerpt":{"rendered":"<p>Tema: Liderar com Compaix\u00e3o e Emanar A\u00e7\u00f5es para Cultura da Paz \/ Dia Internacional da Paz Descri\u00e7\u00e3o O projeto tem como inten\u00e7\u00e3o educativa o desenvolvimento das habilidades socioemocionais, por meio das atividades did\u00e1ticas e pr\u00e1ticas pedag\u00f3gicas subsidiadas por ferramentas de ensino, estruturadas e organizadas no Programa Lions Quest Internacional. As compet\u00eancias acompanhadas s\u00e3o: autoconhecimento, autoconhecimento [&hellip;]<\/p>\n","protected":false},"author":5,"featured_media":0,"parent":318,"menu_order":0,"comment_status":"closed","ping_status":"closed","template":"","meta":{"footnotes":""},"class_list":["post-970","page","type-page","status-publish","czr-hentry"],"_links":{"self":[{"href":"https:\/\/fundhas.org.br\/portfolio\/portfolio2022\/wp-json\/wp\/v2\/pages\/970","targetHints":{"allow":["GET"]}}],"collection":[{"href":"https:\/\/fundhas.org.br\/portfolio\/portfolio2022\/wp-json\/wp\/v2\/pages"}],"about":[{"href":"https:\/\/fundhas.org.br\/portfolio\/portfolio2022\/wp-json\/wp\/v2\/types\/page"}],"author":[{"embeddable":true,"href":"https:\/\/fundhas.org.br\/portfolio\/portfolio2022\/wp-json\/wp\/v2\/users\/5"}],"replies":[{"embeddable":true,"href":"https:\/\/fundhas.org.br\/portfolio\/portfolio2022\/wp-json\/wp\/v2\/comments?post=970"}],"version-history":[{"count":22,"href":"https:\/\/fundhas.org.br\/portfolio\/portfolio2022\/wp-json\/wp\/v2\/pages\/970\/revisions"}],"predecessor-version":[{"id":3945,"href":"https:\/\/fundhas.org.br\/portfolio\/portfolio2022\/wp-json\/wp\/v2\/pages\/970\/revisions\/3945"}],"up":[{"embeddable":true,"href":"https:\/\/fundhas.org.br\/portfolio\/portfolio2022\/wp-json\/wp\/v2\/pages\/318"}],"wp:attachment":[{"href":"https:\/\/fundhas.org.br\/portfolio\/portfolio2022\/wp-json\/wp\/v2\/media?parent=970"}],"curies":[{"name":"wp","href":"https:\/\/api.w.org\/{rel}","templated":true}]}}