{"id":3874,"date":"2022-11-04T16:05:30","date_gmt":"2022-11-04T19:05:30","guid":{"rendered":"https:\/\/fundhas.org.br\/portfolio\/portfolio2022\/?page_id=3874"},"modified":"2022-11-08T10:16:21","modified_gmt":"2022-11-08T13:16:21","slug":"saude","status":"publish","type":"page","link":"https:\/\/fundhas.org.br\/portfolio\/portfolio2022\/inicio\/saude-e-bem-estar\/saude\/","title":{"rendered":"Sa\u00fade"},"content":{"rendered":"\r\n<h4 class=\"wp-block-heading\"><b><i>Tema: Sa\u00fade e Bem estar<br \/><\/i><\/b><\/h4>\r\n<h4><span style=\"color: #00aeef;\">Descri\u00e7\u00e3o<\/span><\/h4>\r\n<p><span style=\"font-weight: 400;\">Uma das a\u00e7\u00f5es em parceria com o Programa Qualidade de Vida no Trabalho da Fundhas, as alunas e os professores do curso t\u00e9cnico de Enfermagem do Cephas, desenvolveram a\u00e7\u00f5es na celebra\u00e7\u00e3o do &#8220;Outubro da Preven\u00e7\u00e3o na Fundhas&#8221;, com a\u00e7\u00f5es realizadas no decorrer do M\u00eas, com a aferi\u00e7\u00e3o da press\u00e3o arterial e avalia\u00e7\u00e3o glic\u00eamica para cerca de 600 colaboradores da institui\u00e7\u00e3o.<\/span><\/p>\r\n<p><span style=\"font-weight: 400;\">Outras a\u00e7\u00f5es foram desenvolvidas no munic\u00edpio, como o de contribuir com a campanha de atualiza\u00e7\u00e3o de vacinas em parceria com outras secretarias do munic\u00edpio. <br \/><\/span><\/p>\r\n<p>&nbsp;<\/p>\r\n<h4><span style=\"color: #00aeef;\">Galeria de Imagens<\/span><\/h4>\r\n<div id='gallery-1' class='czr-gallery row flex-row czr-gallery-style gallery galleryid-3874 gallery-columns-3 gallery-size-thumbnail'><figure class='gallery-item col col-auto'>\r\n                        <div class='gallery-icon portrait czr-gallery-icon'>\r\n                              <a href=https:\/\/fundhas.org.br\/portfolio\/portfolio2022\/inicio\/saude-e-bem-estar\/saude\/saude10\/ class=\"bg-link\"><\/a><img loading=\"lazy\" decoding=\"async\" width=\"150\" height=\"150\" src=\"https:\/\/fundhas.org.br\/portfolio\/portfolio2022\/wp-content\/uploads\/2022\/11\/SAUDE10-150x150.jpeg\" class=\"attachment-thumbnail size-thumbnail no-lazy\" alt=\"\" sizes=\"auto, (min-width: 1200px) 350px, (min-width: 992px) 290px, (min-width: 768px) 210px, (min-width: 576px) 150px, calc( 50vw - 30px )\" srcset=\"https:\/\/fundhas.org.br\/portfolio\/portfolio2022\/wp-content\/uploads\/2022\/11\/SAUDE10-150x150.jpeg 150w, https:\/\/fundhas.org.br\/portfolio\/portfolio2022\/wp-content\/uploads\/2022\/11\/SAUDE10-510x510.jpeg 510w\" \/><div class=\"post-action btn btn-skin-dark-shaded inverted\"><a href=\"https:\/\/fundhas.org.br\/portfolio\/portfolio2022\/wp-content\/uploads\/2022\/11\/SAUDE10.jpeg\" class=\"icn-expand\" data-lb-type=\"grouped-gallery\"><\/a><\/div>\r\n                        <\/div><\/figure><figure class='gallery-item col col-auto'>\r\n                        <div class='gallery-icon landscape czr-gallery-icon'>\r\n                              <a href=https:\/\/fundhas.org.br\/portfolio\/portfolio2022\/inicio\/saude-e-bem-estar\/saude\/saude15\/ class=\"bg-link\"><\/a><img loading=\"lazy\" decoding=\"async\" width=\"150\" height=\"150\" src=\"https:\/\/fundhas.org.br\/portfolio\/portfolio2022\/wp-content\/uploads\/2022\/11\/SAUDE15-150x150.jpeg\" class=\"attachment-thumbnail size-thumbnail no-lazy\" alt=\"\" sizes=\"auto, (min-width: 1200px) 350px, (min-width: 992px) 290px, (min-width: 768px) 210px, (min-width: 576px) 150px, calc( 50vw - 30px )\" srcset=\"https:\/\/fundhas.org.br\/portfolio\/portfolio2022\/wp-content\/uploads\/2022\/11\/SAUDE15-150x150.jpeg 150w, https:\/\/fundhas.org.br\/portfolio\/portfolio2022\/wp-content\/uploads\/2022\/11\/SAUDE15-510x510.jpeg 510w\" \/><div class=\"post-action btn btn-skin-dark-shaded inverted\"><a href=\"https:\/\/fundhas.org.br\/portfolio\/portfolio2022\/wp-content\/uploads\/2022\/11\/SAUDE15.jpeg\" class=\"icn-expand\" data-lb-type=\"grouped-gallery\"><\/a><\/div>\r\n                        <\/div><\/figure><figure class='gallery-item col col-auto'>\r\n                        <div class='gallery-icon landscape czr-gallery-icon'>\r\n                              <a href=https:\/\/fundhas.org.br\/portfolio\/portfolio2022\/inicio\/saude-e-bem-estar\/saude\/saude09\/ class=\"bg-link\"><\/a><img loading=\"lazy\" decoding=\"async\" width=\"150\" height=\"150\" src=\"https:\/\/fundhas.org.br\/portfolio\/portfolio2022\/wp-content\/uploads\/2022\/11\/SAUDE09-150x150.jpeg\" class=\"attachment-thumbnail size-thumbnail no-lazy\" alt=\"\" sizes=\"auto, (min-width: 1200px) 350px, (min-width: 992px) 290px, (min-width: 768px) 210px, (min-width: 576px) 150px, calc( 50vw - 30px )\" srcset=\"https:\/\/fundhas.org.br\/portfolio\/portfolio2022\/wp-content\/uploads\/2022\/11\/SAUDE09-150x150.jpeg 150w, https:\/\/fundhas.org.br\/portfolio\/portfolio2022\/wp-content\/uploads\/2022\/11\/SAUDE09-510x510.jpeg 510w\" \/><div class=\"post-action btn btn-skin-dark-shaded inverted\"><a href=\"https:\/\/fundhas.org.br\/portfolio\/portfolio2022\/wp-content\/uploads\/2022\/11\/SAUDE09.jpeg\" class=\"icn-expand\" data-lb-type=\"grouped-gallery\"><\/a><\/div>\r\n                        <\/div><\/figure><figure class='gallery-item col col-auto'>\r\n                        <div class='gallery-icon portrait czr-gallery-icon'>\r\n                              <a href=https:\/\/fundhas.org.br\/portfolio\/portfolio2022\/inicio\/saude-e-bem-estar\/saude\/saude03\/ class=\"bg-link\"><\/a><img loading=\"lazy\" decoding=\"async\" width=\"150\" height=\"150\" src=\"https:\/\/fundhas.org.br\/portfolio\/portfolio2022\/wp-content\/uploads\/2022\/11\/SAUDE03-150x150.jpg\" class=\"attachment-thumbnail size-thumbnail no-lazy\" alt=\"\" sizes=\"auto, (min-width: 1200px) 350px, (min-width: 992px) 290px, (min-width: 768px) 210px, (min-width: 576px) 150px, calc( 50vw - 30px )\" srcset=\"https:\/\/fundhas.org.br\/portfolio\/portfolio2022\/wp-content\/uploads\/2022\/11\/SAUDE03-150x150.jpg 150w, https:\/\/fundhas.org.br\/portfolio\/portfolio2022\/wp-content\/uploads\/2022\/11\/SAUDE03-510x510.jpg 510w\" \/><div class=\"post-action btn btn-skin-dark-shaded inverted\"><a href=\"https:\/\/fundhas.org.br\/portfolio\/portfolio2022\/wp-content\/uploads\/2022\/11\/SAUDE03-scaled.jpg\" class=\"icn-expand\" data-lb-type=\"grouped-gallery\"><\/a><\/div>\r\n                        <\/div><\/figure><figure class='gallery-item col col-auto'>\r\n                        <div class='gallery-icon landscape czr-gallery-icon'>\r\n                              <a href=https:\/\/fundhas.org.br\/portfolio\/portfolio2022\/inicio\/saude-e-bem-estar\/saude\/saude02\/ class=\"bg-link\"><\/a><img loading=\"lazy\" decoding=\"async\" width=\"150\" height=\"150\" src=\"https:\/\/fundhas.org.br\/portfolio\/portfolio2022\/wp-content\/uploads\/2022\/11\/SAUDE02-150x150.jpg\" class=\"attachment-thumbnail size-thumbnail no-lazy\" alt=\"\" sizes=\"auto, (min-width: 1200px) 350px, (min-width: 992px) 290px, (min-width: 768px) 210px, (min-width: 576px) 150px, calc( 50vw - 30px )\" srcset=\"https:\/\/fundhas.org.br\/portfolio\/portfolio2022\/wp-content\/uploads\/2022\/11\/SAUDE02-150x150.jpg 150w, https:\/\/fundhas.org.br\/portfolio\/portfolio2022\/wp-content\/uploads\/2022\/11\/SAUDE02-510x510.jpg 510w\" \/><div class=\"post-action btn btn-skin-dark-shaded inverted\"><a href=\"https:\/\/fundhas.org.br\/portfolio\/portfolio2022\/wp-content\/uploads\/2022\/11\/SAUDE02.jpg\" class=\"icn-expand\" data-lb-type=\"grouped-gallery\"><\/a><\/div>\r\n                        <\/div><\/figure><figure class='gallery-item col col-auto'>\r\n                        <div class='gallery-icon portrait czr-gallery-icon'>\r\n                              <a href=https:\/\/fundhas.org.br\/portfolio\/portfolio2022\/inicio\/saude-e-bem-estar\/saude\/saude08\/ class=\"bg-link\"><\/a><img loading=\"lazy\" decoding=\"async\" width=\"150\" height=\"150\" src=\"https:\/\/fundhas.org.br\/portfolio\/portfolio2022\/wp-content\/uploads\/2022\/11\/SAUDE08-150x150.jpeg\" class=\"attachment-thumbnail size-thumbnail no-lazy\" alt=\"\" sizes=\"auto, (min-width: 1200px) 350px, (min-width: 992px) 290px, (min-width: 768px) 210px, (min-width: 576px) 150px, calc( 50vw - 30px )\" srcset=\"https:\/\/fundhas.org.br\/portfolio\/portfolio2022\/wp-content\/uploads\/2022\/11\/SAUDE08-150x150.jpeg 150w, https:\/\/fundhas.org.br\/portfolio\/portfolio2022\/wp-content\/uploads\/2022\/11\/SAUDE08-510x510.jpeg 510w\" \/><div class=\"post-action btn btn-skin-dark-shaded inverted\"><a href=\"https:\/\/fundhas.org.br\/portfolio\/portfolio2022\/wp-content\/uploads\/2022\/11\/SAUDE08.jpeg\" class=\"icn-expand\" data-lb-type=\"grouped-gallery\"><\/a><\/div>\r\n                        <\/div><\/figure><figure class='gallery-item col col-auto'>\r\n                        <div class='gallery-icon landscape czr-gallery-icon'>\r\n                              <a href=https:\/\/fundhas.org.br\/portfolio\/portfolio2022\/inicio\/saude-e-bem-estar\/saude\/saude14\/ class=\"bg-link\"><\/a><img loading=\"lazy\" decoding=\"async\" width=\"150\" height=\"150\" src=\"https:\/\/fundhas.org.br\/portfolio\/portfolio2022\/wp-content\/uploads\/2022\/11\/SAUDE14-150x150.jpeg\" class=\"attachment-thumbnail size-thumbnail no-lazy\" alt=\"\" sizes=\"auto, (min-width: 1200px) 350px, (min-width: 992px) 290px, (min-width: 768px) 210px, (min-width: 576px) 150px, calc( 50vw - 30px )\" srcset=\"https:\/\/fundhas.org.br\/portfolio\/portfolio2022\/wp-content\/uploads\/2022\/11\/SAUDE14-150x150.jpeg 150w, https:\/\/fundhas.org.br\/portfolio\/portfolio2022\/wp-content\/uploads\/2022\/11\/SAUDE14-510x510.jpeg 510w\" \/><div class=\"post-action btn btn-skin-dark-shaded inverted\"><a href=\"https:\/\/fundhas.org.br\/portfolio\/portfolio2022\/wp-content\/uploads\/2022\/11\/SAUDE14.jpeg\" class=\"icn-expand\" data-lb-type=\"grouped-gallery\"><\/a><\/div>\r\n                        <\/div><\/figure><figure class='gallery-item col col-auto'>\r\n                        <div class='gallery-icon portrait czr-gallery-icon'>\r\n                              <a href=https:\/\/fundhas.org.br\/portfolio\/portfolio2022\/inicio\/saude-e-bem-estar\/saude\/saude13\/ class=\"bg-link\"><\/a><img loading=\"lazy\" decoding=\"async\" width=\"150\" height=\"150\" src=\"https:\/\/fundhas.org.br\/portfolio\/portfolio2022\/wp-content\/uploads\/2022\/11\/SAUDE13-150x150.jpeg\" class=\"attachment-thumbnail size-thumbnail no-lazy\" alt=\"\" sizes=\"auto, (min-width: 1200px) 350px, (min-width: 992px) 290px, (min-width: 768px) 210px, (min-width: 576px) 150px, calc( 50vw - 30px )\" srcset=\"https:\/\/fundhas.org.br\/portfolio\/portfolio2022\/wp-content\/uploads\/2022\/11\/SAUDE13-150x150.jpeg 150w, https:\/\/fundhas.org.br\/portfolio\/portfolio2022\/wp-content\/uploads\/2022\/11\/SAUDE13-510x510.jpeg 510w\" \/><div class=\"post-action btn btn-skin-dark-shaded inverted\"><a href=\"https:\/\/fundhas.org.br\/portfolio\/portfolio2022\/wp-content\/uploads\/2022\/11\/SAUDE13.jpeg\" class=\"icn-expand\" data-lb-type=\"grouped-gallery\"><\/a><\/div>\r\n                        <\/div><\/figure><figure class='gallery-item col col-auto'>\r\n                        <div class='gallery-icon landscape czr-gallery-icon'>\r\n                              <a href=https:\/\/fundhas.org.br\/portfolio\/portfolio2022\/inicio\/saude-e-bem-estar\/saude\/saude07\/ class=\"bg-link\"><\/a><img loading=\"lazy\" decoding=\"async\" width=\"150\" height=\"150\" src=\"https:\/\/fundhas.org.br\/portfolio\/portfolio2022\/wp-content\/uploads\/2022\/11\/SAUDE07-150x150.jpeg\" class=\"attachment-thumbnail size-thumbnail no-lazy\" alt=\"\" sizes=\"auto, (min-width: 1200px) 350px, (min-width: 992px) 290px, (min-width: 768px) 210px, (min-width: 576px) 150px, calc( 50vw - 30px )\" srcset=\"https:\/\/fundhas.org.br\/portfolio\/portfolio2022\/wp-content\/uploads\/2022\/11\/SAUDE07-150x150.jpeg 150w, https:\/\/fundhas.org.br\/portfolio\/portfolio2022\/wp-content\/uploads\/2022\/11\/SAUDE07-510x510.jpeg 510w\" \/><div class=\"post-action btn btn-skin-dark-shaded inverted\"><a href=\"https:\/\/fundhas.org.br\/portfolio\/portfolio2022\/wp-content\/uploads\/2022\/11\/SAUDE07.jpeg\" class=\"icn-expand\" data-lb-type=\"grouped-gallery\"><\/a><\/div>\r\n                        <\/div><\/figure><figure class='gallery-item col col-auto'>\r\n                        <div class='gallery-icon portrait czr-gallery-icon'>\r\n                              <a href=https:\/\/fundhas.org.br\/portfolio\/portfolio2022\/inicio\/saude-e-bem-estar\/saude\/saude01\/ class=\"bg-link\"><\/a><img loading=\"lazy\" decoding=\"async\" width=\"150\" height=\"150\" src=\"https:\/\/fundhas.org.br\/portfolio\/portfolio2022\/wp-content\/uploads\/2022\/11\/SAUDE01-150x150.jpg\" class=\"attachment-thumbnail size-thumbnail no-lazy\" alt=\"\" sizes=\"auto, (min-width: 1200px) 350px, (min-width: 992px) 290px, (min-width: 768px) 210px, (min-width: 576px) 150px, calc( 50vw - 30px )\" srcset=\"https:\/\/fundhas.org.br\/portfolio\/portfolio2022\/wp-content\/uploads\/2022\/11\/SAUDE01-150x150.jpg 150w, https:\/\/fundhas.org.br\/portfolio\/portfolio2022\/wp-content\/uploads\/2022\/11\/SAUDE01-510x510.jpg 510w\" \/><div class=\"post-action btn btn-skin-dark-shaded inverted\"><a href=\"https:\/\/fundhas.org.br\/portfolio\/portfolio2022\/wp-content\/uploads\/2022\/11\/SAUDE01-scaled.jpg\" class=\"icn-expand\" data-lb-type=\"grouped-gallery\"><\/a><\/div>\r\n                        <\/div><\/figure><figure class='gallery-item col col-auto'>\r\n                        <div class='gallery-icon landscape czr-gallery-icon'>\r\n                              <a href=https:\/\/fundhas.org.br\/portfolio\/portfolio2022\/inicio\/saude-e-bem-estar\/saude\/saude06\/ class=\"bg-link\"><\/a><img loading=\"lazy\" decoding=\"async\" width=\"150\" height=\"150\" src=\"https:\/\/fundhas.org.br\/portfolio\/portfolio2022\/wp-content\/uploads\/2022\/11\/SAUDE06-150x150.jpeg\" class=\"attachment-thumbnail size-thumbnail no-lazy\" alt=\"\" sizes=\"auto, (min-width: 1200px) 350px, (min-width: 992px) 290px, (min-width: 768px) 210px, (min-width: 576px) 150px, calc( 50vw - 30px )\" srcset=\"https:\/\/fundhas.org.br\/portfolio\/portfolio2022\/wp-content\/uploads\/2022\/11\/SAUDE06-150x150.jpeg 150w, https:\/\/fundhas.org.br\/portfolio\/portfolio2022\/wp-content\/uploads\/2022\/11\/SAUDE06-510x510.jpeg 510w\" \/><div class=\"post-action btn btn-skin-dark-shaded inverted\"><a href=\"https:\/\/fundhas.org.br\/portfolio\/portfolio2022\/wp-content\/uploads\/2022\/11\/SAUDE06.jpeg\" class=\"icn-expand\" data-lb-type=\"grouped-gallery\"><\/a><\/div>\r\n                        <\/div><\/figure><figure class='gallery-item col col-auto'>\r\n                        <div class='gallery-icon landscape czr-gallery-icon'>\r\n                              <a href=https:\/\/fundhas.org.br\/portfolio\/portfolio2022\/inicio\/saude-e-bem-estar\/saude\/saude12\/ class=\"bg-link\"><\/a><img loading=\"lazy\" decoding=\"async\" width=\"150\" height=\"150\" src=\"https:\/\/fundhas.org.br\/portfolio\/portfolio2022\/wp-content\/uploads\/2022\/11\/SAUDE12-150x150.jpeg\" class=\"attachment-thumbnail size-thumbnail no-lazy\" alt=\"\" sizes=\"auto, (min-width: 1200px) 350px, (min-width: 992px) 290px, (min-width: 768px) 210px, (min-width: 576px) 150px, calc( 50vw - 30px )\" srcset=\"https:\/\/fundhas.org.br\/portfolio\/portfolio2022\/wp-content\/uploads\/2022\/11\/SAUDE12-150x150.jpeg 150w, https:\/\/fundhas.org.br\/portfolio\/portfolio2022\/wp-content\/uploads\/2022\/11\/SAUDE12-510x510.jpeg 510w\" \/><div class=\"post-action btn btn-skin-dark-shaded inverted\"><a href=\"https:\/\/fundhas.org.br\/portfolio\/portfolio2022\/wp-content\/uploads\/2022\/11\/SAUDE12.jpeg\" class=\"icn-expand\" data-lb-type=\"grouped-gallery\"><\/a><\/div>\r\n                        <\/div><\/figure><figure class='gallery-item col col-auto'>\r\n                        <div class='gallery-icon portrait czr-gallery-icon'>\r\n                              <a href=https:\/\/fundhas.org.br\/portfolio\/portfolio2022\/inicio\/saude-e-bem-estar\/saude\/saude11\/ class=\"bg-link\"><\/a><img loading=\"lazy\" decoding=\"async\" width=\"150\" height=\"150\" src=\"https:\/\/fundhas.org.br\/portfolio\/portfolio2022\/wp-content\/uploads\/2022\/11\/SAUDE11-150x150.jpeg\" class=\"attachment-thumbnail size-thumbnail no-lazy\" alt=\"\" sizes=\"auto, (min-width: 1200px) 350px, (min-width: 992px) 290px, (min-width: 768px) 210px, (min-width: 576px) 150px, calc( 50vw - 30px )\" srcset=\"https:\/\/fundhas.org.br\/portfolio\/portfolio2022\/wp-content\/uploads\/2022\/11\/SAUDE11-150x150.jpeg 150w, https:\/\/fundhas.org.br\/portfolio\/portfolio2022\/wp-content\/uploads\/2022\/11\/SAUDE11-510x510.jpeg 510w\" \/><div class=\"post-action btn btn-skin-dark-shaded inverted\"><a href=\"https:\/\/fundhas.org.br\/portfolio\/portfolio2022\/wp-content\/uploads\/2022\/11\/SAUDE11.jpeg\" class=\"icn-expand\" data-lb-type=\"grouped-gallery\"><\/a><\/div>\r\n                        <\/div><\/figure><figure class='gallery-item col col-auto'>\r\n                        <div class='gallery-icon portrait czr-gallery-icon'>\r\n                              <a href=https:\/\/fundhas.org.br\/portfolio\/portfolio2022\/inicio\/saude-e-bem-estar\/saude\/saude05\/ class=\"bg-link\"><\/a><img loading=\"lazy\" decoding=\"async\" width=\"150\" height=\"150\" src=\"https:\/\/fundhas.org.br\/portfolio\/portfolio2022\/wp-content\/uploads\/2022\/11\/SAUDE05-150x150.jpeg\" class=\"attachment-thumbnail size-thumbnail no-lazy\" alt=\"\" sizes=\"auto, (min-width: 1200px) 350px, (min-width: 992px) 290px, (min-width: 768px) 210px, (min-width: 576px) 150px, calc( 50vw - 30px )\" srcset=\"https:\/\/fundhas.org.br\/portfolio\/portfolio2022\/wp-content\/uploads\/2022\/11\/SAUDE05-150x150.jpeg 150w, https:\/\/fundhas.org.br\/portfolio\/portfolio2022\/wp-content\/uploads\/2022\/11\/SAUDE05-510x510.jpeg 510w\" \/><div class=\"post-action btn btn-skin-dark-shaded inverted\"><a href=\"https:\/\/fundhas.org.br\/portfolio\/portfolio2022\/wp-content\/uploads\/2022\/11\/SAUDE05.jpeg\" class=\"icn-expand\" data-lb-type=\"grouped-gallery\"><\/a><\/div>\r\n                        <\/div><\/figure><figure class='gallery-item col col-auto'>\r\n                        <div class='gallery-icon portrait czr-gallery-icon'>\r\n                              <a href=https:\/\/fundhas.org.br\/portfolio\/portfolio2022\/inicio\/saude-e-bem-estar\/saude\/saude04\/ class=\"bg-link\"><\/a><img loading=\"lazy\" decoding=\"async\" width=\"150\" height=\"150\" src=\"https:\/\/fundhas.org.br\/portfolio\/portfolio2022\/wp-content\/uploads\/2022\/11\/SAUDE04-150x150.jpg\" class=\"attachment-thumbnail size-thumbnail no-lazy\" alt=\"\" sizes=\"auto, (min-width: 1200px) 350px, (min-width: 992px) 290px, (min-width: 768px) 210px, (min-width: 576px) 150px, calc( 50vw - 30px )\" srcset=\"https:\/\/fundhas.org.br\/portfolio\/portfolio2022\/wp-content\/uploads\/2022\/11\/SAUDE04-150x150.jpg 150w, https:\/\/fundhas.org.br\/portfolio\/portfolio2022\/wp-content\/uploads\/2022\/11\/SAUDE04-510x510.jpg 510w\" \/><div class=\"post-action btn btn-skin-dark-shaded inverted\"><a href=\"https:\/\/fundhas.org.br\/portfolio\/portfolio2022\/wp-content\/uploads\/2022\/11\/SAUDE04-scaled.jpg\" class=\"icn-expand\" data-lb-type=\"grouped-gallery\"><\/a><\/div>\r\n                        <\/div><\/figure>\r\n                  <\/div>\n\r\n","protected":false},"excerpt":{"rendered":"<p>Tema: Sa\u00fade e Bem estar Descri\u00e7\u00e3o Uma das a\u00e7\u00f5es em parceria com o Programa Qualidade de Vida no Trabalho da Fundhas, as alunas e os professores do curso t\u00e9cnico de Enfermagem do Cephas, desenvolveram a\u00e7\u00f5es na celebra\u00e7\u00e3o do &#8220;Outubro da Preven\u00e7\u00e3o na Fundhas&#8221;, com a\u00e7\u00f5es realizadas no decorrer do M\u00eas, com a aferi\u00e7\u00e3o da press\u00e3o [&hellip;]<\/p>\n","protected":false},"author":5,"featured_media":0,"parent":154,"menu_order":0,"comment_status":"closed","ping_status":"closed","template":"","meta":{"footnotes":""},"class_list":["post-3874","page","type-page","status-publish","czr-hentry"],"_links":{"self":[{"href":"https:\/\/fundhas.org.br\/portfolio\/portfolio2022\/wp-json\/wp\/v2\/pages\/3874","targetHints":{"allow":["GET"]}}],"collection":[{"href":"https:\/\/fundhas.org.br\/portfolio\/portfolio2022\/wp-json\/wp\/v2\/pages"}],"about":[{"href":"https:\/\/fundhas.org.br\/portfolio\/portfolio2022\/wp-json\/wp\/v2\/types\/page"}],"author":[{"embeddable":true,"href":"https:\/\/fundhas.org.br\/portfolio\/portfolio2022\/wp-json\/wp\/v2\/users\/5"}],"replies":[{"embeddable":true,"href":"https:\/\/fundhas.org.br\/portfolio\/portfolio2022\/wp-json\/wp\/v2\/comments?post=3874"}],"version-history":[{"count":3,"href":"https:\/\/fundhas.org.br\/portfolio\/portfolio2022\/wp-json\/wp\/v2\/pages\/3874\/revisions"}],"predecessor-version":[{"id":3897,"href":"https:\/\/fundhas.org.br\/portfolio\/portfolio2022\/wp-json\/wp\/v2\/pages\/3874\/revisions\/3897"}],"up":[{"embeddable":true,"href":"https:\/\/fundhas.org.br\/portfolio\/portfolio2022\/wp-json\/wp\/v2\/pages\/154"}],"wp:attachment":[{"href":"https:\/\/fundhas.org.br\/portfolio\/portfolio2022\/wp-json\/wp\/v2\/media?parent=3874"}],"curies":[{"name":"wp","href":"https:\/\/api.w.org\/{rel}","templated":true}]}}