{"id":3828,"date":"2022-11-08T10:56:50","date_gmt":"2022-11-08T13:56:50","guid":{"rendered":"https:\/\/fundhas.org.br\/portfolio\/portfolio2022\/?page_id=3828"},"modified":"2022-11-04T12:02:51","modified_gmt":"2022-11-04T15:02:51","slug":"dia-internacional-mulheres","status":"publish","type":"page","link":"https:\/\/fundhas.org.br\/portfolio\/portfolio2022\/inicio\/cultura-da-paz\/dia-internacional-mulheres\/","title":{"rendered":"Dia Internacional das Mulheres"},"content":{"rendered":"<p><b><i>Tema: Atividades do Dia Internacional da Mulher<br \/>\n<\/i><\/b><\/p>\n<h4><span style=\"color: #00aeef;\">Descri\u00e7\u00e3o<\/span><\/h4>\n<p><span style=\"font-weight: 400;\">O ODS 05 visa \u201cAlcan\u00e7ar a igualdade de g\u00eanero e empoderar todas as mulheres e meninas\u201d, pensando no ODS as crian\u00e7as\/adolescentes confeccionaram flores com Cart\u00f5es de Valoriza\u00e7\u00e3o a for\u00e7a da mulher, objetivando que o seu pr\u00f3prio crescimento com esse olhar possa elevar a autoestima e contribuir para uma sociedade mais justa e humanit\u00e1ria. <\/span><\/p>\n<p><span style=\"font-weight: 400;\">As flores foram distribu\u00eddas entre as funcion\u00e1rias e respons\u00e1veis <\/span><span style=\"font-weight: 400;\">.<\/span><\/p>\n<p>&nbsp;<\/p>\n<h4><span style=\"color: #00aeef;\">Galeria de Imagens<\/span><\/h4>\n<div id='gallery-1' class='czr-gallery row flex-row czr-gallery-style gallery galleryid-3828 gallery-columns-3 gallery-size-thumbnail'><figure class='gallery-item col col-auto'>\r\n                        <div class='gallery-icon landscape czr-gallery-icon'>\r\n                              <a href=https:\/\/fundhas.org.br\/portfolio\/portfolio2022\/mulher09\/ class=\"bg-link\"><\/a><img loading=\"lazy\" decoding=\"async\" width=\"150\" height=\"150\" src=\"https:\/\/fundhas.org.br\/portfolio\/portfolio2022\/wp-content\/uploads\/2022\/10\/MULHER09-150x150.jpeg\" class=\"attachment-thumbnail size-thumbnail no-lazy\" alt=\"\" sizes=\"auto, (min-width: 1200px) 350px, (min-width: 992px) 290px, (min-width: 768px) 210px, (min-width: 576px) 150px, calc( 50vw - 30px )\" srcset=\"https:\/\/fundhas.org.br\/portfolio\/portfolio2022\/wp-content\/uploads\/2022\/10\/MULHER09-150x150.jpeg 150w, https:\/\/fundhas.org.br\/portfolio\/portfolio2022\/wp-content\/uploads\/2022\/10\/MULHER09-510x510.jpeg 510w\" \/><div class=\"post-action btn btn-skin-dark-shaded inverted\"><a href=\"https:\/\/fundhas.org.br\/portfolio\/portfolio2022\/wp-content\/uploads\/2022\/10\/MULHER09.jpeg\" class=\"icn-expand\" data-lb-type=\"grouped-gallery\"><\/a><\/div>\r\n                        <\/div><\/figure><figure class='gallery-item col col-auto'>\r\n                        <div class='gallery-icon landscape czr-gallery-icon'>\r\n                              <a href=https:\/\/fundhas.org.br\/portfolio\/portfolio2022\/mulher08\/ class=\"bg-link\"><\/a><img loading=\"lazy\" decoding=\"async\" width=\"150\" height=\"150\" src=\"https:\/\/fundhas.org.br\/portfolio\/portfolio2022\/wp-content\/uploads\/2022\/10\/MULHER08-150x150.jpeg\" class=\"attachment-thumbnail size-thumbnail no-lazy\" alt=\"\" sizes=\"auto, (min-width: 1200px) 350px, (min-width: 992px) 290px, (min-width: 768px) 210px, (min-width: 576px) 150px, calc( 50vw - 30px )\" srcset=\"https:\/\/fundhas.org.br\/portfolio\/portfolio2022\/wp-content\/uploads\/2022\/10\/MULHER08-150x150.jpeg 150w, https:\/\/fundhas.org.br\/portfolio\/portfolio2022\/wp-content\/uploads\/2022\/10\/MULHER08-510x510.jpeg 510w\" \/><div class=\"post-action btn btn-skin-dark-shaded inverted\"><a href=\"https:\/\/fundhas.org.br\/portfolio\/portfolio2022\/wp-content\/uploads\/2022\/10\/MULHER08.jpeg\" class=\"icn-expand\" data-lb-type=\"grouped-gallery\"><\/a><\/div>\r\n                        <\/div><\/figure><figure class='gallery-item col col-auto'>\r\n                        <div class='gallery-icon landscape czr-gallery-icon'>\r\n                              <a href=https:\/\/fundhas.org.br\/portfolio\/portfolio2022\/mulher07\/ class=\"bg-link\"><\/a><img loading=\"lazy\" decoding=\"async\" width=\"150\" height=\"150\" src=\"https:\/\/fundhas.org.br\/portfolio\/portfolio2022\/wp-content\/uploads\/2022\/10\/MULHER07-150x150.jpeg\" class=\"attachment-thumbnail size-thumbnail no-lazy\" alt=\"\" sizes=\"auto, (min-width: 1200px) 350px, (min-width: 992px) 290px, (min-width: 768px) 210px, (min-width: 576px) 150px, calc( 50vw - 30px )\" srcset=\"https:\/\/fundhas.org.br\/portfolio\/portfolio2022\/wp-content\/uploads\/2022\/10\/MULHER07-150x150.jpeg 150w, https:\/\/fundhas.org.br\/portfolio\/portfolio2022\/wp-content\/uploads\/2022\/10\/MULHER07-510x510.jpeg 510w\" \/><div class=\"post-action btn btn-skin-dark-shaded inverted\"><a href=\"https:\/\/fundhas.org.br\/portfolio\/portfolio2022\/wp-content\/uploads\/2022\/10\/MULHER07.jpeg\" class=\"icn-expand\" data-lb-type=\"grouped-gallery\"><\/a><\/div>\r\n                        <\/div><\/figure><figure class='gallery-item col col-auto'>\r\n                        <div class='gallery-icon portrait czr-gallery-icon'>\r\n                              <a href=https:\/\/fundhas.org.br\/portfolio\/portfolio2022\/mulher06\/ class=\"bg-link\"><\/a><img loading=\"lazy\" decoding=\"async\" width=\"150\" height=\"150\" src=\"https:\/\/fundhas.org.br\/portfolio\/portfolio2022\/wp-content\/uploads\/2022\/10\/MULHER06-150x150.jpeg\" class=\"attachment-thumbnail size-thumbnail no-lazy\" alt=\"\" sizes=\"auto, (min-width: 1200px) 350px, (min-width: 992px) 290px, (min-width: 768px) 210px, (min-width: 576px) 150px, calc( 50vw - 30px )\" srcset=\"https:\/\/fundhas.org.br\/portfolio\/portfolio2022\/wp-content\/uploads\/2022\/10\/MULHER06-150x150.jpeg 150w, https:\/\/fundhas.org.br\/portfolio\/portfolio2022\/wp-content\/uploads\/2022\/10\/MULHER06-510x510.jpeg 510w\" \/><div class=\"post-action btn btn-skin-dark-shaded inverted\"><a href=\"https:\/\/fundhas.org.br\/portfolio\/portfolio2022\/wp-content\/uploads\/2022\/10\/MULHER06.jpeg\" class=\"icn-expand\" data-lb-type=\"grouped-gallery\"><\/a><\/div>\r\n                        <\/div><\/figure><figure class='gallery-item col col-auto'>\r\n                        <div class='gallery-icon landscape czr-gallery-icon'>\r\n                              <a href=https:\/\/fundhas.org.br\/portfolio\/portfolio2022\/mulher05\/ class=\"bg-link\"><\/a><img loading=\"lazy\" decoding=\"async\" width=\"150\" height=\"150\" src=\"https:\/\/fundhas.org.br\/portfolio\/portfolio2022\/wp-content\/uploads\/2022\/10\/MULHER05-150x150.jpeg\" class=\"attachment-thumbnail size-thumbnail no-lazy\" alt=\"\" sizes=\"auto, (min-width: 1200px) 350px, (min-width: 992px) 290px, (min-width: 768px) 210px, (min-width: 576px) 150px, calc( 50vw - 30px )\" srcset=\"https:\/\/fundhas.org.br\/portfolio\/portfolio2022\/wp-content\/uploads\/2022\/10\/MULHER05-150x150.jpeg 150w, https:\/\/fundhas.org.br\/portfolio\/portfolio2022\/wp-content\/uploads\/2022\/10\/MULHER05-510x510.jpeg 510w\" \/><div class=\"post-action btn btn-skin-dark-shaded inverted\"><a href=\"https:\/\/fundhas.org.br\/portfolio\/portfolio2022\/wp-content\/uploads\/2022\/10\/MULHER05.jpeg\" class=\"icn-expand\" data-lb-type=\"grouped-gallery\"><\/a><\/div>\r\n                        <\/div><\/figure><figure class='gallery-item col col-auto'>\r\n                        <div class='gallery-icon landscape czr-gallery-icon'>\r\n                              <a href=https:\/\/fundhas.org.br\/portfolio\/portfolio2022\/mulher04\/ class=\"bg-link\"><\/a><img loading=\"lazy\" decoding=\"async\" width=\"150\" height=\"150\" src=\"https:\/\/fundhas.org.br\/portfolio\/portfolio2022\/wp-content\/uploads\/2022\/10\/MULHER04-150x150.jpeg\" class=\"attachment-thumbnail size-thumbnail no-lazy\" alt=\"\" sizes=\"auto, (min-width: 1200px) 350px, (min-width: 992px) 290px, (min-width: 768px) 210px, (min-width: 576px) 150px, calc( 50vw - 30px )\" srcset=\"https:\/\/fundhas.org.br\/portfolio\/portfolio2022\/wp-content\/uploads\/2022\/10\/MULHER04-150x150.jpeg 150w, https:\/\/fundhas.org.br\/portfolio\/portfolio2022\/wp-content\/uploads\/2022\/10\/MULHER04-510x510.jpeg 510w\" \/><div class=\"post-action btn btn-skin-dark-shaded inverted\"><a href=\"https:\/\/fundhas.org.br\/portfolio\/portfolio2022\/wp-content\/uploads\/2022\/10\/MULHER04.jpeg\" class=\"icn-expand\" data-lb-type=\"grouped-gallery\"><\/a><\/div>\r\n                        <\/div><\/figure><figure class='gallery-item col col-auto'>\r\n                        <div class='gallery-icon portrait czr-gallery-icon'>\r\n                              <a href=https:\/\/fundhas.org.br\/portfolio\/portfolio2022\/mulher01\/ class=\"bg-link\"><\/a><img loading=\"lazy\" decoding=\"async\" width=\"150\" height=\"150\" src=\"https:\/\/fundhas.org.br\/portfolio\/portfolio2022\/wp-content\/uploads\/2022\/10\/MULHER01-150x150.jpeg\" class=\"attachment-thumbnail size-thumbnail no-lazy\" alt=\"\" sizes=\"auto, (min-width: 1200px) 350px, (min-width: 992px) 290px, (min-width: 768px) 210px, (min-width: 576px) 150px, calc( 50vw - 30px )\" srcset=\"https:\/\/fundhas.org.br\/portfolio\/portfolio2022\/wp-content\/uploads\/2022\/10\/MULHER01-150x150.jpeg 150w, https:\/\/fundhas.org.br\/portfolio\/portfolio2022\/wp-content\/uploads\/2022\/10\/MULHER01-510x510.jpeg 510w\" \/><div class=\"post-action btn btn-skin-dark-shaded inverted\"><a href=\"https:\/\/fundhas.org.br\/portfolio\/portfolio2022\/wp-content\/uploads\/2022\/10\/MULHER01.jpeg\" class=\"icn-expand\" data-lb-type=\"grouped-gallery\"><\/a><\/div>\r\n                        <\/div><\/figure><figure class='gallery-item col col-auto'>\r\n                        <div class='gallery-icon landscape czr-gallery-icon'>\r\n                              <a href=https:\/\/fundhas.org.br\/portfolio\/portfolio2022\/mulher02\/ class=\"bg-link\"><\/a><img loading=\"lazy\" decoding=\"async\" width=\"150\" height=\"150\" src=\"https:\/\/fundhas.org.br\/portfolio\/portfolio2022\/wp-content\/uploads\/2022\/10\/MULHER02-150x150.jpeg\" class=\"attachment-thumbnail size-thumbnail no-lazy\" alt=\"\" sizes=\"auto, (min-width: 1200px) 350px, (min-width: 992px) 290px, (min-width: 768px) 210px, (min-width: 576px) 150px, calc( 50vw - 30px )\" srcset=\"https:\/\/fundhas.org.br\/portfolio\/portfolio2022\/wp-content\/uploads\/2022\/10\/MULHER02-150x150.jpeg 150w, https:\/\/fundhas.org.br\/portfolio\/portfolio2022\/wp-content\/uploads\/2022\/10\/MULHER02-510x510.jpeg 510w\" \/><div class=\"post-action btn btn-skin-dark-shaded inverted\"><a href=\"https:\/\/fundhas.org.br\/portfolio\/portfolio2022\/wp-content\/uploads\/2022\/10\/MULHER02.jpeg\" class=\"icn-expand\" data-lb-type=\"grouped-gallery\"><\/a><\/div>\r\n                        <\/div><\/figure><figure class='gallery-item col col-auto'>\r\n                        <div class='gallery-icon landscape czr-gallery-icon'>\r\n                              <a href=https:\/\/fundhas.org.br\/portfolio\/portfolio2022\/mulher03\/ class=\"bg-link\"><\/a><img loading=\"lazy\" decoding=\"async\" width=\"150\" height=\"150\" src=\"https:\/\/fundhas.org.br\/portfolio\/portfolio2022\/wp-content\/uploads\/2022\/10\/MULHER03-150x150.jpeg\" class=\"attachment-thumbnail size-thumbnail no-lazy\" alt=\"\" sizes=\"auto, (min-width: 1200px) 350px, (min-width: 992px) 290px, (min-width: 768px) 210px, (min-width: 576px) 150px, calc( 50vw - 30px )\" srcset=\"https:\/\/fundhas.org.br\/portfolio\/portfolio2022\/wp-content\/uploads\/2022\/10\/MULHER03-150x150.jpeg 150w, https:\/\/fundhas.org.br\/portfolio\/portfolio2022\/wp-content\/uploads\/2022\/10\/MULHER03-510x510.jpeg 510w\" \/><div class=\"post-action btn btn-skin-dark-shaded inverted\"><a href=\"https:\/\/fundhas.org.br\/portfolio\/portfolio2022\/wp-content\/uploads\/2022\/10\/MULHER03.jpeg\" class=\"icn-expand\" data-lb-type=\"grouped-gallery\"><\/a><\/div>\r\n                        <\/div><\/figure>\r\n                  <\/div>\n\n","protected":false},"excerpt":{"rendered":"<p>Tema: Atividades do Dia Internacional da Mulher Descri\u00e7\u00e3o O ODS 05 visa \u201cAlcan\u00e7ar a igualdade de g\u00eanero e empoderar todas as mulheres e meninas\u201d, pensando no ODS as crian\u00e7as\/adolescentes confeccionaram flores com Cart\u00f5es de Valoriza\u00e7\u00e3o a for\u00e7a da mulher, objetivando que o seu pr\u00f3prio crescimento com esse olhar possa elevar a autoestima e contribuir para [&hellip;]<\/p>\n","protected":false},"author":5,"featured_media":0,"parent":318,"menu_order":0,"comment_status":"closed","ping_status":"closed","template":"","meta":{"footnotes":""},"class_list":["post-3828","page","type-page","status-publish","czr-hentry"],"_links":{"self":[{"href":"https:\/\/fundhas.org.br\/portfolio\/portfolio2022\/wp-json\/wp\/v2\/pages\/3828","targetHints":{"allow":["GET"]}}],"collection":[{"href":"https:\/\/fundhas.org.br\/portfolio\/portfolio2022\/wp-json\/wp\/v2\/pages"}],"about":[{"href":"https:\/\/fundhas.org.br\/portfolio\/portfolio2022\/wp-json\/wp\/v2\/types\/page"}],"author":[{"embeddable":true,"href":"https:\/\/fundhas.org.br\/portfolio\/portfolio2022\/wp-json\/wp\/v2\/users\/5"}],"replies":[{"embeddable":true,"href":"https:\/\/fundhas.org.br\/portfolio\/portfolio2022\/wp-json\/wp\/v2\/comments?post=3828"}],"version-history":[{"count":3,"href":"https:\/\/fundhas.org.br\/portfolio\/portfolio2022\/wp-json\/wp\/v2\/pages\/3828\/revisions"}],"predecessor-version":[{"id":3842,"href":"https:\/\/fundhas.org.br\/portfolio\/portfolio2022\/wp-json\/wp\/v2\/pages\/3828\/revisions\/3842"}],"up":[{"embeddable":true,"href":"https:\/\/fundhas.org.br\/portfolio\/portfolio2022\/wp-json\/wp\/v2\/pages\/318"}],"wp:attachment":[{"href":"https:\/\/fundhas.org.br\/portfolio\/portfolio2022\/wp-json\/wp\/v2\/media?parent=3828"}],"curies":[{"name":"wp","href":"https:\/\/api.w.org\/{rel}","templated":true}]}}