{"id":3612,"date":"2022-11-01T09:08:08","date_gmt":"2022-11-01T12:08:08","guid":{"rendered":"https:\/\/fundhas.org.br\/portfolio\/portfolio2022\/?page_id=3612"},"modified":"2022-11-08T10:17:02","modified_gmt":"2022-11-08T13:17:02","slug":"projeto-social-desenvolvimento-pessoal","status":"publish","type":"page","link":"https:\/\/fundhas.org.br\/portfolio\/portfolio2022\/inicio\/saude-e-bem-estar\/projeto-social-desenvolvimento-pessoal\/","title":{"rendered":"Projeto Social \u2013 Desenvolvimento Pessoal"},"content":{"rendered":"\r\n<h4 class=\"wp-block-heading\"><b><i>Tema: Dia Internacional do Volunt\u00e1rio<\/i><\/b><\/h4>\r\n<h4><span style=\"color: #00aeef;\">Descri\u00e7\u00e3o<\/span><\/h4>\r\n<p><span style=\"font-weight: 400;\">O projeto tem como objetivo identificar e aplicar t\u00e9cnicas e roteiros para elabora\u00e7\u00e3o de projetos atrav\u00e9s de pesquisas e visitas t\u00e9cnicas em entidades sociais diversas buscando desenvolver a cidadania e a conscientiza\u00e7\u00e3o da import\u00e2ncia da a\u00e7\u00e3o social para o desenvolvimento pessoal e profissional \u2013 fase inicial do itiner\u00e1rio formativo para o atendimento de adolescentes, a partir dos 15 anos de idade.<\/span><\/p>\r\n<p><span style=\"font-weight: 400;\">Tendo como inten\u00e7\u00e3o educativa uma a\u00e7\u00e3o no dia do volunt\u00e1rio, em primeira inst\u00e2ncia dentro das depend\u00eancias da nossa institui\u00e7\u00e3o, para promover o desenvolvimento de habilidades pessoais e posteriormente, nas entidades escolhidas pelos adolescentes dos projetos, com vistas a melhorar a qualidade de sua vida e de outras pessoas, afetando positivamente na autoestima dos envolvidos.<\/span><\/p>\r\n<p><span style=\"font-weight: 400;\">Os projetos escolhidos envolveram a\u00e7\u00f5es com crian\u00e7as da institui\u00e7\u00e3o Fundhas de 06 a 14 anos, com idosos e atendidos de outros projetos sociais do munic\u00edpio.<\/span><\/p>\r\n<p><span style=\"font-weight: 400;\">Ser volunt\u00e1rio agrega valor \u00e0s suas atividades profissionais e enriquece o seu curr\u00edculo, conforme previsto na ODS 4 \u2013 Educa\u00e7\u00e3o de Qualidade- \u201cGarantindo o acesso \u00e0 educa\u00e7\u00e3o inclusiva, de qualidade e equitativa, e promover oportunidades de aprendizagem ao longo da vida para todos\u201d, al\u00e9m de excepcionalmente desenvolver um h\u00e1bito de cidadania e comprometimento de atua\u00e7\u00e3o em sociedade, desenvolvendo corresponsabilidade e intera\u00e7\u00e3o junto ao meio em que convive.<\/span><\/p>\r\n<p>&nbsp;<\/p>\r\n<h4><span style=\"color: #00aeef;\">Galeria de Imagens<\/span><\/h4>\r\n<div id='gallery-1' class='czr-gallery row flex-row czr-gallery-style gallery galleryid-3612 gallery-columns-3 gallery-size-thumbnail'><figure class='gallery-item col col-auto'>\r\n                        <div class='gallery-icon portrait czr-gallery-icon'>\r\n                              <a href=https:\/\/fundhas.org.br\/portfolio\/portfolio2022\/inicio\/saude-e-bem-estar\/projeto-social-desenvolvimento-pessoal\/projeto_social08-2\/ class=\"bg-link\"><\/a><img loading=\"lazy\" decoding=\"async\" width=\"150\" height=\"150\" src=\"https:\/\/fundhas.org.br\/portfolio\/portfolio2022\/wp-content\/uploads\/2022\/11\/PROJETO_SOCIAL08-150x150.jpeg\" class=\"attachment-thumbnail size-thumbnail no-lazy\" alt=\"\" sizes=\"auto, (min-width: 1200px) 350px, (min-width: 992px) 290px, (min-width: 768px) 210px, (min-width: 576px) 150px, calc( 50vw - 30px )\" srcset=\"https:\/\/fundhas.org.br\/portfolio\/portfolio2022\/wp-content\/uploads\/2022\/11\/PROJETO_SOCIAL08-150x150.jpeg 150w, https:\/\/fundhas.org.br\/portfolio\/portfolio2022\/wp-content\/uploads\/2022\/11\/PROJETO_SOCIAL08-510x510.jpeg 510w\" \/><div class=\"post-action btn btn-skin-dark-shaded inverted\"><a href=\"https:\/\/fundhas.org.br\/portfolio\/portfolio2022\/wp-content\/uploads\/2022\/11\/PROJETO_SOCIAL08.jpeg\" class=\"icn-expand\" data-lb-type=\"grouped-gallery\"><\/a><\/div>\r\n                        <\/div><\/figure><figure class='gallery-item col col-auto'>\r\n                        <div class='gallery-icon landscape czr-gallery-icon'>\r\n                              <a href=https:\/\/fundhas.org.br\/portfolio\/portfolio2022\/inicio\/saude-e-bem-estar\/projeto-social-desenvolvimento-pessoal\/projeto_social07-2\/ class=\"bg-link\"><\/a><img loading=\"lazy\" decoding=\"async\" width=\"150\" height=\"150\" src=\"https:\/\/fundhas.org.br\/portfolio\/portfolio2022\/wp-content\/uploads\/2022\/11\/PROJETO_SOCIAL07-150x150.jpg\" class=\"attachment-thumbnail size-thumbnail no-lazy\" alt=\"\" sizes=\"auto, (min-width: 1200px) 350px, (min-width: 992px) 290px, (min-width: 768px) 210px, (min-width: 576px) 150px, calc( 50vw - 30px )\" srcset=\"https:\/\/fundhas.org.br\/portfolio\/portfolio2022\/wp-content\/uploads\/2022\/11\/PROJETO_SOCIAL07-150x150.jpg 150w, https:\/\/fundhas.org.br\/portfolio\/portfolio2022\/wp-content\/uploads\/2022\/11\/PROJETO_SOCIAL07-510x510.jpg 510w\" \/><div class=\"post-action btn btn-skin-dark-shaded inverted\"><a href=\"https:\/\/fundhas.org.br\/portfolio\/portfolio2022\/wp-content\/uploads\/2022\/11\/PROJETO_SOCIAL07.jpg\" class=\"icn-expand\" data-lb-type=\"grouped-gallery\"><\/a><\/div>\r\n                        <\/div><\/figure><figure class='gallery-item col col-auto'>\r\n                        <div class='gallery-icon landscape czr-gallery-icon'>\r\n                              <a href=https:\/\/fundhas.org.br\/portfolio\/portfolio2022\/inicio\/saude-e-bem-estar\/projeto-social-desenvolvimento-pessoal\/projeto_social06-2\/ class=\"bg-link\"><\/a><img loading=\"lazy\" decoding=\"async\" width=\"150\" height=\"150\" src=\"https:\/\/fundhas.org.br\/portfolio\/portfolio2022\/wp-content\/uploads\/2022\/11\/PROJETO_SOCIAL06-150x150.jpg\" class=\"attachment-thumbnail size-thumbnail no-lazy\" alt=\"\" sizes=\"auto, (min-width: 1200px) 350px, (min-width: 992px) 290px, (min-width: 768px) 210px, (min-width: 576px) 150px, calc( 50vw - 30px )\" srcset=\"https:\/\/fundhas.org.br\/portfolio\/portfolio2022\/wp-content\/uploads\/2022\/11\/PROJETO_SOCIAL06-150x150.jpg 150w, https:\/\/fundhas.org.br\/portfolio\/portfolio2022\/wp-content\/uploads\/2022\/11\/PROJETO_SOCIAL06-510x510.jpg 510w\" \/><div class=\"post-action btn btn-skin-dark-shaded inverted\"><a href=\"https:\/\/fundhas.org.br\/portfolio\/portfolio2022\/wp-content\/uploads\/2022\/11\/PROJETO_SOCIAL06.jpg\" class=\"icn-expand\" data-lb-type=\"grouped-gallery\"><\/a><\/div>\r\n                        <\/div><\/figure><figure class='gallery-item col col-auto'>\r\n                        <div class='gallery-icon landscape czr-gallery-icon'>\r\n                              <a href=https:\/\/fundhas.org.br\/portfolio\/portfolio2022\/inicio\/saude-e-bem-estar\/projeto-social-desenvolvimento-pessoal\/projeto_social05-2\/ class=\"bg-link\"><\/a><img loading=\"lazy\" decoding=\"async\" width=\"150\" height=\"150\" src=\"https:\/\/fundhas.org.br\/portfolio\/portfolio2022\/wp-content\/uploads\/2022\/11\/PROJETO_SOCIAL05-150x150.jpg\" class=\"attachment-thumbnail size-thumbnail no-lazy\" alt=\"\" sizes=\"auto, (min-width: 1200px) 350px, (min-width: 992px) 290px, (min-width: 768px) 210px, (min-width: 576px) 150px, calc( 50vw - 30px )\" srcset=\"https:\/\/fundhas.org.br\/portfolio\/portfolio2022\/wp-content\/uploads\/2022\/11\/PROJETO_SOCIAL05-150x150.jpg 150w, https:\/\/fundhas.org.br\/portfolio\/portfolio2022\/wp-content\/uploads\/2022\/11\/PROJETO_SOCIAL05-510x510.jpg 510w\" \/><div class=\"post-action btn btn-skin-dark-shaded inverted\"><a href=\"https:\/\/fundhas.org.br\/portfolio\/portfolio2022\/wp-content\/uploads\/2022\/11\/PROJETO_SOCIAL05.jpg\" class=\"icn-expand\" data-lb-type=\"grouped-gallery\"><\/a><\/div>\r\n                        <\/div><\/figure><figure class='gallery-item col col-auto'>\r\n                        <div class='gallery-icon landscape czr-gallery-icon'>\r\n                              <a href=https:\/\/fundhas.org.br\/portfolio\/portfolio2022\/inicio\/saude-e-bem-estar\/projeto-social-desenvolvimento-pessoal\/projeto_social04-2\/ class=\"bg-link\"><\/a><img loading=\"lazy\" decoding=\"async\" width=\"150\" height=\"150\" src=\"https:\/\/fundhas.org.br\/portfolio\/portfolio2022\/wp-content\/uploads\/2022\/11\/PROJETO_SOCIAL04-150x150.jpg\" class=\"attachment-thumbnail size-thumbnail no-lazy\" alt=\"\" sizes=\"auto, (min-width: 1200px) 350px, (min-width: 992px) 290px, (min-width: 768px) 210px, (min-width: 576px) 150px, calc( 50vw - 30px )\" srcset=\"https:\/\/fundhas.org.br\/portfolio\/portfolio2022\/wp-content\/uploads\/2022\/11\/PROJETO_SOCIAL04-150x150.jpg 150w, https:\/\/fundhas.org.br\/portfolio\/portfolio2022\/wp-content\/uploads\/2022\/11\/PROJETO_SOCIAL04-510x510.jpg 510w\" \/><div class=\"post-action btn btn-skin-dark-shaded inverted\"><a href=\"https:\/\/fundhas.org.br\/portfolio\/portfolio2022\/wp-content\/uploads\/2022\/11\/PROJETO_SOCIAL04.jpg\" class=\"icn-expand\" data-lb-type=\"grouped-gallery\"><\/a><\/div>\r\n                        <\/div><\/figure><figure class='gallery-item col col-auto'>\r\n                        <div class='gallery-icon landscape czr-gallery-icon'>\r\n                              <a href=https:\/\/fundhas.org.br\/portfolio\/portfolio2022\/inicio\/saude-e-bem-estar\/projeto-social-desenvolvimento-pessoal\/projeto_social03-2\/ class=\"bg-link\"><\/a><img loading=\"lazy\" decoding=\"async\" width=\"150\" height=\"150\" src=\"https:\/\/fundhas.org.br\/portfolio\/portfolio2022\/wp-content\/uploads\/2022\/11\/PROJETO_SOCIAL03-150x150.jpg\" class=\"attachment-thumbnail size-thumbnail no-lazy\" alt=\"\" sizes=\"auto, (min-width: 1200px) 350px, (min-width: 992px) 290px, (min-width: 768px) 210px, (min-width: 576px) 150px, calc( 50vw - 30px )\" srcset=\"https:\/\/fundhas.org.br\/portfolio\/portfolio2022\/wp-content\/uploads\/2022\/11\/PROJETO_SOCIAL03-150x150.jpg 150w, https:\/\/fundhas.org.br\/portfolio\/portfolio2022\/wp-content\/uploads\/2022\/11\/PROJETO_SOCIAL03-510x510.jpg 510w\" \/><div class=\"post-action btn btn-skin-dark-shaded inverted\"><a href=\"https:\/\/fundhas.org.br\/portfolio\/portfolio2022\/wp-content\/uploads\/2022\/11\/PROJETO_SOCIAL03.jpg\" class=\"icn-expand\" data-lb-type=\"grouped-gallery\"><\/a><\/div>\r\n                        <\/div><\/figure><figure class='gallery-item col col-auto'>\r\n                        <div class='gallery-icon landscape czr-gallery-icon'>\r\n                              <a href=https:\/\/fundhas.org.br\/portfolio\/portfolio2022\/inicio\/saude-e-bem-estar\/projeto-social-desenvolvimento-pessoal\/projeto_social02-2\/ class=\"bg-link\"><\/a><img loading=\"lazy\" decoding=\"async\" width=\"150\" height=\"150\" src=\"https:\/\/fundhas.org.br\/portfolio\/portfolio2022\/wp-content\/uploads\/2022\/11\/PROJETO_SOCIAL02-150x150.jpg\" class=\"attachment-thumbnail size-thumbnail no-lazy\" alt=\"\" sizes=\"auto, (min-width: 1200px) 350px, (min-width: 992px) 290px, (min-width: 768px) 210px, (min-width: 576px) 150px, calc( 50vw - 30px )\" srcset=\"https:\/\/fundhas.org.br\/portfolio\/portfolio2022\/wp-content\/uploads\/2022\/11\/PROJETO_SOCIAL02-150x150.jpg 150w, https:\/\/fundhas.org.br\/portfolio\/portfolio2022\/wp-content\/uploads\/2022\/11\/PROJETO_SOCIAL02-510x510.jpg 510w\" \/><div class=\"post-action btn btn-skin-dark-shaded inverted\"><a href=\"https:\/\/fundhas.org.br\/portfolio\/portfolio2022\/wp-content\/uploads\/2022\/11\/PROJETO_SOCIAL02.jpg\" class=\"icn-expand\" data-lb-type=\"grouped-gallery\"><\/a><\/div>\r\n                        <\/div><\/figure><figure class='gallery-item col col-auto'>\r\n                        <div class='gallery-icon portrait czr-gallery-icon'>\r\n                              <a href=https:\/\/fundhas.org.br\/portfolio\/portfolio2022\/inicio\/saude-e-bem-estar\/projeto-social-desenvolvimento-pessoal\/projeto_social01-2\/ class=\"bg-link\"><\/a><img loading=\"lazy\" decoding=\"async\" width=\"150\" height=\"150\" src=\"https:\/\/fundhas.org.br\/portfolio\/portfolio2022\/wp-content\/uploads\/2022\/11\/PROJETO_SOCIAL01-150x150.jpg\" class=\"attachment-thumbnail size-thumbnail no-lazy\" alt=\"\" sizes=\"auto, (min-width: 1200px) 350px, (min-width: 992px) 290px, (min-width: 768px) 210px, (min-width: 576px) 150px, calc( 50vw - 30px )\" srcset=\"https:\/\/fundhas.org.br\/portfolio\/portfolio2022\/wp-content\/uploads\/2022\/11\/PROJETO_SOCIAL01-150x150.jpg 150w, https:\/\/fundhas.org.br\/portfolio\/portfolio2022\/wp-content\/uploads\/2022\/11\/PROJETO_SOCIAL01-510x510.jpg 510w\" \/><div class=\"post-action btn btn-skin-dark-shaded inverted\"><a href=\"https:\/\/fundhas.org.br\/portfolio\/portfolio2022\/wp-content\/uploads\/2022\/11\/PROJETO_SOCIAL01.jpg\" class=\"icn-expand\" data-lb-type=\"grouped-gallery\"><\/a><\/div>\r\n                        <\/div><\/figure>\r\n                  <\/div>\n\r\n","protected":false},"excerpt":{"rendered":"<p>Tema: Dia Internacional do Volunt\u00e1rio Descri\u00e7\u00e3o O projeto tem como objetivo identificar e aplicar t\u00e9cnicas e roteiros para elabora\u00e7\u00e3o de projetos atrav\u00e9s de pesquisas e visitas t\u00e9cnicas em entidades sociais diversas buscando desenvolver a cidadania e a conscientiza\u00e7\u00e3o da import\u00e2ncia da a\u00e7\u00e3o social para o desenvolvimento pessoal e profissional \u2013 fase inicial do itiner\u00e1rio formativo [&hellip;]<\/p>\n","protected":false},"author":9,"featured_media":0,"parent":154,"menu_order":0,"comment_status":"closed","ping_status":"closed","template":"","meta":{"footnotes":""},"class_list":["post-3612","page","type-page","status-publish","czr-hentry"],"_links":{"self":[{"href":"https:\/\/fundhas.org.br\/portfolio\/portfolio2022\/wp-json\/wp\/v2\/pages\/3612","targetHints":{"allow":["GET"]}}],"collection":[{"href":"https:\/\/fundhas.org.br\/portfolio\/portfolio2022\/wp-json\/wp\/v2\/pages"}],"about":[{"href":"https:\/\/fundhas.org.br\/portfolio\/portfolio2022\/wp-json\/wp\/v2\/types\/page"}],"author":[{"embeddable":true,"href":"https:\/\/fundhas.org.br\/portfolio\/portfolio2022\/wp-json\/wp\/v2\/users\/9"}],"replies":[{"embeddable":true,"href":"https:\/\/fundhas.org.br\/portfolio\/portfolio2022\/wp-json\/wp\/v2\/comments?post=3612"}],"version-history":[{"count":6,"href":"https:\/\/fundhas.org.br\/portfolio\/portfolio2022\/wp-json\/wp\/v2\/pages\/3612\/revisions"}],"predecessor-version":[{"id":3643,"href":"https:\/\/fundhas.org.br\/portfolio\/portfolio2022\/wp-json\/wp\/v2\/pages\/3612\/revisions\/3643"}],"up":[{"embeddable":true,"href":"https:\/\/fundhas.org.br\/portfolio\/portfolio2022\/wp-json\/wp\/v2\/pages\/154"}],"wp:attachment":[{"href":"https:\/\/fundhas.org.br\/portfolio\/portfolio2022\/wp-json\/wp\/v2\/media?parent=3612"}],"curies":[{"name":"wp","href":"https:\/\/api.w.org\/{rel}","templated":true}]}}