{"id":3288,"date":"2022-10-31T09:59:23","date_gmt":"2022-10-31T12:59:23","guid":{"rendered":"https:\/\/fundhas.org.br\/portfolio\/portfolio2022\/?page_id=3288"},"modified":"2022-11-08T10:14:18","modified_gmt":"2022-11-08T13:14:18","slug":"familia","status":"publish","type":"page","link":"https:\/\/fundhas.org.br\/portfolio\/portfolio2022\/inicio\/saude-e-bem-estar\/familia\/","title":{"rendered":"Fortalecimento de V\u00ednculos Familiares"},"content":{"rendered":"\r\n<h4 class=\"wp-block-heading\"><b><i>Tema: Dia Internacional da Fam\u00edlia<\/i><\/b><\/h4>\r\n<h4><span style=\"color: #00aeef;\">Descri\u00e7\u00e3o<\/span><\/h4>\r\n<p><span style=\"font-weight: 400;\">O projeto tem como inten\u00e7\u00e3o educativa o fortalecimento de v\u00ednculos, a orienta\u00e7\u00e3o para a melhoria do bem-estar das fam\u00edlias, com investimentos em a\u00e7\u00f5es que favore\u00e7am possibilidades positivas de promo\u00e7\u00e3o \u00e0 tem\u00e1tica, al\u00e9m da parentalidade e apoio \u00e0 dissemina\u00e7\u00e3o de pol\u00edticas p\u00fablicas de prote\u00e7\u00e3o \u00e0 fam\u00edlia, do desenvolvimento e emancipa\u00e7\u00e3o social que, articulados aos profissionais da Psicologia, Servi\u00e7o Social e Professores\/Educadores, auxiliam na interven\u00e7\u00e3o entre os pais\/ respons\u00e1veis e filhos, por meio do di\u00e1logo sobre \u201cNeuroci\u00eancia e afeto na Educa\u00e7\u00e3o dos Filhos\u201d e das oficina \u2013 PANC\u2019s \u201cPlantas Aliment\u00edcias n\u00e3o Convencionais\u201d, Customiza\u00e7\u00e3o e Dan\u00e7a Circular.<\/span><\/p>\r\n<p><span style=\"font-weight: 400;\">Tendo como objetivo investir na parentalidade positiva, a partir da compreens\u00e3o, do favorecimento que o fortalecimento de v\u00ednculos pode trazer aos processos de aprendizagem, forma\u00e7\u00e3o integral do sujeito e apoio \u00e0 fam\u00edlia para o desenvolvimento social ser\u00e3o investidos trabalhos de encontros, visitas, oficinas entre outras possibilidades que auxiliem na rela\u00e7\u00e3o e empoderamento das fam\u00edlias e na atua\u00e7\u00e3o junto aos t\u00e9cnicos da institui\u00e7\u00e3o.<\/span><\/p>\r\n<p>&nbsp;<\/p>\r\n<h4><span style=\"color: #00aeef;\">Galeria de Imagens<\/span><\/h4>\r\n<div id='gallery-1' class='czr-gallery row flex-row czr-gallery-style gallery galleryid-3288 gallery-columns-3 gallery-size-thumbnail'><figure class='gallery-item col col-auto'>\r\n                        <div class='gallery-icon portrait czr-gallery-icon'>\r\n                              <a href=https:\/\/fundhas.org.br\/portfolio\/portfolio2022\/inicio\/saude-e-bem-estar\/saude\/attachment\/3883\/ class=\"bg-link\"><\/a><img loading=\"lazy\" decoding=\"async\" width=\"150\" height=\"150\" src=\"https:\/\/fundhas.org.br\/portfolio\/portfolio2022\/wp-content\/uploads\/2022\/11\/FAMILIA01-2-150x150.png\" class=\"attachment-thumbnail size-thumbnail no-lazy\" alt=\"\" sizes=\"auto, (min-width: 1200px) 350px, (min-width: 992px) 290px, (min-width: 768px) 210px, (min-width: 576px) 150px, calc( 50vw - 30px )\" srcset=\"https:\/\/fundhas.org.br\/portfolio\/portfolio2022\/wp-content\/uploads\/2022\/11\/FAMILIA01-2-150x150.png 150w, https:\/\/fundhas.org.br\/portfolio\/portfolio2022\/wp-content\/uploads\/2022\/11\/FAMILIA01-2-510x510.png 510w\" \/><div class=\"post-action btn btn-skin-dark-shaded inverted\"><a href=\"https:\/\/fundhas.org.br\/portfolio\/portfolio2022\/wp-content\/uploads\/2022\/11\/FAMILIA01-2.png\" class=\"icn-expand\" data-lb-type=\"grouped-gallery\"><\/a><\/div>\r\n                        <\/div><\/figure><figure class='gallery-item col col-auto'>\r\n                        <div class='gallery-icon landscape czr-gallery-icon'>\r\n                              <a href=https:\/\/fundhas.org.br\/portfolio\/portfolio2022\/inicio\/saude-e-bem-estar\/saude\/attachment\/3886\/ class=\"bg-link\"><\/a><img loading=\"lazy\" decoding=\"async\" width=\"150\" height=\"150\" src=\"https:\/\/fundhas.org.br\/portfolio\/portfolio2022\/wp-content\/uploads\/2022\/11\/FAMILIA04-2-150x150.jpg\" class=\"attachment-thumbnail size-thumbnail no-lazy\" alt=\"\" sizes=\"auto, (min-width: 1200px) 350px, (min-width: 992px) 290px, (min-width: 768px) 210px, (min-width: 576px) 150px, calc( 50vw - 30px )\" srcset=\"https:\/\/fundhas.org.br\/portfolio\/portfolio2022\/wp-content\/uploads\/2022\/11\/FAMILIA04-2-150x150.jpg 150w, https:\/\/fundhas.org.br\/portfolio\/portfolio2022\/wp-content\/uploads\/2022\/11\/FAMILIA04-2-510x510.jpg 510w\" \/><div class=\"post-action btn btn-skin-dark-shaded inverted\"><a href=\"https:\/\/fundhas.org.br\/portfolio\/portfolio2022\/wp-content\/uploads\/2022\/11\/FAMILIA04-2.jpg\" class=\"icn-expand\" data-lb-type=\"grouped-gallery\"><\/a><\/div>\r\n                        <\/div><\/figure><figure class='gallery-item col col-auto'>\r\n                        <div class='gallery-icon landscape czr-gallery-icon'>\r\n                              <a href=https:\/\/fundhas.org.br\/portfolio\/portfolio2022\/inicio\/saude-e-bem-estar\/saude\/attachment\/3894\/ class=\"bg-link\"><\/a><img loading=\"lazy\" decoding=\"async\" width=\"150\" height=\"150\" src=\"https:\/\/fundhas.org.br\/portfolio\/portfolio2022\/wp-content\/uploads\/2022\/11\/FAMILIA12-2-150x150.jpg\" class=\"attachment-thumbnail size-thumbnail no-lazy\" alt=\"\" sizes=\"auto, (min-width: 1200px) 350px, (min-width: 992px) 290px, (min-width: 768px) 210px, (min-width: 576px) 150px, calc( 50vw - 30px )\" srcset=\"https:\/\/fundhas.org.br\/portfolio\/portfolio2022\/wp-content\/uploads\/2022\/11\/FAMILIA12-2-150x150.jpg 150w, https:\/\/fundhas.org.br\/portfolio\/portfolio2022\/wp-content\/uploads\/2022\/11\/FAMILIA12-2-510x510.jpg 510w\" \/><div class=\"post-action btn btn-skin-dark-shaded inverted\"><a href=\"https:\/\/fundhas.org.br\/portfolio\/portfolio2022\/wp-content\/uploads\/2022\/11\/FAMILIA12-2.jpg\" class=\"icn-expand\" data-lb-type=\"grouped-gallery\"><\/a><\/div>\r\n                        <\/div><\/figure><figure class='gallery-item col col-auto'>\r\n                        <div class='gallery-icon landscape czr-gallery-icon'>\r\n                              <a href=https:\/\/fundhas.org.br\/portfolio\/portfolio2022\/inicio\/saude-e-bem-estar\/saude\/attachment\/3893\/ class=\"bg-link\"><\/a><img loading=\"lazy\" decoding=\"async\" width=\"150\" height=\"150\" src=\"https:\/\/fundhas.org.br\/portfolio\/portfolio2022\/wp-content\/uploads\/2022\/11\/FAMILIA11-2-150x150.jpg\" class=\"attachment-thumbnail size-thumbnail no-lazy\" alt=\"\" sizes=\"auto, (min-width: 1200px) 350px, (min-width: 992px) 290px, (min-width: 768px) 210px, (min-width: 576px) 150px, calc( 50vw - 30px )\" srcset=\"https:\/\/fundhas.org.br\/portfolio\/portfolio2022\/wp-content\/uploads\/2022\/11\/FAMILIA11-2-150x150.jpg 150w, https:\/\/fundhas.org.br\/portfolio\/portfolio2022\/wp-content\/uploads\/2022\/11\/FAMILIA11-2-510x510.jpg 510w\" \/><div class=\"post-action btn btn-skin-dark-shaded inverted\"><a href=\"https:\/\/fundhas.org.br\/portfolio\/portfolio2022\/wp-content\/uploads\/2022\/11\/FAMILIA11-2.jpg\" class=\"icn-expand\" data-lb-type=\"grouped-gallery\"><\/a><\/div>\r\n                        <\/div><\/figure><figure class='gallery-item col col-auto'>\r\n                        <div class='gallery-icon landscape czr-gallery-icon'>\r\n                              <a href=https:\/\/fundhas.org.br\/portfolio\/portfolio2022\/inicio\/saude-e-bem-estar\/saude\/attachment\/3884\/ class=\"bg-link\"><\/a><img loading=\"lazy\" decoding=\"async\" width=\"150\" height=\"150\" src=\"https:\/\/fundhas.org.br\/portfolio\/portfolio2022\/wp-content\/uploads\/2022\/11\/FAMILIA02-2-150x150.jpg\" class=\"attachment-thumbnail size-thumbnail no-lazy\" alt=\"\" sizes=\"auto, (min-width: 1200px) 350px, (min-width: 992px) 290px, (min-width: 768px) 210px, (min-width: 576px) 150px, calc( 50vw - 30px )\" srcset=\"https:\/\/fundhas.org.br\/portfolio\/portfolio2022\/wp-content\/uploads\/2022\/11\/FAMILIA02-2-150x150.jpg 150w, https:\/\/fundhas.org.br\/portfolio\/portfolio2022\/wp-content\/uploads\/2022\/11\/FAMILIA02-2-510x510.jpg 510w\" \/><div class=\"post-action btn btn-skin-dark-shaded inverted\"><a href=\"https:\/\/fundhas.org.br\/portfolio\/portfolio2022\/wp-content\/uploads\/2022\/11\/FAMILIA02-2.jpg\" class=\"icn-expand\" data-lb-type=\"grouped-gallery\"><\/a><\/div>\r\n                        <\/div><\/figure><figure class='gallery-item col col-auto'>\r\n                        <div class='gallery-icon portrait czr-gallery-icon'>\r\n                              <a href=https:\/\/fundhas.org.br\/portfolio\/portfolio2022\/inicio\/saude-e-bem-estar\/saude\/attachment\/3892\/ class=\"bg-link\"><\/a><img loading=\"lazy\" decoding=\"async\" width=\"150\" height=\"150\" src=\"https:\/\/fundhas.org.br\/portfolio\/portfolio2022\/wp-content\/uploads\/2022\/11\/FAMILIA09-2-150x150.jpg\" class=\"attachment-thumbnail size-thumbnail no-lazy\" alt=\"\" sizes=\"auto, (min-width: 1200px) 350px, (min-width: 992px) 290px, (min-width: 768px) 210px, (min-width: 576px) 150px, calc( 50vw - 30px )\" srcset=\"https:\/\/fundhas.org.br\/portfolio\/portfolio2022\/wp-content\/uploads\/2022\/11\/FAMILIA09-2-150x150.jpg 150w, https:\/\/fundhas.org.br\/portfolio\/portfolio2022\/wp-content\/uploads\/2022\/11\/FAMILIA09-2-510x510.jpg 510w\" \/><div class=\"post-action btn btn-skin-dark-shaded inverted\"><a href=\"https:\/\/fundhas.org.br\/portfolio\/portfolio2022\/wp-content\/uploads\/2022\/11\/FAMILIA09-2.jpg\" class=\"icn-expand\" data-lb-type=\"grouped-gallery\"><\/a><\/div>\r\n                        <\/div><\/figure><figure class='gallery-item col col-auto'>\r\n                        <div class='gallery-icon portrait czr-gallery-icon'>\r\n                              <a href=https:\/\/fundhas.org.br\/portfolio\/portfolio2022\/inicio\/saude-e-bem-estar\/saude\/attachment\/3891\/ class=\"bg-link\"><\/a><img loading=\"lazy\" decoding=\"async\" width=\"150\" height=\"150\" src=\"https:\/\/fundhas.org.br\/portfolio\/portfolio2022\/wp-content\/uploads\/2022\/11\/FAMILIA10-2-150x150.jpg\" class=\"attachment-thumbnail size-thumbnail no-lazy\" alt=\"\" sizes=\"auto, (min-width: 1200px) 350px, (min-width: 992px) 290px, (min-width: 768px) 210px, (min-width: 576px) 150px, calc( 50vw - 30px )\" srcset=\"https:\/\/fundhas.org.br\/portfolio\/portfolio2022\/wp-content\/uploads\/2022\/11\/FAMILIA10-2-150x150.jpg 150w, https:\/\/fundhas.org.br\/portfolio\/portfolio2022\/wp-content\/uploads\/2022\/11\/FAMILIA10-2-510x510.jpg 510w\" \/><div class=\"post-action btn btn-skin-dark-shaded inverted\"><a href=\"https:\/\/fundhas.org.br\/portfolio\/portfolio2022\/wp-content\/uploads\/2022\/11\/FAMILIA10-2.jpg\" class=\"icn-expand\" data-lb-type=\"grouped-gallery\"><\/a><\/div>\r\n                        <\/div><\/figure><figure class='gallery-item col col-auto'>\r\n                        <div class='gallery-icon landscape czr-gallery-icon'>\r\n                              <a href=https:\/\/fundhas.org.br\/portfolio\/portfolio2022\/inicio\/saude-e-bem-estar\/saude\/attachment\/3890\/ class=\"bg-link\"><\/a><img loading=\"lazy\" decoding=\"async\" width=\"150\" height=\"150\" src=\"https:\/\/fundhas.org.br\/portfolio\/portfolio2022\/wp-content\/uploads\/2022\/11\/FAMILIA08-2-150x150.jpg\" class=\"attachment-thumbnail size-thumbnail no-lazy\" alt=\"\" sizes=\"auto, (min-width: 1200px) 350px, (min-width: 992px) 290px, (min-width: 768px) 210px, (min-width: 576px) 150px, calc( 50vw - 30px )\" srcset=\"https:\/\/fundhas.org.br\/portfolio\/portfolio2022\/wp-content\/uploads\/2022\/11\/FAMILIA08-2-150x150.jpg 150w, https:\/\/fundhas.org.br\/portfolio\/portfolio2022\/wp-content\/uploads\/2022\/11\/FAMILIA08-2-510x510.jpg 510w\" \/><div class=\"post-action btn btn-skin-dark-shaded inverted\"><a href=\"https:\/\/fundhas.org.br\/portfolio\/portfolio2022\/wp-content\/uploads\/2022\/11\/FAMILIA08-2.jpg\" class=\"icn-expand\" data-lb-type=\"grouped-gallery\"><\/a><\/div>\r\n                        <\/div><\/figure><figure class='gallery-item col col-auto'>\r\n                        <div class='gallery-icon portrait czr-gallery-icon'>\r\n                              <a href=https:\/\/fundhas.org.br\/portfolio\/portfolio2022\/inicio\/saude-e-bem-estar\/saude\/attachment\/3889\/ class=\"bg-link\"><\/a><img loading=\"lazy\" decoding=\"async\" width=\"150\" height=\"150\" src=\"https:\/\/fundhas.org.br\/portfolio\/portfolio2022\/wp-content\/uploads\/2022\/11\/FAMILIA07-2-150x150.jpg\" class=\"attachment-thumbnail size-thumbnail no-lazy\" alt=\"\" sizes=\"auto, (min-width: 1200px) 350px, (min-width: 992px) 290px, (min-width: 768px) 210px, (min-width: 576px) 150px, calc( 50vw - 30px )\" srcset=\"https:\/\/fundhas.org.br\/portfolio\/portfolio2022\/wp-content\/uploads\/2022\/11\/FAMILIA07-2-150x150.jpg 150w, https:\/\/fundhas.org.br\/portfolio\/portfolio2022\/wp-content\/uploads\/2022\/11\/FAMILIA07-2-510x510.jpg 510w\" \/><div class=\"post-action btn btn-skin-dark-shaded inverted\"><a href=\"https:\/\/fundhas.org.br\/portfolio\/portfolio2022\/wp-content\/uploads\/2022\/11\/FAMILIA07-2.jpg\" class=\"icn-expand\" data-lb-type=\"grouped-gallery\"><\/a><\/div>\r\n                        <\/div><\/figure><figure class='gallery-item col col-auto'>\r\n                        <div class='gallery-icon landscape czr-gallery-icon'>\r\n                              <a href=https:\/\/fundhas.org.br\/portfolio\/portfolio2022\/inicio\/saude-e-bem-estar\/saude\/attachment\/3888\/ class=\"bg-link\"><\/a><img loading=\"lazy\" decoding=\"async\" width=\"150\" height=\"150\" src=\"https:\/\/fundhas.org.br\/portfolio\/portfolio2022\/wp-content\/uploads\/2022\/11\/FAMILIA06-2-150x150.jpg\" class=\"attachment-thumbnail size-thumbnail no-lazy\" alt=\"\" sizes=\"auto, (min-width: 1200px) 350px, (min-width: 992px) 290px, (min-width: 768px) 210px, (min-width: 576px) 150px, calc( 50vw - 30px )\" srcset=\"https:\/\/fundhas.org.br\/portfolio\/portfolio2022\/wp-content\/uploads\/2022\/11\/FAMILIA06-2-150x150.jpg 150w, https:\/\/fundhas.org.br\/portfolio\/portfolio2022\/wp-content\/uploads\/2022\/11\/FAMILIA06-2-510x510.jpg 510w\" \/><div class=\"post-action btn btn-skin-dark-shaded inverted\"><a href=\"https:\/\/fundhas.org.br\/portfolio\/portfolio2022\/wp-content\/uploads\/2022\/11\/FAMILIA06-2.jpg\" class=\"icn-expand\" data-lb-type=\"grouped-gallery\"><\/a><\/div>\r\n                        <\/div><\/figure><figure class='gallery-item col col-auto'>\r\n                        <div class='gallery-icon landscape czr-gallery-icon'>\r\n                              <a href=https:\/\/fundhas.org.br\/portfolio\/portfolio2022\/inicio\/saude-e-bem-estar\/saude\/attachment\/3887\/ class=\"bg-link\"><\/a><img loading=\"lazy\" decoding=\"async\" width=\"150\" height=\"150\" src=\"https:\/\/fundhas.org.br\/portfolio\/portfolio2022\/wp-content\/uploads\/2022\/11\/FAMILIA05-2-150x150.jpg\" class=\"attachment-thumbnail size-thumbnail no-lazy\" alt=\"\" sizes=\"auto, (min-width: 1200px) 350px, (min-width: 992px) 290px, (min-width: 768px) 210px, (min-width: 576px) 150px, calc( 50vw - 30px )\" srcset=\"https:\/\/fundhas.org.br\/portfolio\/portfolio2022\/wp-content\/uploads\/2022\/11\/FAMILIA05-2-150x150.jpg 150w, https:\/\/fundhas.org.br\/portfolio\/portfolio2022\/wp-content\/uploads\/2022\/11\/FAMILIA05-2-510x510.jpg 510w\" \/><div class=\"post-action btn btn-skin-dark-shaded inverted\"><a href=\"https:\/\/fundhas.org.br\/portfolio\/portfolio2022\/wp-content\/uploads\/2022\/11\/FAMILIA05-2.jpg\" class=\"icn-expand\" data-lb-type=\"grouped-gallery\"><\/a><\/div>\r\n                        <\/div><\/figure><figure class='gallery-item col col-auto'>\r\n                        <div class='gallery-icon landscape czr-gallery-icon'>\r\n                              <a href=https:\/\/fundhas.org.br\/portfolio\/portfolio2022\/inicio\/saude-e-bem-estar\/saude\/attachment\/3885\/ class=\"bg-link\"><\/a><img loading=\"lazy\" decoding=\"async\" width=\"150\" height=\"150\" src=\"https:\/\/fundhas.org.br\/portfolio\/portfolio2022\/wp-content\/uploads\/2022\/11\/FAMILIA03-2-150x150.jpg\" class=\"attachment-thumbnail size-thumbnail no-lazy\" alt=\"\" sizes=\"auto, (min-width: 1200px) 350px, (min-width: 992px) 290px, (min-width: 768px) 210px, (min-width: 576px) 150px, calc( 50vw - 30px )\" srcset=\"https:\/\/fundhas.org.br\/portfolio\/portfolio2022\/wp-content\/uploads\/2022\/11\/FAMILIA03-2-150x150.jpg 150w, https:\/\/fundhas.org.br\/portfolio\/portfolio2022\/wp-content\/uploads\/2022\/11\/FAMILIA03-2-510x510.jpg 510w\" \/><div class=\"post-action btn btn-skin-dark-shaded inverted\"><a href=\"https:\/\/fundhas.org.br\/portfolio\/portfolio2022\/wp-content\/uploads\/2022\/11\/FAMILIA03-2.jpg\" class=\"icn-expand\" data-lb-type=\"grouped-gallery\"><\/a><\/div>\r\n                        <\/div><\/figure>\r\n                  <\/div>\n\r\n","protected":false},"excerpt":{"rendered":"<p>Tema: Dia Internacional da Fam\u00edlia Descri\u00e7\u00e3o O projeto tem como inten\u00e7\u00e3o educativa o fortalecimento de v\u00ednculos, a orienta\u00e7\u00e3o para a melhoria do bem-estar das fam\u00edlias, com investimentos em a\u00e7\u00f5es que favore\u00e7am possibilidades positivas de promo\u00e7\u00e3o \u00e0 tem\u00e1tica, al\u00e9m da parentalidade e apoio \u00e0 dissemina\u00e7\u00e3o de pol\u00edticas p\u00fablicas de prote\u00e7\u00e3o \u00e0 fam\u00edlia, do desenvolvimento e emancipa\u00e7\u00e3o [&hellip;]<\/p>\n","protected":false},"author":9,"featured_media":0,"parent":154,"menu_order":0,"comment_status":"closed","ping_status":"closed","template":"","meta":{"footnotes":""},"class_list":["post-3288","page","type-page","status-publish","czr-hentry"],"_links":{"self":[{"href":"https:\/\/fundhas.org.br\/portfolio\/portfolio2022\/wp-json\/wp\/v2\/pages\/3288","targetHints":{"allow":["GET"]}}],"collection":[{"href":"https:\/\/fundhas.org.br\/portfolio\/portfolio2022\/wp-json\/wp\/v2\/pages"}],"about":[{"href":"https:\/\/fundhas.org.br\/portfolio\/portfolio2022\/wp-json\/wp\/v2\/types\/page"}],"author":[{"embeddable":true,"href":"https:\/\/fundhas.org.br\/portfolio\/portfolio2022\/wp-json\/wp\/v2\/users\/9"}],"replies":[{"embeddable":true,"href":"https:\/\/fundhas.org.br\/portfolio\/portfolio2022\/wp-json\/wp\/v2\/comments?post=3288"}],"version-history":[{"count":6,"href":"https:\/\/fundhas.org.br\/portfolio\/portfolio2022\/wp-json\/wp\/v2\/pages\/3288\/revisions"}],"predecessor-version":[{"id":3949,"href":"https:\/\/fundhas.org.br\/portfolio\/portfolio2022\/wp-json\/wp\/v2\/pages\/3288\/revisions\/3949"}],"up":[{"embeddable":true,"href":"https:\/\/fundhas.org.br\/portfolio\/portfolio2022\/wp-json\/wp\/v2\/pages\/154"}],"wp:attachment":[{"href":"https:\/\/fundhas.org.br\/portfolio\/portfolio2022\/wp-json\/wp\/v2\/media?parent=3288"}],"curies":[{"name":"wp","href":"https:\/\/api.w.org\/{rel}","templated":true}]}}