{"id":2659,"date":"2022-11-04T15:37:44","date_gmt":"2022-11-04T18:37:44","guid":{"rendered":"https:\/\/fundhas.org.br\/portfolio\/2021\/?page_id=2659"},"modified":"2023-03-08T17:37:33","modified_gmt":"2023-03-08T20:37:33","slug":"o-futuro-do-trabalho","status":"publish","type":"page","link":"https:\/\/fundhas.org.br\/portfolio\/portfolio2022\/inicio\/o-futuro-do-trabalho\/","title":{"rendered":"O Futuro do Trabalho"},"content":{"rendered":"<h4><b><i>Tema: SEBRAE<\/i><\/b><\/h4>\r\n<h4><span style=\"color: #00aeef;\">Descri\u00e7\u00e3o<\/span><\/h4>\r\n<p style=\"text-align: justify;\"><span style=\"font-weight: 400;\">Mais de 60 alunos do CEPHAS(Col\u00e9gio de Educa\u00e7\u00e3o Profissional H\u00e9lio Augusto de Souza) participaram da palestra junto ao CDTCC \u2013 Centro de Desenvolvimento Tecnol\u00f3gico da Constru\u00e7\u00e3o Civil &#8211; movimento tecnol\u00f3gico da constru\u00e7\u00e3o civil, retribui com a forma\u00e7\u00e3o acad\u00eamica e melhor prepara\u00e7\u00e3o para o mercado de trabalho dos alunos do curso t\u00e9cnico em edifica\u00e7\u00f5es, que ser\u00e3o posteriormente certificados pelo Sebrae, com a tem\u00e1tica de empreendedorismo e abertura de empresa individual.<\/span><\/p>\r\n<div><i><\/i><i><span style=\"font-weight: 400;\"><br \/><\/span><\/i><\/div>\r\n<div>\r\n<h4><span style=\"color: #00aeef;\">Galeria de Imagens<\/span><\/h4>\r\n<\/div>\r\n<!-- \/wp:post-content -->\r\n\r\n<!-- wp:gallery {\"ids\":[\"754\",\"759\",\"760\",\"761\",\"762\"],\"linkTo\":\"media\"} -->\r\n<div id='gallery-1' class='czr-gallery row flex-row czr-gallery-style gallery galleryid-2659 gallery-columns-3 gallery-size-thumbnail'><figure class='gallery-item col col-auto'>\r\n                        <div class='gallery-icon landscape czr-gallery-icon'>\r\n                              <a href=https:\/\/fundhas.org.br\/portfolio\/portfolio2022\/inicio\/cultura-maker\/attachment\/3918\/ class=\"bg-link\"><\/a><img loading=\"lazy\" decoding=\"async\" width=\"150\" height=\"150\" src=\"https:\/\/fundhas.org.br\/portfolio\/portfolio2022\/wp-content\/uploads\/2022\/11\/SEBRAE01-150x150.jpg\" class=\"attachment-thumbnail size-thumbnail no-lazy\" alt=\"\" sizes=\"auto, (min-width: 1200px) 350px, (min-width: 992px) 290px, (min-width: 768px) 210px, (min-width: 576px) 150px, calc( 50vw - 30px )\" srcset=\"https:\/\/fundhas.org.br\/portfolio\/portfolio2022\/wp-content\/uploads\/2022\/11\/SEBRAE01-150x150.jpg 150w, https:\/\/fundhas.org.br\/portfolio\/portfolio2022\/wp-content\/uploads\/2022\/11\/SEBRAE01-510x510.jpg 510w\" \/><div class=\"post-action btn btn-skin-dark-shaded inverted\"><a href=\"https:\/\/fundhas.org.br\/portfolio\/portfolio2022\/wp-content\/uploads\/2022\/11\/SEBRAE01.jpg\" class=\"icn-expand\" data-lb-type=\"grouped-gallery\"><\/a><\/div>\r\n                        <\/div><\/figure><figure class='gallery-item col col-auto'>\r\n                        <div class='gallery-icon landscape czr-gallery-icon'>\r\n                              <a href=https:\/\/fundhas.org.br\/portfolio\/portfolio2022\/inicio\/cultura-maker\/attachment\/3907\/ class=\"bg-link\"><\/a><img loading=\"lazy\" decoding=\"async\" width=\"150\" height=\"150\" src=\"https:\/\/fundhas.org.br\/portfolio\/portfolio2022\/wp-content\/uploads\/2022\/11\/SEBRAE07-150x150.jpeg\" class=\"attachment-thumbnail size-thumbnail no-lazy\" alt=\"\" sizes=\"auto, (min-width: 1200px) 350px, (min-width: 992px) 290px, (min-width: 768px) 210px, (min-width: 576px) 150px, calc( 50vw - 30px )\" srcset=\"https:\/\/fundhas.org.br\/portfolio\/portfolio2022\/wp-content\/uploads\/2022\/11\/SEBRAE07-150x150.jpeg 150w, https:\/\/fundhas.org.br\/portfolio\/portfolio2022\/wp-content\/uploads\/2022\/11\/SEBRAE07-510x510.jpeg 510w\" \/><div class=\"post-action btn btn-skin-dark-shaded inverted\"><a href=\"https:\/\/fundhas.org.br\/portfolio\/portfolio2022\/wp-content\/uploads\/2022\/11\/SEBRAE07.jpeg\" class=\"icn-expand\" data-lb-type=\"grouped-gallery\"><\/a><\/div>\r\n                        <\/div><\/figure><figure class='gallery-item col col-auto'>\r\n                        <div class='gallery-icon landscape czr-gallery-icon'>\r\n                              <a href=https:\/\/fundhas.org.br\/portfolio\/portfolio2022\/inicio\/cultura-maker\/attachment\/3910\/ class=\"bg-link\"><\/a><img loading=\"lazy\" decoding=\"async\" width=\"150\" height=\"150\" src=\"https:\/\/fundhas.org.br\/portfolio\/portfolio2022\/wp-content\/uploads\/2022\/11\/SEBRAE05-150x150.jpg\" class=\"attachment-thumbnail size-thumbnail no-lazy\" alt=\"\" sizes=\"auto, (min-width: 1200px) 350px, (min-width: 992px) 290px, (min-width: 768px) 210px, (min-width: 576px) 150px, calc( 50vw - 30px )\" srcset=\"https:\/\/fundhas.org.br\/portfolio\/portfolio2022\/wp-content\/uploads\/2022\/11\/SEBRAE05-150x150.jpg 150w, https:\/\/fundhas.org.br\/portfolio\/portfolio2022\/wp-content\/uploads\/2022\/11\/SEBRAE05-510x510.jpg 510w\" \/><div class=\"post-action btn btn-skin-dark-shaded inverted\"><a href=\"https:\/\/fundhas.org.br\/portfolio\/portfolio2022\/wp-content\/uploads\/2022\/11\/SEBRAE05.jpg\" class=\"icn-expand\" data-lb-type=\"grouped-gallery\"><\/a><\/div>\r\n                        <\/div><\/figure><figure class='gallery-item col col-auto'>\r\n                        <div class='gallery-icon landscape czr-gallery-icon'>\r\n                              <a href=https:\/\/fundhas.org.br\/portfolio\/portfolio2022\/inicio\/cultura-maker\/attachment\/3906\/ class=\"bg-link\"><\/a><img loading=\"lazy\" decoding=\"async\" width=\"150\" height=\"150\" src=\"https:\/\/fundhas.org.br\/portfolio\/portfolio2022\/wp-content\/uploads\/2022\/11\/SEBRAE08-150x150.jpeg\" class=\"attachment-thumbnail size-thumbnail no-lazy\" alt=\"\" sizes=\"auto, (min-width: 1200px) 350px, (min-width: 992px) 290px, (min-width: 768px) 210px, (min-width: 576px) 150px, calc( 50vw - 30px )\" srcset=\"https:\/\/fundhas.org.br\/portfolio\/portfolio2022\/wp-content\/uploads\/2022\/11\/SEBRAE08-150x150.jpeg 150w, https:\/\/fundhas.org.br\/portfolio\/portfolio2022\/wp-content\/uploads\/2022\/11\/SEBRAE08-510x510.jpeg 510w\" \/><div class=\"post-action btn btn-skin-dark-shaded inverted\"><a href=\"https:\/\/fundhas.org.br\/portfolio\/portfolio2022\/wp-content\/uploads\/2022\/11\/SEBRAE08.jpeg\" class=\"icn-expand\" data-lb-type=\"grouped-gallery\"><\/a><\/div>\r\n                        <\/div><\/figure><figure class='gallery-item col col-auto'>\r\n                        <div class='gallery-icon landscape czr-gallery-icon'>\r\n                              <a href=https:\/\/fundhas.org.br\/portfolio\/portfolio2022\/inicio\/cultura-maker\/attachment\/3917\/ class=\"bg-link\"><\/a><img loading=\"lazy\" decoding=\"async\" width=\"150\" height=\"150\" src=\"https:\/\/fundhas.org.br\/portfolio\/portfolio2022\/wp-content\/uploads\/2022\/11\/SEBRAE02-150x150.jpg\" class=\"attachment-thumbnail size-thumbnail no-lazy\" alt=\"\" sizes=\"auto, (min-width: 1200px) 350px, (min-width: 992px) 290px, (min-width: 768px) 210px, (min-width: 576px) 150px, calc( 50vw - 30px )\" srcset=\"https:\/\/fundhas.org.br\/portfolio\/portfolio2022\/wp-content\/uploads\/2022\/11\/SEBRAE02-150x150.jpg 150w, https:\/\/fundhas.org.br\/portfolio\/portfolio2022\/wp-content\/uploads\/2022\/11\/SEBRAE02-510x510.jpg 510w\" \/><div class=\"post-action btn btn-skin-dark-shaded inverted\"><a href=\"https:\/\/fundhas.org.br\/portfolio\/portfolio2022\/wp-content\/uploads\/2022\/11\/SEBRAE02.jpg\" class=\"icn-expand\" data-lb-type=\"grouped-gallery\"><\/a><\/div>\r\n                        <\/div><\/figure><figure class='gallery-item col col-auto'>\r\n                        <div class='gallery-icon landscape czr-gallery-icon'>\r\n                              <a href=https:\/\/fundhas.org.br\/portfolio\/portfolio2022\/inicio\/cultura-maker\/attachment\/3912\/ class=\"bg-link\"><\/a><img loading=\"lazy\" decoding=\"async\" width=\"150\" height=\"150\" src=\"https:\/\/fundhas.org.br\/portfolio\/portfolio2022\/wp-content\/uploads\/2022\/11\/SEBRAE04-150x150.jpg\" class=\"attachment-thumbnail size-thumbnail no-lazy\" alt=\"\" sizes=\"auto, (min-width: 1200px) 350px, (min-width: 992px) 290px, (min-width: 768px) 210px, (min-width: 576px) 150px, calc( 50vw - 30px )\" srcset=\"https:\/\/fundhas.org.br\/portfolio\/portfolio2022\/wp-content\/uploads\/2022\/11\/SEBRAE04-150x150.jpg 150w, https:\/\/fundhas.org.br\/portfolio\/portfolio2022\/wp-content\/uploads\/2022\/11\/SEBRAE04-510x510.jpg 510w\" \/><div class=\"post-action btn btn-skin-dark-shaded inverted\"><a href=\"https:\/\/fundhas.org.br\/portfolio\/portfolio2022\/wp-content\/uploads\/2022\/11\/SEBRAE04.jpg\" class=\"icn-expand\" data-lb-type=\"grouped-gallery\"><\/a><\/div>\r\n                        <\/div><\/figure><figure class='gallery-item col col-auto'>\r\n                        <div class='gallery-icon landscape czr-gallery-icon'>\r\n                              <a href=https:\/\/fundhas.org.br\/portfolio\/portfolio2022\/inicio\/cultura-maker\/attachment\/3908\/ class=\"bg-link\"><\/a><img loading=\"lazy\" decoding=\"async\" width=\"150\" height=\"150\" src=\"https:\/\/fundhas.org.br\/portfolio\/portfolio2022\/wp-content\/uploads\/2022\/11\/SEBRAE06-150x150.jpeg\" class=\"attachment-thumbnail size-thumbnail no-lazy\" alt=\"\" sizes=\"auto, (min-width: 1200px) 350px, (min-width: 992px) 290px, (min-width: 768px) 210px, (min-width: 576px) 150px, calc( 50vw - 30px )\" srcset=\"https:\/\/fundhas.org.br\/portfolio\/portfolio2022\/wp-content\/uploads\/2022\/11\/SEBRAE06-150x150.jpeg 150w, https:\/\/fundhas.org.br\/portfolio\/portfolio2022\/wp-content\/uploads\/2022\/11\/SEBRAE06-510x510.jpeg 510w\" \/><div class=\"post-action btn btn-skin-dark-shaded inverted\"><a href=\"https:\/\/fundhas.org.br\/portfolio\/portfolio2022\/wp-content\/uploads\/2022\/11\/SEBRAE06.jpeg\" class=\"icn-expand\" data-lb-type=\"grouped-gallery\"><\/a><\/div>\r\n                        <\/div><\/figure><figure class='gallery-item col col-auto'>\r\n                        <div class='gallery-icon landscape czr-gallery-icon'>\r\n                              <a href=https:\/\/fundhas.org.br\/portfolio\/portfolio2022\/inicio\/cultura-maker\/attachment\/3914\/ class=\"bg-link\"><\/a><img loading=\"lazy\" decoding=\"async\" width=\"150\" height=\"150\" src=\"https:\/\/fundhas.org.br\/portfolio\/portfolio2022\/wp-content\/uploads\/2022\/11\/SEBRAE03-150x150.jpg\" class=\"attachment-thumbnail size-thumbnail no-lazy\" alt=\"\" sizes=\"auto, (min-width: 1200px) 350px, (min-width: 992px) 290px, (min-width: 768px) 210px, (min-width: 576px) 150px, calc( 50vw - 30px )\" srcset=\"https:\/\/fundhas.org.br\/portfolio\/portfolio2022\/wp-content\/uploads\/2022\/11\/SEBRAE03-150x150.jpg 150w, https:\/\/fundhas.org.br\/portfolio\/portfolio2022\/wp-content\/uploads\/2022\/11\/SEBRAE03-510x510.jpg 510w\" \/><div class=\"post-action btn btn-skin-dark-shaded inverted\"><a href=\"https:\/\/fundhas.org.br\/portfolio\/portfolio2022\/wp-content\/uploads\/2022\/11\/SEBRAE03.jpg\" class=\"icn-expand\" data-lb-type=\"grouped-gallery\"><\/a><\/div>\r\n                        <\/div><\/figure><figure class='gallery-item col col-auto'>\r\n                        <div class='gallery-icon landscape czr-gallery-icon'>\r\n                              <a href=https:\/\/fundhas.org.br\/portfolio\/portfolio2022\/inicio\/cultura-maker\/attachment\/3905\/ class=\"bg-link\"><\/a><img loading=\"lazy\" decoding=\"async\" width=\"150\" height=\"150\" src=\"https:\/\/fundhas.org.br\/portfolio\/portfolio2022\/wp-content\/uploads\/2022\/11\/SEBRAE09-150x150.jpeg\" class=\"attachment-thumbnail size-thumbnail no-lazy\" alt=\"\" sizes=\"auto, (min-width: 1200px) 350px, (min-width: 992px) 290px, (min-width: 768px) 210px, (min-width: 576px) 150px, calc( 50vw - 30px )\" srcset=\"https:\/\/fundhas.org.br\/portfolio\/portfolio2022\/wp-content\/uploads\/2022\/11\/SEBRAE09-150x150.jpeg 150w, https:\/\/fundhas.org.br\/portfolio\/portfolio2022\/wp-content\/uploads\/2022\/11\/SEBRAE09-510x510.jpeg 510w\" \/><div class=\"post-action btn btn-skin-dark-shaded inverted\"><a href=\"https:\/\/fundhas.org.br\/portfolio\/portfolio2022\/wp-content\/uploads\/2022\/11\/SEBRAE09.jpeg\" class=\"icn-expand\" data-lb-type=\"grouped-gallery\"><\/a><\/div>\r\n                        <\/div><\/figure>\r\n                  <\/div>\n","protected":false},"excerpt":{"rendered":"<p>Tema: SEBRAE Descri\u00e7\u00e3o Mais de 60 alunos do CEPHAS(Col\u00e9gio de Educa\u00e7\u00e3o Profissional H\u00e9lio Augusto de Souza) participaram da palestra junto ao CDTCC \u2013 Centro de Desenvolvimento Tecnol\u00f3gico da Constru\u00e7\u00e3o Civil &#8211; movimento tecnol\u00f3gico da constru\u00e7\u00e3o civil, retribui com a forma\u00e7\u00e3o acad\u00eamica e melhor prepara\u00e7\u00e3o para o mercado de trabalho dos alunos do curso t\u00e9cnico em [&hellip;]<\/p>\n","protected":false},"author":5,"featured_media":0,"parent":36,"menu_order":1,"comment_status":"closed","ping_status":"closed","template":"","meta":{"footnotes":""},"class_list":["post-2659","page","type-page","status-publish","czr-hentry"],"_links":{"self":[{"href":"https:\/\/fundhas.org.br\/portfolio\/portfolio2022\/wp-json\/wp\/v2\/pages\/2659","targetHints":{"allow":["GET"]}}],"collection":[{"href":"https:\/\/fundhas.org.br\/portfolio\/portfolio2022\/wp-json\/wp\/v2\/pages"}],"about":[{"href":"https:\/\/fundhas.org.br\/portfolio\/portfolio2022\/wp-json\/wp\/v2\/types\/page"}],"author":[{"embeddable":true,"href":"https:\/\/fundhas.org.br\/portfolio\/portfolio2022\/wp-json\/wp\/v2\/users\/5"}],"replies":[{"embeddable":true,"href":"https:\/\/fundhas.org.br\/portfolio\/portfolio2022\/wp-json\/wp\/v2\/comments?post=2659"}],"version-history":[{"count":9,"href":"https:\/\/fundhas.org.br\/portfolio\/portfolio2022\/wp-json\/wp\/v2\/pages\/2659\/revisions"}],"predecessor-version":[{"id":2662,"href":"https:\/\/fundhas.org.br\/portfolio\/portfolio2022\/wp-json\/wp\/v2\/pages\/2659\/revisions\/2662"}],"up":[{"embeddable":true,"href":"https:\/\/fundhas.org.br\/portfolio\/portfolio2022\/wp-json\/wp\/v2\/pages\/36"}],"wp:attachment":[{"href":"https:\/\/fundhas.org.br\/portfolio\/portfolio2022\/wp-json\/wp\/v2\/media?parent=2659"}],"curies":[{"name":"wp","href":"https:\/\/api.w.org\/{rel}","templated":true}]}}