{"id":970,"date":"2021-11-17T14:22:48","date_gmt":"2021-11-17T17:22:48","guid":{"rendered":"https:\/\/fundhas.org.br\/portfolio\/2021\/?page_id=970"},"modified":"2021-11-29T10:44:42","modified_gmt":"2021-11-29T13:44:42","slug":"cultura-de-paz","status":"publish","type":"page","link":"https:\/\/fundhas.org.br\/portfolio\/portfolio2021\/inicio\/cultura-da-paz\/cultura-de-paz\/","title":{"rendered":"Paz e Confian\u00e7a\/ Dia internacional da Paz"},"content":{"rendered":"<p><b><i>Tema Abordado: Paz e Confian\u00e7a\/ Dia internacional da Paz<\/i><\/b><\/p>\n<h4><span style=\"color: #00aeef;\">Descri\u00e7\u00e3o<\/span><\/h4>\n<p style=\"text-align: justify;\">Oferecer \u00e0s crian\u00e7as e aos adolescentes a oportunidade de expressarem imagens singulares da Cultura da Paz, estimulando as emo\u00e7\u00f5es, o entendimento dos sentimentos envolvidos, compartilhando suas vis\u00f5es com o mundo. Ampliando a Cultura de Paz, buscando respostas efetivas frente \u00e0s situa\u00e7\u00f5es de conflitos e viol\u00eancia no \u00e2mbito das escolas e da Comunidade.<\/p>\n<p style=\"text-align: justify;\">A participa\u00e7\u00e3o anual no concurso Cartaz sobre a Paz faz parte de uma parceria entre a FUNDHAS e o Lions Clube S\u00e3o Jos\u00e9 dos Campos Augustin Soliva. Essa parceria visa desenvolver, atrav\u00e9s do Programa Lions Quest as Habilidades da Aprendizagem Socioemocional (ASE). J\u00e1 o concurso Reda\u00e7\u00e3o sobre a Paz tem por objetivo \u201ctrazer a paz ao mundo por meio das crian\u00e7as\u201d. No ano de 2021 o tema mundial proposto \u00e9 \u201cEstamos todos Conectados\u201d, que foi trabalhado em a\u00e7\u00f5es pedag\u00f3gicas variadas, descrita em plano de trabalho e desenvolvidos pelos professores e a\u00e7\u00f5es com foco na Cultura de Paz culminando em atividades variadas internas e externas \u00e0 sala de aula e desenvolvidas interdisciplinarmente com apoio de personagens do cotidiano e parceiros.<\/p>\n<p style=\"text-align: justify;\">Neste ano, realizamos tamb\u00e9m o Passeio Cicl\u00edstico em comemora\u00e7\u00e3o ao Dia Internacional da Paz, com objetivo de consolidar a import\u00e2ncia da Cultura de Paz entre os alunos do Centro de Inova\u00e7\u00e3o e Inicia\u00e7\u00e3o Profissional da FUNDHAS, incentivando tamb\u00e9m o uso da bicicleta como meio de transporte ecologicamente correto. Anterior ao passeio houve uma din\u00e2mica do UBUNTU, com a\u00e7\u00f5es preparat\u00f3rias e p\u00f3s passeio, foram realizadas atividades, como bingo para Paz e atividades coletivas que refor\u00e7aram a import\u00e2ncia da tem\u00e1tica e na vida cotidiana para o conv\u00edvio saud\u00e1vel em sociedade.<i><\/i><\/p>\n<h4><span style=\"color: #00aeef;\">Galeria de Imagens<\/span><\/h4>\n<div id='gallery-1' class='czr-gallery row flex-row czr-gallery-style gallery galleryid-970 gallery-columns-3 gallery-size-thumbnail'><figure class='gallery-item col col-auto'>\r\n                        <div class='gallery-icon landscape czr-gallery-icon'>\r\n                              <a data-lb-type=\"grouped-gallery\" href=https:\/\/fundhas.org.br\/portfolio\/portfolio2021\/wp-content\/uploads\/2021\/11\/CPAZ-CDA.jpg class=\"bg-link\"><\/a><img loading=\"lazy\" decoding=\"async\" width=\"150\" height=\"150\" src=\"https:\/\/fundhas.org.br\/portfolio\/portfolio2021\/wp-content\/uploads\/2021\/11\/CPAZ-CDA-150x150.jpg\" class=\"attachment-thumbnail size-thumbnail no-lazy\" alt=\"\" sizes=\"auto, (min-width: 1200px) 350px, (min-width: 992px) 290px, (min-width: 768px) 210px, (min-width: 576px) 150px, calc( 50vw - 30px )\" srcset=\"https:\/\/fundhas.org.br\/portfolio\/portfolio2021\/wp-content\/uploads\/2021\/11\/CPAZ-CDA-150x150.jpg 150w, https:\/\/fundhas.org.br\/portfolio\/portfolio2021\/wp-content\/uploads\/2021\/11\/CPAZ-CDA-510x510.jpg 510w\" \/>\r\n                        <\/div><\/figure><figure class='gallery-item col col-auto'>\r\n                        <div class='gallery-icon landscape czr-gallery-icon'>\r\n                              <a data-lb-type=\"grouped-gallery\" href=https:\/\/fundhas.org.br\/portfolio\/portfolio2021\/wp-content\/uploads\/2021\/11\/CPAZ-ARNOLDO.jpg class=\"bg-link\"><\/a><img loading=\"lazy\" decoding=\"async\" width=\"150\" height=\"150\" src=\"https:\/\/fundhas.org.br\/portfolio\/portfolio2021\/wp-content\/uploads\/2021\/11\/CPAZ-ARNOLDO-150x150.jpg\" class=\"attachment-thumbnail size-thumbnail no-lazy\" alt=\"\" sizes=\"auto, (min-width: 1200px) 350px, (min-width: 992px) 290px, (min-width: 768px) 210px, (min-width: 576px) 150px, calc( 50vw - 30px )\" srcset=\"https:\/\/fundhas.org.br\/portfolio\/portfolio2021\/wp-content\/uploads\/2021\/11\/CPAZ-ARNOLDO-150x150.jpg 150w, https:\/\/fundhas.org.br\/portfolio\/portfolio2021\/wp-content\/uploads\/2021\/11\/CPAZ-ARNOLDO-510x510.jpg 510w\" \/>\r\n                        <\/div><\/figure><figure class='gallery-item col col-auto'>\r\n                        <div class='gallery-icon landscape czr-gallery-icon'>\r\n                              <a data-lb-type=\"grouped-gallery\" href=https:\/\/fundhas.org.br\/portfolio\/portfolio2021\/wp-content\/uploads\/2021\/11\/CPAZ-SEDE.jpg class=\"bg-link\"><\/a><img loading=\"lazy\" decoding=\"async\" width=\"150\" height=\"150\" src=\"https:\/\/fundhas.org.br\/portfolio\/portfolio2021\/wp-content\/uploads\/2021\/11\/CPAZ-SEDE-150x150.jpg\" class=\"attachment-thumbnail size-thumbnail no-lazy\" alt=\"\" sizes=\"auto, (min-width: 1200px) 350px, (min-width: 992px) 290px, (min-width: 768px) 210px, (min-width: 576px) 150px, calc( 50vw - 30px )\" srcset=\"https:\/\/fundhas.org.br\/portfolio\/portfolio2021\/wp-content\/uploads\/2021\/11\/CPAZ-SEDE-150x150.jpg 150w, https:\/\/fundhas.org.br\/portfolio\/portfolio2021\/wp-content\/uploads\/2021\/11\/CPAZ-SEDE-510x510.jpg 510w\" \/>\r\n                        <\/div><\/figure><figure class='gallery-item col col-auto'>\r\n                        <div class='gallery-icon portrait czr-gallery-icon'>\r\n                              <a data-lb-type=\"grouped-gallery\" href=https:\/\/fundhas.org.br\/portfolio\/portfolio2021\/wp-content\/uploads\/2021\/11\/CPAZ-PETRO-scaled.jpg class=\"bg-link\"><\/a><img loading=\"lazy\" decoding=\"async\" width=\"150\" height=\"150\" src=\"https:\/\/fundhas.org.br\/portfolio\/portfolio2021\/wp-content\/uploads\/2021\/11\/CPAZ-PETRO-150x150.jpg\" class=\"attachment-thumbnail size-thumbnail no-lazy\" alt=\"\" sizes=\"auto, (min-width: 1200px) 350px, (min-width: 992px) 290px, (min-width: 768px) 210px, (min-width: 576px) 150px, calc( 50vw - 30px )\" srcset=\"https:\/\/fundhas.org.br\/portfolio\/portfolio2021\/wp-content\/uploads\/2021\/11\/CPAZ-PETRO-150x150.jpg 150w, https:\/\/fundhas.org.br\/portfolio\/portfolio2021\/wp-content\/uploads\/2021\/11\/CPAZ-PETRO-510x510.jpg 510w\" \/>\r\n                        <\/div><\/figure><figure class='gallery-item col col-auto'>\r\n                        <div class='gallery-icon landscape czr-gallery-icon'>\r\n                              <a data-lb-type=\"grouped-gallery\" href=https:\/\/fundhas.org.br\/portfolio\/portfolio2021\/wp-content\/uploads\/2021\/11\/CPAZ-LESTE-scaled.jpg class=\"bg-link\"><\/a><img loading=\"lazy\" decoding=\"async\" width=\"150\" height=\"150\" src=\"https:\/\/fundhas.org.br\/portfolio\/portfolio2021\/wp-content\/uploads\/2021\/11\/CPAZ-LESTE-150x150.jpg\" class=\"attachment-thumbnail size-thumbnail no-lazy\" alt=\"\" sizes=\"auto, (min-width: 1200px) 350px, (min-width: 992px) 290px, (min-width: 768px) 210px, (min-width: 576px) 150px, calc( 50vw - 30px )\" srcset=\"https:\/\/fundhas.org.br\/portfolio\/portfolio2021\/wp-content\/uploads\/2021\/11\/CPAZ-LESTE-150x150.jpg 150w, https:\/\/fundhas.org.br\/portfolio\/portfolio2021\/wp-content\/uploads\/2021\/11\/CPAZ-LESTE-510x510.jpg 510w\" \/>\r\n                        <\/div><\/figure><figure class='gallery-item col col-auto'>\r\n                        <div class='gallery-icon landscape czr-gallery-icon'>\r\n                              <a data-lb-type=\"grouped-gallery\" href=https:\/\/fundhas.org.br\/portfolio\/portfolio2021\/wp-content\/uploads\/2021\/11\/CPAZ-KARLA-PRYSCILA-scaled.jpg class=\"bg-link\"><\/a><img loading=\"lazy\" decoding=\"async\" width=\"150\" height=\"150\" src=\"https:\/\/fundhas.org.br\/portfolio\/portfolio2021\/wp-content\/uploads\/2021\/11\/CPAZ-KARLA-PRYSCILA-150x150.jpg\" class=\"attachment-thumbnail size-thumbnail no-lazy\" alt=\"\" sizes=\"auto, (min-width: 1200px) 350px, (min-width: 992px) 290px, (min-width: 768px) 210px, (min-width: 576px) 150px, calc( 50vw - 30px )\" srcset=\"https:\/\/fundhas.org.br\/portfolio\/portfolio2021\/wp-content\/uploads\/2021\/11\/CPAZ-KARLA-PRYSCILA-150x150.jpg 150w, https:\/\/fundhas.org.br\/portfolio\/portfolio2021\/wp-content\/uploads\/2021\/11\/CPAZ-KARLA-PRYSCILA-510x510.jpg 510w\" \/>\r\n                        <\/div><\/figure><figure class='gallery-item col col-auto'>\r\n                        <div class='gallery-icon portrait czr-gallery-icon'>\r\n                              <a data-lb-type=\"grouped-gallery\" href=https:\/\/fundhas.org.br\/portfolio\/portfolio2021\/wp-content\/uploads\/2021\/11\/CPAZ-DOM-BOSCO-scaled.jpg class=\"bg-link\"><\/a><img loading=\"lazy\" decoding=\"async\" width=\"150\" height=\"150\" src=\"https:\/\/fundhas.org.br\/portfolio\/portfolio2021\/wp-content\/uploads\/2021\/11\/CPAZ-DOM-BOSCO-150x150.jpg\" class=\"attachment-thumbnail size-thumbnail no-lazy\" alt=\"\" sizes=\"auto, (min-width: 1200px) 350px, (min-width: 992px) 290px, (min-width: 768px) 210px, (min-width: 576px) 150px, calc( 50vw - 30px )\" srcset=\"https:\/\/fundhas.org.br\/portfolio\/portfolio2021\/wp-content\/uploads\/2021\/11\/CPAZ-DOM-BOSCO-150x150.jpg 150w, https:\/\/fundhas.org.br\/portfolio\/portfolio2021\/wp-content\/uploads\/2021\/11\/CPAZ-DOM-BOSCO-510x510.jpg 510w\" \/>\r\n                        <\/div><\/figure><figure class='gallery-item col col-auto'>\r\n                        <div class='gallery-icon portrait czr-gallery-icon'>\r\n                              <a data-lb-type=\"grouped-gallery\" href=https:\/\/fundhas.org.br\/portfolio\/portfolio2021\/wp-content\/uploads\/2021\/11\/CPAZ-EugeNio-de-Melo-scaled.jpg class=\"bg-link\"><\/a><img loading=\"lazy\" decoding=\"async\" width=\"150\" height=\"150\" src=\"https:\/\/fundhas.org.br\/portfolio\/portfolio2021\/wp-content\/uploads\/2021\/11\/CPAZ-EugeNio-de-Melo-150x150.jpg\" class=\"attachment-thumbnail size-thumbnail no-lazy\" alt=\"\" sizes=\"auto, (min-width: 1200px) 350px, (min-width: 992px) 290px, (min-width: 768px) 210px, (min-width: 576px) 150px, calc( 50vw - 30px )\" srcset=\"https:\/\/fundhas.org.br\/portfolio\/portfolio2021\/wp-content\/uploads\/2021\/11\/CPAZ-EugeNio-de-Melo-150x150.jpg 150w, https:\/\/fundhas.org.br\/portfolio\/portfolio2021\/wp-content\/uploads\/2021\/11\/CPAZ-EugeNio-de-Melo-510x510.jpg 510w\" \/>\r\n                        <\/div><\/figure><figure class='gallery-item col col-auto'>\r\n                        <div class='gallery-icon portrait czr-gallery-icon'>\r\n                              <a data-lb-type=\"grouped-gallery\" href=https:\/\/fundhas.org.br\/portfolio\/portfolio2021\/wp-content\/uploads\/2021\/11\/CPAZ-JORGE-ALEGRE.jpg class=\"bg-link\"><\/a><img loading=\"lazy\" decoding=\"async\" width=\"150\" height=\"150\" src=\"https:\/\/fundhas.org.br\/portfolio\/portfolio2021\/wp-content\/uploads\/2021\/11\/CPAZ-JORGE-ALEGRE-150x150.jpg\" class=\"attachment-thumbnail size-thumbnail no-lazy\" alt=\"\" sizes=\"auto, (min-width: 1200px) 350px, (min-width: 992px) 290px, (min-width: 768px) 210px, (min-width: 576px) 150px, calc( 50vw - 30px )\" srcset=\"https:\/\/fundhas.org.br\/portfolio\/portfolio2021\/wp-content\/uploads\/2021\/11\/CPAZ-JORGE-ALEGRE-150x150.jpg 150w, https:\/\/fundhas.org.br\/portfolio\/portfolio2021\/wp-content\/uploads\/2021\/11\/CPAZ-JORGE-ALEGRE-510x510.jpg 510w\" \/>\r\n                        <\/div><\/figure>\r\n                  <\/div>\n\n<p>&nbsp;<\/p>\n<h4><\/h4>\n","protected":false},"excerpt":{"rendered":"<p>Tema Abordado: Paz e Confian\u00e7a\/ Dia internacional da Paz Descri\u00e7\u00e3o Oferecer \u00e0s crian\u00e7as e aos adolescentes a oportunidade de expressarem imagens singulares da Cultura da Paz, estimulando as emo\u00e7\u00f5es, o entendimento dos sentimentos envolvidos, compartilhando suas vis\u00f5es com o mundo. Ampliando a Cultura de Paz, buscando respostas efetivas frente \u00e0s situa\u00e7\u00f5es de conflitos e viol\u00eancia [&hellip;]<\/p>\n","protected":false},"author":5,"featured_media":0,"parent":318,"menu_order":0,"comment_status":"closed","ping_status":"closed","template":"","meta":{"footnotes":""},"class_list":["post-970","page","type-page","status-publish","czr-hentry"],"_links":{"self":[{"href":"https:\/\/fundhas.org.br\/portfolio\/portfolio2021\/wp-json\/wp\/v2\/pages\/970","targetHints":{"allow":["GET"]}}],"collection":[{"href":"https:\/\/fundhas.org.br\/portfolio\/portfolio2021\/wp-json\/wp\/v2\/pages"}],"about":[{"href":"https:\/\/fundhas.org.br\/portfolio\/portfolio2021\/wp-json\/wp\/v2\/types\/page"}],"author":[{"embeddable":true,"href":"https:\/\/fundhas.org.br\/portfolio\/portfolio2021\/wp-json\/wp\/v2\/users\/5"}],"replies":[{"embeddable":true,"href":"https:\/\/fundhas.org.br\/portfolio\/portfolio2021\/wp-json\/wp\/v2\/comments?post=970"}],"version-history":[{"count":18,"href":"https:\/\/fundhas.org.br\/portfolio\/portfolio2021\/wp-json\/wp\/v2\/pages\/970\/revisions"}],"predecessor-version":[{"id":3074,"href":"https:\/\/fundhas.org.br\/portfolio\/portfolio2021\/wp-json\/wp\/v2\/pages\/970\/revisions\/3074"}],"up":[{"embeddable":true,"href":"https:\/\/fundhas.org.br\/portfolio\/portfolio2021\/wp-json\/wp\/v2\/pages\/318"}],"wp:attachment":[{"href":"https:\/\/fundhas.org.br\/portfolio\/portfolio2021\/wp-json\/wp\/v2\/media?parent=970"}],"curies":[{"name":"wp","href":"https:\/\/api.w.org\/{rel}","templated":true}]}}