{"id":406,"date":"2021-10-18T13:12:11","date_gmt":"2021-10-18T16:12:11","guid":{"rendered":"https:\/\/fundhas.org.br\/portfolio\/2021\/?page_id=406"},"modified":"2021-11-25T15:56:38","modified_gmt":"2021-11-25T18:56:38","slug":"robotica-e-sustentabilidade","status":"publish","type":"page","link":"https:\/\/fundhas.org.br\/portfolio\/portfolio2021\/inicio\/robotica-de-reciclagem\/robotica-e-sustentabilidade\/","title":{"rendered":"Rob\u00f3tica Sustent\u00e1vel de Reciclagem"},"content":{"rendered":"\r\n<h4 class=\"wp-block-heading\"><b><i>Tema: Ano Internacional da Economia Criativa.<\/i><\/b><\/h4>\r\n<h4><span style=\"color: #00aeef;\">Descri\u00e7\u00e3o<\/span><\/h4>\r\n<p style=\"text-align: justify;\"><span style=\"font-weight: 400;\">O projeto Rob\u00f3tica Sustent\u00e1vel de Reciclagem teve in\u00edcio em 2019, com a forma\u00e7\u00e3o dos educadores para o desenvolvimento da atividade de Rob\u00f3tica Sustent\u00e1vel de Reciclagem na Institui\u00e7\u00e3o, onde o projeto tinha como princ\u00edpio o ODS 04, \u201cque visa oportunidade de aprendizagem ao longo da vida, assegurar a educa\u00e7\u00e3o inclusiva, e equitativa e de qualidade, e promover oportunidades de aprendizagem ao longo da vida para todos. Como objetivo busca estimular a criatividade por meio da ludicidade e do aprimoramento do pensamento simb\u00f3lico, a criticidade quanto ao reuso de materiais variados, reutilizar e ressignificar seu espa\u00e7o, desenvolver a autoconfian\u00e7a e autonomia.<\/span><\/p>\r\n<p style=\"text-align: justify;\"><span style=\"font-weight: 400;\">Tendo como inten\u00e7\u00e3o educativa: o consumo consciente, a inova\u00e7\u00e3o, resolu\u00e7\u00e3o de problemas cotidianos por meio da reflex\u00e3o, da apropria\u00e7\u00e3o de novas ferramentas e da prototipa\u00e7\u00e3o; e tomadas de decis\u00f5es mais assertivas. Possibilitando a cria\u00e7\u00e3o e constru\u00e7\u00e3o de rob\u00f4s com pequenos funcionamentos e automa\u00e7\u00e3o.<\/span><\/p>\r\n<p style=\"text-align: justify;\"><span style=\"font-weight: 400;\">A Rob\u00f3tica Sustent\u00e1vel de Reciclagem, vai de encontro com um dos temas da UNESCO 2021, a Economia Criativa que busca por meio do desenvolvimento sustent\u00e1vel, criar, produzir e compartilhar as melhores pr\u00e1ticas e experi\u00eancias. Ressignificando a ocupa\u00e7\u00e3o do espa\u00e7o e a manuten\u00e7\u00e3o da vida saud\u00e1vel no planeta, de modo que as crian\u00e7as e adolescentes sejam capazes de argumentar, sugerir, levantar hip\u00f3teses, contribuir e viabilizar, por meio da troca de experi\u00eancias, trabalhando conceitos impl\u00edcitos de diversas \u00e1reas de conhecimento, de forma criativa, atrativa e divertida; com ferramentas que contribuem para aprender, organizar, pensar, comunicar, explorar o mundo, compartilhando o seu saber com os colegas, ensinando e aprendendo ainda mais com o chamado aprendizado entre pares; desenvolvendo assim responsabilidades baseadas em tem\u00e1ticas da vida real com cria\u00e7\u00f5es concretas, habilidades fundamentais para o s\u00e9culo XXI.<\/span><\/p>\r\n<p>&nbsp;<\/p>\r\n<h4><span style=\"color: #00aeef;\">Galeria de Imagens<\/span><\/h4>\r\n<div id='gallery-1' class='czr-gallery row flex-row czr-gallery-style gallery galleryid-406 gallery-columns-3 gallery-size-thumbnail'><figure class='gallery-item col col-auto'>\r\n                        <div class='gallery-icon landscape czr-gallery-icon'>\r\n                              <a data-lb-type=\"grouped-gallery\" href=https:\/\/fundhas.org.br\/portfolio\/portfolio2021\/wp-content\/uploads\/2021\/11\/robotica-b4c261b912bb.jpg class=\"bg-link\"><\/a><img loading=\"lazy\" decoding=\"async\" width=\"150\" height=\"150\" src=\"https:\/\/fundhas.org.br\/portfolio\/portfolio2021\/wp-content\/uploads\/2021\/11\/robotica-b4c261b912bb-150x150.jpg\" class=\"attachment-thumbnail size-thumbnail no-lazy\" alt=\"\" sizes=\"auto, (min-width: 1200px) 350px, (min-width: 992px) 290px, (min-width: 768px) 210px, (min-width: 576px) 150px, calc( 50vw - 30px )\" srcset=\"https:\/\/fundhas.org.br\/portfolio\/portfolio2021\/wp-content\/uploads\/2021\/11\/robotica-b4c261b912bb-150x150.jpg 150w, https:\/\/fundhas.org.br\/portfolio\/portfolio2021\/wp-content\/uploads\/2021\/11\/robotica-b4c261b912bb-510x510.jpg 510w\" \/>\r\n                        <\/div><\/figure><figure class='gallery-item col col-auto'>\r\n                        <div class='gallery-icon landscape czr-gallery-icon'>\r\n                              <a data-lb-type=\"grouped-gallery\" href=https:\/\/fundhas.org.br\/portfolio\/portfolio2021\/wp-content\/uploads\/2021\/11\/robotica-aa3f65acae80.jpg class=\"bg-link\"><\/a><img loading=\"lazy\" decoding=\"async\" width=\"150\" height=\"150\" src=\"https:\/\/fundhas.org.br\/portfolio\/portfolio2021\/wp-content\/uploads\/2021\/11\/robotica-aa3f65acae80-150x150.jpg\" class=\"attachment-thumbnail size-thumbnail no-lazy\" alt=\"\" sizes=\"auto, (min-width: 1200px) 350px, (min-width: 992px) 290px, (min-width: 768px) 210px, (min-width: 576px) 150px, calc( 50vw - 30px )\" srcset=\"https:\/\/fundhas.org.br\/portfolio\/portfolio2021\/wp-content\/uploads\/2021\/11\/robotica-aa3f65acae80-150x150.jpg 150w, https:\/\/fundhas.org.br\/portfolio\/portfolio2021\/wp-content\/uploads\/2021\/11\/robotica-aa3f65acae80-510x510.jpg 510w\" \/>\r\n                        <\/div><\/figure><figure class='gallery-item col col-auto'>\r\n                        <div class='gallery-icon landscape czr-gallery-icon'>\r\n                              <a data-lb-type=\"grouped-gallery\" href=https:\/\/fundhas.org.br\/portfolio\/portfolio2021\/wp-content\/uploads\/2021\/11\/robotica-20210908-WA0077.jpg class=\"bg-link\"><\/a><img loading=\"lazy\" decoding=\"async\" width=\"150\" height=\"150\" src=\"https:\/\/fundhas.org.br\/portfolio\/portfolio2021\/wp-content\/uploads\/2021\/11\/robotica-20210908-WA0077-150x150.jpg\" class=\"attachment-thumbnail size-thumbnail no-lazy\" alt=\"\" sizes=\"auto, (min-width: 1200px) 350px, (min-width: 992px) 290px, (min-width: 768px) 210px, (min-width: 576px) 150px, calc( 50vw - 30px )\" srcset=\"https:\/\/fundhas.org.br\/portfolio\/portfolio2021\/wp-content\/uploads\/2021\/11\/robotica-20210908-WA0077-150x150.jpg 150w, https:\/\/fundhas.org.br\/portfolio\/portfolio2021\/wp-content\/uploads\/2021\/11\/robotica-20210908-WA0077-510x510.jpg 510w\" \/>\r\n                        <\/div><\/figure><figure class='gallery-item col col-auto'>\r\n                        <div class='gallery-icon portrait czr-gallery-icon'>\r\n                              <a data-lb-type=\"grouped-gallery\" href=https:\/\/fundhas.org.br\/portfolio\/portfolio2021\/wp-content\/uploads\/2021\/11\/robotica-20210908-WA0057.jpg class=\"bg-link\"><\/a><img loading=\"lazy\" decoding=\"async\" width=\"150\" height=\"150\" src=\"https:\/\/fundhas.org.br\/portfolio\/portfolio2021\/wp-content\/uploads\/2021\/11\/robotica-20210908-WA0057-150x150.jpg\" class=\"attachment-thumbnail size-thumbnail no-lazy\" alt=\"\" sizes=\"auto, (min-width: 1200px) 350px, (min-width: 992px) 290px, (min-width: 768px) 210px, (min-width: 576px) 150px, calc( 50vw - 30px )\" srcset=\"https:\/\/fundhas.org.br\/portfolio\/portfolio2021\/wp-content\/uploads\/2021\/11\/robotica-20210908-WA0057-150x150.jpg 150w, https:\/\/fundhas.org.br\/portfolio\/portfolio2021\/wp-content\/uploads\/2021\/11\/robotica-20210908-WA0057-510x510.jpg 510w\" \/>\r\n                        <\/div><\/figure><figure class='gallery-item col col-auto'>\r\n                        <div class='gallery-icon landscape czr-gallery-icon'>\r\n                              <a data-lb-type=\"grouped-gallery\" href=https:\/\/fundhas.org.br\/portfolio\/portfolio2021\/wp-content\/uploads\/2021\/11\/robotica-20210908-WA0055.jpg class=\"bg-link\"><\/a><img loading=\"lazy\" decoding=\"async\" width=\"150\" height=\"150\" src=\"https:\/\/fundhas.org.br\/portfolio\/portfolio2021\/wp-content\/uploads\/2021\/11\/robotica-20210908-WA0055-150x150.jpg\" class=\"attachment-thumbnail size-thumbnail no-lazy\" alt=\"\" sizes=\"auto, (min-width: 1200px) 350px, (min-width: 992px) 290px, (min-width: 768px) 210px, (min-width: 576px) 150px, calc( 50vw - 30px )\" srcset=\"https:\/\/fundhas.org.br\/portfolio\/portfolio2021\/wp-content\/uploads\/2021\/11\/robotica-20210908-WA0055-150x150.jpg 150w, https:\/\/fundhas.org.br\/portfolio\/portfolio2021\/wp-content\/uploads\/2021\/11\/robotica-20210908-WA0055-510x510.jpg 510w\" \/>\r\n                        <\/div><\/figure><figure class='gallery-item col col-auto'>\r\n                        <div class='gallery-icon landscape czr-gallery-icon'>\r\n                              <a data-lb-type=\"grouped-gallery\" href=https:\/\/fundhas.org.br\/portfolio\/portfolio2021\/wp-content\/uploads\/2021\/11\/robotica-20210824_161255-scaled.jpg class=\"bg-link\"><\/a><img loading=\"lazy\" decoding=\"async\" width=\"150\" height=\"150\" src=\"https:\/\/fundhas.org.br\/portfolio\/portfolio2021\/wp-content\/uploads\/2021\/11\/robotica-20210824_161255-150x150.jpg\" class=\"attachment-thumbnail size-thumbnail no-lazy\" alt=\"\" sizes=\"auto, (min-width: 1200px) 350px, (min-width: 992px) 290px, (min-width: 768px) 210px, (min-width: 576px) 150px, calc( 50vw - 30px )\" srcset=\"https:\/\/fundhas.org.br\/portfolio\/portfolio2021\/wp-content\/uploads\/2021\/11\/robotica-20210824_161255-150x150.jpg 150w, https:\/\/fundhas.org.br\/portfolio\/portfolio2021\/wp-content\/uploads\/2021\/11\/robotica-20210824_161255-510x510.jpg 510w\" \/>\r\n                        <\/div><\/figure><figure class='gallery-item col col-auto'>\r\n                        <div class='gallery-icon landscape czr-gallery-icon'>\r\n                              <a data-lb-type=\"grouped-gallery\" href=https:\/\/fundhas.org.br\/portfolio\/portfolio2021\/wp-content\/uploads\/2021\/11\/robotica-86934f8c91c9.jpg class=\"bg-link\"><\/a><img loading=\"lazy\" decoding=\"async\" width=\"150\" height=\"150\" src=\"https:\/\/fundhas.org.br\/portfolio\/portfolio2021\/wp-content\/uploads\/2021\/11\/robotica-86934f8c91c9-150x150.jpg\" class=\"attachment-thumbnail size-thumbnail no-lazy\" alt=\"\" sizes=\"auto, (min-width: 1200px) 350px, (min-width: 992px) 290px, (min-width: 768px) 210px, (min-width: 576px) 150px, calc( 50vw - 30px )\" srcset=\"https:\/\/fundhas.org.br\/portfolio\/portfolio2021\/wp-content\/uploads\/2021\/11\/robotica-86934f8c91c9-150x150.jpg 150w, https:\/\/fundhas.org.br\/portfolio\/portfolio2021\/wp-content\/uploads\/2021\/11\/robotica-86934f8c91c9-510x510.jpg 510w\" \/>\r\n                        <\/div><\/figure><figure class='gallery-item col col-auto'>\r\n                        <div class='gallery-icon portrait czr-gallery-icon'>\r\n                              <a data-lb-type=\"grouped-gallery\" href=https:\/\/fundhas.org.br\/portfolio\/portfolio2021\/wp-content\/uploads\/2021\/11\/robotica-30f25b93b87c.jpg class=\"bg-link\"><\/a><img loading=\"lazy\" decoding=\"async\" width=\"150\" height=\"150\" src=\"https:\/\/fundhas.org.br\/portfolio\/portfolio2021\/wp-content\/uploads\/2021\/11\/robotica-30f25b93b87c-150x150.jpg\" class=\"attachment-thumbnail size-thumbnail no-lazy\" alt=\"\" sizes=\"auto, (min-width: 1200px) 350px, (min-width: 992px) 290px, (min-width: 768px) 210px, (min-width: 576px) 150px, calc( 50vw - 30px )\" srcset=\"https:\/\/fundhas.org.br\/portfolio\/portfolio2021\/wp-content\/uploads\/2021\/11\/robotica-30f25b93b87c-150x150.jpg 150w, https:\/\/fundhas.org.br\/portfolio\/portfolio2021\/wp-content\/uploads\/2021\/11\/robotica-30f25b93b87c-510x510.jpg 510w\" \/>\r\n                        <\/div><\/figure>\r\n                  <\/div>\n\r\n<p>&nbsp;<\/p>\r\n","protected":false},"excerpt":{"rendered":"<p>Tema: Ano Internacional da Economia Criativa. Descri\u00e7\u00e3o O projeto Rob\u00f3tica Sustent\u00e1vel de Reciclagem teve in\u00edcio em 2019, com a forma\u00e7\u00e3o dos educadores para o desenvolvimento da atividade de Rob\u00f3tica Sustent\u00e1vel de Reciclagem na Institui\u00e7\u00e3o, onde o projeto tinha como princ\u00edpio o ODS 04, \u201cque visa oportunidade de aprendizagem ao longo da vida, assegurar a educa\u00e7\u00e3o [&hellip;]<\/p>\n","protected":false},"author":4,"featured_media":0,"parent":306,"menu_order":0,"comment_status":"closed","ping_status":"closed","template":"","meta":{"footnotes":""},"class_list":["post-406","page","type-page","status-publish","czr-hentry"],"_links":{"self":[{"href":"https:\/\/fundhas.org.br\/portfolio\/portfolio2021\/wp-json\/wp\/v2\/pages\/406","targetHints":{"allow":["GET"]}}],"collection":[{"href":"https:\/\/fundhas.org.br\/portfolio\/portfolio2021\/wp-json\/wp\/v2\/pages"}],"about":[{"href":"https:\/\/fundhas.org.br\/portfolio\/portfolio2021\/wp-json\/wp\/v2\/types\/page"}],"author":[{"embeddable":true,"href":"https:\/\/fundhas.org.br\/portfolio\/portfolio2021\/wp-json\/wp\/v2\/users\/4"}],"replies":[{"embeddable":true,"href":"https:\/\/fundhas.org.br\/portfolio\/portfolio2021\/wp-json\/wp\/v2\/comments?post=406"}],"version-history":[{"count":14,"href":"https:\/\/fundhas.org.br\/portfolio\/portfolio2021\/wp-json\/wp\/v2\/pages\/406\/revisions"}],"predecessor-version":[{"id":3060,"href":"https:\/\/fundhas.org.br\/portfolio\/portfolio2021\/wp-json\/wp\/v2\/pages\/406\/revisions\/3060"}],"up":[{"embeddable":true,"href":"https:\/\/fundhas.org.br\/portfolio\/portfolio2021\/wp-json\/wp\/v2\/pages\/306"}],"wp:attachment":[{"href":"https:\/\/fundhas.org.br\/portfolio\/portfolio2021\/wp-json\/wp\/v2\/media?parent=406"}],"curies":[{"name":"wp","href":"https:\/\/api.w.org\/{rel}","templated":true}]}}