{"id":2635,"date":"2021-11-17T12:41:55","date_gmt":"2021-11-17T15:41:55","guid":{"rendered":"https:\/\/fundhas.org.br\/portfolio\/2021\/?page_id=2635"},"modified":"2021-11-25T15:49:22","modified_gmt":"2021-11-25T18:49:22","slug":"prevencao-trabalho-infantil","status":"publish","type":"page","link":"https:\/\/fundhas.org.br\/portfolio\/portfolio2021\/inicio\/cultura-da-paz\/prevencao-trabalho-infantil\/","title":{"rendered":"Preven\u00e7\u00e3o ao Trabalho Infantil"},"content":{"rendered":"<p><b><i>Tema: Ano Internacional da Erradica\u00e7\u00e3o do Trabalho infantil<\/i><\/b><\/p>\r\n<h4><span style=\"color: #00aeef;\">Descri\u00e7\u00e3o<\/span><\/h4>\r\n<div>\r\n<p style=\"text-align: justify;\">Em S\u00e3o Jos\u00e9 dos Campos, foi o Decreto n\u00b0 17.948 de 27 de agosto de 2018 cria a Comiss\u00e3o Municipal Intersetorial de A\u00e7\u00f5es Estrat\u00e9gicas do Programa de Erradica\u00e7\u00e3o do Trabalho Infantil e nomeia seus membros. Sendo, SASC, SEC, SEQV, SS, CT, FUNDHAS e DMDCA.<\/p>\r\n<p style=\"text-align: justify;\">Desde ent\u00e3o a FUNDHAS tem como proposta para preven\u00e7\u00e3o ao trabalho infantil, tais a\u00e7\u00f5es dividas por eixos, sendo eles: Informa\u00e7\u00e3o e Mobiliza\u00e7\u00e3o, Identifica\u00e7\u00e3o, Prote\u00e7\u00e3o Social, Defesa e Monitoramento.<\/p>\r\n<p style=\"text-align: justify;\">No momento formativo institucional, ocorrer\u00e3o encontros com as Assistentes Sociais e o representante do PETI na Institui\u00e7\u00e3o, contamos com a participa\u00e7\u00e3o de 89 profissionais, no formato on-line.<\/p>\r\n<p style=\"text-align: justify;\">A institui\u00e7\u00e3o, tem em seu estatuto, consonante com a Constitui\u00e7\u00e3o Federal, de 1988 e o Estatuto da Crian\u00e7a e do Adolescente &#8211; ECA, de 1990, que visa a garantia de direitos das crian\u00e7as e adolescentes para a erradica\u00e7\u00e3o do trabalho infantil, conforme segue:<br \/><br \/>\u201cArtigo 2 \u00ba:<\/p>\r\n<p style=\"text-align: justify;\">\u00a7VIII &#8211; desenvolver programas espec\u00edficos para o atendimento de crian\u00e7as em situa\u00e7\u00e3o de vulnerabilidade social, visando a elimina\u00e7\u00e3o do trabalho infantil e o resgate da identidade da inf\u00e2ncia, evitando que a crian\u00e7a, por falta de assist\u00eancia, possa optar pela perman\u00eancia nas ruas, em especial:<\/p>\r\n<p style=\"text-align: justify;\">a) programas de atendimento \u00e0 crian\u00e7a ser\u00e3o desenvolvidos diretamente nas regi\u00f5es das comunidades onde reside, favorecendo tamb\u00e9m o trabalho com a fam\u00edlia, garantindo espa\u00e7o e equipamentos adequados; <br \/>b) desenvolvimento de pr\u00e1ticas com \u00eanfase nas atividades l\u00fadicas, aprendizagem e participa\u00e7\u00e3o, proporcionando-lhes experi\u00eancias diversificadas que favore\u00e7am seu desenvolvimento nos aspectos f\u00edsico, intelectual, recreativo e social;<br \/>c) manuten\u00e7\u00e3o de programas de educa\u00e7\u00e3o complementar;\u201d<\/p>\r\n<p style=\"text-align: justify;\">Devido a essa premissa, em alus\u00e3o ao Dia Nacional e Mundial de Combate ao Trabalho Infantil (12 de Junho), as assistentes sociais das unidades da FUNDHAS realizaram atividades de sensibiliza\u00e7\u00e3o sobre o tema junto \u00e0s crian\u00e7as e adolescentes.<\/p>\r\n<p style=\"text-align: justify;\">As pr\u00f3prias a\u00e7\u00f5es da FUNDHAS s\u00e3o desenvolvidas com o intuito de desenvolver a crian\u00e7a e o adolescente, encaminhar para consist\u00eancia de um projeto de vida e levar o adolescente a delinear uma trajet\u00f3ria de inicia\u00e7\u00e3o profissional, empreendedorismo e\/ou incentivo \u00e0 dedica\u00e7\u00e3o e continuidade aos estudos.<\/p>\r\n<p><br \/><strong><span style=\"color: #00aeef;\">Galeria de Imagens<\/span><\/strong><\/p>\r\n<\/div>\r\n<div>\r\n<div id='gallery-1' class='czr-gallery row flex-row czr-gallery-style gallery galleryid-2635 gallery-columns-3 gallery-size-thumbnail'><figure class='gallery-item col col-auto'>\r\n                        <div class='gallery-icon landscape czr-gallery-icon'>\r\n                              <a href=https:\/\/fundhas.org.br\/portfolio\/portfolio2021\/inicio\/cultura-da-paz\/prevencao-trabalho-infantil\/peti-33213bd3467d\/ class=\"bg-link\"><\/a><img loading=\"lazy\" decoding=\"async\" width=\"150\" height=\"150\" src=\"https:\/\/fundhas.org.br\/portfolio\/portfolio2021\/wp-content\/uploads\/2021\/11\/PETI-33213bd3467d-150x150.jpg\" class=\"attachment-thumbnail size-thumbnail no-lazy\" alt=\"\" sizes=\"auto, (min-width: 1200px) 350px, (min-width: 992px) 290px, (min-width: 768px) 210px, (min-width: 576px) 150px, calc( 50vw - 30px )\" srcset=\"https:\/\/fundhas.org.br\/portfolio\/portfolio2021\/wp-content\/uploads\/2021\/11\/PETI-33213bd3467d-150x150.jpg 150w, https:\/\/fundhas.org.br\/portfolio\/portfolio2021\/wp-content\/uploads\/2021\/11\/PETI-33213bd3467d-510x510.jpg 510w\" \/><div class=\"post-action btn btn-skin-dark-shaded inverted\"><a href=\"https:\/\/fundhas.org.br\/portfolio\/portfolio2021\/wp-content\/uploads\/2021\/11\/PETI-33213bd3467d.jpg\" class=\"icn-expand\" data-lb-type=\"grouped-gallery\"><\/a><\/div>\r\n                        <\/div><\/figure><figure class='gallery-item col col-auto'>\r\n                        <div class='gallery-icon landscape czr-gallery-icon'>\r\n                              <a href=https:\/\/fundhas.org.br\/portfolio\/portfolio2021\/inicio\/cultura-da-paz\/prevencao-trabalho-infantil\/peti-98835c36af36\/ class=\"bg-link\"><\/a><img loading=\"lazy\" decoding=\"async\" width=\"150\" height=\"150\" src=\"https:\/\/fundhas.org.br\/portfolio\/portfolio2021\/wp-content\/uploads\/2021\/11\/PETI-98835c36af36-150x150.jpg\" class=\"attachment-thumbnail size-thumbnail no-lazy\" alt=\"\" sizes=\"auto, (min-width: 1200px) 350px, (min-width: 992px) 290px, (min-width: 768px) 210px, (min-width: 576px) 150px, calc( 50vw - 30px )\" srcset=\"https:\/\/fundhas.org.br\/portfolio\/portfolio2021\/wp-content\/uploads\/2021\/11\/PETI-98835c36af36-150x150.jpg 150w, https:\/\/fundhas.org.br\/portfolio\/portfolio2021\/wp-content\/uploads\/2021\/11\/PETI-98835c36af36-510x510.jpg 510w\" \/><div class=\"post-action btn btn-skin-dark-shaded inverted\"><a href=\"https:\/\/fundhas.org.br\/portfolio\/portfolio2021\/wp-content\/uploads\/2021\/11\/PETI-98835c36af36.jpg\" class=\"icn-expand\" data-lb-type=\"grouped-gallery\"><\/a><\/div>\r\n                        <\/div><\/figure><figure class='gallery-item col col-auto'>\r\n                        <div class='gallery-icon landscape czr-gallery-icon'>\r\n                              <a href=https:\/\/fundhas.org.br\/portfolio\/portfolio2021\/inicio\/cultura-da-paz\/prevencao-trabalho-infantil\/peti-img_1673\/ class=\"bg-link\"><\/a><img loading=\"lazy\" decoding=\"async\" width=\"150\" height=\"150\" src=\"https:\/\/fundhas.org.br\/portfolio\/portfolio2021\/wp-content\/uploads\/2021\/11\/PETI-IMG_1673-150x150.jpg\" class=\"attachment-thumbnail size-thumbnail no-lazy\" alt=\"\" sizes=\"auto, (min-width: 1200px) 350px, (min-width: 992px) 290px, (min-width: 768px) 210px, (min-width: 576px) 150px, calc( 50vw - 30px )\" srcset=\"https:\/\/fundhas.org.br\/portfolio\/portfolio2021\/wp-content\/uploads\/2021\/11\/PETI-IMG_1673-150x150.jpg 150w, https:\/\/fundhas.org.br\/portfolio\/portfolio2021\/wp-content\/uploads\/2021\/11\/PETI-IMG_1673-510x510.jpg 510w\" \/><div class=\"post-action btn btn-skin-dark-shaded inverted\"><a href=\"https:\/\/fundhas.org.br\/portfolio\/portfolio2021\/wp-content\/uploads\/2021\/11\/PETI-IMG_1673-scaled.jpg\" class=\"icn-expand\" data-lb-type=\"grouped-gallery\"><\/a><\/div>\r\n                        <\/div><\/figure><figure class='gallery-item col col-auto'>\r\n                        <div class='gallery-icon landscape czr-gallery-icon'>\r\n                              <a href=https:\/\/fundhas.org.br\/portfolio\/portfolio2021\/inicio\/cultura-da-paz\/prevencao-trabalho-infantil\/peti-img_9663\/ class=\"bg-link\"><\/a><img loading=\"lazy\" decoding=\"async\" width=\"150\" height=\"150\" src=\"https:\/\/fundhas.org.br\/portfolio\/portfolio2021\/wp-content\/uploads\/2021\/11\/PETI-IMG_9663-150x150.jpg\" class=\"attachment-thumbnail size-thumbnail no-lazy\" alt=\"\" sizes=\"auto, (min-width: 1200px) 350px, (min-width: 992px) 290px, (min-width: 768px) 210px, (min-width: 576px) 150px, calc( 50vw - 30px )\" srcset=\"https:\/\/fundhas.org.br\/portfolio\/portfolio2021\/wp-content\/uploads\/2021\/11\/PETI-IMG_9663-150x150.jpg 150w, https:\/\/fundhas.org.br\/portfolio\/portfolio2021\/wp-content\/uploads\/2021\/11\/PETI-IMG_9663-510x510.jpg 510w\" \/><div class=\"post-action btn btn-skin-dark-shaded inverted\"><a href=\"https:\/\/fundhas.org.br\/portfolio\/portfolio2021\/wp-content\/uploads\/2021\/11\/PETI-IMG_9663.jpg\" class=\"icn-expand\" data-lb-type=\"grouped-gallery\"><\/a><\/div>\r\n                        <\/div><\/figure><figure class='gallery-item col col-auto'>\r\n                        <div class='gallery-icon landscape czr-gallery-icon'>\r\n                              <a href=https:\/\/fundhas.org.br\/portfolio\/portfolio2021\/inicio\/cultura-da-paz\/prevencao-trabalho-infantil\/peti-img_9672\/ class=\"bg-link\"><\/a><img loading=\"lazy\" decoding=\"async\" width=\"150\" height=\"150\" src=\"https:\/\/fundhas.org.br\/portfolio\/portfolio2021\/wp-content\/uploads\/2021\/11\/PETI-IMG_9672-150x150.jpg\" class=\"attachment-thumbnail size-thumbnail no-lazy\" alt=\"\" sizes=\"auto, (min-width: 1200px) 350px, (min-width: 992px) 290px, (min-width: 768px) 210px, (min-width: 576px) 150px, calc( 50vw - 30px )\" srcset=\"https:\/\/fundhas.org.br\/portfolio\/portfolio2021\/wp-content\/uploads\/2021\/11\/PETI-IMG_9672-150x150.jpg 150w, https:\/\/fundhas.org.br\/portfolio\/portfolio2021\/wp-content\/uploads\/2021\/11\/PETI-IMG_9672-510x510.jpg 510w\" \/><div class=\"post-action btn btn-skin-dark-shaded inverted\"><a href=\"https:\/\/fundhas.org.br\/portfolio\/portfolio2021\/wp-content\/uploads\/2021\/11\/PETI-IMG_9672-scaled.jpg\" class=\"icn-expand\" data-lb-type=\"grouped-gallery\"><\/a><\/div>\r\n                        <\/div><\/figure><figure class='gallery-item col col-auto'>\r\n                        <div class='gallery-icon portrait czr-gallery-icon'>\r\n                              <a href=https:\/\/fundhas.org.br\/portfolio\/portfolio2021\/inicio\/cultura-da-paz\/prevencao-trabalho-infantil\/peti-img-20210611-w\/ class=\"bg-link\"><\/a><img loading=\"lazy\" decoding=\"async\" width=\"150\" height=\"150\" src=\"https:\/\/fundhas.org.br\/portfolio\/portfolio2021\/wp-content\/uploads\/2021\/11\/PETI-IMG-20210611-W-150x150.jpg\" class=\"attachment-thumbnail size-thumbnail no-lazy\" alt=\"\" sizes=\"auto, (min-width: 1200px) 350px, (min-width: 992px) 290px, (min-width: 768px) 210px, (min-width: 576px) 150px, calc( 50vw - 30px )\" srcset=\"https:\/\/fundhas.org.br\/portfolio\/portfolio2021\/wp-content\/uploads\/2021\/11\/PETI-IMG-20210611-W-150x150.jpg 150w, https:\/\/fundhas.org.br\/portfolio\/portfolio2021\/wp-content\/uploads\/2021\/11\/PETI-IMG-20210611-W-510x510.jpg 510w\" \/><div class=\"post-action btn btn-skin-dark-shaded inverted\"><a href=\"https:\/\/fundhas.org.br\/portfolio\/portfolio2021\/wp-content\/uploads\/2021\/11\/PETI-IMG-20210611-W.jpg\" class=\"icn-expand\" data-lb-type=\"grouped-gallery\"><\/a><\/div>\r\n                        <\/div><\/figure><figure class='gallery-item col col-auto'>\r\n                        <div class='gallery-icon portrait czr-gallery-icon'>\r\n                              <a href=https:\/\/fundhas.org.br\/portfolio\/portfolio2021\/inicio\/cultura-da-paz\/prevencao-trabalho-infantil\/peti-img-20210611-wa0004\/ class=\"bg-link\"><\/a><img loading=\"lazy\" decoding=\"async\" width=\"150\" height=\"150\" src=\"https:\/\/fundhas.org.br\/portfolio\/portfolio2021\/wp-content\/uploads\/2021\/11\/PETI-IMG-20210611-WA0004-150x150.jpg\" class=\"attachment-thumbnail size-thumbnail no-lazy\" alt=\"\" sizes=\"auto, (min-width: 1200px) 350px, (min-width: 992px) 290px, (min-width: 768px) 210px, (min-width: 576px) 150px, calc( 50vw - 30px )\" srcset=\"https:\/\/fundhas.org.br\/portfolio\/portfolio2021\/wp-content\/uploads\/2021\/11\/PETI-IMG-20210611-WA0004-150x150.jpg 150w, https:\/\/fundhas.org.br\/portfolio\/portfolio2021\/wp-content\/uploads\/2021\/11\/PETI-IMG-20210611-WA0004-510x510.jpg 510w\" \/><div class=\"post-action btn btn-skin-dark-shaded inverted\"><a href=\"https:\/\/fundhas.org.br\/portfolio\/portfolio2021\/wp-content\/uploads\/2021\/11\/PETI-IMG-20210611-WA0004.jpg\" class=\"icn-expand\" data-lb-type=\"grouped-gallery\"><\/a><\/div>\r\n                        <\/div><\/figure><figure class='gallery-item col col-auto'>\r\n                        <div class='gallery-icon landscape czr-gallery-icon'>\r\n                              <a href=https:\/\/fundhas.org.br\/portfolio\/portfolio2021\/inicio\/cultura-da-paz\/prevencao-trabalho-infantil\/peti-img-20210611-wa0007\/ class=\"bg-link\"><\/a><img loading=\"lazy\" decoding=\"async\" width=\"150\" height=\"150\" src=\"https:\/\/fundhas.org.br\/portfolio\/portfolio2021\/wp-content\/uploads\/2021\/11\/PETI-IMG-20210611-WA0007-150x150.jpg\" class=\"attachment-thumbnail size-thumbnail no-lazy\" alt=\"\" sizes=\"auto, (min-width: 1200px) 350px, (min-width: 992px) 290px, (min-width: 768px) 210px, (min-width: 576px) 150px, calc( 50vw - 30px )\" srcset=\"https:\/\/fundhas.org.br\/portfolio\/portfolio2021\/wp-content\/uploads\/2021\/11\/PETI-IMG-20210611-WA0007-150x150.jpg 150w, https:\/\/fundhas.org.br\/portfolio\/portfolio2021\/wp-content\/uploads\/2021\/11\/PETI-IMG-20210611-WA0007-510x510.jpg 510w\" \/><div class=\"post-action btn btn-skin-dark-shaded inverted\"><a href=\"https:\/\/fundhas.org.br\/portfolio\/portfolio2021\/wp-content\/uploads\/2021\/11\/PETI-IMG-20210611-WA0007.jpg\" class=\"icn-expand\" data-lb-type=\"grouped-gallery\"><\/a><\/div>\r\n                        <\/div><\/figure><figure class='gallery-item col col-auto'>\r\n                        <div class='gallery-icon landscape czr-gallery-icon'>\r\n                              <a href=https:\/\/fundhas.org.br\/portfolio\/portfolio2021\/inicio\/cultura-da-paz\/prevencao-trabalho-infantil\/peti-2021-05-17-at-10-11-12\/ class=\"bg-link\"><\/a><img loading=\"lazy\" decoding=\"async\" width=\"150\" height=\"150\" src=\"https:\/\/fundhas.org.br\/portfolio\/portfolio2021\/wp-content\/uploads\/2021\/11\/PETI-2021-05-17-at-10.11.12-150x150.jpeg\" class=\"attachment-thumbnail size-thumbnail no-lazy\" alt=\"\" sizes=\"auto, (min-width: 1200px) 350px, (min-width: 992px) 290px, (min-width: 768px) 210px, (min-width: 576px) 150px, calc( 50vw - 30px )\" srcset=\"https:\/\/fundhas.org.br\/portfolio\/portfolio2021\/wp-content\/uploads\/2021\/11\/PETI-2021-05-17-at-10.11.12-150x150.jpeg 150w, https:\/\/fundhas.org.br\/portfolio\/portfolio2021\/wp-content\/uploads\/2021\/11\/PETI-2021-05-17-at-10.11.12-510x510.jpeg 510w\" \/><div class=\"post-action btn btn-skin-dark-shaded inverted\"><a href=\"https:\/\/fundhas.org.br\/portfolio\/portfolio2021\/wp-content\/uploads\/2021\/11\/PETI-2021-05-17-at-10.11.12.jpeg\" class=\"icn-expand\" data-lb-type=\"grouped-gallery\"><\/a><\/div>\r\n                        <\/div><\/figure><figure class='gallery-item col col-auto'>\r\n                        <div class='gallery-icon landscape czr-gallery-icon'>\r\n                              <a href=https:\/\/fundhas.org.br\/portfolio\/portfolio2021\/inicio\/cultura-da-paz\/prevencao-trabalho-infantil\/peti-2021-05-12\/ class=\"bg-link\"><\/a><img loading=\"lazy\" decoding=\"async\" width=\"150\" height=\"150\" src=\"https:\/\/fundhas.org.br\/portfolio\/portfolio2021\/wp-content\/uploads\/2021\/11\/PETI-2021-05-12-150x150.jpeg\" class=\"attachment-thumbnail size-thumbnail no-lazy\" alt=\"\" sizes=\"auto, (min-width: 1200px) 350px, (min-width: 992px) 290px, (min-width: 768px) 210px, (min-width: 576px) 150px, calc( 50vw - 30px )\" srcset=\"https:\/\/fundhas.org.br\/portfolio\/portfolio2021\/wp-content\/uploads\/2021\/11\/PETI-2021-05-12-150x150.jpeg 150w, https:\/\/fundhas.org.br\/portfolio\/portfolio2021\/wp-content\/uploads\/2021\/11\/PETI-2021-05-12-510x510.jpeg 510w\" \/><div class=\"post-action btn btn-skin-dark-shaded inverted\"><a href=\"https:\/\/fundhas.org.br\/portfolio\/portfolio2021\/wp-content\/uploads\/2021\/11\/PETI-2021-05-12.jpeg\" class=\"icn-expand\" data-lb-type=\"grouped-gallery\"><\/a><\/div>\r\n                        <\/div><\/figure><figure class='gallery-item col col-auto'>\r\n                        <div class='gallery-icon landscape czr-gallery-icon'>\r\n                              <a href=https:\/\/fundhas.org.br\/portfolio\/portfolio2021\/inicio\/cultura-da-paz\/prevencao-trabalho-infantil\/peti-4cdc99c92bbd\/ class=\"bg-link\"><\/a><img loading=\"lazy\" decoding=\"async\" width=\"150\" height=\"150\" src=\"https:\/\/fundhas.org.br\/portfolio\/portfolio2021\/wp-content\/uploads\/2021\/11\/PETI-4cdc99c92bbd-150x150.jpg\" class=\"attachment-thumbnail size-thumbnail no-lazy\" alt=\"\" sizes=\"auto, (min-width: 1200px) 350px, (min-width: 992px) 290px, (min-width: 768px) 210px, (min-width: 576px) 150px, calc( 50vw - 30px )\" srcset=\"https:\/\/fundhas.org.br\/portfolio\/portfolio2021\/wp-content\/uploads\/2021\/11\/PETI-4cdc99c92bbd-150x150.jpg 150w, https:\/\/fundhas.org.br\/portfolio\/portfolio2021\/wp-content\/uploads\/2021\/11\/PETI-4cdc99c92bbd-510x510.jpg 510w\" \/><div class=\"post-action btn btn-skin-dark-shaded inverted\"><a href=\"https:\/\/fundhas.org.br\/portfolio\/portfolio2021\/wp-content\/uploads\/2021\/11\/PETI-4cdc99c92bbd.jpg\" class=\"icn-expand\" data-lb-type=\"grouped-gallery\"><\/a><\/div>\r\n                        <\/div><\/figure><figure class='gallery-item col col-auto'>\r\n                        <div class='gallery-icon landscape czr-gallery-icon'>\r\n                              <a href=https:\/\/fundhas.org.br\/portfolio\/portfolio2021\/inicio\/cultura-da-paz\/prevencao-trabalho-infantil\/peti-3f7c17da5c4b\/ class=\"bg-link\"><\/a><img loading=\"lazy\" decoding=\"async\" width=\"150\" height=\"150\" src=\"https:\/\/fundhas.org.br\/portfolio\/portfolio2021\/wp-content\/uploads\/2021\/11\/PETI-3f7c17da5c4b-150x150.jpg\" class=\"attachment-thumbnail size-thumbnail no-lazy\" alt=\"\" sizes=\"auto, (min-width: 1200px) 350px, (min-width: 992px) 290px, (min-width: 768px) 210px, (min-width: 576px) 150px, calc( 50vw - 30px )\" srcset=\"https:\/\/fundhas.org.br\/portfolio\/portfolio2021\/wp-content\/uploads\/2021\/11\/PETI-3f7c17da5c4b-150x150.jpg 150w, https:\/\/fundhas.org.br\/portfolio\/portfolio2021\/wp-content\/uploads\/2021\/11\/PETI-3f7c17da5c4b-510x510.jpg 510w\" \/><div class=\"post-action btn btn-skin-dark-shaded inverted\"><a href=\"https:\/\/fundhas.org.br\/portfolio\/portfolio2021\/wp-content\/uploads\/2021\/11\/PETI-3f7c17da5c4b.jpg\" class=\"icn-expand\" data-lb-type=\"grouped-gallery\"><\/a><\/div>\r\n                        <\/div><\/figure>\r\n                  <\/div>\n\r\n<\/div>\r\n<p><strong><!-- \/wp:post-content -->\r\n\r\n<!-- wp:gallery {\"ids\":[\"754\",\"759\",\"760\",\"761\",\"762\"],\"linkTo\":\"media\"} --><\/strong><\/p>","protected":false},"excerpt":{"rendered":"<p>Tema: Ano Internacional da Erradica\u00e7\u00e3o do Trabalho infantil Descri\u00e7\u00e3o Em S\u00e3o Jos\u00e9 dos Campos, foi o Decreto n\u00b0 17.948 de 27 de agosto de 2018 cria a Comiss\u00e3o Municipal Intersetorial de A\u00e7\u00f5es Estrat\u00e9gicas do Programa de Erradica\u00e7\u00e3o do Trabalho Infantil e nomeia seus membros. Sendo, SASC, SEC, SEQV, SS, CT, FUNDHAS e DMDCA. Desde ent\u00e3o [&hellip;]<\/p>\n","protected":false},"author":5,"featured_media":0,"parent":318,"menu_order":0,"comment_status":"closed","ping_status":"closed","template":"","meta":{"footnotes":""},"class_list":["post-2635","page","type-page","status-publish","czr-hentry"],"_links":{"self":[{"href":"https:\/\/fundhas.org.br\/portfolio\/portfolio2021\/wp-json\/wp\/v2\/pages\/2635","targetHints":{"allow":["GET"]}}],"collection":[{"href":"https:\/\/fundhas.org.br\/portfolio\/portfolio2021\/wp-json\/wp\/v2\/pages"}],"about":[{"href":"https:\/\/fundhas.org.br\/portfolio\/portfolio2021\/wp-json\/wp\/v2\/types\/page"}],"author":[{"embeddable":true,"href":"https:\/\/fundhas.org.br\/portfolio\/portfolio2021\/wp-json\/wp\/v2\/users\/5"}],"replies":[{"embeddable":true,"href":"https:\/\/fundhas.org.br\/portfolio\/portfolio2021\/wp-json\/wp\/v2\/comments?post=2635"}],"version-history":[{"count":8,"href":"https:\/\/fundhas.org.br\/portfolio\/portfolio2021\/wp-json\/wp\/v2\/pages\/2635\/revisions"}],"predecessor-version":[{"id":3053,"href":"https:\/\/fundhas.org.br\/portfolio\/portfolio2021\/wp-json\/wp\/v2\/pages\/2635\/revisions\/3053"}],"up":[{"embeddable":true,"href":"https:\/\/fundhas.org.br\/portfolio\/portfolio2021\/wp-json\/wp\/v2\/pages\/318"}],"wp:attachment":[{"href":"https:\/\/fundhas.org.br\/portfolio\/portfolio2021\/wp-json\/wp\/v2\/media?parent=2635"}],"curies":[{"name":"wp","href":"https:\/\/api.w.org\/{rel}","templated":true}]}}