{"id":2617,"date":"2021-11-16T11:34:56","date_gmt":"2021-11-16T14:34:56","guid":{"rendered":"https:\/\/fundhas.org.br\/portfolio\/2021\/?page_id=2617"},"modified":"2021-11-25T15:52:49","modified_gmt":"2021-11-25T18:52:49","slug":"horta-mandala","status":"publish","type":"page","link":"https:\/\/fundhas.org.br\/portfolio\/portfolio2021\/inicio\/meio-ambiente\/horta-mandala\/","title":{"rendered":"Horta Mandala"},"content":{"rendered":"<p><b><i>Tema: Fitossanidade<br \/><\/i><\/b><\/p>\r\n<h4><span style=\"color: #00aeef;\">Descri\u00e7\u00e3o<\/span><\/h4>\r\n<div>\r\n<p style=\"text-align: justify;\">A horta em formato de mandala possui v\u00e1rias vantagens, sendo elas: Melhor aproveitamento do solo, possibilitar uma produ\u00e7\u00e3o mais concentrada e diversificada, consorciamento de plantas companheiras e plantas repelentes, mistura de esp\u00e9cies de plantas fundamentais para a sa\u00fade do solo, diminuindo o \u00edndice de praga e minimizando o esgotamento do solo.<\/p>\r\n<p style=\"text-align: justify;\">O objetivo deste projeto \u00e9 produzir alimentos saud\u00e1veis e sem aditivos qu\u00edmicos.<\/p>\r\n<p style=\"text-align: justify;\">As a\u00e7\u00f5es do projeto vem ao encontro dos ODS 02 e ODS 04, al\u00e9m de permitir alcan\u00e7ar o objetivo citado, traz um conceito esteticamente bonito, que aproveita melhor a \u00e1rea e disponibilidade de \u00e1gua, contribui para o controle biol\u00f3gico entre diferentes esp\u00e9cies e produz plantas medicinais e ornamentais conjuntamente com os outros alimentos.<\/p>\r\n<p style=\"text-align: justify;\">Conforme previsto no projeto UNESCO 2020, foi retomado em 2021 com alunos no modelo presencial de atendimento.<\/p>\r\n<p><br \/><strong><span style=\"color: #00aeef;\">Galeria de Imagens<\/span><\/strong><\/p>\r\n<\/div>\r\n<div>\r\n<div id='gallery-1' class='czr-gallery row flex-row czr-gallery-style gallery galleryid-2617 gallery-columns-3 gallery-size-thumbnail'><figure class='gallery-item col col-auto'>\r\n                        <div class='gallery-icon landscape czr-gallery-icon'>\r\n                              <a href=https:\/\/fundhas.org.br\/portfolio\/portfolio2021\/inicio\/meio-ambiente\/horta-mandala\/horta-mandala-img_20210813_153329\/ class=\"bg-link\"><\/a><img loading=\"lazy\" decoding=\"async\" width=\"150\" height=\"150\" src=\"https:\/\/fundhas.org.br\/portfolio\/portfolio2021\/wp-content\/uploads\/2021\/11\/horta-mandala-IMG_20210813_153329-150x150.jpg\" class=\"attachment-thumbnail size-thumbnail no-lazy\" alt=\"\" sizes=\"auto, (min-width: 1200px) 350px, (min-width: 992px) 290px, (min-width: 768px) 210px, (min-width: 576px) 150px, calc( 50vw - 30px )\" srcset=\"https:\/\/fundhas.org.br\/portfolio\/portfolio2021\/wp-content\/uploads\/2021\/11\/horta-mandala-IMG_20210813_153329-150x150.jpg 150w, https:\/\/fundhas.org.br\/portfolio\/portfolio2021\/wp-content\/uploads\/2021\/11\/horta-mandala-IMG_20210813_153329-510x510.jpg 510w\" \/><div class=\"post-action btn btn-skin-dark-shaded inverted\"><a href=\"https:\/\/fundhas.org.br\/portfolio\/portfolio2021\/wp-content\/uploads\/2021\/11\/horta-mandala-IMG_20210813_153329-scaled.jpg\" class=\"icn-expand\" data-lb-type=\"grouped-gallery\"><\/a><\/div>\r\n                        <\/div><\/figure><figure class='gallery-item col col-auto'>\r\n                        <div class='gallery-icon landscape czr-gallery-icon'>\r\n                              <a href=https:\/\/fundhas.org.br\/portfolio\/portfolio2021\/inicio\/meio-ambiente\/horta-mandala\/horta-mandala-20200312_094532\/ class=\"bg-link\"><\/a><img loading=\"lazy\" decoding=\"async\" width=\"150\" height=\"150\" src=\"https:\/\/fundhas.org.br\/portfolio\/portfolio2021\/wp-content\/uploads\/2021\/11\/horta-mandala-20200312_094532-150x150.jpg\" class=\"attachment-thumbnail size-thumbnail no-lazy\" alt=\"\" sizes=\"auto, (min-width: 1200px) 350px, (min-width: 992px) 290px, (min-width: 768px) 210px, (min-width: 576px) 150px, calc( 50vw - 30px )\" srcset=\"https:\/\/fundhas.org.br\/portfolio\/portfolio2021\/wp-content\/uploads\/2021\/11\/horta-mandala-20200312_094532-150x150.jpg 150w, https:\/\/fundhas.org.br\/portfolio\/portfolio2021\/wp-content\/uploads\/2021\/11\/horta-mandala-20200312_094532-510x510.jpg 510w\" \/><div class=\"post-action btn btn-skin-dark-shaded inverted\"><a href=\"https:\/\/fundhas.org.br\/portfolio\/portfolio2021\/wp-content\/uploads\/2021\/11\/horta-mandala-20200312_094532-scaled.jpg\" class=\"icn-expand\" data-lb-type=\"grouped-gallery\"><\/a><\/div>\r\n                        <\/div><\/figure>\r\n                  <\/div>\n\r\n<\/div>\r\n<p><strong><!-- \/wp:post-content -->\r\n\r\n<!-- wp:gallery {\"ids\":[\"754\",\"759\",\"760\",\"761\",\"762\"],\"linkTo\":\"media\"} --><\/strong><\/p>","protected":false},"excerpt":{"rendered":"<p>Tema: Fitossanidade Descri\u00e7\u00e3o A horta em formato de mandala possui v\u00e1rias vantagens, sendo elas: Melhor aproveitamento do solo, possibilitar uma produ\u00e7\u00e3o mais concentrada e diversificada, consorciamento de plantas companheiras e plantas repelentes, mistura de esp\u00e9cies de plantas fundamentais para a sa\u00fade do solo, diminuindo o \u00edndice de praga e minimizando o esgotamento do solo. O [&hellip;]<\/p>\n","protected":false},"author":5,"featured_media":0,"parent":235,"menu_order":0,"comment_status":"closed","ping_status":"closed","template":"custom-page.php","meta":{"footnotes":""},"class_list":["post-2617","page","type-page","status-publish","czr-hentry"],"_links":{"self":[{"href":"https:\/\/fundhas.org.br\/portfolio\/portfolio2021\/wp-json\/wp\/v2\/pages\/2617","targetHints":{"allow":["GET"]}}],"collection":[{"href":"https:\/\/fundhas.org.br\/portfolio\/portfolio2021\/wp-json\/wp\/v2\/pages"}],"about":[{"href":"https:\/\/fundhas.org.br\/portfolio\/portfolio2021\/wp-json\/wp\/v2\/types\/page"}],"author":[{"embeddable":true,"href":"https:\/\/fundhas.org.br\/portfolio\/portfolio2021\/wp-json\/wp\/v2\/users\/5"}],"replies":[{"embeddable":true,"href":"https:\/\/fundhas.org.br\/portfolio\/portfolio2021\/wp-json\/wp\/v2\/comments?post=2617"}],"version-history":[{"count":8,"href":"https:\/\/fundhas.org.br\/portfolio\/portfolio2021\/wp-json\/wp\/v2\/pages\/2617\/revisions"}],"predecessor-version":[{"id":3057,"href":"https:\/\/fundhas.org.br\/portfolio\/portfolio2021\/wp-json\/wp\/v2\/pages\/2617\/revisions\/3057"}],"up":[{"embeddable":true,"href":"https:\/\/fundhas.org.br\/portfolio\/portfolio2021\/wp-json\/wp\/v2\/pages\/235"}],"wp:attachment":[{"href":"https:\/\/fundhas.org.br\/portfolio\/portfolio2021\/wp-json\/wp\/v2\/media?parent=2617"}],"curies":[{"name":"wp","href":"https:\/\/api.w.org\/{rel}","templated":true}]}}