{"id":2475,"date":"2021-11-18T11:42:08","date_gmt":"2021-11-18T14:42:08","guid":{"rendered":"https:\/\/fundhas.org.br\/portfolio\/2021\/?page_id=2475"},"modified":"2021-11-25T15:50:34","modified_gmt":"2021-11-25T18:50:34","slug":"economia-pessoal","status":"publish","type":"page","link":"https:\/\/fundhas.org.br\/portfolio\/portfolio2021\/inicio\/junior-archiement\/economia-pessoal\/","title":{"rendered":"Economia Pessoal"},"content":{"rendered":"<h4><b><i>Tema: Ano Internacional da Economia Criativa<\/i><\/b><\/h4>\r\n<h4><span style=\"color: #00aeef;\">Descri\u00e7\u00e3o<\/span><\/h4>\r\n<p style=\"text-align: justify;\">O projeto de Economia Pessoal desenvolvido com adolescentes do itiner\u00e1rio formativo inicial da Divis\u00e3o de Empregabilidade, na faixa et\u00e1ria dos 15 anos de idade, em parceria com a Junior Achievement tem intuito a explora\u00e7\u00e3o e conhecimento de op\u00e7\u00f5es de carreira, al\u00e9m da descoberta do valor da educa\u00e7\u00e3o neste percurso de forma\u00e7\u00e3o.<\/p>\r\n<p style=\"text-align: justify;\">Os adolescentes aprenderam sobre or\u00e7amentos, utiliza\u00e7\u00e3o de cr\u00e9ditos e gerenciamentos financeiros, al\u00e9m da reflex\u00e3o sobre problemas, interesses e habilidades pessoais.<\/p>\r\n<p style=\"text-align: justify;\">O projeto \u00e9 permeado com din\u00e2micas e a\u00e7\u00f5es que promovem aos adolescentes a reflex\u00e3o para cria\u00e7\u00e3o de objetivos para emprego do dinheiro e investimento em projetos para sua vida pessoal.<\/p>\r\n<div><i><\/i><i><span style=\"font-weight: 400;\"><br \/><\/span><\/i><\/div>\r\n<div>\r\n<h4><span style=\"color: #00aeef;\">Galeria de Imagens<\/span><\/h4>\r\n<\/div>\r\n<!-- \/wp:post-content -->\r\n\r\n<!-- wp:gallery {\"ids\":[\"754\",\"759\",\"760\",\"761\",\"762\"],\"linkTo\":\"media\"} -->\r\n<div id='gallery-1' class='czr-gallery row flex-row czr-gallery-style gallery galleryid-2475 gallery-columns-3 gallery-size-thumbnail'><figure class='gallery-item col col-auto'>\r\n                        <div class='gallery-icon landscape czr-gallery-icon'>\r\n                              <a data-lb-type=\"grouped-gallery\" href=https:\/\/fundhas.org.br\/portfolio\/portfolio2021\/wp-content\/uploads\/2021\/11\/Economia-2021-08-26-at-15.36.42.jpeg class=\"bg-link\"><\/a><img loading=\"lazy\" decoding=\"async\" width=\"150\" height=\"150\" src=\"https:\/\/fundhas.org.br\/portfolio\/portfolio2021\/wp-content\/uploads\/2021\/11\/Economia-2021-08-26-at-15.36.42-150x150.jpeg\" class=\"attachment-thumbnail size-thumbnail no-lazy\" alt=\"\" sizes=\"auto, (min-width: 1200px) 350px, (min-width: 992px) 290px, (min-width: 768px) 210px, (min-width: 576px) 150px, calc( 50vw - 30px )\" srcset=\"https:\/\/fundhas.org.br\/portfolio\/portfolio2021\/wp-content\/uploads\/2021\/11\/Economia-2021-08-26-at-15.36.42-150x150.jpeg 150w, https:\/\/fundhas.org.br\/portfolio\/portfolio2021\/wp-content\/uploads\/2021\/11\/Economia-2021-08-26-at-15.36.42-510x510.jpeg 510w\" \/>\r\n                        <\/div><\/figure><figure class='gallery-item col col-auto'>\r\n                        <div class='gallery-icon landscape czr-gallery-icon'>\r\n                              <a data-lb-type=\"grouped-gallery\" href=https:\/\/fundhas.org.br\/portfolio\/portfolio2021\/wp-content\/uploads\/2021\/11\/Economia-2021-08-26-at-15.36.42-1.jpeg class=\"bg-link\"><\/a><img loading=\"lazy\" decoding=\"async\" width=\"150\" height=\"150\" src=\"https:\/\/fundhas.org.br\/portfolio\/portfolio2021\/wp-content\/uploads\/2021\/11\/Economia-2021-08-26-at-15.36.42-1-150x150.jpeg\" class=\"attachment-thumbnail size-thumbnail no-lazy\" alt=\"\" sizes=\"auto, (min-width: 1200px) 350px, (min-width: 992px) 290px, (min-width: 768px) 210px, (min-width: 576px) 150px, calc( 50vw - 30px )\" srcset=\"https:\/\/fundhas.org.br\/portfolio\/portfolio2021\/wp-content\/uploads\/2021\/11\/Economia-2021-08-26-at-15.36.42-1-150x150.jpeg 150w, https:\/\/fundhas.org.br\/portfolio\/portfolio2021\/wp-content\/uploads\/2021\/11\/Economia-2021-08-26-at-15.36.42-1-510x510.jpeg 510w\" \/>\r\n                        <\/div><\/figure><figure class='gallery-item col col-auto'>\r\n                        <div class='gallery-icon landscape czr-gallery-icon'>\r\n                              <a data-lb-type=\"grouped-gallery\" href=https:\/\/fundhas.org.br\/portfolio\/portfolio2021\/wp-content\/uploads\/2021\/11\/Economia-2021-08-24-at-09.23.10.jpeg class=\"bg-link\"><\/a><img loading=\"lazy\" decoding=\"async\" width=\"150\" height=\"150\" src=\"https:\/\/fundhas.org.br\/portfolio\/portfolio2021\/wp-content\/uploads\/2021\/11\/Economia-2021-08-24-at-09.23.10-150x150.jpeg\" class=\"attachment-thumbnail size-thumbnail no-lazy\" alt=\"\" sizes=\"auto, (min-width: 1200px) 350px, (min-width: 992px) 290px, (min-width: 768px) 210px, (min-width: 576px) 150px, calc( 50vw - 30px )\" srcset=\"https:\/\/fundhas.org.br\/portfolio\/portfolio2021\/wp-content\/uploads\/2021\/11\/Economia-2021-08-24-at-09.23.10-150x150.jpeg 150w, https:\/\/fundhas.org.br\/portfolio\/portfolio2021\/wp-content\/uploads\/2021\/11\/Economia-2021-08-24-at-09.23.10-510x510.jpeg 510w\" \/>\r\n                        <\/div><\/figure>\r\n                  <\/div>\n\r\n<p>&nbsp;<\/p>","protected":false},"excerpt":{"rendered":"<p>Tema: Ano Internacional da Economia Criativa Descri\u00e7\u00e3o O projeto de Economia Pessoal desenvolvido com adolescentes do itiner\u00e1rio formativo inicial da Divis\u00e3o de Empregabilidade, na faixa et\u00e1ria dos 15 anos de idade, em parceria com a Junior Achievement tem intuito a explora\u00e7\u00e3o e conhecimento de op\u00e7\u00f5es de carreira, al\u00e9m da descoberta do valor da educa\u00e7\u00e3o neste [&hellip;]<\/p>\n","protected":false},"author":5,"featured_media":0,"parent":2467,"menu_order":0,"comment_status":"closed","ping_status":"closed","template":"custom-page.php","meta":{"footnotes":""},"class_list":["post-2475","page","type-page","status-publish","czr-hentry"],"_links":{"self":[{"href":"https:\/\/fundhas.org.br\/portfolio\/portfolio2021\/wp-json\/wp\/v2\/pages\/2475","targetHints":{"allow":["GET"]}}],"collection":[{"href":"https:\/\/fundhas.org.br\/portfolio\/portfolio2021\/wp-json\/wp\/v2\/pages"}],"about":[{"href":"https:\/\/fundhas.org.br\/portfolio\/portfolio2021\/wp-json\/wp\/v2\/types\/page"}],"author":[{"embeddable":true,"href":"https:\/\/fundhas.org.br\/portfolio\/portfolio2021\/wp-json\/wp\/v2\/users\/5"}],"replies":[{"embeddable":true,"href":"https:\/\/fundhas.org.br\/portfolio\/portfolio2021\/wp-json\/wp\/v2\/comments?post=2475"}],"version-history":[{"count":6,"href":"https:\/\/fundhas.org.br\/portfolio\/portfolio2021\/wp-json\/wp\/v2\/pages\/2475\/revisions"}],"predecessor-version":[{"id":3054,"href":"https:\/\/fundhas.org.br\/portfolio\/portfolio2021\/wp-json\/wp\/v2\/pages\/2475\/revisions\/3054"}],"up":[{"embeddable":true,"href":"https:\/\/fundhas.org.br\/portfolio\/portfolio2021\/wp-json\/wp\/v2\/pages\/2467"}],"wp:attachment":[{"href":"https:\/\/fundhas.org.br\/portfolio\/portfolio2021\/wp-json\/wp\/v2\/media?parent=2475"}],"curies":[{"name":"wp","href":"https:\/\/api.w.org\/{rel}","templated":true}]}}