{"id":2121,"date":"2021-11-16T11:20:12","date_gmt":"2021-11-16T14:20:12","guid":{"rendered":"https:\/\/fundhas.org.br\/portfolio\/2021\/?page_id=2121"},"modified":"2021-11-25T15:53:30","modified_gmt":"2021-11-25T18:53:30","slug":"urbam","status":"publish","type":"page","link":"https:\/\/fundhas.org.br\/portfolio\/portfolio2021\/inicio\/meio-ambiente\/urbam\/","title":{"rendered":"Projeto Urbam"},"content":{"rendered":"<p><b><i>Tema: N\u00f3s fazemos a nossa parte (Projeto URBAM)<\/i><\/b><\/p>\r\n<h4><span style=\"color: #00aeef;\">Descri\u00e7\u00e3o<\/span><\/h4>\r\n<div>\r\n<p style=\"text-align: justify;\">O Programa &#8220;N\u00f3s fazemos a nossa parte&#8221; est\u00e1 inserido na agenda A3P e est\u00e1 sendo implementado nos \u00f3rg\u00e3os p\u00fablicos de S\u00e3o Jos\u00e9 dos Campos, visando ampliar e melhorar a coleta seletiva ap\u00f3s diagnosticar a falta de conscientiza\u00e7\u00e3o, segrega\u00e7\u00e3o inadequada e forma de acondicionamento incorreto dos res\u00edduos nos \u00f3rg\u00e3os p\u00fablicos, conforme ODS 04 \u201cAssegurar a educa\u00e7\u00e3o inclusiva e equitativa e de qualidade, e promover oportunidades de aprendizagem ao longo da vida para todos e ODS 12 \u201cAssegurar padr\u00f5es de produ\u00e7\u00e3o e de consumo sustent\u00e1veis\u201d.<\/p>\r\n<p style=\"text-align: justify;\">A Agenda Ambiental na Administra\u00e7\u00e3o P\u00fablica (A3P) \u00e9 um programa do Minist\u00e9rio do Meio Ambiente que objetiva estimular os \u00f3rg\u00e3os p\u00fablicos do pa\u00eds a implementarem pr\u00e1ticas de sustentabilidade. A ado\u00e7\u00e3o da A3P demonstra a preocupa\u00e7\u00e3o do \u00f3rg\u00e3o em obter efici\u00eancia na atividade p\u00fablica enquanto promove a preserva\u00e7\u00e3o do meio.<\/p>\r\n<p style=\"text-align: justify;\">Conscientiza\u00e7\u00e3o \u00e0s crian\u00e7as e adolescentes sobre o descarte adequado dos res\u00edduos, recicl\u00e1veis e org\u00e2nicos.<\/p>\r\n<p style=\"text-align: justify;\">Envolvimento dos profissionais da Unidade, juntamente com as crian\u00e7as e adolescentes, nas atividades propostas pela institui\u00e7\u00e3o, que realizaram no decorrer da semana a conscientiza\u00e7\u00e3o do tema, com a apresenta\u00e7\u00e3o do v\u00eddeo enviado pela URBAM, pesquisas utilizando chromebooks, finalizando com a constru\u00e7\u00e3o de cartazes alertando sobre a necessidade do descarte adequado dos res\u00edduos que produzimos como forma de preserva\u00e7\u00e3o do meio ambiente.<\/p>\r\n<p><br \/><strong><span style=\"color: #00aeef;\">Galeria de Imagens<\/span><\/strong><\/p>\r\n<\/div>\r\n<div>\r\n<div id='gallery-1' class='czr-gallery row flex-row czr-gallery-style gallery galleryid-2121 gallery-columns-3 gallery-size-thumbnail'><figure class='gallery-item col col-auto'>\r\n                        <div class='gallery-icon portrait czr-gallery-icon'>\r\n                              <a href=https:\/\/fundhas.org.br\/portfolio\/portfolio2021\/urbam-2021-09-28-at-11-42-592\/ class=\"bg-link\"><\/a><img loading=\"lazy\" decoding=\"async\" width=\"150\" height=\"150\" src=\"https:\/\/fundhas.org.br\/portfolio\/portfolio2021\/wp-content\/uploads\/2021\/11\/URBAM-2021-09-28-at-11.42.592-150x150.jpeg\" class=\"attachment-thumbnail size-thumbnail no-lazy\" alt=\"\" sizes=\"auto, (min-width: 1200px) 350px, (min-width: 992px) 290px, (min-width: 768px) 210px, (min-width: 576px) 150px, calc( 50vw - 30px )\" srcset=\"https:\/\/fundhas.org.br\/portfolio\/portfolio2021\/wp-content\/uploads\/2021\/11\/URBAM-2021-09-28-at-11.42.592-150x150.jpeg 150w, https:\/\/fundhas.org.br\/portfolio\/portfolio2021\/wp-content\/uploads\/2021\/11\/URBAM-2021-09-28-at-11.42.592-510x510.jpeg 510w\" \/><div class=\"post-action btn btn-skin-dark-shaded inverted\"><a href=\"https:\/\/fundhas.org.br\/portfolio\/portfolio2021\/wp-content\/uploads\/2021\/11\/URBAM-2021-09-28-at-11.42.592.jpeg\" class=\"icn-expand\" data-lb-type=\"grouped-gallery\"><\/a><\/div>\r\n                        <\/div><\/figure><figure class='gallery-item col col-auto'>\r\n                        <div class='gallery-icon portrait czr-gallery-icon'>\r\n                              <a href=https:\/\/fundhas.org.br\/portfolio\/portfolio2021\/urbam-2021-09-28-at-11-42-591\/ class=\"bg-link\"><\/a><img loading=\"lazy\" decoding=\"async\" width=\"150\" height=\"150\" src=\"https:\/\/fundhas.org.br\/portfolio\/portfolio2021\/wp-content\/uploads\/2021\/11\/URBAM-2021-09-28-at-11.42.591-150x150.jpeg\" class=\"attachment-thumbnail size-thumbnail no-lazy\" alt=\"\" sizes=\"auto, (min-width: 1200px) 350px, (min-width: 992px) 290px, (min-width: 768px) 210px, (min-width: 576px) 150px, calc( 50vw - 30px )\" srcset=\"https:\/\/fundhas.org.br\/portfolio\/portfolio2021\/wp-content\/uploads\/2021\/11\/URBAM-2021-09-28-at-11.42.591-150x150.jpeg 150w, https:\/\/fundhas.org.br\/portfolio\/portfolio2021\/wp-content\/uploads\/2021\/11\/URBAM-2021-09-28-at-11.42.591-510x510.jpeg 510w\" \/><div class=\"post-action btn btn-skin-dark-shaded inverted\"><a href=\"https:\/\/fundhas.org.br\/portfolio\/portfolio2021\/wp-content\/uploads\/2021\/11\/URBAM-2021-09-28-at-11.42.591.jpeg\" class=\"icn-expand\" data-lb-type=\"grouped-gallery\"><\/a><\/div>\r\n                        <\/div><\/figure><figure class='gallery-item col col-auto'>\r\n                        <div class='gallery-icon portrait czr-gallery-icon'>\r\n                              <a href=https:\/\/fundhas.org.br\/portfolio\/portfolio2021\/urbam-terca-feira2\/ class=\"bg-link\"><\/a><img loading=\"lazy\" decoding=\"async\" width=\"150\" height=\"150\" src=\"https:\/\/fundhas.org.br\/portfolio\/portfolio2021\/wp-content\/uploads\/2021\/11\/URBAM-terca-feira2-150x150.jpg\" class=\"attachment-thumbnail size-thumbnail no-lazy\" alt=\"\" sizes=\"auto, (min-width: 1200px) 350px, (min-width: 992px) 290px, (min-width: 768px) 210px, (min-width: 576px) 150px, calc( 50vw - 30px )\" srcset=\"https:\/\/fundhas.org.br\/portfolio\/portfolio2021\/wp-content\/uploads\/2021\/11\/URBAM-terca-feira2-150x150.jpg 150w, https:\/\/fundhas.org.br\/portfolio\/portfolio2021\/wp-content\/uploads\/2021\/11\/URBAM-terca-feira2-510x510.jpg 510w\" \/><div class=\"post-action btn btn-skin-dark-shaded inverted\"><a href=\"https:\/\/fundhas.org.br\/portfolio\/portfolio2021\/wp-content\/uploads\/2021\/11\/URBAM-terca-feira2.jpg\" class=\"icn-expand\" data-lb-type=\"grouped-gallery\"><\/a><\/div>\r\n                        <\/div><\/figure><figure class='gallery-item col col-auto'>\r\n                        <div class='gallery-icon landscape czr-gallery-icon'>\r\n                              <a href=https:\/\/fundhas.org.br\/portfolio\/portfolio2021\/urbam-segunda-feira_2\/ class=\"bg-link\"><\/a><img loading=\"lazy\" decoding=\"async\" width=\"150\" height=\"150\" src=\"https:\/\/fundhas.org.br\/portfolio\/portfolio2021\/wp-content\/uploads\/2021\/11\/URBAM-segunda-feira_2-150x150.jpg\" class=\"attachment-thumbnail size-thumbnail no-lazy\" alt=\"\" sizes=\"auto, (min-width: 1200px) 350px, (min-width: 992px) 290px, (min-width: 768px) 210px, (min-width: 576px) 150px, calc( 50vw - 30px )\" srcset=\"https:\/\/fundhas.org.br\/portfolio\/portfolio2021\/wp-content\/uploads\/2021\/11\/URBAM-segunda-feira_2-150x150.jpg 150w, https:\/\/fundhas.org.br\/portfolio\/portfolio2021\/wp-content\/uploads\/2021\/11\/URBAM-segunda-feira_2-510x510.jpg 510w\" \/><div class=\"post-action btn btn-skin-dark-shaded inverted\"><a href=\"https:\/\/fundhas.org.br\/portfolio\/portfolio2021\/wp-content\/uploads\/2021\/11\/URBAM-segunda-feira_2.jpg\" class=\"icn-expand\" data-lb-type=\"grouped-gallery\"><\/a><\/div>\r\n                        <\/div><\/figure><figure class='gallery-item col col-auto'>\r\n                        <div class='gallery-icon portrait czr-gallery-icon'>\r\n                              <a href=https:\/\/fundhas.org.br\/portfolio\/portfolio2021\/urbam-20210811-wa0018\/ class=\"bg-link\"><\/a><img loading=\"lazy\" decoding=\"async\" width=\"150\" height=\"150\" src=\"https:\/\/fundhas.org.br\/portfolio\/portfolio2021\/wp-content\/uploads\/2021\/11\/URBAM-20210811-WA0018-150x150.jpg\" class=\"attachment-thumbnail size-thumbnail no-lazy\" alt=\"\" sizes=\"auto, (min-width: 1200px) 350px, (min-width: 992px) 290px, (min-width: 768px) 210px, (min-width: 576px) 150px, calc( 50vw - 30px )\" srcset=\"https:\/\/fundhas.org.br\/portfolio\/portfolio2021\/wp-content\/uploads\/2021\/11\/URBAM-20210811-WA0018-150x150.jpg 150w, https:\/\/fundhas.org.br\/portfolio\/portfolio2021\/wp-content\/uploads\/2021\/11\/URBAM-20210811-WA0018-510x510.jpg 510w\" \/><div class=\"post-action btn btn-skin-dark-shaded inverted\"><a href=\"https:\/\/fundhas.org.br\/portfolio\/portfolio2021\/wp-content\/uploads\/2021\/11\/URBAM-20210811-WA0018.jpg\" class=\"icn-expand\" data-lb-type=\"grouped-gallery\"><\/a><\/div>\r\n                        <\/div><\/figure><figure class='gallery-item col col-auto'>\r\n                        <div class='gallery-icon portrait czr-gallery-icon'>\r\n                              <a href=https:\/\/fundhas.org.br\/portfolio\/portfolio2021\/urbam-20210811-wa0016\/ class=\"bg-link\"><\/a><img loading=\"lazy\" decoding=\"async\" width=\"150\" height=\"150\" src=\"https:\/\/fundhas.org.br\/portfolio\/portfolio2021\/wp-content\/uploads\/2021\/11\/URBAM-20210811-WA0016-150x150.jpg\" class=\"attachment-thumbnail size-thumbnail no-lazy\" alt=\"\" sizes=\"auto, (min-width: 1200px) 350px, (min-width: 992px) 290px, (min-width: 768px) 210px, (min-width: 576px) 150px, calc( 50vw - 30px )\" srcset=\"https:\/\/fundhas.org.br\/portfolio\/portfolio2021\/wp-content\/uploads\/2021\/11\/URBAM-20210811-WA0016-150x150.jpg 150w, https:\/\/fundhas.org.br\/portfolio\/portfolio2021\/wp-content\/uploads\/2021\/11\/URBAM-20210811-WA0016-510x510.jpg 510w\" \/><div class=\"post-action btn btn-skin-dark-shaded inverted\"><a href=\"https:\/\/fundhas.org.br\/portfolio\/portfolio2021\/wp-content\/uploads\/2021\/11\/URBAM-20210811-WA0016.jpg\" class=\"icn-expand\" data-lb-type=\"grouped-gallery\"><\/a><\/div>\r\n                        <\/div><\/figure><figure class='gallery-item col col-auto'>\r\n                        <div class='gallery-icon portrait czr-gallery-icon'>\r\n                              <a href=https:\/\/fundhas.org.br\/portfolio\/portfolio2021\/urbam-20210811-wa0003\/ class=\"bg-link\"><\/a><img loading=\"lazy\" decoding=\"async\" width=\"150\" height=\"150\" src=\"https:\/\/fundhas.org.br\/portfolio\/portfolio2021\/wp-content\/uploads\/2021\/11\/URBAM-20210811-WA0003-150x150.jpg\" class=\"attachment-thumbnail size-thumbnail no-lazy\" alt=\"\" sizes=\"auto, (min-width: 1200px) 350px, (min-width: 992px) 290px, (min-width: 768px) 210px, (min-width: 576px) 150px, calc( 50vw - 30px )\" srcset=\"https:\/\/fundhas.org.br\/portfolio\/portfolio2021\/wp-content\/uploads\/2021\/11\/URBAM-20210811-WA0003-150x150.jpg 150w, https:\/\/fundhas.org.br\/portfolio\/portfolio2021\/wp-content\/uploads\/2021\/11\/URBAM-20210811-WA0003-510x510.jpg 510w\" \/><div class=\"post-action btn btn-skin-dark-shaded inverted\"><a href=\"https:\/\/fundhas.org.br\/portfolio\/portfolio2021\/wp-content\/uploads\/2021\/11\/URBAM-20210811-WA0003.jpg\" class=\"icn-expand\" data-lb-type=\"grouped-gallery\"><\/a><\/div>\r\n                        <\/div><\/figure><figure class='gallery-item col col-auto'>\r\n                        <div class='gallery-icon portrait czr-gallery-icon'>\r\n                              <a href=https:\/\/fundhas.org.br\/portfolio\/portfolio2021\/urbam-2021-09-28-at-11-49-23\/ class=\"bg-link\"><\/a><img loading=\"lazy\" decoding=\"async\" width=\"150\" height=\"150\" src=\"https:\/\/fundhas.org.br\/portfolio\/portfolio2021\/wp-content\/uploads\/2021\/11\/URBAM-2021-09-28-at-11.49.23-150x150.jpeg\" class=\"attachment-thumbnail size-thumbnail no-lazy\" alt=\"\" sizes=\"auto, (min-width: 1200px) 350px, (min-width: 992px) 290px, (min-width: 768px) 210px, (min-width: 576px) 150px, calc( 50vw - 30px )\" srcset=\"https:\/\/fundhas.org.br\/portfolio\/portfolio2021\/wp-content\/uploads\/2021\/11\/URBAM-2021-09-28-at-11.49.23-150x150.jpeg 150w, https:\/\/fundhas.org.br\/portfolio\/portfolio2021\/wp-content\/uploads\/2021\/11\/URBAM-2021-09-28-at-11.49.23-510x510.jpeg 510w\" \/><div class=\"post-action btn btn-skin-dark-shaded inverted\"><a href=\"https:\/\/fundhas.org.br\/portfolio\/portfolio2021\/wp-content\/uploads\/2021\/11\/URBAM-2021-09-28-at-11.49.23.jpeg\" class=\"icn-expand\" data-lb-type=\"grouped-gallery\"><\/a><\/div>\r\n                        <\/div><\/figure><figure class='gallery-item col col-auto'>\r\n                        <div class='gallery-icon portrait czr-gallery-icon'>\r\n                              <a href=https:\/\/fundhas.org.br\/portfolio\/portfolio2021\/urbam-terca-feira1\/ class=\"bg-link\"><\/a><img loading=\"lazy\" decoding=\"async\" width=\"150\" height=\"150\" src=\"https:\/\/fundhas.org.br\/portfolio\/portfolio2021\/wp-content\/uploads\/2021\/11\/URBAM-terca-feira1-150x150.jpg\" class=\"attachment-thumbnail size-thumbnail no-lazy\" alt=\"\" sizes=\"auto, (min-width: 1200px) 350px, (min-width: 992px) 290px, (min-width: 768px) 210px, (min-width: 576px) 150px, calc( 50vw - 30px )\" srcset=\"https:\/\/fundhas.org.br\/portfolio\/portfolio2021\/wp-content\/uploads\/2021\/11\/URBAM-terca-feira1-150x150.jpg 150w, https:\/\/fundhas.org.br\/portfolio\/portfolio2021\/wp-content\/uploads\/2021\/11\/URBAM-terca-feira1-510x510.jpg 510w\" \/><div class=\"post-action btn btn-skin-dark-shaded inverted\"><a href=\"https:\/\/fundhas.org.br\/portfolio\/portfolio2021\/wp-content\/uploads\/2021\/11\/URBAM-terca-feira1.jpg\" class=\"icn-expand\" data-lb-type=\"grouped-gallery\"><\/a><\/div>\r\n                        <\/div><\/figure><figure class='gallery-item col col-auto'>\r\n                        <div class='gallery-icon portrait czr-gallery-icon'>\r\n                              <a href=https:\/\/fundhas.org.br\/portfolio\/portfolio2021\/urbam-2021-09-28-at-11-43-10\/ class=\"bg-link\"><\/a><img loading=\"lazy\" decoding=\"async\" width=\"150\" height=\"150\" src=\"https:\/\/fundhas.org.br\/portfolio\/portfolio2021\/wp-content\/uploads\/2021\/11\/URBAM-2021-09-28-at-11.43.10-150x150.jpeg\" class=\"attachment-thumbnail size-thumbnail no-lazy\" alt=\"\" sizes=\"auto, (min-width: 1200px) 350px, (min-width: 992px) 290px, (min-width: 768px) 210px, (min-width: 576px) 150px, calc( 50vw - 30px )\" srcset=\"https:\/\/fundhas.org.br\/portfolio\/portfolio2021\/wp-content\/uploads\/2021\/11\/URBAM-2021-09-28-at-11.43.10-150x150.jpeg 150w, https:\/\/fundhas.org.br\/portfolio\/portfolio2021\/wp-content\/uploads\/2021\/11\/URBAM-2021-09-28-at-11.43.10-510x510.jpeg 510w\" \/><div class=\"post-action btn btn-skin-dark-shaded inverted\"><a href=\"https:\/\/fundhas.org.br\/portfolio\/portfolio2021\/wp-content\/uploads\/2021\/11\/URBAM-2021-09-28-at-11.43.10.jpeg\" class=\"icn-expand\" data-lb-type=\"grouped-gallery\"><\/a><\/div>\r\n                        <\/div><\/figure><figure class='gallery-item col col-auto'>\r\n                        <div class='gallery-icon landscape czr-gallery-icon'>\r\n                              <a href=https:\/\/fundhas.org.br\/portfolio\/portfolio2021\/urbam-2021-09-28-at-11-43-26\/ class=\"bg-link\"><\/a><img loading=\"lazy\" decoding=\"async\" width=\"150\" height=\"150\" src=\"https:\/\/fundhas.org.br\/portfolio\/portfolio2021\/wp-content\/uploads\/2021\/11\/URBAM-2021-09-28-at-11.43.26-150x150.jpeg\" class=\"attachment-thumbnail size-thumbnail no-lazy\" alt=\"\" sizes=\"auto, (min-width: 1200px) 350px, (min-width: 992px) 290px, (min-width: 768px) 210px, (min-width: 576px) 150px, calc( 50vw - 30px )\" srcset=\"https:\/\/fundhas.org.br\/portfolio\/portfolio2021\/wp-content\/uploads\/2021\/11\/URBAM-2021-09-28-at-11.43.26-150x150.jpeg 150w, https:\/\/fundhas.org.br\/portfolio\/portfolio2021\/wp-content\/uploads\/2021\/11\/URBAM-2021-09-28-at-11.43.26-510x510.jpeg 510w\" \/><div class=\"post-action btn btn-skin-dark-shaded inverted\"><a href=\"https:\/\/fundhas.org.br\/portfolio\/portfolio2021\/wp-content\/uploads\/2021\/11\/URBAM-2021-09-28-at-11.43.26.jpeg\" class=\"icn-expand\" data-lb-type=\"grouped-gallery\"><\/a><\/div>\r\n                        <\/div><\/figure><figure class='gallery-item col col-auto'>\r\n                        <div class='gallery-icon portrait czr-gallery-icon'>\r\n                              <a href=https:\/\/fundhas.org.br\/portfolio\/portfolio2021\/urbam-2021-09-28-at-11-49-23-2\/ class=\"bg-link\"><\/a><img loading=\"lazy\" decoding=\"async\" width=\"150\" height=\"150\" src=\"https:\/\/fundhas.org.br\/portfolio\/portfolio2021\/wp-content\/uploads\/2021\/11\/URBAM-2021-09-28-at-11.49.23-2-150x150.jpeg\" class=\"attachment-thumbnail size-thumbnail no-lazy\" alt=\"\" sizes=\"auto, (min-width: 1200px) 350px, (min-width: 992px) 290px, (min-width: 768px) 210px, (min-width: 576px) 150px, calc( 50vw - 30px )\" srcset=\"https:\/\/fundhas.org.br\/portfolio\/portfolio2021\/wp-content\/uploads\/2021\/11\/URBAM-2021-09-28-at-11.49.23-2-150x150.jpeg 150w, https:\/\/fundhas.org.br\/portfolio\/portfolio2021\/wp-content\/uploads\/2021\/11\/URBAM-2021-09-28-at-11.49.23-2-510x510.jpeg 510w\" \/><div class=\"post-action btn btn-skin-dark-shaded inverted\"><a href=\"https:\/\/fundhas.org.br\/portfolio\/portfolio2021\/wp-content\/uploads\/2021\/11\/URBAM-2021-09-28-at-11.49.23-2.jpeg\" class=\"icn-expand\" data-lb-type=\"grouped-gallery\"><\/a><\/div>\r\n                        <\/div><\/figure><figure class='gallery-item col col-auto'>\r\n                        <div class='gallery-icon portrait czr-gallery-icon'>\r\n                              <a href=https:\/\/fundhas.org.br\/portfolio\/portfolio2021\/urbam-2021-09-28-at-11-49-231\/ class=\"bg-link\"><\/a><img loading=\"lazy\" decoding=\"async\" width=\"150\" height=\"150\" src=\"https:\/\/fundhas.org.br\/portfolio\/portfolio2021\/wp-content\/uploads\/2021\/11\/URBAM-2021-09-28-at-11.49.231-150x150.jpeg\" class=\"attachment-thumbnail size-thumbnail no-lazy\" alt=\"\" sizes=\"auto, (min-width: 1200px) 350px, (min-width: 992px) 290px, (min-width: 768px) 210px, (min-width: 576px) 150px, calc( 50vw - 30px )\" srcset=\"https:\/\/fundhas.org.br\/portfolio\/portfolio2021\/wp-content\/uploads\/2021\/11\/URBAM-2021-09-28-at-11.49.231-150x150.jpeg 150w, https:\/\/fundhas.org.br\/portfolio\/portfolio2021\/wp-content\/uploads\/2021\/11\/URBAM-2021-09-28-at-11.49.231-510x510.jpeg 510w\" \/><div class=\"post-action btn btn-skin-dark-shaded inverted\"><a href=\"https:\/\/fundhas.org.br\/portfolio\/portfolio2021\/wp-content\/uploads\/2021\/11\/URBAM-2021-09-28-at-11.49.231.jpeg\" class=\"icn-expand\" data-lb-type=\"grouped-gallery\"><\/a><\/div>\r\n                        <\/div><\/figure>\r\n                  <\/div>\n\r\n<\/div>\r\n<p><strong><!-- \/wp:post-content -->\r\n\r\n<!-- wp:gallery {\"ids\":[\"754\",\"759\",\"760\",\"761\",\"762\"],\"linkTo\":\"media\"} --><\/strong><\/p>","protected":false},"excerpt":{"rendered":"<p>Tema: N\u00f3s fazemos a nossa parte (Projeto URBAM) Descri\u00e7\u00e3o O Programa &#8220;N\u00f3s fazemos a nossa parte&#8221; est\u00e1 inserido na agenda A3P e est\u00e1 sendo implementado nos \u00f3rg\u00e3os p\u00fablicos de S\u00e3o Jos\u00e9 dos Campos, visando ampliar e melhorar a coleta seletiva ap\u00f3s diagnosticar a falta de conscientiza\u00e7\u00e3o, segrega\u00e7\u00e3o inadequada e forma de acondicionamento incorreto dos res\u00edduos [&hellip;]<\/p>\n","protected":false},"author":5,"featured_media":0,"parent":235,"menu_order":0,"comment_status":"closed","ping_status":"closed","template":"custom-page.php","meta":{"footnotes":""},"class_list":["post-2121","page","type-page","status-publish","czr-hentry"],"_links":{"self":[{"href":"https:\/\/fundhas.org.br\/portfolio\/portfolio2021\/wp-json\/wp\/v2\/pages\/2121","targetHints":{"allow":["GET"]}}],"collection":[{"href":"https:\/\/fundhas.org.br\/portfolio\/portfolio2021\/wp-json\/wp\/v2\/pages"}],"about":[{"href":"https:\/\/fundhas.org.br\/portfolio\/portfolio2021\/wp-json\/wp\/v2\/types\/page"}],"author":[{"embeddable":true,"href":"https:\/\/fundhas.org.br\/portfolio\/portfolio2021\/wp-json\/wp\/v2\/users\/5"}],"replies":[{"embeddable":true,"href":"https:\/\/fundhas.org.br\/portfolio\/portfolio2021\/wp-json\/wp\/v2\/comments?post=2121"}],"version-history":[{"count":13,"href":"https:\/\/fundhas.org.br\/portfolio\/portfolio2021\/wp-json\/wp\/v2\/pages\/2121\/revisions"}],"predecessor-version":[{"id":3058,"href":"https:\/\/fundhas.org.br\/portfolio\/portfolio2021\/wp-json\/wp\/v2\/pages\/2121\/revisions\/3058"}],"up":[{"embeddable":true,"href":"https:\/\/fundhas.org.br\/portfolio\/portfolio2021\/wp-json\/wp\/v2\/pages\/235"}],"wp:attachment":[{"href":"https:\/\/fundhas.org.br\/portfolio\/portfolio2021\/wp-json\/wp\/v2\/media?parent=2121"}],"curies":[{"name":"wp","href":"https:\/\/api.w.org\/{rel}","templated":true}]}}