{"id":1910,"date":"2021-11-09T17:09:28","date_gmt":"2021-11-09T20:09:28","guid":{"rendered":"https:\/\/fundhas.org.br\/portfolio\/2021\/?page_id=1910"},"modified":"2021-11-25T15:55:50","modified_gmt":"2021-11-25T18:55:50","slug":"estudos-ambientais-empreendedorismo-ecologico","status":"publish","type":"page","link":"https:\/\/fundhas.org.br\/portfolio\/portfolio2021\/inicio\/meio-ambiente\/estudos-ambientais-empreendedorismo-ecologico\/","title":{"rendered":"Educa\u00e7\u00e3o Ambiental e Empreendedorismo Ecol\u00f3gico"},"content":{"rendered":"<h4><b><i>Tema Abordado: Desenvolvimento Sustent\u00e1vel\/ Dia Mundial do Meio Ambiente\/ Frutas e Vegetais.<\/i><\/b><\/h4>\r\n<h4><span style=\"color: #00aeef;\">Descri\u00e7\u00e3o<\/span><\/h4>\r\n<p style=\"text-align: justify;\"><span style=\"font-weight: 400;\">O projeto vai de encontro com o ODS 4 \u201cAssegurar uma educa\u00e7\u00e3o inclusiva, e equitativa e de qualidade, e promover oportunidades de aprendizagem ao longo da vida para todos\u201d e ODS 2 \u201cacabar com a fome, alcan\u00e7ar a seguran\u00e7a alimentar e melhoria da nutri\u00e7\u00e3o e promover a agricultura sustent\u00e1vel\u201d e tem como objetivo produ\u00e7\u00f5es sustent\u00e1veis e mudan\u00e7a de h\u00e1bitos e atitudes respons\u00e1veis em rela\u00e7\u00e3o ao meio e a si pr\u00f3prio na busca da qualidade de vida, do consumo consciente e da preserva\u00e7\u00e3o, despertando a conscientiza\u00e7\u00e3o ambiental, al\u00e9m de destacar a natureza como fator preponderante para o desenvolvimento e continuidade da sa\u00edda nos processos de crescimento, desenvolvimento e envelhecimento saud\u00e1veis.\u00a0<\/span><\/p>\r\n<p style=\"text-align: justify;\"><span style=\"font-weight: 400;\">Em comemora\u00e7\u00e3o ao Dia Mundial do Meio Ambiente, o espa\u00e7o Centro Ambiental da FUNDHAS realizou o projeto \u201cGirassonhos: Semeando Atitudes\u201d em todo o m\u00eas de junho, totalizando 960 atendidos respeitando a capacidade dos ambientes devido ao distanciamento social. As atividades foram: prepara\u00e7\u00e3o e degusta\u00e7\u00e3o do Bolo de Casca de Banana e do Bolo de PANC Ora-Pro-N\u00f3bis, com o objetivo espec\u00edfico de \u201cMinimizar o desperd\u00edcio , contribuir para um mundo mais sustent\u00e1vel e obter de um ingrediente todo o seu potencial nutricional\u201d; plantio de \u00e1rvores frut\u00edferas nas unidades, com os objetivos espec\u00edficos de \u201ccontribuir com a melhoria da qualidade nutritiva na alimenta\u00e7\u00e3o e, consequentemente, com a melhoria da sa\u00fade\u201d e \u201cperceber-se integrante, dependente e agente transformador e mantenedor do ambiente\u201d. plantio individual de girassol; aulas e exposi\u00e7\u00f5es sobre a evolu\u00e7\u00e3o gradativa da degenera\u00e7\u00e3o, recupera\u00e7\u00e3o e conserva\u00e7\u00e3o do meio ambiente.<\/span><\/p>\r\n<div>\u00a0<\/div>\r\n<h4><span style=\"color: #00aeef;\">Galeria de Imagens<\/span><\/h4>\r\n<!-- \/wp:post-content -->\r\n\r\n<!-- wp:gallery {\"ids\":[\"754\",\"759\",\"760\",\"761\",\"762\"],\"linkTo\":\"media\"} -->\r\n<div id='gallery-1' class='czr-gallery row flex-row czr-gallery-style gallery galleryid-1910 gallery-columns-3 gallery-size-thumbnail'><figure class='gallery-item col col-auto'>\r\n                        <div class='gallery-icon portrait czr-gallery-icon'>\r\n                              <a data-lb-type=\"grouped-gallery\" href=https:\/\/fundhas.org.br\/portfolio\/portfolio2021\/wp-content\/uploads\/2021\/11\/Sustentavel-dia-mundial-01-1-1.jpg class=\"bg-link\"><\/a><img loading=\"lazy\" decoding=\"async\" width=\"150\" height=\"150\" src=\"https:\/\/fundhas.org.br\/portfolio\/portfolio2021\/wp-content\/uploads\/2021\/11\/Sustentavel-dia-mundial-01-1-1-150x150.jpg\" class=\"attachment-thumbnail size-thumbnail no-lazy\" alt=\"\" sizes=\"auto, (min-width: 1200px) 350px, (min-width: 992px) 290px, (min-width: 768px) 210px, (min-width: 576px) 150px, calc( 50vw - 30px )\" srcset=\"https:\/\/fundhas.org.br\/portfolio\/portfolio2021\/wp-content\/uploads\/2021\/11\/Sustentavel-dia-mundial-01-1-1-150x150.jpg 150w, https:\/\/fundhas.org.br\/portfolio\/portfolio2021\/wp-content\/uploads\/2021\/11\/Sustentavel-dia-mundial-01-1-1-510x510.jpg 510w\" \/>\r\n                        <\/div><\/figure><figure class='gallery-item col col-auto'>\r\n                        <div class='gallery-icon landscape czr-gallery-icon'>\r\n                              <a data-lb-type=\"grouped-gallery\" href=https:\/\/fundhas.org.br\/portfolio\/portfolio2021\/wp-content\/uploads\/2021\/11\/Sustentavel-dia-mundial-02-1.jpg class=\"bg-link\"><\/a><img loading=\"lazy\" decoding=\"async\" width=\"150\" height=\"150\" src=\"https:\/\/fundhas.org.br\/portfolio\/portfolio2021\/wp-content\/uploads\/2021\/11\/Sustentavel-dia-mundial-02-1-150x150.jpg\" class=\"attachment-thumbnail size-thumbnail no-lazy\" alt=\"\" sizes=\"auto, (min-width: 1200px) 350px, (min-width: 992px) 290px, (min-width: 768px) 210px, (min-width: 576px) 150px, calc( 50vw - 30px )\" srcset=\"https:\/\/fundhas.org.br\/portfolio\/portfolio2021\/wp-content\/uploads\/2021\/11\/Sustentavel-dia-mundial-02-1-150x150.jpg 150w, https:\/\/fundhas.org.br\/portfolio\/portfolio2021\/wp-content\/uploads\/2021\/11\/Sustentavel-dia-mundial-02-1-510x510.jpg 510w\" \/>\r\n                        <\/div><\/figure><figure class='gallery-item col col-auto'>\r\n                        <div class='gallery-icon landscape czr-gallery-icon'>\r\n                              <a data-lb-type=\"grouped-gallery\" href=https:\/\/fundhas.org.br\/portfolio\/portfolio2021\/wp-content\/uploads\/2021\/11\/Sustentavel-dia-mundial-03-1.jpg class=\"bg-link\"><\/a><img loading=\"lazy\" decoding=\"async\" width=\"150\" height=\"150\" src=\"https:\/\/fundhas.org.br\/portfolio\/portfolio2021\/wp-content\/uploads\/2021\/11\/Sustentavel-dia-mundial-03-1-150x150.jpg\" class=\"attachment-thumbnail size-thumbnail no-lazy\" alt=\"\" sizes=\"auto, (min-width: 1200px) 350px, (min-width: 992px) 290px, (min-width: 768px) 210px, (min-width: 576px) 150px, calc( 50vw - 30px )\" srcset=\"https:\/\/fundhas.org.br\/portfolio\/portfolio2021\/wp-content\/uploads\/2021\/11\/Sustentavel-dia-mundial-03-1-150x150.jpg 150w, https:\/\/fundhas.org.br\/portfolio\/portfolio2021\/wp-content\/uploads\/2021\/11\/Sustentavel-dia-mundial-03-1-300x300.jpg 300w, https:\/\/fundhas.org.br\/portfolio\/portfolio2021\/wp-content\/uploads\/2021\/11\/Sustentavel-dia-mundial-03-1-1024x1024.jpg 1024w, https:\/\/fundhas.org.br\/portfolio\/portfolio2021\/wp-content\/uploads\/2021\/11\/Sustentavel-dia-mundial-03-1-768x768.jpg 768w, https:\/\/fundhas.org.br\/portfolio\/portfolio2021\/wp-content\/uploads\/2021\/11\/Sustentavel-dia-mundial-03-1-510x510.jpg 510w, https:\/\/fundhas.org.br\/portfolio\/portfolio2021\/wp-content\/uploads\/2021\/11\/Sustentavel-dia-mundial-03-1.jpg 1280w\" \/>\r\n                        <\/div><\/figure><figure class='gallery-item col col-auto'>\r\n                        <div class='gallery-icon portrait czr-gallery-icon'>\r\n                              <a data-lb-type=\"grouped-gallery\" href=https:\/\/fundhas.org.br\/portfolio\/portfolio2021\/wp-content\/uploads\/2021\/11\/Sustentavel-dia-mundial-04-1.jpg class=\"bg-link\"><\/a><img loading=\"lazy\" decoding=\"async\" width=\"150\" height=\"150\" src=\"https:\/\/fundhas.org.br\/portfolio\/portfolio2021\/wp-content\/uploads\/2021\/11\/Sustentavel-dia-mundial-04-1-150x150.jpg\" class=\"attachment-thumbnail size-thumbnail no-lazy\" alt=\"\" sizes=\"auto, (min-width: 1200px) 350px, (min-width: 992px) 290px, (min-width: 768px) 210px, (min-width: 576px) 150px, calc( 50vw - 30px )\" srcset=\"https:\/\/fundhas.org.br\/portfolio\/portfolio2021\/wp-content\/uploads\/2021\/11\/Sustentavel-dia-mundial-04-1-150x150.jpg 150w, https:\/\/fundhas.org.br\/portfolio\/portfolio2021\/wp-content\/uploads\/2021\/11\/Sustentavel-dia-mundial-04-1-510x510.jpg 510w\" \/>\r\n                        <\/div><\/figure><figure class='gallery-item col col-auto'>\r\n                        <div class='gallery-icon landscape czr-gallery-icon'>\r\n                              <a data-lb-type=\"grouped-gallery\" href=https:\/\/fundhas.org.br\/portfolio\/portfolio2021\/wp-content\/uploads\/2021\/11\/Sustentavel-IMG_8454-1-scaled.jpg class=\"bg-link\"><\/a><img loading=\"lazy\" decoding=\"async\" width=\"150\" height=\"150\" src=\"https:\/\/fundhas.org.br\/portfolio\/portfolio2021\/wp-content\/uploads\/2021\/11\/Sustentavel-IMG_8454-1-150x150.jpg\" class=\"attachment-thumbnail size-thumbnail no-lazy\" alt=\"\" sizes=\"auto, (min-width: 1200px) 350px, (min-width: 992px) 290px, (min-width: 768px) 210px, (min-width: 576px) 150px, calc( 50vw - 30px )\" srcset=\"https:\/\/fundhas.org.br\/portfolio\/portfolio2021\/wp-content\/uploads\/2021\/11\/Sustentavel-IMG_8454-1-150x150.jpg 150w, https:\/\/fundhas.org.br\/portfolio\/portfolio2021\/wp-content\/uploads\/2021\/11\/Sustentavel-IMG_8454-1-510x510.jpg 510w\" \/>\r\n                        <\/div><\/figure><figure class='gallery-item col col-auto'>\r\n                        <div class='gallery-icon portrait czr-gallery-icon'>\r\n                              <a data-lb-type=\"grouped-gallery\" href=https:\/\/fundhas.org.br\/portfolio\/portfolio2021\/wp-content\/uploads\/2021\/11\/Sustentavel-IMG_8477-1-scaled.jpg class=\"bg-link\"><\/a><img loading=\"lazy\" decoding=\"async\" width=\"150\" height=\"150\" src=\"https:\/\/fundhas.org.br\/portfolio\/portfolio2021\/wp-content\/uploads\/2021\/11\/Sustentavel-IMG_8477-1-150x150.jpg\" class=\"attachment-thumbnail size-thumbnail no-lazy\" alt=\"\" sizes=\"auto, (min-width: 1200px) 350px, (min-width: 992px) 290px, (min-width: 768px) 210px, (min-width: 576px) 150px, calc( 50vw - 30px )\" srcset=\"https:\/\/fundhas.org.br\/portfolio\/portfolio2021\/wp-content\/uploads\/2021\/11\/Sustentavel-IMG_8477-1-150x150.jpg 150w, https:\/\/fundhas.org.br\/portfolio\/portfolio2021\/wp-content\/uploads\/2021\/11\/Sustentavel-IMG_8477-1-510x510.jpg 510w\" \/>\r\n                        <\/div><\/figure><figure class='gallery-item col col-auto'>\r\n                        <div class='gallery-icon landscape czr-gallery-icon'>\r\n                              <a data-lb-type=\"grouped-gallery\" href=https:\/\/fundhas.org.br\/portfolio\/portfolio2021\/wp-content\/uploads\/2021\/11\/Sustentavel-IMG_8498-1-scaled.jpg class=\"bg-link\"><\/a><img loading=\"lazy\" decoding=\"async\" width=\"150\" height=\"150\" src=\"https:\/\/fundhas.org.br\/portfolio\/portfolio2021\/wp-content\/uploads\/2021\/11\/Sustentavel-IMG_8498-1-150x150.jpg\" class=\"attachment-thumbnail size-thumbnail no-lazy\" alt=\"\" sizes=\"auto, (min-width: 1200px) 350px, (min-width: 992px) 290px, (min-width: 768px) 210px, (min-width: 576px) 150px, calc( 50vw - 30px )\" srcset=\"https:\/\/fundhas.org.br\/portfolio\/portfolio2021\/wp-content\/uploads\/2021\/11\/Sustentavel-IMG_8498-1-150x150.jpg 150w, https:\/\/fundhas.org.br\/portfolio\/portfolio2021\/wp-content\/uploads\/2021\/11\/Sustentavel-IMG_8498-1-510x510.jpg 510w\" \/>\r\n                        <\/div><\/figure><figure class='gallery-item col col-auto'>\r\n                        <div class='gallery-icon landscape czr-gallery-icon'>\r\n                              <a data-lb-type=\"grouped-gallery\" href=https:\/\/fundhas.org.br\/portfolio\/portfolio2021\/wp-content\/uploads\/2021\/11\/Sustentavel-IMG_8594-1-scaled.jpg class=\"bg-link\"><\/a><img loading=\"lazy\" decoding=\"async\" width=\"150\" height=\"150\" src=\"https:\/\/fundhas.org.br\/portfolio\/portfolio2021\/wp-content\/uploads\/2021\/11\/Sustentavel-IMG_8594-1-150x150.jpg\" class=\"attachment-thumbnail size-thumbnail no-lazy\" alt=\"\" sizes=\"auto, (min-width: 1200px) 350px, (min-width: 992px) 290px, (min-width: 768px) 210px, (min-width: 576px) 150px, calc( 50vw - 30px )\" srcset=\"https:\/\/fundhas.org.br\/portfolio\/portfolio2021\/wp-content\/uploads\/2021\/11\/Sustentavel-IMG_8594-1-150x150.jpg 150w, https:\/\/fundhas.org.br\/portfolio\/portfolio2021\/wp-content\/uploads\/2021\/11\/Sustentavel-IMG_8594-1-510x510.jpg 510w\" \/>\r\n                        <\/div><\/figure><figure class='gallery-item col col-auto'>\r\n                        <div class='gallery-icon landscape czr-gallery-icon'>\r\n                              <a data-lb-type=\"grouped-gallery\" href=https:\/\/fundhas.org.br\/portfolio\/portfolio2021\/wp-content\/uploads\/2021\/11\/Sustentavel-IMG_8595-1-scaled.jpg class=\"bg-link\"><\/a><img loading=\"lazy\" decoding=\"async\" width=\"150\" height=\"150\" src=\"https:\/\/fundhas.org.br\/portfolio\/portfolio2021\/wp-content\/uploads\/2021\/11\/Sustentavel-IMG_8595-1-150x150.jpg\" class=\"attachment-thumbnail size-thumbnail no-lazy\" alt=\"\" sizes=\"auto, (min-width: 1200px) 350px, (min-width: 992px) 290px, (min-width: 768px) 210px, (min-width: 576px) 150px, calc( 50vw - 30px )\" srcset=\"https:\/\/fundhas.org.br\/portfolio\/portfolio2021\/wp-content\/uploads\/2021\/11\/Sustentavel-IMG_8595-1-150x150.jpg 150w, https:\/\/fundhas.org.br\/portfolio\/portfolio2021\/wp-content\/uploads\/2021\/11\/Sustentavel-IMG_8595-1-510x510.jpg 510w\" \/>\r\n                        <\/div><\/figure><figure class='gallery-item col col-auto'>\r\n                        <div class='gallery-icon landscape czr-gallery-icon'>\r\n                              <a data-lb-type=\"grouped-gallery\" href=https:\/\/fundhas.org.br\/portfolio\/portfolio2021\/wp-content\/uploads\/2021\/11\/Sustentavel-IMG_8708-1-scaled.jpg class=\"bg-link\"><\/a><img loading=\"lazy\" decoding=\"async\" width=\"150\" height=\"150\" src=\"https:\/\/fundhas.org.br\/portfolio\/portfolio2021\/wp-content\/uploads\/2021\/11\/Sustentavel-IMG_8708-1-150x150.jpg\" class=\"attachment-thumbnail size-thumbnail no-lazy\" alt=\"\" sizes=\"auto, (min-width: 1200px) 350px, (min-width: 992px) 290px, (min-width: 768px) 210px, (min-width: 576px) 150px, calc( 50vw - 30px )\" srcset=\"https:\/\/fundhas.org.br\/portfolio\/portfolio2021\/wp-content\/uploads\/2021\/11\/Sustentavel-IMG_8708-1-150x150.jpg 150w, https:\/\/fundhas.org.br\/portfolio\/portfolio2021\/wp-content\/uploads\/2021\/11\/Sustentavel-IMG_8708-1-510x510.jpg 510w\" \/>\r\n                        <\/div><\/figure><figure class='gallery-item col col-auto'>\r\n                        <div class='gallery-icon landscape czr-gallery-icon'>\r\n                              <a data-lb-type=\"grouped-gallery\" href=https:\/\/fundhas.org.br\/portfolio\/portfolio2021\/wp-content\/uploads\/2021\/11\/Sustentavel-IMG_8788-1-scaled.jpg class=\"bg-link\"><\/a><img loading=\"lazy\" decoding=\"async\" width=\"150\" height=\"150\" src=\"https:\/\/fundhas.org.br\/portfolio\/portfolio2021\/wp-content\/uploads\/2021\/11\/Sustentavel-IMG_8788-1-150x150.jpg\" class=\"attachment-thumbnail size-thumbnail no-lazy\" alt=\"\" sizes=\"auto, (min-width: 1200px) 350px, (min-width: 992px) 290px, (min-width: 768px) 210px, (min-width: 576px) 150px, calc( 50vw - 30px )\" srcset=\"https:\/\/fundhas.org.br\/portfolio\/portfolio2021\/wp-content\/uploads\/2021\/11\/Sustentavel-IMG_8788-1-150x150.jpg 150w, https:\/\/fundhas.org.br\/portfolio\/portfolio2021\/wp-content\/uploads\/2021\/11\/Sustentavel-IMG_8788-1-510x510.jpg 510w\" \/>\r\n                        <\/div><\/figure><figure class='gallery-item col col-auto'>\r\n                        <div class='gallery-icon landscape czr-gallery-icon'>\r\n                              <a data-lb-type=\"grouped-gallery\" href=https:\/\/fundhas.org.br\/portfolio\/portfolio2021\/wp-content\/uploads\/2021\/11\/Sustentavel-IMG_8796-1.jpg class=\"bg-link\"><\/a><img loading=\"lazy\" decoding=\"async\" width=\"150\" height=\"150\" src=\"https:\/\/fundhas.org.br\/portfolio\/portfolio2021\/wp-content\/uploads\/2021\/11\/Sustentavel-IMG_8796-1-150x150.jpg\" class=\"attachment-thumbnail size-thumbnail no-lazy\" alt=\"\" sizes=\"auto, (min-width: 1200px) 350px, (min-width: 992px) 290px, (min-width: 768px) 210px, (min-width: 576px) 150px, calc( 50vw - 30px )\" srcset=\"https:\/\/fundhas.org.br\/portfolio\/portfolio2021\/wp-content\/uploads\/2021\/11\/Sustentavel-IMG_8796-1-150x150.jpg 150w, https:\/\/fundhas.org.br\/portfolio\/portfolio2021\/wp-content\/uploads\/2021\/11\/Sustentavel-IMG_8796-1-510x510.jpg 510w\" \/>\r\n                        <\/div><\/figure><figure class='gallery-item col col-auto'>\r\n                        <div class='gallery-icon portrait czr-gallery-icon'>\r\n                              <a data-lb-type=\"grouped-gallery\" href=https:\/\/fundhas.org.br\/portfolio\/portfolio2021\/wp-content\/uploads\/2021\/11\/Sustentavel-IMG-20210812-WA0013-1.jpg class=\"bg-link\"><\/a><img loading=\"lazy\" decoding=\"async\" width=\"150\" height=\"150\" src=\"https:\/\/fundhas.org.br\/portfolio\/portfolio2021\/wp-content\/uploads\/2021\/11\/Sustentavel-IMG-20210812-WA0013-1-150x150.jpg\" class=\"attachment-thumbnail size-thumbnail no-lazy\" alt=\"\" sizes=\"auto, (min-width: 1200px) 350px, (min-width: 992px) 290px, (min-width: 768px) 210px, (min-width: 576px) 150px, calc( 50vw - 30px )\" srcset=\"https:\/\/fundhas.org.br\/portfolio\/portfolio2021\/wp-content\/uploads\/2021\/11\/Sustentavel-IMG-20210812-WA0013-1-150x150.jpg 150w, https:\/\/fundhas.org.br\/portfolio\/portfolio2021\/wp-content\/uploads\/2021\/11\/Sustentavel-IMG-20210812-WA0013-1-510x510.jpg 510w\" \/>\r\n                        <\/div><\/figure><figure class='gallery-item col col-auto'>\r\n                        <div class='gallery-icon portrait czr-gallery-icon'>\r\n                              <a data-lb-type=\"grouped-gallery\" href=https:\/\/fundhas.org.br\/portfolio\/portfolio2021\/wp-content\/uploads\/2021\/11\/Sustentavel-IMG-20210922-WA0048-1.jpg class=\"bg-link\"><\/a><img loading=\"lazy\" decoding=\"async\" width=\"150\" height=\"150\" src=\"https:\/\/fundhas.org.br\/portfolio\/portfolio2021\/wp-content\/uploads\/2021\/11\/Sustentavel-IMG-20210922-WA0048-1-150x150.jpg\" class=\"attachment-thumbnail size-thumbnail no-lazy\" alt=\"\" sizes=\"auto, (min-width: 1200px) 350px, (min-width: 992px) 290px, (min-width: 768px) 210px, (min-width: 576px) 150px, calc( 50vw - 30px )\" srcset=\"https:\/\/fundhas.org.br\/portfolio\/portfolio2021\/wp-content\/uploads\/2021\/11\/Sustentavel-IMG-20210922-WA0048-1-150x150.jpg 150w, https:\/\/fundhas.org.br\/portfolio\/portfolio2021\/wp-content\/uploads\/2021\/11\/Sustentavel-IMG-20210922-WA0048-1-510x510.jpg 510w\" \/>\r\n                        <\/div><\/figure>\r\n                  <\/div>\n\r\n<p>&nbsp;<\/p>","protected":false},"excerpt":{"rendered":"<p>Tema Abordado: Desenvolvimento Sustent\u00e1vel\/ Dia Mundial do Meio Ambiente\/ Frutas e Vegetais. Descri\u00e7\u00e3o O projeto vai de encontro com o ODS 4 \u201cAssegurar uma educa\u00e7\u00e3o inclusiva, e equitativa e de qualidade, e promover oportunidades de aprendizagem ao longo da vida para todos\u201d e ODS 2 \u201cacabar com a fome, alcan\u00e7ar a seguran\u00e7a alimentar e melhoria [&hellip;]<\/p>\n","protected":false},"author":5,"featured_media":0,"parent":235,"menu_order":2,"comment_status":"closed","ping_status":"closed","template":"","meta":{"footnotes":""},"class_list":["post-1910","page","type-page","status-publish","czr-hentry"],"_links":{"self":[{"href":"https:\/\/fundhas.org.br\/portfolio\/portfolio2021\/wp-json\/wp\/v2\/pages\/1910","targetHints":{"allow":["GET"]}}],"collection":[{"href":"https:\/\/fundhas.org.br\/portfolio\/portfolio2021\/wp-json\/wp\/v2\/pages"}],"about":[{"href":"https:\/\/fundhas.org.br\/portfolio\/portfolio2021\/wp-json\/wp\/v2\/types\/page"}],"author":[{"embeddable":true,"href":"https:\/\/fundhas.org.br\/portfolio\/portfolio2021\/wp-json\/wp\/v2\/users\/5"}],"replies":[{"embeddable":true,"href":"https:\/\/fundhas.org.br\/portfolio\/portfolio2021\/wp-json\/wp\/v2\/comments?post=1910"}],"version-history":[{"count":9,"href":"https:\/\/fundhas.org.br\/portfolio\/portfolio2021\/wp-json\/wp\/v2\/pages\/1910\/revisions"}],"predecessor-version":[{"id":3059,"href":"https:\/\/fundhas.org.br\/portfolio\/portfolio2021\/wp-json\/wp\/v2\/pages\/1910\/revisions\/3059"}],"up":[{"embeddable":true,"href":"https:\/\/fundhas.org.br\/portfolio\/portfolio2021\/wp-json\/wp\/v2\/pages\/235"}],"wp:attachment":[{"href":"https:\/\/fundhas.org.br\/portfolio\/portfolio2021\/wp-json\/wp\/v2\/media?parent=1910"}],"curies":[{"name":"wp","href":"https:\/\/api.w.org\/{rel}","templated":true}]}}