{"id":957,"date":"2019-11-13T13:56:50","date_gmt":"2019-11-13T13:56:50","guid":{"rendered":"https:\/\/fundhas.org.br\/portfolio\/portfolio2020\/?page_id=957"},"modified":"2020-12-03T14:58:12","modified_gmt":"2020-12-03T17:58:12","slug":"dia-internacional-mulheres","status":"publish","type":"page","link":"https:\/\/fundhas.org.br\/portfolio\/portfolio2020\/inicio\/cultura-da-paz\/dia-internacional-mulheres\/","title":{"rendered":"Dia Internacional das Mulheres."},"content":{"rendered":"<h4><span style=\"color: #00aeef;\">Descri\u00e7\u00e3o<\/span><\/h4>\n<p><span style=\"font-weight: 400;\">O projeto did\u00e1tico Tarsila do Amaral tem o objetivo de retratar a biografia de uma artista brasileira feminista, apresentando sua hist\u00f3ria e suas obras, despertando a criatividade em reproduzir suas obras e suas experi\u00eancias vividas.<\/span><\/p>\n<p><span style=\"font-weight: 400;\">Utilizando profissionais de refer\u00eancia da institui\u00e7\u00e3o\/unidade, como mulheres guerreiras foram realizadas uma exposi\u00e7\u00e3o com as imagens das mesmas e de suas hist\u00f3rias pessoais. Alguns profissionais da Institui\u00e7\u00e3o foram convidados a participar da palestra na Assecre com o tema\u00a0 \u201cA Mulher Maravilha de 2020\u201d.<\/span><\/p>\n<p><span style=\"font-weight: 400;\">O objetivo e a inten\u00e7\u00e3o educativa \u00e9 de conscientizar o aluno sobre a import\u00e2ncia da figura humana e a valoriza\u00e7\u00e3o da atua\u00e7\u00e3o feminina na sociedade moderna, a explora\u00e7\u00e3o da imagina\u00e7\u00e3o e a criatividade.\u00a0<\/span><\/p>\n<p><span style=\"font-weight: 400;\">Projeto aconteceu em Mar\u00e7o \/2020.<\/span><\/p>\n<h4><span style=\"color: #00aeef;\">Galeria de Imagens<\/span><\/h4>\n<div id='gallery-1' class='czr-gallery row flex-row czr-gallery-style gallery galleryid-957 gallery-columns-3 gallery-size-medium'><figure class='gallery-item col col-auto'>\r\n                        <div class='gallery-icon landscape czr-gallery-icon'>\r\n                              <a data-lb-type=\"grouped-gallery\" href=https:\/\/fundhas.org.br\/portfolio\/portfolio2020\/wp-content\/uploads\/2020\/11\/DIA-DA-MULHER-ARNOLDO-07-1.jpg class=\"bg-link\"><\/a><img loading=\"lazy\" decoding=\"async\" width=\"300\" height=\"225\" src=\"https:\/\/fundhas.org.br\/portfolio\/portfolio2020\/wp-content\/uploads\/2020\/11\/DIA-DA-MULHER-ARNOLDO-07-1-300x225.jpg\" class=\"attachment-medium size-medium no-lazy\" alt=\"\" sizes=\"auto, (min-width: 1200px) 350px, (min-width: 992px) 290px, (min-width: 768px) 210px, (min-width: 576px) 150px, calc( 50vw - 30px )\" srcset=\"https:\/\/fundhas.org.br\/portfolio\/portfolio2020\/wp-content\/uploads\/2020\/11\/DIA-DA-MULHER-ARNOLDO-07-1-300x225.jpg 300w, https:\/\/fundhas.org.br\/portfolio\/portfolio2020\/wp-content\/uploads\/2020\/11\/DIA-DA-MULHER-ARNOLDO-07-1-768x576.jpg 768w, https:\/\/fundhas.org.br\/portfolio\/portfolio2020\/wp-content\/uploads\/2020\/11\/DIA-DA-MULHER-ARNOLDO-07-1.jpg 1024w\" \/>\r\n                        <\/div><\/figure><figure class='gallery-item col col-auto'>\r\n                        <div class='gallery-icon landscape czr-gallery-icon'>\r\n                              <a data-lb-type=\"grouped-gallery\" href=https:\/\/fundhas.org.br\/portfolio\/portfolio2020\/wp-content\/uploads\/2020\/12\/IMG-20201126-WA0070.jpg class=\"bg-link\"><\/a><img loading=\"lazy\" decoding=\"async\" width=\"300\" height=\"225\" src=\"https:\/\/fundhas.org.br\/portfolio\/portfolio2020\/wp-content\/uploads\/2020\/12\/IMG-20201126-WA0070-300x225.jpg\" class=\"attachment-medium size-medium no-lazy\" alt=\"\" sizes=\"auto, (min-width: 1200px) 350px, (min-width: 992px) 290px, (min-width: 768px) 210px, (min-width: 576px) 150px, calc( 50vw - 30px )\" srcset=\"https:\/\/fundhas.org.br\/portfolio\/portfolio2020\/wp-content\/uploads\/2020\/12\/IMG-20201126-WA0070-300x225.jpg 300w, https:\/\/fundhas.org.br\/portfolio\/portfolio2020\/wp-content\/uploads\/2020\/12\/IMG-20201126-WA0070-1024x768.jpg 1024w, https:\/\/fundhas.org.br\/portfolio\/portfolio2020\/wp-content\/uploads\/2020\/12\/IMG-20201126-WA0070-768x576.jpg 768w, https:\/\/fundhas.org.br\/portfolio\/portfolio2020\/wp-content\/uploads\/2020\/12\/IMG-20201126-WA0070.jpg 1280w\" \/>\r\n                        <\/div><\/figure><figure class='gallery-item col col-auto'>\r\n                        <div class='gallery-icon landscape czr-gallery-icon'>\r\n                              <a data-lb-type=\"grouped-gallery\" href=https:\/\/fundhas.org.br\/portfolio\/portfolio2020\/wp-content\/uploads\/2020\/12\/IMG-20201126-WA0074.jpg class=\"bg-link\"><\/a><img loading=\"lazy\" decoding=\"async\" width=\"300\" height=\"225\" src=\"https:\/\/fundhas.org.br\/portfolio\/portfolio2020\/wp-content\/uploads\/2020\/12\/IMG-20201126-WA0074-300x225.jpg\" class=\"attachment-medium size-medium no-lazy\" alt=\"\" sizes=\"auto, (min-width: 1200px) 350px, (min-width: 992px) 290px, (min-width: 768px) 210px, (min-width: 576px) 150px, calc( 50vw - 30px )\" srcset=\"https:\/\/fundhas.org.br\/portfolio\/portfolio2020\/wp-content\/uploads\/2020\/12\/IMG-20201126-WA0074-300x225.jpg 300w, https:\/\/fundhas.org.br\/portfolio\/portfolio2020\/wp-content\/uploads\/2020\/12\/IMG-20201126-WA0074-1024x768.jpg 1024w, https:\/\/fundhas.org.br\/portfolio\/portfolio2020\/wp-content\/uploads\/2020\/12\/IMG-20201126-WA0074-768x576.jpg 768w, https:\/\/fundhas.org.br\/portfolio\/portfolio2020\/wp-content\/uploads\/2020\/12\/IMG-20201126-WA0074.jpg 1280w\" \/>\r\n                        <\/div><\/figure><figure class='gallery-item col col-auto'>\r\n                        <div class='gallery-icon portrait czr-gallery-icon'>\r\n                              <a data-lb-type=\"grouped-gallery\" href=https:\/\/fundhas.org.br\/portfolio\/portfolio2020\/wp-content\/uploads\/2020\/12\/aIMG-20201126-WA0073.jpg class=\"bg-link\"><\/a><img loading=\"lazy\" decoding=\"async\" width=\"292\" height=\"300\" src=\"https:\/\/fundhas.org.br\/portfolio\/portfolio2020\/wp-content\/uploads\/2020\/12\/aIMG-20201126-WA0073-292x300.jpg\" class=\"attachment-medium size-medium no-lazy\" alt=\"\" sizes=\"auto, (min-width: 1200px) 350px, (min-width: 992px) 290px, (min-width: 768px) 210px, (min-width: 576px) 150px, calc( 50vw - 30px )\" srcset=\"https:\/\/fundhas.org.br\/portfolio\/portfolio2020\/wp-content\/uploads\/2020\/12\/aIMG-20201126-WA0073-292x300.jpg 292w, https:\/\/fundhas.org.br\/portfolio\/portfolio2020\/wp-content\/uploads\/2020\/12\/aIMG-20201126-WA0073-995x1024.jpg 995w, https:\/\/fundhas.org.br\/portfolio\/portfolio2020\/wp-content\/uploads\/2020\/12\/aIMG-20201126-WA0073-768x790.jpg 768w, https:\/\/fundhas.org.br\/portfolio\/portfolio2020\/wp-content\/uploads\/2020\/12\/aIMG-20201126-WA0073.jpg 1040w\" \/>\r\n                        <\/div><\/figure><figure class='gallery-item col col-auto'>\r\n                        <div class='gallery-icon landscape czr-gallery-icon'>\r\n                              <a data-lb-type=\"grouped-gallery\" href=https:\/\/fundhas.org.br\/portfolio\/portfolio2020\/wp-content\/uploads\/2020\/11\/Dia-da-Mulher-Assecre-03-2.jpg class=\"bg-link\"><\/a><img loading=\"lazy\" decoding=\"async\" width=\"300\" height=\"225\" src=\"https:\/\/fundhas.org.br\/portfolio\/portfolio2020\/wp-content\/uploads\/2020\/11\/Dia-da-Mulher-Assecre-03-2-300x225.jpg\" class=\"attachment-medium size-medium no-lazy\" alt=\"\" sizes=\"auto, (min-width: 1200px) 350px, (min-width: 992px) 290px, (min-width: 768px) 210px, (min-width: 576px) 150px, calc( 50vw - 30px )\" srcset=\"https:\/\/fundhas.org.br\/portfolio\/portfolio2020\/wp-content\/uploads\/2020\/11\/Dia-da-Mulher-Assecre-03-2-300x225.jpg 300w, https:\/\/fundhas.org.br\/portfolio\/portfolio2020\/wp-content\/uploads\/2020\/11\/Dia-da-Mulher-Assecre-03-2-1024x768.jpg 1024w, https:\/\/fundhas.org.br\/portfolio\/portfolio2020\/wp-content\/uploads\/2020\/11\/Dia-da-Mulher-Assecre-03-2-768x576.jpg 768w, https:\/\/fundhas.org.br\/portfolio\/portfolio2020\/wp-content\/uploads\/2020\/11\/Dia-da-Mulher-Assecre-03-2.jpg 1280w\" \/>\r\n                        <\/div><\/figure><figure class='gallery-item col col-auto'>\r\n                        <div class='gallery-icon landscape czr-gallery-icon'>\r\n                              <a data-lb-type=\"grouped-gallery\" href=https:\/\/fundhas.org.br\/portfolio\/portfolio2020\/wp-content\/uploads\/2020\/11\/diadamulher-1.png class=\"bg-link\"><\/a><img loading=\"lazy\" decoding=\"async\" width=\"300\" height=\"237\" src=\"https:\/\/fundhas.org.br\/portfolio\/portfolio2020\/wp-content\/uploads\/2020\/11\/diadamulher-1-300x237.png\" class=\"attachment-medium size-medium no-lazy\" alt=\"\" sizes=\"auto, (min-width: 1200px) 350px, (min-width: 992px) 290px, (min-width: 768px) 210px, (min-width: 576px) 150px, calc( 50vw - 30px )\" srcset=\"https:\/\/fundhas.org.br\/portfolio\/portfolio2020\/wp-content\/uploads\/2020\/11\/diadamulher-1-300x237.png 300w, https:\/\/fundhas.org.br\/portfolio\/portfolio2020\/wp-content\/uploads\/2020\/11\/diadamulher-1-768x606.png 768w, https:\/\/fundhas.org.br\/portfolio\/portfolio2020\/wp-content\/uploads\/2020\/11\/diadamulher-1.png 958w\" \/>\r\n                        <\/div><\/figure>\r\n                  <\/div>\n\n<p>&nbsp;<\/p>\n","protected":false},"excerpt":{"rendered":"<p>Descri\u00e7\u00e3o O projeto did\u00e1tico Tarsila do Amaral tem o objetivo de retratar a biografia de uma artista brasileira feminista, apresentando sua hist\u00f3ria e suas obras, despertando a criatividade em reproduzir suas obras e suas experi\u00eancias vividas. Utilizando profissionais de refer\u00eancia da institui\u00e7\u00e3o\/unidade, como mulheres guerreiras foram realizadas uma exposi\u00e7\u00e3o com as imagens das mesmas e [&hellip;]<\/p>\n","protected":false},"author":4,"featured_media":0,"parent":318,"menu_order":0,"comment_status":"closed","ping_status":"closed","template":"","meta":{"footnotes":""},"class_list":["post-957","page","type-page","status-publish","czr-hentry"],"_links":{"self":[{"href":"https:\/\/fundhas.org.br\/portfolio\/portfolio2020\/wp-json\/wp\/v2\/pages\/957","targetHints":{"allow":["GET"]}}],"collection":[{"href":"https:\/\/fundhas.org.br\/portfolio\/portfolio2020\/wp-json\/wp\/v2\/pages"}],"about":[{"href":"https:\/\/fundhas.org.br\/portfolio\/portfolio2020\/wp-json\/wp\/v2\/types\/page"}],"author":[{"embeddable":true,"href":"https:\/\/fundhas.org.br\/portfolio\/portfolio2020\/wp-json\/wp\/v2\/users\/4"}],"replies":[{"embeddable":true,"href":"https:\/\/fundhas.org.br\/portfolio\/portfolio2020\/wp-json\/wp\/v2\/comments?post=957"}],"version-history":[{"count":14,"href":"https:\/\/fundhas.org.br\/portfolio\/portfolio2020\/wp-json\/wp\/v2\/pages\/957\/revisions"}],"predecessor-version":[{"id":2352,"href":"https:\/\/fundhas.org.br\/portfolio\/portfolio2020\/wp-json\/wp\/v2\/pages\/957\/revisions\/2352"}],"up":[{"embeddable":true,"href":"https:\/\/fundhas.org.br\/portfolio\/portfolio2020\/wp-json\/wp\/v2\/pages\/318"}],"wp:attachment":[{"href":"https:\/\/fundhas.org.br\/portfolio\/portfolio2020\/wp-json\/wp\/v2\/media?parent=957"}],"curies":[{"name":"wp","href":"https:\/\/api.w.org\/{rel}","templated":true}]}}