{"id":260,"date":"2019-10-16T14:26:16","date_gmt":"2019-10-16T14:26:16","guid":{"rendered":"https:\/\/fundhas.org.br\/portfolio\/portfolio2020\/?page_id=260"},"modified":"2019-11-28T12:59:42","modified_gmt":"2019-11-28T12:59:42","slug":"patrulha","status":"publish","type":"page","link":"https:\/\/fundhas.org.br\/portfolio\/portfolio2020\/inicio\/meio-ambiente\/patrulha\/","title":{"rendered":"Patrulha Ambiental"},"content":{"rendered":"<h4><span style=\"color: #00aeef;\">Descri\u00e7\u00e3o<\/span><\/h4>\n<p>O Projeto Patrulha Ambiental acontece em parceria com o Parque Alambari, na regi\u00e3o leste de S\u00e3o Jos\u00e9 dos Campos -SP e abrange a\u00e7\u00f5es do eixo de Meio Ambiente e Sustentabilidade.<br \/>\nNossas crian\u00e7as e adolescentes multiplicam conhecimentos dentro e fora da Unidade da Fundhas, trabalhando a conscientiza\u00e7\u00e3o ambiental, por meio da Educomunica\u00e7\u00e3o Socioambiental que, desenvolve a vis\u00e3o cr\u00edtica, o reconhecimento do meio, t\u00e9cnicas de pesquisa e linguagens de comunica\u00e7\u00e3o dos participantes promovendo di\u00e1logo com os familiares e a Comunidade do entorno.<br \/>\nO resultado foi consolidado com o plantio de mudas no Parque, a\u00e7\u00f5es de limpeza m torno do Parque e o monitoramento do local para acompanhar o desenvolvimento das plantas e manter o local limpo.<br \/>\nV\u00e1rias a\u00e7\u00f5es t\u00eam sido realizadas, com envolvimento da Comunidade local e \u00f3rg\u00e3o do Munic\u00edpio que planejam e permeiam a preserva\u00e7\u00e3o do meio ambiente, o resultado ser\u00e1 no futuro um espa\u00e7o para garantir lazer para Comunidade.<\/p>\n<h4><span style=\"color: #00aeef;\">Galeria de Imagens<\/span><\/h4>\n\n<h4><span style=\"color: #00aeef;\">Links<\/span><\/h4>\n<p><a href=\"https:\/\/www.sjc.sp.gov.br\/noticias\/2019\/junho\/7\/semana-do-meio-ambiente-da-fundhas-termina-com-plantio\/\" target=\"_blank\" rel=\"noopener noreferrer\">https:\/\/www.sjc.sp.gov.br\/noticias\/2019\/junho\/7\/semana-do-meio-ambiente-da-fundhas-termina-com-plantio\/<\/a><\/p>\n<p><a href=\"https:\/\/www.facebook.com\/1361518513867687\/posts\/2445433795476148\/\">https:\/\/www.facebook.com\/1361518513867687\/posts\/2445433795476148\/<\/a><\/p>\n","protected":false},"excerpt":{"rendered":"<p>Descri\u00e7\u00e3o O Projeto Patrulha Ambiental acontece em parceria com o Parque Alambari, na regi\u00e3o leste de S\u00e3o Jos\u00e9 dos Campos -SP e abrange a\u00e7\u00f5es do eixo de Meio Ambiente e Sustentabilidade. Nossas crian\u00e7as e adolescentes multiplicam conhecimentos dentro e fora da Unidade da Fundhas, trabalhando a conscientiza\u00e7\u00e3o ambiental, por meio da Educomunica\u00e7\u00e3o Socioambiental que, desenvolve [&hellip;]<\/p>\n","protected":false},"author":4,"featured_media":0,"parent":235,"menu_order":0,"comment_status":"closed","ping_status":"closed","template":"","meta":{"footnotes":""},"class_list":["post-260","page","type-page","status-publish","czr-hentry"],"_links":{"self":[{"href":"https:\/\/fundhas.org.br\/portfolio\/portfolio2020\/wp-json\/wp\/v2\/pages\/260","targetHints":{"allow":["GET"]}}],"collection":[{"href":"https:\/\/fundhas.org.br\/portfolio\/portfolio2020\/wp-json\/wp\/v2\/pages"}],"about":[{"href":"https:\/\/fundhas.org.br\/portfolio\/portfolio2020\/wp-json\/wp\/v2\/types\/page"}],"author":[{"embeddable":true,"href":"https:\/\/fundhas.org.br\/portfolio\/portfolio2020\/wp-json\/wp\/v2\/users\/4"}],"replies":[{"embeddable":true,"href":"https:\/\/fundhas.org.br\/portfolio\/portfolio2020\/wp-json\/wp\/v2\/comments?post=260"}],"version-history":[{"count":21,"href":"https:\/\/fundhas.org.br\/portfolio\/portfolio2020\/wp-json\/wp\/v2\/pages\/260\/revisions"}],"predecessor-version":[{"id":1163,"href":"https:\/\/fundhas.org.br\/portfolio\/portfolio2020\/wp-json\/wp\/v2\/pages\/260\/revisions\/1163"}],"up":[{"embeddable":true,"href":"https:\/\/fundhas.org.br\/portfolio\/portfolio2020\/wp-json\/wp\/v2\/pages\/235"}],"wp:attachment":[{"href":"https:\/\/fundhas.org.br\/portfolio\/portfolio2020\/wp-json\/wp\/v2\/media?parent=260"}],"curies":[{"name":"wp","href":"https:\/\/api.w.org\/{rel}","templated":true}]}}