{"id":2121,"date":"2020-11-26T08:44:12","date_gmt":"2020-11-26T11:44:12","guid":{"rendered":"https:\/\/fundhas.org.br\/portfolio\/portfolio2020\/?page_id=2121"},"modified":"2020-12-03T11:40:54","modified_gmt":"2020-12-03T14:40:54","slug":"horta-mandala","status":"publish","type":"page","link":"https:\/\/fundhas.org.br\/portfolio\/portfolio2020\/inicio\/meio-ambiente\/horta-mandala\/","title":{"rendered":"Horta Mandala"},"content":{"rendered":"<p><b><i>Tema: Fitossanidade<\/i><\/b><\/p>\r\n<h4><span style=\"color: #00aeef;\">Descri\u00e7\u00e3o<\/span><\/h4>\r\n<div>\r\n<p>A horta em formato de Mandala possui v\u00e1rias vantagens, como possibilitar o melhor aproveitamento do solo, de uma produ\u00e7\u00e3o mais concentrada e diversificada, do consorciamento de plantas: companheiras, repelentes, misturas de esp\u00e9cies fundamentais para sa\u00fade do solo, com a diminui\u00e7\u00e3o do \u00edndice de pragas e minimiza\u00e7\u00e3o do esgotamento do mesmo.<\/p>\r\n<p><br \/>A inten\u00e7\u00e3o educativa \u00e9 da produ\u00e7\u00e3o de alimentos saud\u00e1veis, sem aditivos qu\u00edmicos, que podem contribuir para o controle biol\u00f3gico entre diferentes esp\u00e9cies, produzir plantas medicinais e ornamentais conjuntamente com os outros alimentos.<\/p>\r\n<p><br \/>Projeto foi iniciado em Fevereiro de 2020 e ter\u00e1 continuidade no pr\u00f3ximo per\u00edodo.<\/p>\r\n<\/div>\r\n<div>\u00a0<\/div>\r\n<div><strong><span style=\"color: #00aeef;\">Galeria de Imagens<\/span><\/strong><\/div>\r\n<div>\r\n<div id='gallery-1' class='czr-gallery row flex-row czr-gallery-style gallery galleryid-2121 gallery-columns-3 gallery-size-thumbnail'><figure class='gallery-item col col-auto'>\r\n                        <div class='gallery-icon landscape czr-gallery-icon'>\r\n                              <a href=https:\/\/fundhas.org.br\/portfolio\/portfolio2020\/horta-mandala-12-03-2020-petro\/ class=\"bg-link\"><\/a><img loading=\"lazy\" decoding=\"async\" width=\"150\" height=\"150\" src=\"https:\/\/fundhas.org.br\/portfolio\/portfolio2020\/wp-content\/uploads\/2020\/11\/Horta-Mandala-12-03-2020-Petro-150x150.jpg\" class=\"attachment-thumbnail size-thumbnail no-lazy\" alt=\"\" sizes=\"auto, (min-width: 1200px) 350px, (min-width: 992px) 290px, (min-width: 768px) 210px, (min-width: 576px) 150px, calc( 50vw - 30px )\" srcset=\"https:\/\/fundhas.org.br\/portfolio\/portfolio2020\/wp-content\/uploads\/2020\/11\/Horta-Mandala-12-03-2020-Petro-150x150.jpg 150w, https:\/\/fundhas.org.br\/portfolio\/portfolio2020\/wp-content\/uploads\/2020\/11\/Horta-Mandala-12-03-2020-Petro-510x510.jpg 510w\" \/><div class=\"post-action btn btn-skin-dark-shaded inverted\"><a href=\"https:\/\/fundhas.org.br\/portfolio\/portfolio2020\/wp-content\/uploads\/2020\/11\/Horta-Mandala-12-03-2020-Petro.jpg\" class=\"icn-expand\" data-lb-type=\"grouped-gallery\"><\/a><\/div>\r\n                        <\/div><\/figure><figure class='gallery-item col col-auto'>\r\n                        <div class='gallery-icon landscape czr-gallery-icon'>\r\n                              <a href=https:\/\/fundhas.org.br\/portfolio\/portfolio2020\/inicio\/meio-ambiente\/horta-mandala\/horta-mandala-12-03-2020-petro-02-2\/ class=\"bg-link\"><\/a><img loading=\"lazy\" decoding=\"async\" width=\"150\" height=\"150\" src=\"https:\/\/fundhas.org.br\/portfolio\/portfolio2020\/wp-content\/uploads\/2020\/12\/Horta-Mandala-12-03-2020-Petro-02-150x150.jpg\" class=\"attachment-thumbnail size-thumbnail no-lazy\" alt=\"\" sizes=\"auto, (min-width: 1200px) 350px, (min-width: 992px) 290px, (min-width: 768px) 210px, (min-width: 576px) 150px, calc( 50vw - 30px )\" srcset=\"https:\/\/fundhas.org.br\/portfolio\/portfolio2020\/wp-content\/uploads\/2020\/12\/Horta-Mandala-12-03-2020-Petro-02-150x150.jpg 150w, https:\/\/fundhas.org.br\/portfolio\/portfolio2020\/wp-content\/uploads\/2020\/12\/Horta-Mandala-12-03-2020-Petro-02-510x510.jpg 510w\" \/><div class=\"post-action btn btn-skin-dark-shaded inverted\"><a href=\"https:\/\/fundhas.org.br\/portfolio\/portfolio2020\/wp-content\/uploads\/2020\/12\/Horta-Mandala-12-03-2020-Petro-02.jpg\" class=\"icn-expand\" data-lb-type=\"grouped-gallery\"><\/a><\/div>\r\n                        <\/div><\/figure>\r\n                  <\/div>\n\r\n<\/div>\r\n<p><strong><!-- \/wp:post-content -->\r\n\r\n<!-- wp:gallery {\"ids\":[\"754\",\"759\",\"760\",\"761\",\"762\"],\"linkTo\":\"media\"} --><\/strong><\/p>","protected":false},"excerpt":{"rendered":"<p>Tema: Fitossanidade Descri\u00e7\u00e3o A horta em formato de Mandala possui v\u00e1rias vantagens, como possibilitar o melhor aproveitamento do solo, de uma produ\u00e7\u00e3o mais concentrada e diversificada, do consorciamento de plantas: companheiras, repelentes, misturas de esp\u00e9cies fundamentais para sa\u00fade do solo, com a diminui\u00e7\u00e3o do \u00edndice de pragas e minimiza\u00e7\u00e3o do esgotamento do mesmo. A inten\u00e7\u00e3o [&hellip;]<\/p>\n","protected":false},"author":2,"featured_media":0,"parent":235,"menu_order":0,"comment_status":"closed","ping_status":"closed","template":"custom-page.php","meta":{"footnotes":""},"class_list":["post-2121","page","type-page","status-publish","czr-hentry"],"_links":{"self":[{"href":"https:\/\/fundhas.org.br\/portfolio\/portfolio2020\/wp-json\/wp\/v2\/pages\/2121","targetHints":{"allow":["GET"]}}],"collection":[{"href":"https:\/\/fundhas.org.br\/portfolio\/portfolio2020\/wp-json\/wp\/v2\/pages"}],"about":[{"href":"https:\/\/fundhas.org.br\/portfolio\/portfolio2020\/wp-json\/wp\/v2\/types\/page"}],"author":[{"embeddable":true,"href":"https:\/\/fundhas.org.br\/portfolio\/portfolio2020\/wp-json\/wp\/v2\/users\/2"}],"replies":[{"embeddable":true,"href":"https:\/\/fundhas.org.br\/portfolio\/portfolio2020\/wp-json\/wp\/v2\/comments?post=2121"}],"version-history":[{"count":4,"href":"https:\/\/fundhas.org.br\/portfolio\/portfolio2020\/wp-json\/wp\/v2\/pages\/2121\/revisions"}],"predecessor-version":[{"id":2329,"href":"https:\/\/fundhas.org.br\/portfolio\/portfolio2020\/wp-json\/wp\/v2\/pages\/2121\/revisions\/2329"}],"up":[{"embeddable":true,"href":"https:\/\/fundhas.org.br\/portfolio\/portfolio2020\/wp-json\/wp\/v2\/pages\/235"}],"wp:attachment":[{"href":"https:\/\/fundhas.org.br\/portfolio\/portfolio2020\/wp-json\/wp\/v2\/media?parent=2121"}],"curies":[{"name":"wp","href":"https:\/\/api.w.org\/{rel}","templated":true}]}}