{"id":2032,"date":"2020-11-25T14:53:35","date_gmt":"2020-11-25T17:53:35","guid":{"rendered":"https:\/\/fundhas.org.br\/portfolio\/portfolio2020\/?page_id=2032"},"modified":"2020-12-03T10:30:58","modified_gmt":"2020-12-03T13:30:58","slug":"patrulha-ambiental","status":"publish","type":"page","link":"https:\/\/fundhas.org.br\/portfolio\/portfolio2020\/patrulha-ambiental\/","title":{"rendered":"Patrulha Ambiental"},"content":{"rendered":"<h4><b><i>Tema Abordado: O desenvolvimento Sustent\u00e1vel<\/i><\/b><\/h4>\r\n<h4><span style=\"color: #00aeef;\">Descri\u00e7\u00e3o<\/span><\/h4>\r\n<div><span style=\"font-weight: 400;\">O Projeto patrulha ambiental tem o objetivo de desenvolver agentes multiplicadores, que sejam comprometidos e respons\u00e1veis pelas suas atitudes diante da natureza e dos cuidados com o Planeta, que respeitam os seres vivos e os homens, se tornando correspons\u00e1veis pelo zelo e pelos valores humanos.<\/span><\/div>\r\n<div>\u00a0<\/div>\r\n<div><span style=\"font-weight: 400;\">A inten\u00e7\u00e3o educacional est\u00e1 na sua forma\u00e7\u00e3o, as crian\u00e7as e adolescentes desenvolverem o respeito \u00e0s regras, a aquisi\u00e7\u00e3o de conhecimentos, o protagonismo e autonomia dos participantes, al\u00e9m de habilidades e compet\u00eancias que contribuem com a autoestima, sendo multiplicadores frente a sua comunidade e que consigam conviver e atuar de forma sensibilizadora, mobilizadora e sustent\u00e1vel.<\/span><\/div>\r\n<div>\u00a0<\/div>\r\n<div><span style=\"font-weight: 400;\">Projeto aconteceu em Fevereiro e Mar\u00e7o\/2020.<\/span><\/div>\r\n<div>\u00a0<\/div>\r\n<div>\r\n<div id='gallery-1' class='czr-gallery row flex-row czr-gallery-style gallery galleryid-2032 gallery-columns-3 gallery-size-thumbnail'><figure class='gallery-item col col-auto'>\r\n                        <div class='gallery-icon landscape czr-gallery-icon'>\r\n                              <a href=https:\/\/fundhas.org.br\/portfolio\/portfolio2020\/patrulha-ambiental\/mariana-5\/ class=\"bg-link\"><\/a><img loading=\"lazy\" decoding=\"async\" width=\"150\" height=\"150\" src=\"https:\/\/fundhas.org.br\/portfolio\/portfolio2020\/wp-content\/uploads\/2020\/12\/mariana-5-150x150.jpg\" class=\"attachment-thumbnail size-thumbnail no-lazy\" alt=\"\" sizes=\"auto, (min-width: 1200px) 350px, (min-width: 992px) 290px, (min-width: 768px) 210px, (min-width: 576px) 150px, calc( 50vw - 30px )\" srcset=\"https:\/\/fundhas.org.br\/portfolio\/portfolio2020\/wp-content\/uploads\/2020\/12\/mariana-5-150x150.jpg 150w, https:\/\/fundhas.org.br\/portfolio\/portfolio2020\/wp-content\/uploads\/2020\/12\/mariana-5-510x510.jpg 510w\" \/><div class=\"post-action btn btn-skin-dark-shaded inverted\"><a href=\"https:\/\/fundhas.org.br\/portfolio\/portfolio2020\/wp-content\/uploads\/2020\/12\/mariana-5.jpg\" class=\"icn-expand\" data-lb-type=\"grouped-gallery\"><\/a><\/div>\r\n                        <\/div><\/figure><figure class='gallery-item col col-auto'>\r\n                        <div class='gallery-icon landscape czr-gallery-icon'>\r\n                              <a href=https:\/\/fundhas.org.br\/portfolio\/portfolio2020\/patrulha-ambiental\/mariana-4\/ class=\"bg-link\"><\/a><img loading=\"lazy\" decoding=\"async\" width=\"150\" height=\"150\" src=\"https:\/\/fundhas.org.br\/portfolio\/portfolio2020\/wp-content\/uploads\/2020\/12\/mariana-4-150x150.jpg\" class=\"attachment-thumbnail size-thumbnail no-lazy\" alt=\"\" sizes=\"auto, (min-width: 1200px) 350px, (min-width: 992px) 290px, (min-width: 768px) 210px, (min-width: 576px) 150px, calc( 50vw - 30px )\" srcset=\"https:\/\/fundhas.org.br\/portfolio\/portfolio2020\/wp-content\/uploads\/2020\/12\/mariana-4-150x150.jpg 150w, https:\/\/fundhas.org.br\/portfolio\/portfolio2020\/wp-content\/uploads\/2020\/12\/mariana-4-510x510.jpg 510w\" \/><div class=\"post-action btn btn-skin-dark-shaded inverted\"><a href=\"https:\/\/fundhas.org.br\/portfolio\/portfolio2020\/wp-content\/uploads\/2020\/12\/mariana-4.jpg\" class=\"icn-expand\" data-lb-type=\"grouped-gallery\"><\/a><\/div>\r\n                        <\/div><\/figure><figure class='gallery-item col col-auto'>\r\n                        <div class='gallery-icon landscape czr-gallery-icon'>\r\n                              <a href=https:\/\/fundhas.org.br\/portfolio\/portfolio2020\/patrulha-ambiental\/mariana-sitio\/ class=\"bg-link\"><\/a><img loading=\"lazy\" decoding=\"async\" width=\"150\" height=\"150\" src=\"https:\/\/fundhas.org.br\/portfolio\/portfolio2020\/wp-content\/uploads\/2020\/12\/Mariana-sitio-150x150.jpg\" class=\"attachment-thumbnail size-thumbnail no-lazy\" alt=\"\" sizes=\"auto, (min-width: 1200px) 350px, (min-width: 992px) 290px, (min-width: 768px) 210px, (min-width: 576px) 150px, calc( 50vw - 30px )\" srcset=\"https:\/\/fundhas.org.br\/portfolio\/portfolio2020\/wp-content\/uploads\/2020\/12\/Mariana-sitio-150x150.jpg 150w, https:\/\/fundhas.org.br\/portfolio\/portfolio2020\/wp-content\/uploads\/2020\/12\/Mariana-sitio-510x510.jpg 510w\" \/><div class=\"post-action btn btn-skin-dark-shaded inverted\"><a href=\"https:\/\/fundhas.org.br\/portfolio\/portfolio2020\/wp-content\/uploads\/2020\/12\/Mariana-sitio.jpg\" class=\"icn-expand\" data-lb-type=\"grouped-gallery\"><\/a><\/div>\r\n                        <\/div><\/figure>\r\n                  <\/div>\n\r\n<\/div>\r\n<!-- \/wp:post-content -->\r\n\r\n<!-- wp:gallery {\"ids\":[\"754\",\"759\",\"760\",\"761\",\"762\"],\"linkTo\":\"media\"} -->\r\n<p>&nbsp;<\/p>","protected":false},"excerpt":{"rendered":"<p>Tema Abordado: O desenvolvimento Sustent\u00e1vel Descri\u00e7\u00e3o O Projeto patrulha ambiental tem o objetivo de desenvolver agentes multiplicadores, que sejam comprometidos e respons\u00e1veis pelas suas atitudes diante da natureza e dos cuidados com o Planeta, que respeitam os seres vivos e os homens, se tornando correspons\u00e1veis pelo zelo e pelos valores humanos. \u00a0 A inten\u00e7\u00e3o educacional [&hellip;]<\/p>\n","protected":false},"author":2,"featured_media":0,"parent":0,"menu_order":0,"comment_status":"closed","ping_status":"closed","template":"","meta":{"footnotes":""},"class_list":["post-2032","page","type-page","status-publish","czr-hentry"],"_links":{"self":[{"href":"https:\/\/fundhas.org.br\/portfolio\/portfolio2020\/wp-json\/wp\/v2\/pages\/2032","targetHints":{"allow":["GET"]}}],"collection":[{"href":"https:\/\/fundhas.org.br\/portfolio\/portfolio2020\/wp-json\/wp\/v2\/pages"}],"about":[{"href":"https:\/\/fundhas.org.br\/portfolio\/portfolio2020\/wp-json\/wp\/v2\/types\/page"}],"author":[{"embeddable":true,"href":"https:\/\/fundhas.org.br\/portfolio\/portfolio2020\/wp-json\/wp\/v2\/users\/2"}],"replies":[{"embeddable":true,"href":"https:\/\/fundhas.org.br\/portfolio\/portfolio2020\/wp-json\/wp\/v2\/comments?post=2032"}],"version-history":[{"count":3,"href":"https:\/\/fundhas.org.br\/portfolio\/portfolio2020\/wp-json\/wp\/v2\/pages\/2032\/revisions"}],"predecessor-version":[{"id":2320,"href":"https:\/\/fundhas.org.br\/portfolio\/portfolio2020\/wp-json\/wp\/v2\/pages\/2032\/revisions\/2320"}],"wp:attachment":[{"href":"https:\/\/fundhas.org.br\/portfolio\/portfolio2020\/wp-json\/wp\/v2\/media?parent=2032"}],"curies":[{"name":"wp","href":"https:\/\/api.w.org\/{rel}","templated":true}]}}