{"id":1965,"date":"2020-11-26T10:45:55","date_gmt":"2020-11-26T13:45:55","guid":{"rendered":"https:\/\/fundhas.org.br\/portfolio\/portfolio2020\/?page_id=1965"},"modified":"2020-11-25T14:23:41","modified_gmt":"2020-11-25T17:23:41","slug":"contacao-de-historias","status":"publish","type":"page","link":"https:\/\/fundhas.org.br\/portfolio\/portfolio2020\/inicio\/arte-e-cultura\/contacao-de-historias\/","title":{"rendered":"Conta\u00e7\u00e3o de Hist\u00f3rias"},"content":{"rendered":"<h4><span style=\"color: #00aeef;\">Descri\u00e7\u00e3o<\/span><\/h4>\n<p><span style=\"font-weight: 400;\">O projeto CONTA\u00c7\u00c3O DE HIST\u00d3RIA tem como finalidade de levar o \u201cEncantamento\u201d das hist\u00f3rias \u00e0s crian\u00e7as e adolescentes da FUNDHAS. Resgatando o valor Cultural, Social, Pedag\u00f3gico e Terap\u00eautico, que cada uma delas proporciona.<\/span><\/p>\n<p><span style=\"font-weight: 400;\">Para que as crian\u00e7as\/adolescentes da FUNDHAS desenvolvam a intera\u00e7\u00e3o\/gosto pela leitura por meio da Conta\u00e7\u00e3o de Hist\u00f3rias colocando-os em contato com diversos g\u00eaneros textuais. <\/span><\/p>\n<h4><span style=\"color: #00aeef;\">Galeria de Imagens<\/span><\/h4>\n<div id='gallery-1' class='czr-gallery row flex-row czr-gallery-style gallery galleryid-1965 gallery-columns-3 gallery-size-thumbnail'><figure class='gallery-item col col-auto'>\r\n                        <div class='gallery-icon landscape czr-gallery-icon'>\r\n                              <a data-lb-type=\"grouped-gallery\" href=https:\/\/fundhas.org.br\/portfolio\/portfolio2020\/wp-content\/uploads\/2020\/11\/CONTACAO-HISTORIAS1.jpeg class=\"bg-link\"><\/a><img loading=\"lazy\" decoding=\"async\" width=\"150\" height=\"150\" src=\"https:\/\/fundhas.org.br\/portfolio\/portfolio2020\/wp-content\/uploads\/2020\/11\/CONTACAO-HISTORIAS1-150x150.jpeg\" class=\"attachment-thumbnail size-thumbnail no-lazy\" alt=\"\" sizes=\"auto, (min-width: 1200px) 350px, (min-width: 992px) 290px, (min-width: 768px) 210px, (min-width: 576px) 150px, calc( 50vw - 30px )\" srcset=\"https:\/\/fundhas.org.br\/portfolio\/portfolio2020\/wp-content\/uploads\/2020\/11\/CONTACAO-HISTORIAS1-150x150.jpeg 150w, https:\/\/fundhas.org.br\/portfolio\/portfolio2020\/wp-content\/uploads\/2020\/11\/CONTACAO-HISTORIAS1-510x510.jpeg 510w\" \/>\r\n                        <\/div><\/figure><figure class='gallery-item col col-auto'>\r\n                        <div class='gallery-icon landscape czr-gallery-icon'>\r\n                              <a data-lb-type=\"grouped-gallery\" href=https:\/\/fundhas.org.br\/portfolio\/portfolio2020\/wp-content\/uploads\/2020\/11\/CONTACAO-HISTORIAS3.jpeg class=\"bg-link\"><\/a><img loading=\"lazy\" decoding=\"async\" width=\"150\" height=\"150\" src=\"https:\/\/fundhas.org.br\/portfolio\/portfolio2020\/wp-content\/uploads\/2020\/11\/CONTACAO-HISTORIAS3-150x150.jpeg\" class=\"attachment-thumbnail size-thumbnail no-lazy\" alt=\"\" sizes=\"auto, (min-width: 1200px) 350px, (min-width: 992px) 290px, (min-width: 768px) 210px, (min-width: 576px) 150px, calc( 50vw - 30px )\" srcset=\"https:\/\/fundhas.org.br\/portfolio\/portfolio2020\/wp-content\/uploads\/2020\/11\/CONTACAO-HISTORIAS3-150x150.jpeg 150w, https:\/\/fundhas.org.br\/portfolio\/portfolio2020\/wp-content\/uploads\/2020\/11\/CONTACAO-HISTORIAS3-510x510.jpeg 510w\" \/>\r\n                        <\/div><\/figure><figure class='gallery-item col col-auto'>\r\n                        <div class='gallery-icon landscape czr-gallery-icon'>\r\n                              <a data-lb-type=\"grouped-gallery\" href=https:\/\/fundhas.org.br\/portfolio\/portfolio2020\/wp-content\/uploads\/2020\/11\/CONTACAO-HISTORIAS4.jpeg class=\"bg-link\"><\/a><img loading=\"lazy\" decoding=\"async\" width=\"150\" height=\"150\" src=\"https:\/\/fundhas.org.br\/portfolio\/portfolio2020\/wp-content\/uploads\/2020\/11\/CONTACAO-HISTORIAS4-150x150.jpeg\" class=\"attachment-thumbnail size-thumbnail no-lazy\" alt=\"\" sizes=\"auto, (min-width: 1200px) 350px, (min-width: 992px) 290px, (min-width: 768px) 210px, (min-width: 576px) 150px, calc( 50vw - 30px )\" srcset=\"https:\/\/fundhas.org.br\/portfolio\/portfolio2020\/wp-content\/uploads\/2020\/11\/CONTACAO-HISTORIAS4-150x150.jpeg 150w, https:\/\/fundhas.org.br\/portfolio\/portfolio2020\/wp-content\/uploads\/2020\/11\/CONTACAO-HISTORIAS4-510x510.jpeg 510w\" \/>\r\n                        <\/div><\/figure><figure class='gallery-item col col-auto'>\r\n                        <div class='gallery-icon landscape czr-gallery-icon'>\r\n                              <a data-lb-type=\"grouped-gallery\" href=https:\/\/fundhas.org.br\/portfolio\/portfolio2020\/wp-content\/uploads\/2020\/11\/CONTACAO-HISTORIAS5.jpeg class=\"bg-link\"><\/a><img loading=\"lazy\" decoding=\"async\" width=\"150\" height=\"150\" src=\"https:\/\/fundhas.org.br\/portfolio\/portfolio2020\/wp-content\/uploads\/2020\/11\/CONTACAO-HISTORIAS5-150x150.jpeg\" class=\"attachment-thumbnail size-thumbnail no-lazy\" alt=\"\" sizes=\"auto, (min-width: 1200px) 350px, (min-width: 992px) 290px, (min-width: 768px) 210px, (min-width: 576px) 150px, calc( 50vw - 30px )\" srcset=\"https:\/\/fundhas.org.br\/portfolio\/portfolio2020\/wp-content\/uploads\/2020\/11\/CONTACAO-HISTORIAS5-150x150.jpeg 150w, https:\/\/fundhas.org.br\/portfolio\/portfolio2020\/wp-content\/uploads\/2020\/11\/CONTACAO-HISTORIAS5-510x510.jpeg 510w\" \/>\r\n                        <\/div><\/figure><figure class='gallery-item col col-auto'>\r\n                        <div class='gallery-icon landscape czr-gallery-icon'>\r\n                              <a data-lb-type=\"grouped-gallery\" href=https:\/\/fundhas.org.br\/portfolio\/portfolio2020\/wp-content\/uploads\/2020\/11\/CONTACAO-HISTORIAS-2.jpeg class=\"bg-link\"><\/a><img loading=\"lazy\" decoding=\"async\" width=\"150\" height=\"150\" src=\"https:\/\/fundhas.org.br\/portfolio\/portfolio2020\/wp-content\/uploads\/2020\/11\/CONTACAO-HISTORIAS-2-150x150.jpeg\" class=\"attachment-thumbnail size-thumbnail no-lazy\" alt=\"\" sizes=\"auto, (min-width: 1200px) 350px, (min-width: 992px) 290px, (min-width: 768px) 210px, (min-width: 576px) 150px, calc( 50vw - 30px )\" srcset=\"https:\/\/fundhas.org.br\/portfolio\/portfolio2020\/wp-content\/uploads\/2020\/11\/CONTACAO-HISTORIAS-2-150x150.jpeg 150w, https:\/\/fundhas.org.br\/portfolio\/portfolio2020\/wp-content\/uploads\/2020\/11\/CONTACAO-HISTORIAS-2-510x510.jpeg 510w\" \/>\r\n                        <\/div><\/figure><figure class='gallery-item col col-auto'>\r\n                        <div class='gallery-icon landscape czr-gallery-icon'>\r\n                              <a data-lb-type=\"grouped-gallery\" href=https:\/\/fundhas.org.br\/portfolio\/portfolio2020\/wp-content\/uploads\/2020\/11\/contacao.png class=\"bg-link\"><\/a><img loading=\"lazy\" decoding=\"async\" width=\"150\" height=\"150\" src=\"https:\/\/fundhas.org.br\/portfolio\/portfolio2020\/wp-content\/uploads\/2020\/11\/contacao-150x150.png\" class=\"attachment-thumbnail size-thumbnail no-lazy\" alt=\"\" sizes=\"auto, (min-width: 1200px) 350px, (min-width: 992px) 290px, (min-width: 768px) 210px, (min-width: 576px) 150px, calc( 50vw - 30px )\" srcset=\"https:\/\/fundhas.org.br\/portfolio\/portfolio2020\/wp-content\/uploads\/2020\/11\/contacao-150x150.png 150w, https:\/\/fundhas.org.br\/portfolio\/portfolio2020\/wp-content\/uploads\/2020\/11\/contacao-510x510.png 510w\" \/>\r\n                        <\/div><\/figure>\r\n                  <\/div>\n\n<h4><\/h4>\n","protected":false},"excerpt":{"rendered":"<p>Descri\u00e7\u00e3o O projeto CONTA\u00c7\u00c3O DE HIST\u00d3RIA tem como finalidade de levar o \u201cEncantamento\u201d das hist\u00f3rias \u00e0s crian\u00e7as e adolescentes da FUNDHAS. Resgatando o valor Cultural, Social, Pedag\u00f3gico e Terap\u00eautico, que cada uma delas proporciona. Para que as crian\u00e7as\/adolescentes da FUNDHAS desenvolvam a intera\u00e7\u00e3o\/gosto pela leitura por meio da Conta\u00e7\u00e3o de Hist\u00f3rias colocando-os em contato com [&hellip;]<\/p>\n","protected":false},"author":2,"featured_media":0,"parent":154,"menu_order":0,"comment_status":"closed","ping_status":"closed","template":"","meta":{"footnotes":""},"class_list":["post-1965","page","type-page","status-publish","czr-hentry"],"_links":{"self":[{"href":"https:\/\/fundhas.org.br\/portfolio\/portfolio2020\/wp-json\/wp\/v2\/pages\/1965","targetHints":{"allow":["GET"]}}],"collection":[{"href":"https:\/\/fundhas.org.br\/portfolio\/portfolio2020\/wp-json\/wp\/v2\/pages"}],"about":[{"href":"https:\/\/fundhas.org.br\/portfolio\/portfolio2020\/wp-json\/wp\/v2\/types\/page"}],"author":[{"embeddable":true,"href":"https:\/\/fundhas.org.br\/portfolio\/portfolio2020\/wp-json\/wp\/v2\/users\/2"}],"replies":[{"embeddable":true,"href":"https:\/\/fundhas.org.br\/portfolio\/portfolio2020\/wp-json\/wp\/v2\/comments?post=1965"}],"version-history":[{"count":3,"href":"https:\/\/fundhas.org.br\/portfolio\/portfolio2020\/wp-json\/wp\/v2\/pages\/1965\/revisions"}],"predecessor-version":[{"id":2017,"href":"https:\/\/fundhas.org.br\/portfolio\/portfolio2020\/wp-json\/wp\/v2\/pages\/1965\/revisions\/2017"}],"up":[{"embeddable":true,"href":"https:\/\/fundhas.org.br\/portfolio\/portfolio2020\/wp-json\/wp\/v2\/pages\/154"}],"wp:attachment":[{"href":"https:\/\/fundhas.org.br\/portfolio\/portfolio2020\/wp-json\/wp\/v2\/media?parent=1965"}],"curies":[{"name":"wp","href":"https:\/\/api.w.org\/{rel}","templated":true}]}}