{"id":1910,"date":"2019-10-16T14:26:45","date_gmt":"2019-10-16T14:26:45","guid":{"rendered":"https:\/\/fundhas.org.br\/portfolio\/portfolio2020\/?page_id=1910"},"modified":"2020-11-26T09:30:33","modified_gmt":"2020-11-26T12:30:33","slug":"centro-de-estudos-ambientais-e-empreendedorismo-ecologico","status":"publish","type":"page","link":"https:\/\/fundhas.org.br\/portfolio\/portfolio2020\/inicio\/meio-ambiente\/centro-de-estudos-ambientais-e-empreendedorismo-ecologico\/","title":{"rendered":"Centro de Estudos Ambientais e empreendedorismo ecol\u00f3gico"},"content":{"rendered":"<h4><b><i>Temas Abordados: Desenvolvimento sustent\u00e1vel\/ Dia Mundial do Meio Ambiente<\/i><\/b><\/h4>\r\n<h4><span style=\"color: #00aeef;\">Descri\u00e7\u00e3o<\/span><\/h4>\r\n<div><i><span style=\"font-weight: 400;\">O Projeto tem como objetivo produ\u00e7\u00f5es sustent\u00e1veis e aproveitando os diversos recursos naturais, visa-se atuar com o menor impacto poss\u00edvel no meio ambiente, despertando a conscientiza\u00e7\u00e3o ambiental.<\/span><\/i> <i><span style=\"font-weight: 400;\">Tendo como inten\u00e7\u00e3o educativa os temas como: \u00e1gua, ar, vento, solo, calor, luz que s\u00e3o frequentemente abordados no Centro e que se transformam em ferramentas pedag\u00f3gicas como uma biblioteca viva, podendo ser acessada durante todo o ano pelos nossos alunos, profissionais, familiares e mun\u00edcipes.\u00a0<\/span><\/i><\/div>\r\n<div>\u00a0<\/div>\r\n<div><span style=\"font-weight: 400;\">Com foco em sustentabilidade o Centro busca despertar com as pr\u00e1ticas conservacionista de solo, produ\u00e7\u00e3o de alimento, bioconstru\u00e7\u00e3o e empreendedorismo ecol\u00f3gico n\u00e3o somente para\u00a0 conscientiza\u00e7\u00e3o e valoriza\u00e7\u00e3o dos recursos naturais, mas tamb\u00e9m para uma poss\u00edvel\u00a0forma\u00e7\u00e3o acad\u00eamica ou gera\u00e7\u00e3o de renda.<\/span><\/div>\r\n<div>\u00a0<\/div>\r\n<div><span style=\"font-weight: 400;\">As experi\u00eancias\u00a0vivenciadas no Centro possibilitam no processo pedag\u00f3gico que o indiv\u00edduo\u00a0se entenda como parte integrante e agente transformador do Meio Ambiente, utilizando os recursos naturais como uma biblioteca viva, podendo ser acessada durante o ano todo em diversas esta\u00e7\u00f5es pelos alunos, profissionais, familiares e mun\u00edcipes.\u00a0<\/span> \u00a0<\/div>\r\n<div>\u00a0<\/div>\r\n<div><span style=\"font-weight: 400;\">Acreditamos que para reconhecer um alimento saud\u00e1vel\u00a0precisamos saber como\u00a0 deve ser produzido, e quando saboreado a experi\u00eancia\u00a0se torna transformador.\u00a0<\/span> \u00a0<\/div>\r\n<div>\u00a0<\/div>\r\n<div><i><span style=\"font-weight: 400;\">Projeto aconteceu em Fevereiro e Mar\u00e7o\/2020.<\/span><\/i>\r\n<h4><span style=\"color: #00aeef;\">Galeria de Imagens<\/span><\/h4>\r\n<\/div>\r\n<!-- \/wp:post-content -->\r\n\r\n<!-- wp:gallery {\"ids\":[\"754\",\"759\",\"760\",\"761\",\"762\"],\"linkTo\":\"media\"} -->\r\n<div id='gallery-1' class='czr-gallery row flex-row czr-gallery-style gallery galleryid-1910 gallery-columns-3 gallery-size-thumbnail'><figure class='gallery-item col col-auto'>\r\n                        <div class='gallery-icon landscape czr-gallery-icon'>\r\n                              <a data-lb-type=\"grouped-gallery\" href=https:\/\/fundhas.org.br\/portfolio\/portfolio2020\/wp-content\/uploads\/2020\/11\/CENTRO-ESTUDOS-AMBIENTAIS3-scaled.jpg class=\"bg-link\"><\/a><img loading=\"lazy\" decoding=\"async\" width=\"150\" height=\"150\" src=\"https:\/\/fundhas.org.br\/portfolio\/portfolio2020\/wp-content\/uploads\/2020\/11\/CENTRO-ESTUDOS-AMBIENTAIS3-150x150.jpg\" class=\"attachment-thumbnail size-thumbnail no-lazy\" alt=\"\" sizes=\"auto, (min-width: 1200px) 350px, (min-width: 992px) 290px, (min-width: 768px) 210px, (min-width: 576px) 150px, calc( 50vw - 30px )\" srcset=\"https:\/\/fundhas.org.br\/portfolio\/portfolio2020\/wp-content\/uploads\/2020\/11\/CENTRO-ESTUDOS-AMBIENTAIS3-150x150.jpg 150w, https:\/\/fundhas.org.br\/portfolio\/portfolio2020\/wp-content\/uploads\/2020\/11\/CENTRO-ESTUDOS-AMBIENTAIS3-510x510.jpg 510w\" \/>\r\n                        <\/div><\/figure><figure class='gallery-item col col-auto'>\r\n                        <div class='gallery-icon landscape czr-gallery-icon'>\r\n                              <a data-lb-type=\"grouped-gallery\" href=https:\/\/fundhas.org.br\/portfolio\/portfolio2020\/wp-content\/uploads\/2020\/11\/CENTRO-ESTUDOS-AMBIENTAIS31.jpg class=\"bg-link\"><\/a><img loading=\"lazy\" decoding=\"async\" width=\"150\" height=\"150\" src=\"https:\/\/fundhas.org.br\/portfolio\/portfolio2020\/wp-content\/uploads\/2020\/11\/CENTRO-ESTUDOS-AMBIENTAIS31-150x150.jpg\" class=\"attachment-thumbnail size-thumbnail no-lazy\" alt=\"\" sizes=\"auto, (min-width: 1200px) 350px, (min-width: 992px) 290px, (min-width: 768px) 210px, (min-width: 576px) 150px, calc( 50vw - 30px )\" srcset=\"https:\/\/fundhas.org.br\/portfolio\/portfolio2020\/wp-content\/uploads\/2020\/11\/CENTRO-ESTUDOS-AMBIENTAIS31-150x150.jpg 150w, https:\/\/fundhas.org.br\/portfolio\/portfolio2020\/wp-content\/uploads\/2020\/11\/CENTRO-ESTUDOS-AMBIENTAIS31-510x510.jpg 510w\" \/>\r\n                        <\/div><\/figure><figure class='gallery-item col col-auto'>\r\n                        <div class='gallery-icon landscape czr-gallery-icon'>\r\n                              <a data-lb-type=\"grouped-gallery\" href=https:\/\/fundhas.org.br\/portfolio\/portfolio2020\/wp-content\/uploads\/2020\/11\/CENTRO-ESTUDOS-AMBIENTAIS4-scaled.jpg class=\"bg-link\"><\/a><img loading=\"lazy\" decoding=\"async\" width=\"150\" height=\"150\" src=\"https:\/\/fundhas.org.br\/portfolio\/portfolio2020\/wp-content\/uploads\/2020\/11\/CENTRO-ESTUDOS-AMBIENTAIS4-150x150.jpg\" class=\"attachment-thumbnail size-thumbnail no-lazy\" alt=\"\" sizes=\"auto, (min-width: 1200px) 350px, (min-width: 992px) 290px, (min-width: 768px) 210px, (min-width: 576px) 150px, calc( 50vw - 30px )\" srcset=\"https:\/\/fundhas.org.br\/portfolio\/portfolio2020\/wp-content\/uploads\/2020\/11\/CENTRO-ESTUDOS-AMBIENTAIS4-150x150.jpg 150w, https:\/\/fundhas.org.br\/portfolio\/portfolio2020\/wp-content\/uploads\/2020\/11\/CENTRO-ESTUDOS-AMBIENTAIS4-510x510.jpg 510w\" \/>\r\n                        <\/div><\/figure><figure class='gallery-item col col-auto'>\r\n                        <div class='gallery-icon landscape czr-gallery-icon'>\r\n                              <a data-lb-type=\"grouped-gallery\" href=https:\/\/fundhas.org.br\/portfolio\/portfolio2020\/wp-content\/uploads\/2020\/11\/CENTRO-ESTUDOS-AMBIENTAIS-2-scaled.jpg class=\"bg-link\"><\/a><img loading=\"lazy\" decoding=\"async\" width=\"150\" height=\"150\" src=\"https:\/\/fundhas.org.br\/portfolio\/portfolio2020\/wp-content\/uploads\/2020\/11\/CENTRO-ESTUDOS-AMBIENTAIS-2-150x150.jpg\" class=\"attachment-thumbnail size-thumbnail no-lazy\" alt=\"\" sizes=\"auto, (min-width: 1200px) 350px, (min-width: 992px) 290px, (min-width: 768px) 210px, (min-width: 576px) 150px, calc( 50vw - 30px )\" srcset=\"https:\/\/fundhas.org.br\/portfolio\/portfolio2020\/wp-content\/uploads\/2020\/11\/CENTRO-ESTUDOS-AMBIENTAIS-2-150x150.jpg 150w, https:\/\/fundhas.org.br\/portfolio\/portfolio2020\/wp-content\/uploads\/2020\/11\/CENTRO-ESTUDOS-AMBIENTAIS-2-510x510.jpg 510w\" \/>\r\n                        <\/div><\/figure><figure class='gallery-item col col-auto'>\r\n                        <div class='gallery-icon landscape czr-gallery-icon'>\r\n                              <a data-lb-type=\"grouped-gallery\" href=https:\/\/fundhas.org.br\/portfolio\/portfolio2020\/wp-content\/uploads\/2020\/11\/Centro-de-estudo-ambiental.jpg class=\"bg-link\"><\/a><img loading=\"lazy\" decoding=\"async\" width=\"150\" height=\"150\" src=\"https:\/\/fundhas.org.br\/portfolio\/portfolio2020\/wp-content\/uploads\/2020\/11\/Centro-de-estudo-ambiental-150x150.jpg\" class=\"attachment-thumbnail size-thumbnail no-lazy\" alt=\"\" sizes=\"auto, (min-width: 1200px) 350px, (min-width: 992px) 290px, (min-width: 768px) 210px, (min-width: 576px) 150px, calc( 50vw - 30px )\" srcset=\"https:\/\/fundhas.org.br\/portfolio\/portfolio2020\/wp-content\/uploads\/2020\/11\/Centro-de-estudo-ambiental-150x150.jpg 150w, https:\/\/fundhas.org.br\/portfolio\/portfolio2020\/wp-content\/uploads\/2020\/11\/Centro-de-estudo-ambiental-510x510.jpg 510w\" \/>\r\n                        <\/div><\/figure><figure class='gallery-item col col-auto'>\r\n                        <div class='gallery-icon landscape czr-gallery-icon'>\r\n                              <a data-lb-type=\"grouped-gallery\" href=https:\/\/fundhas.org.br\/portfolio\/portfolio2020\/wp-content\/uploads\/2020\/11\/Centro-de-Estudo-Ambiental-1.jpg class=\"bg-link\"><\/a><img loading=\"lazy\" decoding=\"async\" width=\"150\" height=\"150\" src=\"https:\/\/fundhas.org.br\/portfolio\/portfolio2020\/wp-content\/uploads\/2020\/11\/Centro-de-Estudo-Ambiental-1-150x150.jpg\" class=\"attachment-thumbnail size-thumbnail no-lazy\" alt=\"\" sizes=\"auto, (min-width: 1200px) 350px, (min-width: 992px) 290px, (min-width: 768px) 210px, (min-width: 576px) 150px, calc( 50vw - 30px )\" srcset=\"https:\/\/fundhas.org.br\/portfolio\/portfolio2020\/wp-content\/uploads\/2020\/11\/Centro-de-Estudo-Ambiental-1-150x150.jpg 150w, https:\/\/fundhas.org.br\/portfolio\/portfolio2020\/wp-content\/uploads\/2020\/11\/Centro-de-Estudo-Ambiental-1-510x510.jpg 510w\" \/>\r\n                        <\/div><\/figure><figure class='gallery-item col col-auto'>\r\n                        <div class='gallery-icon landscape czr-gallery-icon'>\r\n                              <a data-lb-type=\"grouped-gallery\" href=https:\/\/fundhas.org.br\/portfolio\/portfolio2020\/wp-content\/uploads\/2020\/11\/Centro-de-Estudo-Ambiental-2.jpg class=\"bg-link\"><\/a><img loading=\"lazy\" decoding=\"async\" width=\"150\" height=\"150\" src=\"https:\/\/fundhas.org.br\/portfolio\/portfolio2020\/wp-content\/uploads\/2020\/11\/Centro-de-Estudo-Ambiental-2-150x150.jpg\" class=\"attachment-thumbnail size-thumbnail no-lazy\" alt=\"\" sizes=\"auto, (min-width: 1200px) 350px, (min-width: 992px) 290px, (min-width: 768px) 210px, (min-width: 576px) 150px, calc( 50vw - 30px )\" srcset=\"https:\/\/fundhas.org.br\/portfolio\/portfolio2020\/wp-content\/uploads\/2020\/11\/Centro-de-Estudo-Ambiental-2-150x150.jpg 150w, https:\/\/fundhas.org.br\/portfolio\/portfolio2020\/wp-content\/uploads\/2020\/11\/Centro-de-Estudo-Ambiental-2-510x510.jpg 510w\" \/>\r\n                        <\/div><\/figure><figure class='gallery-item col col-auto'>\r\n                        <div class='gallery-icon landscape czr-gallery-icon'>\r\n                              <a data-lb-type=\"grouped-gallery\" href=https:\/\/fundhas.org.br\/portfolio\/portfolio2020\/wp-content\/uploads\/2020\/11\/Centro-de-Estudo-Ambiental-5.jpg class=\"bg-link\"><\/a><img loading=\"lazy\" decoding=\"async\" width=\"150\" height=\"150\" src=\"https:\/\/fundhas.org.br\/portfolio\/portfolio2020\/wp-content\/uploads\/2020\/11\/Centro-de-Estudo-Ambiental-5-150x150.jpg\" class=\"attachment-thumbnail size-thumbnail no-lazy\" alt=\"\" sizes=\"auto, (min-width: 1200px) 350px, (min-width: 992px) 290px, (min-width: 768px) 210px, (min-width: 576px) 150px, calc( 50vw - 30px )\" srcset=\"https:\/\/fundhas.org.br\/portfolio\/portfolio2020\/wp-content\/uploads\/2020\/11\/Centro-de-Estudo-Ambiental-5-150x150.jpg 150w, https:\/\/fundhas.org.br\/portfolio\/portfolio2020\/wp-content\/uploads\/2020\/11\/Centro-de-Estudo-Ambiental-5-510x510.jpg 510w\" \/>\r\n                        <\/div><\/figure><figure class='gallery-item col col-auto'>\r\n                        <div class='gallery-icon landscape czr-gallery-icon'>\r\n                              <a data-lb-type=\"grouped-gallery\" href=https:\/\/fundhas.org.br\/portfolio\/portfolio2020\/wp-content\/uploads\/2020\/11\/Centro-de-Estudo-Ambiental-6.jpg class=\"bg-link\"><\/a><img loading=\"lazy\" decoding=\"async\" width=\"150\" height=\"150\" src=\"https:\/\/fundhas.org.br\/portfolio\/portfolio2020\/wp-content\/uploads\/2020\/11\/Centro-de-Estudo-Ambiental-6-150x150.jpg\" class=\"attachment-thumbnail size-thumbnail no-lazy\" alt=\"\" sizes=\"auto, (min-width: 1200px) 350px, (min-width: 992px) 290px, (min-width: 768px) 210px, (min-width: 576px) 150px, calc( 50vw - 30px )\" srcset=\"https:\/\/fundhas.org.br\/portfolio\/portfolio2020\/wp-content\/uploads\/2020\/11\/Centro-de-Estudo-Ambiental-6-150x150.jpg 150w, https:\/\/fundhas.org.br\/portfolio\/portfolio2020\/wp-content\/uploads\/2020\/11\/Centro-de-Estudo-Ambiental-6-510x510.jpg 510w\" \/>\r\n                        <\/div><\/figure>\r\n                  <\/div>\n\r\n<p>&nbsp;<\/p>","protected":false},"excerpt":{"rendered":"<p>Temas Abordados: Desenvolvimento sustent\u00e1vel\/ Dia Mundial do Meio Ambiente Descri\u00e7\u00e3o O Projeto tem como objetivo produ\u00e7\u00f5es sustent\u00e1veis e aproveitando os diversos recursos naturais, visa-se atuar com o menor impacto poss\u00edvel no meio ambiente, despertando a conscientiza\u00e7\u00e3o ambiental. Tendo como inten\u00e7\u00e3o educativa os temas como: \u00e1gua, ar, vento, solo, calor, luz que s\u00e3o frequentemente abordados no [&hellip;]<\/p>\n","protected":false},"author":2,"featured_media":0,"parent":235,"menu_order":0,"comment_status":"closed","ping_status":"closed","template":"","meta":{"footnotes":""},"class_list":["post-1910","page","type-page","status-publish","czr-hentry"],"_links":{"self":[{"href":"https:\/\/fundhas.org.br\/portfolio\/portfolio2020\/wp-json\/wp\/v2\/pages\/1910","targetHints":{"allow":["GET"]}}],"collection":[{"href":"https:\/\/fundhas.org.br\/portfolio\/portfolio2020\/wp-json\/wp\/v2\/pages"}],"about":[{"href":"https:\/\/fundhas.org.br\/portfolio\/portfolio2020\/wp-json\/wp\/v2\/types\/page"}],"author":[{"embeddable":true,"href":"https:\/\/fundhas.org.br\/portfolio\/portfolio2020\/wp-json\/wp\/v2\/users\/2"}],"replies":[{"embeddable":true,"href":"https:\/\/fundhas.org.br\/portfolio\/portfolio2020\/wp-json\/wp\/v2\/comments?post=1910"}],"version-history":[{"count":4,"href":"https:\/\/fundhas.org.br\/portfolio\/portfolio2020\/wp-json\/wp\/v2\/pages\/1910\/revisions"}],"predecessor-version":[{"id":1926,"href":"https:\/\/fundhas.org.br\/portfolio\/portfolio2020\/wp-json\/wp\/v2\/pages\/1910\/revisions\/1926"}],"up":[{"embeddable":true,"href":"https:\/\/fundhas.org.br\/portfolio\/portfolio2020\/wp-json\/wp\/v2\/pages\/235"}],"wp:attachment":[{"href":"https:\/\/fundhas.org.br\/portfolio\/portfolio2020\/wp-json\/wp\/v2\/media?parent=1910"}],"curies":[{"name":"wp","href":"https:\/\/api.w.org\/{rel}","templated":true}]}}