{"id":970,"date":"2019-11-13T14:22:48","date_gmt":"2019-11-13T14:22:48","guid":{"rendered":"https:\/\/fundhas.org.br\/portfolio\/portfolio2019\/?page_id=970"},"modified":"2020-08-19T09:53:19","modified_gmt":"2020-08-19T12:53:19","slug":"cultura-de-paz","status":"publish","type":"page","link":"https:\/\/fundhas.org.br\/portfolio\/portfolio2019\/cultura-de-paz\/","title":{"rendered":"A bondade que importa &#8211; Cultura de Paz"},"content":{"rendered":"<h4><span style=\"color: #00aeef;\">Descri\u00e7\u00e3o<\/span><\/h4>\n<p>O trabalho de Cultura da Paz \u00e9 ofertado \u00e0s crian\u00e7as e aos adolescentes da Institui\u00e7\u00e3o em diversos eixos de atua\u00e7\u00e3o, mas tem maior centraliza\u00e7\u00e3o junto aos professores do eixo de Promo\u00e7\u00e3o da Sa\u00fade e Cidadania, que trabalham o desenvolvimento da intelig\u00eancia socioemocional por meio do programa Lions Quest.<br \/>\nEm parceria com o Lions, dentre as diversas atividades desenvolvidas no programa, ocorre anualmente o trabalho que culmina no Concurso Cartaz da Paz de Lions Internacional. O concurso incentiva os jovens a pensarem sobre a paz e criativamente expressarem seus sentimentos em rela\u00e7\u00e3o ao valor da paz, compartilhando suas singulares vis\u00f5es com o mundo.<\/p>\n<p>Neste ano, as Unidades participaram abordando o Tema \u201c A bondade que importa\u201d montando um curta sobre a paz. Atento ODS 16- \u201cPaz, justi\u00e7a e institui\u00e7\u00f5es eficazes\u201d. Outra grande a\u00e7\u00e3o desenvolvida para a Comunidade do Munic\u00edpio foi da participa\u00e7\u00e3o no Desfile C\u00edvico de 7 de setembro com o tema a bondade que importa- Cultura da Paz em que a Institui\u00e7\u00e3o levou para as ruas um desfile com intera\u00e7\u00e3o junto ao p\u00fablico e reflex\u00e3o sobre a tem\u00e1tica. Tamb\u00e9m houve a participa\u00e7\u00e3o em uma atividade envolvendo v\u00e1rias Unidades, outras Escolas e Institui\u00e7\u00f5es que pode estudar, pesquisar e produzir pequenos v\u00eddeos de curta metragem que falassem sobre a \u201cPaz\u201d. A atividade foi encerrada com uma sess\u00e3o para mostrar os v\u00eddeos e premiar aos considerados melhores no desenvolvimento da tem\u00e1tica: A Paz.<\/p>\n<h4><span style=\"color: #00aeef;\">Galeria de Imagens<\/span><\/h4>\n<div id='gallery-1' class='czr-gallery row flex-row czr-gallery-style gallery galleryid-970 gallery-columns-3 gallery-size-thumbnail'><figure class='gallery-item col col-auto'>\r\n                        <div class='gallery-icon landscape czr-gallery-icon'>\r\n                              <a data-lb-type=\"grouped-gallery\" title=\"Cultura de Paz &#8211; Culture Of Peace\" href=https:\/\/fundhas.org.br\/portfolio\/portfolio2019\/wp-content\/uploads\/2019\/11\/DSC_0939-scaled.jpg class=\"bg-link\"><\/a><img loading=\"lazy\" decoding=\"async\" width=\"150\" height=\"150\" src=\"https:\/\/fundhas.org.br\/portfolio\/portfolio2019\/wp-content\/uploads\/2019\/11\/DSC_0939-150x150.jpg\" class=\"attachment-thumbnail size-thumbnail no-lazy\" alt=\"\" sizes=\"auto, (min-width: 1200px) 350px, (min-width: 992px) 290px, (min-width: 768px) 210px, (min-width: 576px) 150px, calc( 50vw - 30px )\" aria-describedby=\"gallery-1-1174\" srcset=\"https:\/\/fundhas.org.br\/portfolio\/portfolio2019\/wp-content\/uploads\/2019\/11\/DSC_0939-150x150.jpg 150w, https:\/\/fundhas.org.br\/portfolio\/portfolio2019\/wp-content\/uploads\/2019\/11\/DSC_0939-510x510.jpg 510w\" \/>\r\n                        <\/div>\r\n                              <figcaption class='wp-caption-text gallery-caption' id='gallery-1-1174'>\r\n                              Cultura de Paz &#8211; Culture Of Peace\r\n                              <\/figcaption><\/figure><figure class='gallery-item col col-auto'>\r\n                        <div class='gallery-icon landscape czr-gallery-icon'>\r\n                              <a data-lb-type=\"grouped-gallery\" title=\"Cultura de Paz &#8211; Culture Of Peace\" href=https:\/\/fundhas.org.br\/portfolio\/portfolio2019\/wp-content\/uploads\/2019\/11\/WhatsApp-Image-2019-11-19-at-11.11.27-1.jpeg class=\"bg-link\"><\/a><img loading=\"lazy\" decoding=\"async\" width=\"150\" height=\"150\" src=\"https:\/\/fundhas.org.br\/portfolio\/portfolio2019\/wp-content\/uploads\/2019\/11\/WhatsApp-Image-2019-11-19-at-11.11.27-1-150x150.jpeg\" class=\"attachment-thumbnail size-thumbnail no-lazy\" alt=\"\" sizes=\"auto, (min-width: 1200px) 350px, (min-width: 992px) 290px, (min-width: 768px) 210px, (min-width: 576px) 150px, calc( 50vw - 30px )\" aria-describedby=\"gallery-1-1044\" srcset=\"https:\/\/fundhas.org.br\/portfolio\/portfolio2019\/wp-content\/uploads\/2019\/11\/WhatsApp-Image-2019-11-19-at-11.11.27-1-150x150.jpeg 150w, https:\/\/fundhas.org.br\/portfolio\/portfolio2019\/wp-content\/uploads\/2019\/11\/WhatsApp-Image-2019-11-19-at-11.11.27-1-510x510.jpeg 510w\" \/>\r\n                        <\/div>\r\n                              <figcaption class='wp-caption-text gallery-caption' id='gallery-1-1044'>\r\n                              Cultura de Paz &#8211; Culture Of Peace\r\n                              <\/figcaption><\/figure><figure class='gallery-item col col-auto'>\r\n                        <div class='gallery-icon landscape czr-gallery-icon'>\r\n                              <a data-lb-type=\"grouped-gallery\" title=\"Cultura de Paz &#8211; Culture Of Peace\" href=https:\/\/fundhas.org.br\/portfolio\/portfolio2019\/wp-content\/uploads\/2019\/11\/WhatsApp-Image-2019-11-19-at-11.15.38-1.jpeg class=\"bg-link\"><\/a><img loading=\"lazy\" decoding=\"async\" width=\"150\" height=\"150\" src=\"https:\/\/fundhas.org.br\/portfolio\/portfolio2019\/wp-content\/uploads\/2019\/11\/WhatsApp-Image-2019-11-19-at-11.15.38-1-150x150.jpeg\" class=\"attachment-thumbnail size-thumbnail no-lazy\" alt=\"\" sizes=\"auto, (min-width: 1200px) 350px, (min-width: 992px) 290px, (min-width: 768px) 210px, (min-width: 576px) 150px, calc( 50vw - 30px )\" aria-describedby=\"gallery-1-1047\" \/>\r\n                        <\/div>\r\n                              <figcaption class='wp-caption-text gallery-caption' id='gallery-1-1047'>\r\n                              Cultura de Paz &#8211; Culture Of Peace\r\n                              <\/figcaption><\/figure><figure class='gallery-item col col-auto'>\r\n                        <div class='gallery-icon landscape czr-gallery-icon'>\r\n                              <a data-lb-type=\"grouped-gallery\" title=\"Cultura de Paz &#8211; Culture Of Peace\" href=https:\/\/fundhas.org.br\/portfolio\/portfolio2019\/wp-content\/uploads\/2019\/11\/WhatsApp-Image-2019-11-19-at-11.11.27-2.jpeg class=\"bg-link\"><\/a><img loading=\"lazy\" decoding=\"async\" width=\"150\" height=\"150\" src=\"https:\/\/fundhas.org.br\/portfolio\/portfolio2019\/wp-content\/uploads\/2019\/11\/WhatsApp-Image-2019-11-19-at-11.11.27-2-150x150.jpeg\" class=\"attachment-thumbnail size-thumbnail no-lazy\" alt=\"\" sizes=\"auto, (min-width: 1200px) 350px, (min-width: 992px) 290px, (min-width: 768px) 210px, (min-width: 576px) 150px, calc( 50vw - 30px )\" aria-describedby=\"gallery-1-1043\" srcset=\"https:\/\/fundhas.org.br\/portfolio\/portfolio2019\/wp-content\/uploads\/2019\/11\/WhatsApp-Image-2019-11-19-at-11.11.27-2-150x150.jpeg 150w, https:\/\/fundhas.org.br\/portfolio\/portfolio2019\/wp-content\/uploads\/2019\/11\/WhatsApp-Image-2019-11-19-at-11.11.27-2-510x510.jpeg 510w\" \/>\r\n                        <\/div>\r\n                              <figcaption class='wp-caption-text gallery-caption' id='gallery-1-1043'>\r\n                              Cultura de Paz &#8211; Culture Of Peace\r\n                              <\/figcaption><\/figure><figure class='gallery-item col col-auto'>\r\n                        <div class='gallery-icon landscape czr-gallery-icon'>\r\n                              <a data-lb-type=\"grouped-gallery\" title=\"Cultura de Paz &#8211; Culture Of Peace\" href=https:\/\/fundhas.org.br\/portfolio\/portfolio2019\/wp-content\/uploads\/2019\/11\/WhatsApp-Image-2019-11-19-at-11.11.28.jpeg class=\"bg-link\"><\/a><img loading=\"lazy\" decoding=\"async\" width=\"150\" height=\"150\" src=\"https:\/\/fundhas.org.br\/portfolio\/portfolio2019\/wp-content\/uploads\/2019\/11\/WhatsApp-Image-2019-11-19-at-11.11.28-150x150.jpeg\" class=\"attachment-thumbnail size-thumbnail no-lazy\" alt=\"\" sizes=\"auto, (min-width: 1200px) 350px, (min-width: 992px) 290px, (min-width: 768px) 210px, (min-width: 576px) 150px, calc( 50vw - 30px )\" aria-describedby=\"gallery-1-1040\" srcset=\"https:\/\/fundhas.org.br\/portfolio\/portfolio2019\/wp-content\/uploads\/2019\/11\/WhatsApp-Image-2019-11-19-at-11.11.28-150x150.jpeg 150w, https:\/\/fundhas.org.br\/portfolio\/portfolio2019\/wp-content\/uploads\/2019\/11\/WhatsApp-Image-2019-11-19-at-11.11.28-510x510.jpeg 510w\" \/>\r\n                        <\/div>\r\n                              <figcaption class='wp-caption-text gallery-caption' id='gallery-1-1040'>\r\n                              Cultura de Paz &#8211; Culture Of Peace\r\n                              <\/figcaption><\/figure><figure class='gallery-item col col-auto'>\r\n                        <div class='gallery-icon landscape czr-gallery-icon'>\r\n                              <a data-lb-type=\"grouped-gallery\" title=\"Cultura de Paz &#8211; Culture Of Peace\" href=https:\/\/fundhas.org.br\/portfolio\/portfolio2019\/wp-content\/uploads\/2019\/11\/WhatsApp-Image-2019-11-19-at-11.11.27-3.jpeg class=\"bg-link\"><\/a><img loading=\"lazy\" decoding=\"async\" width=\"150\" height=\"150\" src=\"https:\/\/fundhas.org.br\/portfolio\/portfolio2019\/wp-content\/uploads\/2019\/11\/WhatsApp-Image-2019-11-19-at-11.11.27-3-150x150.jpeg\" class=\"attachment-thumbnail size-thumbnail no-lazy\" alt=\"\" sizes=\"auto, (min-width: 1200px) 350px, (min-width: 992px) 290px, (min-width: 768px) 210px, (min-width: 576px) 150px, calc( 50vw - 30px )\" aria-describedby=\"gallery-1-1042\" srcset=\"https:\/\/fundhas.org.br\/portfolio\/portfolio2019\/wp-content\/uploads\/2019\/11\/WhatsApp-Image-2019-11-19-at-11.11.27-3-150x150.jpeg 150w, https:\/\/fundhas.org.br\/portfolio\/portfolio2019\/wp-content\/uploads\/2019\/11\/WhatsApp-Image-2019-11-19-at-11.11.27-3-510x510.jpeg 510w\" \/>\r\n                        <\/div>\r\n                              <figcaption class='wp-caption-text gallery-caption' id='gallery-1-1042'>\r\n                              Cultura de Paz &#8211; Culture Of Peace\r\n                              <\/figcaption><\/figure><figure class='gallery-item col col-auto'>\r\n                        <div class='gallery-icon landscape czr-gallery-icon'>\r\n                              <a data-lb-type=\"grouped-gallery\" title=\"Cultura de Paz &#8211; Culture Of Peace\" href=https:\/\/fundhas.org.br\/portfolio\/portfolio2019\/wp-content\/uploads\/2019\/11\/WhatsApp-Image-2019-11-19-at-11.11.27-4.jpeg class=\"bg-link\"><\/a><img loading=\"lazy\" decoding=\"async\" width=\"150\" height=\"150\" src=\"https:\/\/fundhas.org.br\/portfolio\/portfolio2019\/wp-content\/uploads\/2019\/11\/WhatsApp-Image-2019-11-19-at-11.11.27-4-150x150.jpeg\" class=\"attachment-thumbnail size-thumbnail no-lazy\" alt=\"\" sizes=\"auto, (min-width: 1200px) 350px, (min-width: 992px) 290px, (min-width: 768px) 210px, (min-width: 576px) 150px, calc( 50vw - 30px )\" aria-describedby=\"gallery-1-1041\" srcset=\"https:\/\/fundhas.org.br\/portfolio\/portfolio2019\/wp-content\/uploads\/2019\/11\/WhatsApp-Image-2019-11-19-at-11.11.27-4-150x150.jpeg 150w, https:\/\/fundhas.org.br\/portfolio\/portfolio2019\/wp-content\/uploads\/2019\/11\/WhatsApp-Image-2019-11-19-at-11.11.27-4-510x510.jpeg 510w\" \/>\r\n                        <\/div>\r\n                              <figcaption class='wp-caption-text gallery-caption' id='gallery-1-1041'>\r\n                              Cultura de Paz &#8211; Culture Of Peace\r\n                              <\/figcaption><\/figure><figure class='gallery-item col col-auto'>\r\n                        <div class='gallery-icon landscape czr-gallery-icon'>\r\n                              <a data-lb-type=\"grouped-gallery\" title=\"Cultura de Paz &#8211; Culture Of Peace\" href=https:\/\/fundhas.org.br\/portfolio\/portfolio2019\/wp-content\/uploads\/2019\/11\/WhatsApp-Image-2019-11-19-at-11.11.27.jpeg class=\"bg-link\"><\/a><img loading=\"lazy\" decoding=\"async\" width=\"150\" height=\"150\" src=\"https:\/\/fundhas.org.br\/portfolio\/portfolio2019\/wp-content\/uploads\/2019\/11\/WhatsApp-Image-2019-11-19-at-11.11.27-150x150.jpeg\" class=\"attachment-thumbnail size-thumbnail no-lazy\" alt=\"\" sizes=\"auto, (min-width: 1200px) 350px, (min-width: 992px) 290px, (min-width: 768px) 210px, (min-width: 576px) 150px, calc( 50vw - 30px )\" aria-describedby=\"gallery-1-1045\" srcset=\"https:\/\/fundhas.org.br\/portfolio\/portfolio2019\/wp-content\/uploads\/2019\/11\/WhatsApp-Image-2019-11-19-at-11.11.27-150x150.jpeg 150w, https:\/\/fundhas.org.br\/portfolio\/portfolio2019\/wp-content\/uploads\/2019\/11\/WhatsApp-Image-2019-11-19-at-11.11.27-510x510.jpeg 510w\" \/>\r\n                        <\/div>\r\n                              <figcaption class='wp-caption-text gallery-caption' id='gallery-1-1045'>\r\n                              Cultura de Paz &#8211; Culture Of Peace\r\n                              <\/figcaption><\/figure><figure class='gallery-item col col-auto'>\r\n                        <div class='gallery-icon landscape czr-gallery-icon'>\r\n                              <a data-lb-type=\"grouped-gallery\" title=\"Cultura de Paz &#8211; Culture Of Peace\" href=https:\/\/fundhas.org.br\/portfolio\/portfolio2019\/wp-content\/uploads\/2019\/11\/WhatsApp-Image-2019-11-19-at-11.15.38.jpeg class=\"bg-link\"><\/a><img loading=\"lazy\" decoding=\"async\" width=\"150\" height=\"150\" src=\"https:\/\/fundhas.org.br\/portfolio\/portfolio2019\/wp-content\/uploads\/2019\/11\/WhatsApp-Image-2019-11-19-at-11.15.38-150x150.jpeg\" class=\"attachment-thumbnail size-thumbnail no-lazy\" alt=\"\" sizes=\"auto, (min-width: 1200px) 350px, (min-width: 992px) 290px, (min-width: 768px) 210px, (min-width: 576px) 150px, calc( 50vw - 30px )\" aria-describedby=\"gallery-1-1048\" srcset=\"https:\/\/fundhas.org.br\/portfolio\/portfolio2019\/wp-content\/uploads\/2019\/11\/WhatsApp-Image-2019-11-19-at-11.15.38-150x150.jpeg 150w, https:\/\/fundhas.org.br\/portfolio\/portfolio2019\/wp-content\/uploads\/2019\/11\/WhatsApp-Image-2019-11-19-at-11.15.38-510x510.jpeg 510w\" \/>\r\n                        <\/div>\r\n                              <figcaption class='wp-caption-text gallery-caption' id='gallery-1-1048'>\r\n                              Cultura de Paz &#8211; Culture Of Peace\r\n                              <\/figcaption><\/figure>\r\n                  <\/div>\n\n<p>&nbsp;<\/p>\n<h4><span style=\"color: #00aeef;\">Links<\/span><\/h4>\n<p><a href=\"https:\/\/globoplay.globo.com\/v\/7734577\/programa\/\">https:\/\/globoplay.globo.com\/v\/7734577\/programa\/<\/a><\/p>\n","protected":false},"excerpt":{"rendered":"<p>Descri\u00e7\u00e3o O trabalho de Cultura da Paz \u00e9 ofertado \u00e0s crian\u00e7as e aos adolescentes da Institui\u00e7\u00e3o em diversos eixos de atua\u00e7\u00e3o, mas tem maior centraliza\u00e7\u00e3o junto aos professores do eixo de Promo\u00e7\u00e3o da Sa\u00fade e Cidadania, que trabalham o desenvolvimento da intelig\u00eancia socioemocional por meio do programa Lions Quest. Em parceria com o Lions, dentre [&hellip;]<\/p>\n","protected":false},"author":4,"featured_media":0,"parent":0,"menu_order":0,"comment_status":"closed","ping_status":"closed","template":"","meta":{"footnotes":""},"class_list":["post-970","page","type-page","status-publish","czr-hentry"],"_links":{"self":[{"href":"https:\/\/fundhas.org.br\/portfolio\/portfolio2019\/wp-json\/wp\/v2\/pages\/970","targetHints":{"allow":["GET"]}}],"collection":[{"href":"https:\/\/fundhas.org.br\/portfolio\/portfolio2019\/wp-json\/wp\/v2\/pages"}],"about":[{"href":"https:\/\/fundhas.org.br\/portfolio\/portfolio2019\/wp-json\/wp\/v2\/types\/page"}],"author":[{"embeddable":true,"href":"https:\/\/fundhas.org.br\/portfolio\/portfolio2019\/wp-json\/wp\/v2\/users\/4"}],"replies":[{"embeddable":true,"href":"https:\/\/fundhas.org.br\/portfolio\/portfolio2019\/wp-json\/wp\/v2\/comments?post=970"}],"version-history":[{"count":9,"href":"https:\/\/fundhas.org.br\/portfolio\/portfolio2019\/wp-json\/wp\/v2\/pages\/970\/revisions"}],"predecessor-version":[{"id":1176,"href":"https:\/\/fundhas.org.br\/portfolio\/portfolio2019\/wp-json\/wp\/v2\/pages\/970\/revisions\/1176"}],"wp:attachment":[{"href":"https:\/\/fundhas.org.br\/portfolio\/portfolio2019\/wp-json\/wp\/v2\/media?parent=970"}],"curies":[{"name":"wp","href":"https:\/\/api.w.org\/{rel}","templated":true}]}}