{"id":957,"date":"2019-11-13T13:56:50","date_gmt":"2019-11-13T13:56:50","guid":{"rendered":"https:\/\/fundhas.org.br\/portfolio\/portfolio2019\/?page_id=957"},"modified":"2020-08-19T09:52:01","modified_gmt":"2020-08-19T12:52:01","slug":"campanha-faca-bonito","status":"publish","type":"page","link":"https:\/\/fundhas.org.br\/portfolio\/portfolio2019\/campanha-faca-bonito\/","title":{"rendered":"Campanha 18 de Maio &#8211; Dia Nacional de Combate ao abuso e explora\u00e7\u00e3o sexual de crian\u00e7as e Adolescentes."},"content":{"rendered":"<h4><span style=\"color: #00aeef;\">Descri\u00e7\u00e3o<\/span><\/h4>\n<p>A campanha foi realizada em diversas Unidade da FUNDHAS em parceria com CMDCA (Conselho Municipal do Direito da Crian\u00e7a e do Adolescente) que vai de encontro com ODS 4.7 &#8211; \u201cGarantir que todos os adquiram conhecimentos e habilidades necess\u00e1rias para promover o desenvolvimento sustent\u00e1vel, inclusive, entre outros, por meio da educa\u00e7\u00e3o para o desenvolvimento sustent\u00e1vel e estilo de vida sustent\u00e1vel, direitos humanos, igualdade de g\u00eanero, promo\u00e7\u00e3o de uma cultura de paz e n\u00e3o -viol\u00eancia, cidadania global, e valoriza\u00e7\u00e3o da diversidade cultural e da contribui\u00e7\u00e3o da cultura para o desenvolvimento sustent\u00e1vel\u201d e tamb\u00e9m ODS 16- \u201cPaz, justi\u00e7a e institui\u00e7\u00f5es eficazes\u201d.<\/p>\n<p>Nas Unidades foram realizadas diversas atividades para explicar \u00e0s crian\u00e7as e aos adolescentes com enfoque na preven\u00e7\u00e3o, dentre as atividades: Filmes, DISQUE 100, Abordagem com Conselheiro Tutelar, participa\u00e7\u00e3o de produ\u00e7\u00e3o de cartazes para o Concurso do CMDCA, oficina de multim\u00eddia com a parceria da SASC (Secretaria de Apoio Social ao Cidad\u00e3o), al\u00e9m de divulga\u00e7\u00e3o na Comunidade com Cartazes, Folders, teatro e m\u00fasica.<\/p>\n<h4><span style=\"color: #00aeef;\">Galeria de Imagens<\/span><\/h4>\n<div id='gallery-1' class='czr-gallery row flex-row czr-gallery-style gallery galleryid-957 gallery-columns-3 gallery-size-medium'><figure class='gallery-item col col-auto'>\r\n                        <div class='gallery-icon landscape czr-gallery-icon'>\r\n                              <a data-lb-type=\"grouped-gallery\" title=\"Campanha Fa\u00e7a Bonito &#8211; Make a Beautiful Campaign\" href=https:\/\/fundhas.org.br\/portfolio\/portfolio2019\/wp-content\/uploads\/2019\/11\/Sem-t\u00edtulo.jpg class=\"bg-link\"><\/a><img loading=\"lazy\" decoding=\"async\" width=\"300\" height=\"225\" src=\"https:\/\/fundhas.org.br\/portfolio\/portfolio2019\/wp-content\/uploads\/2019\/11\/Sem-t\u00edtulo-300x225.jpg\" class=\"attachment-medium size-medium no-lazy\" alt=\"\" sizes=\"auto, (min-width: 1200px) 350px, (min-width: 992px) 290px, (min-width: 768px) 210px, (min-width: 576px) 150px, calc( 50vw - 30px )\" aria-describedby=\"gallery-1-1005\" srcset=\"https:\/\/fundhas.org.br\/portfolio\/portfolio2019\/wp-content\/uploads\/2019\/11\/Sem-t\u00edtulo-300x225.jpg 300w, https:\/\/fundhas.org.br\/portfolio\/portfolio2019\/wp-content\/uploads\/2019\/11\/Sem-t\u00edtulo-768x576.jpg 768w, https:\/\/fundhas.org.br\/portfolio\/portfolio2019\/wp-content\/uploads\/2019\/11\/Sem-t\u00edtulo.jpg 959w\" \/>\r\n                        <\/div>\r\n                              <figcaption class='wp-caption-text gallery-caption' id='gallery-1-1005'>\r\n                              Campanha Fa\u00e7a Bonito &#8211; Make a Beautiful Campaign\r\n                              <\/figcaption><\/figure><figure class='gallery-item col col-auto'>\r\n                        <div class='gallery-icon landscape czr-gallery-icon'>\r\n                              <a data-lb-type=\"grouped-gallery\" title=\"Campanha Fa\u00e7a Bonito &#8211; Make a Beautiful Campaign\" href=https:\/\/fundhas.org.br\/portfolio\/portfolio2019\/wp-content\/uploads\/2019\/11\/A\u00e7\u00f5es-Fundhas_18-maio-7_.jpg class=\"bg-link\"><\/a><img loading=\"lazy\" decoding=\"async\" width=\"300\" height=\"211\" src=\"https:\/\/fundhas.org.br\/portfolio\/portfolio2019\/wp-content\/uploads\/2019\/11\/A\u00e7\u00f5es-Fundhas_18-maio-7_-300x211.jpg\" class=\"attachment-medium size-medium no-lazy\" alt=\"\" sizes=\"auto, (min-width: 1200px) 350px, (min-width: 992px) 290px, (min-width: 768px) 210px, (min-width: 576px) 150px, calc( 50vw - 30px )\" aria-describedby=\"gallery-1-1008\" srcset=\"https:\/\/fundhas.org.br\/portfolio\/portfolio2019\/wp-content\/uploads\/2019\/11\/A\u00e7\u00f5es-Fundhas_18-maio-7_-300x211.jpg 300w, https:\/\/fundhas.org.br\/portfolio\/portfolio2019\/wp-content\/uploads\/2019\/11\/A\u00e7\u00f5es-Fundhas_18-maio-7_-768x540.jpg 768w, https:\/\/fundhas.org.br\/portfolio\/portfolio2019\/wp-content\/uploads\/2019\/11\/A\u00e7\u00f5es-Fundhas_18-maio-7_.jpg 810w\" \/>\r\n                        <\/div>\r\n                              <figcaption class='wp-caption-text gallery-caption' id='gallery-1-1008'>\r\n                              Campanha Fa\u00e7a Bonito &#8211; Make a Beautiful Campaign\r\n                              <\/figcaption><\/figure><figure class='gallery-item col col-auto'>\r\n                        <div class='gallery-icon landscape czr-gallery-icon'>\r\n                              <a data-lb-type=\"grouped-gallery\" title=\"Campanha Fa\u00e7a Bonito &#8211; Make a Beautiful Campaign\" href=https:\/\/fundhas.org.br\/portfolio\/portfolio2019\/wp-content\/uploads\/2019\/11\/59999939_2413355732017288_6629477180394962944_n.jpg class=\"bg-link\"><\/a><img loading=\"lazy\" decoding=\"async\" width=\"300\" height=\"225\" src=\"https:\/\/fundhas.org.br\/portfolio\/portfolio2019\/wp-content\/uploads\/2019\/11\/59999939_2413355732017288_6629477180394962944_n-300x225.jpg\" class=\"attachment-medium size-medium no-lazy\" alt=\"\" sizes=\"auto, (min-width: 1200px) 350px, (min-width: 992px) 290px, (min-width: 768px) 210px, (min-width: 576px) 150px, calc( 50vw - 30px )\" aria-describedby=\"gallery-1-1009\" srcset=\"https:\/\/fundhas.org.br\/portfolio\/portfolio2019\/wp-content\/uploads\/2019\/11\/59999939_2413355732017288_6629477180394962944_n-300x225.jpg 300w, https:\/\/fundhas.org.br\/portfolio\/portfolio2019\/wp-content\/uploads\/2019\/11\/59999939_2413355732017288_6629477180394962944_n-768x576.jpg 768w, https:\/\/fundhas.org.br\/portfolio\/portfolio2019\/wp-content\/uploads\/2019\/11\/59999939_2413355732017288_6629477180394962944_n.jpg 960w\" \/>\r\n                        <\/div>\r\n                              <figcaption class='wp-caption-text gallery-caption' id='gallery-1-1009'>\r\n                              Campanha Fa\u00e7a Bonito &#8211; Make a Beautiful Campaign\r\n                              <\/figcaption><\/figure>\r\n                  <\/div>\n\n<p>&nbsp;<\/p>\n<h4><span style=\"color: #00aeef;\">Links<\/span><\/h4>\n<p><a href=\"https:\/\/www.facebook.com\/210084985681506\/posts\/2304565742900076\/\">https:\/\/www.facebook.com\/210084985681506\/posts\/2304565742900076\/<\/a><\/p>\n<p><a href=\"https:\/\/www.facebook.com\/1361518513867687\/posts\/2413357082017153\/\">https:\/\/www.facebook.com\/1361518513867687\/posts\/2413357082017153\/<\/a><\/p>\n","protected":false},"excerpt":{"rendered":"<p>Descri\u00e7\u00e3o A campanha foi realizada em diversas Unidade da FUNDHAS em parceria com CMDCA (Conselho Municipal do Direito da Crian\u00e7a e do Adolescente) que vai de encontro com ODS 4.7 &#8211; \u201cGarantir que todos os adquiram conhecimentos e habilidades necess\u00e1rias para promover o desenvolvimento sustent\u00e1vel, inclusive, entre outros, por meio da educa\u00e7\u00e3o para o desenvolvimento [&hellip;]<\/p>\n","protected":false},"author":4,"featured_media":0,"parent":0,"menu_order":0,"comment_status":"closed","ping_status":"closed","template":"","meta":{"footnotes":""},"class_list":["post-957","page","type-page","status-publish","czr-hentry"],"_links":{"self":[{"href":"https:\/\/fundhas.org.br\/portfolio\/portfolio2019\/wp-json\/wp\/v2\/pages\/957","targetHints":{"allow":["GET"]}}],"collection":[{"href":"https:\/\/fundhas.org.br\/portfolio\/portfolio2019\/wp-json\/wp\/v2\/pages"}],"about":[{"href":"https:\/\/fundhas.org.br\/portfolio\/portfolio2019\/wp-json\/wp\/v2\/types\/page"}],"author":[{"embeddable":true,"href":"https:\/\/fundhas.org.br\/portfolio\/portfolio2019\/wp-json\/wp\/v2\/users\/4"}],"replies":[{"embeddable":true,"href":"https:\/\/fundhas.org.br\/portfolio\/portfolio2019\/wp-json\/wp\/v2\/comments?post=957"}],"version-history":[{"count":6,"href":"https:\/\/fundhas.org.br\/portfolio\/portfolio2019\/wp-json\/wp\/v2\/pages\/957\/revisions"}],"predecessor-version":[{"id":1440,"href":"https:\/\/fundhas.org.br\/portfolio\/portfolio2019\/wp-json\/wp\/v2\/pages\/957\/revisions\/1440"}],"wp:attachment":[{"href":"https:\/\/fundhas.org.br\/portfolio\/portfolio2019\/wp-json\/wp\/v2\/media?parent=957"}],"curies":[{"name":"wp","href":"https:\/\/api.w.org\/{rel}","templated":true}]}}