{"id":406,"date":"2019-10-18T13:12:11","date_gmt":"2019-10-18T13:12:11","guid":{"rendered":"https:\/\/fundhas.org.br\/portfolio\/portfolio2019\/?page_id=406"},"modified":"2019-11-20T11:12:42","modified_gmt":"2019-11-20T11:12:42","slug":"robotica-e-sustentabilidade","status":"publish","type":"page","link":"https:\/\/fundhas.org.br\/portfolio\/portfolio2019\/robotica-e-sustentabilidade\/","title":{"rendered":"Rob\u00f3tica e Sustentabilidade"},"content":{"rendered":"\r\n<h4 class=\"wp-block-heading\"><span style=\"color: #00aeef;\">Descri\u00e7\u00e3o<\/span><\/h4>\r\n<p>A jun\u00e7\u00e3o dos conceitos de rob\u00f3tica e sustentabilidade promete dar bons resultados na Fundhas. Para isso, um grupo de educadores, professores e t\u00e9cnicos participou de oficinas de capacita\u00e7\u00e3o em rob\u00f3tica sustent\u00e1vel vivenciando teoria e pr\u00e1tica em prepara\u00e7\u00e3o para aulas e oficinas com alunos.<br \/>Reutilizando materiais recicl\u00e1veis, dando novo destino a eles e construindo rob\u00f4s, com conceitos de eletr\u00f4nica, os educadores da Fundhas possibilitam trabalhar diversas habilidades.<br \/>O conceito da cultura maker refor\u00e7a o \u2018fa\u00e7a voc\u00ea mesmo\u2019 em escolas e institui\u00e7\u00f5es educativas. A ideia prop\u00f5e que qualquer pessoa pode construir, reparar e alterar objetos variados com as pr\u00f3prias m\u00e3os e de forma colaborativa.<br \/>As atividades \u2018m\u00e3o na massa\u2019 na Funda\u00e7\u00e3o permitem trabalhar compet\u00eancias e habilidades diversas com os alunos, al\u00e9m da import\u00e2ncia da sustentabilidade e do consumo consciente.<br \/>A proposta refor\u00e7a as a\u00e7\u00f5es estrat\u00e9gicas da Fundhas voltadas \u00e0 inova\u00e7\u00e3o, com a cultura maker, o reaproveitamento de materiais e t\u00e9cnicas de programa\u00e7\u00e3o.<\/p>\r\n<h4><span style=\"color: #00aeef;\">Galeria de Imagens<\/span><\/h4>\r\n<div id='gallery-1' class='czr-gallery row flex-row czr-gallery-style gallery galleryid-406 gallery-columns-3 gallery-size-thumbnail'><figure class='gallery-item col col-auto'>\r\n                        <div class='gallery-icon landscape czr-gallery-icon'>\r\n                              <a data-lb-type=\"grouped-gallery\" title=\"Rob\u00f3tica e Sustentabilidade &#8211; Robotics and Sustainability\" href=https:\/\/fundhas.org.br\/portfolio\/portfolio2019\/wp-content\/uploads\/2019\/11\/WhatsApp-Image-2019-11-19-at-11.40.35-2.jpeg class=\"bg-link\"><\/a><img loading=\"lazy\" decoding=\"async\" width=\"150\" height=\"150\" src=\"https:\/\/fundhas.org.br\/portfolio\/portfolio2019\/wp-content\/uploads\/2019\/11\/WhatsApp-Image-2019-11-19-at-11.40.35-2-150x150.jpeg\" class=\"attachment-thumbnail size-thumbnail no-lazy\" alt=\"\" sizes=\"auto, (min-width: 1200px) 350px, (min-width: 992px) 290px, (min-width: 768px) 210px, (min-width: 576px) 150px, calc( 50vw - 30px )\" aria-describedby=\"gallery-1-1073\" srcset=\"https:\/\/fundhas.org.br\/portfolio\/portfolio2019\/wp-content\/uploads\/2019\/11\/WhatsApp-Image-2019-11-19-at-11.40.35-2-150x150.jpeg 150w, https:\/\/fundhas.org.br\/portfolio\/portfolio2019\/wp-content\/uploads\/2019\/11\/WhatsApp-Image-2019-11-19-at-11.40.35-2-510x510.jpeg 510w\" \/>\r\n                        <\/div>\r\n                              <figcaption class='wp-caption-text gallery-caption' id='gallery-1-1073'>\r\n                              Rob\u00f3tica e Sustentabilidade &#8211; Robotics and Sustainability\r\n                              <\/figcaption><\/figure><figure class='gallery-item col col-auto'>\r\n                        <div class='gallery-icon landscape czr-gallery-icon'>\r\n                              <a data-lb-type=\"grouped-gallery\" title=\"Rob\u00f3tica e Sustentabilidade &#8211; Robotics and Sustainability\" href=https:\/\/fundhas.org.br\/portfolio\/portfolio2019\/wp-content\/uploads\/2019\/11\/robotica-4.jpg class=\"bg-link\"><\/a><img loading=\"lazy\" decoding=\"async\" width=\"150\" height=\"150\" src=\"https:\/\/fundhas.org.br\/portfolio\/portfolio2019\/wp-content\/uploads\/2019\/11\/robotica-4-150x150.jpg\" class=\"attachment-thumbnail size-thumbnail no-lazy\" alt=\"\" sizes=\"auto, (min-width: 1200px) 350px, (min-width: 992px) 290px, (min-width: 768px) 210px, (min-width: 576px) 150px, calc( 50vw - 30px )\" aria-describedby=\"gallery-1-1119\" srcset=\"https:\/\/fundhas.org.br\/portfolio\/portfolio2019\/wp-content\/uploads\/2019\/11\/robotica-4-150x150.jpg 150w, https:\/\/fundhas.org.br\/portfolio\/portfolio2019\/wp-content\/uploads\/2019\/11\/robotica-4-510x510.jpg 510w\" \/>\r\n                        <\/div>\r\n                              <figcaption class='wp-caption-text gallery-caption' id='gallery-1-1119'>\r\n                              Rob\u00f3tica e Sustentabilidade &#8211; Robotics and Sustainability\r\n                              <\/figcaption><\/figure><figure class='gallery-item col col-auto'>\r\n                        <div class='gallery-icon landscape czr-gallery-icon'>\r\n                              <a data-lb-type=\"grouped-gallery\" title=\"Rob\u00f3tica e Sustentabilidade &#8211; Robotics and Sustainability\" href=https:\/\/fundhas.org.br\/portfolio\/portfolio2019\/wp-content\/uploads\/2019\/11\/WhatsApp-Image-2019-11-19-at-11.40.35.jpeg class=\"bg-link\"><\/a><img loading=\"lazy\" decoding=\"async\" width=\"150\" height=\"150\" src=\"https:\/\/fundhas.org.br\/portfolio\/portfolio2019\/wp-content\/uploads\/2019\/11\/WhatsApp-Image-2019-11-19-at-11.40.35-150x150.jpeg\" class=\"attachment-thumbnail size-thumbnail no-lazy\" alt=\"\" sizes=\"auto, (min-width: 1200px) 350px, (min-width: 992px) 290px, (min-width: 768px) 210px, (min-width: 576px) 150px, calc( 50vw - 30px )\" aria-describedby=\"gallery-1-1075\" srcset=\"https:\/\/fundhas.org.br\/portfolio\/portfolio2019\/wp-content\/uploads\/2019\/11\/WhatsApp-Image-2019-11-19-at-11.40.35-150x150.jpeg 150w, https:\/\/fundhas.org.br\/portfolio\/portfolio2019\/wp-content\/uploads\/2019\/11\/WhatsApp-Image-2019-11-19-at-11.40.35-510x510.jpeg 510w\" \/>\r\n                        <\/div>\r\n                              <figcaption class='wp-caption-text gallery-caption' id='gallery-1-1075'>\r\n                              Rob\u00f3tica e Sustentabilidade &#8211; Robotics and Sustainability\r\n                              <\/figcaption><\/figure><figure class='gallery-item col col-auto'>\r\n                        <div class='gallery-icon landscape czr-gallery-icon'>\r\n                              <a data-lb-type=\"grouped-gallery\" title=\"Rob\u00f3tica e Sustentabilidade &#8211; Robotics and Sustainability\" href=https:\/\/fundhas.org.br\/portfolio\/portfolio2019\/wp-content\/uploads\/2019\/11\/robotica-5.jpg class=\"bg-link\"><\/a><img loading=\"lazy\" decoding=\"async\" width=\"150\" height=\"150\" src=\"https:\/\/fundhas.org.br\/portfolio\/portfolio2019\/wp-content\/uploads\/2019\/11\/robotica-5-150x150.jpg\" class=\"attachment-thumbnail size-thumbnail no-lazy\" alt=\"\" sizes=\"auto, (min-width: 1200px) 350px, (min-width: 992px) 290px, (min-width: 768px) 210px, (min-width: 576px) 150px, calc( 50vw - 30px )\" aria-describedby=\"gallery-1-1120\" srcset=\"https:\/\/fundhas.org.br\/portfolio\/portfolio2019\/wp-content\/uploads\/2019\/11\/robotica-5-150x150.jpg 150w, https:\/\/fundhas.org.br\/portfolio\/portfolio2019\/wp-content\/uploads\/2019\/11\/robotica-5-510x510.jpg 510w\" \/>\r\n                        <\/div>\r\n                              <figcaption class='wp-caption-text gallery-caption' id='gallery-1-1120'>\r\n                              Rob\u00f3tica e Sustentabilidade &#8211; Robotics and Sustainability\r\n                              <\/figcaption><\/figure><figure class='gallery-item col col-auto'>\r\n                        <div class='gallery-icon landscape czr-gallery-icon'>\r\n                              <a data-lb-type=\"grouped-gallery\" title=\"Rob\u00f3tica e Sustentabilidade &#8211; Robotics and Sustainability\" href=https:\/\/fundhas.org.br\/portfolio\/portfolio2019\/wp-content\/uploads\/2019\/11\/WhatsApp-Image-2019-11-19-at-11.40.34.jpeg class=\"bg-link\"><\/a><img loading=\"lazy\" decoding=\"async\" width=\"150\" height=\"150\" src=\"https:\/\/fundhas.org.br\/portfolio\/portfolio2019\/wp-content\/uploads\/2019\/11\/WhatsApp-Image-2019-11-19-at-11.40.34-150x150.jpeg\" class=\"attachment-thumbnail size-thumbnail no-lazy\" alt=\"\" sizes=\"auto, (min-width: 1200px) 350px, (min-width: 992px) 290px, (min-width: 768px) 210px, (min-width: 576px) 150px, calc( 50vw - 30px )\" aria-describedby=\"gallery-1-1076\" srcset=\"https:\/\/fundhas.org.br\/portfolio\/portfolio2019\/wp-content\/uploads\/2019\/11\/WhatsApp-Image-2019-11-19-at-11.40.34-150x150.jpeg 150w, https:\/\/fundhas.org.br\/portfolio\/portfolio2019\/wp-content\/uploads\/2019\/11\/WhatsApp-Image-2019-11-19-at-11.40.34-510x510.jpeg 510w\" \/>\r\n                        <\/div>\r\n                              <figcaption class='wp-caption-text gallery-caption' id='gallery-1-1076'>\r\n                              Rob\u00f3tica e Sustentabilidade &#8211; Robotics and Sustainability\r\n                              <\/figcaption><\/figure><figure class='gallery-item col col-auto'>\r\n                        <div class='gallery-icon landscape czr-gallery-icon'>\r\n                              <a data-lb-type=\"grouped-gallery\" title=\"Rob\u00f3tica e Sustentabilidade &#8211; Robotics and Sustainability\" href=https:\/\/fundhas.org.br\/portfolio\/portfolio2019\/wp-content\/uploads\/2019\/11\/robotica-6.jpg class=\"bg-link\"><\/a><img loading=\"lazy\" decoding=\"async\" width=\"150\" height=\"150\" src=\"https:\/\/fundhas.org.br\/portfolio\/portfolio2019\/wp-content\/uploads\/2019\/11\/robotica-6-150x150.jpg\" class=\"attachment-thumbnail size-thumbnail no-lazy\" alt=\"\" sizes=\"auto, (min-width: 1200px) 350px, (min-width: 992px) 290px, (min-width: 768px) 210px, (min-width: 576px) 150px, calc( 50vw - 30px )\" aria-describedby=\"gallery-1-1121\" srcset=\"https:\/\/fundhas.org.br\/portfolio\/portfolio2019\/wp-content\/uploads\/2019\/11\/robotica-6-150x150.jpg 150w, https:\/\/fundhas.org.br\/portfolio\/portfolio2019\/wp-content\/uploads\/2019\/11\/robotica-6-510x510.jpg 510w\" \/>\r\n                        <\/div>\r\n                              <figcaption class='wp-caption-text gallery-caption' id='gallery-1-1121'>\r\n                              Rob\u00f3tica e Sustentabilidade &#8211; Robotics and Sustainability\r\n                              <\/figcaption><\/figure><figure class='gallery-item col col-auto'>\r\n                        <div class='gallery-icon landscape czr-gallery-icon'>\r\n                              <a data-lb-type=\"grouped-gallery\" title=\"Rob\u00f3tica e Sustentabilidade &#8211; Robotics and Sustainability\" href=https:\/\/fundhas.org.br\/portfolio\/portfolio2019\/wp-content\/uploads\/2019\/11\/WhatsApp-Image-2019-11-19-at-11.40.35-1.jpeg class=\"bg-link\"><\/a><img loading=\"lazy\" decoding=\"async\" width=\"150\" height=\"150\" src=\"https:\/\/fundhas.org.br\/portfolio\/portfolio2019\/wp-content\/uploads\/2019\/11\/WhatsApp-Image-2019-11-19-at-11.40.35-1-150x150.jpeg\" class=\"attachment-thumbnail size-thumbnail no-lazy\" alt=\"\" sizes=\"auto, (min-width: 1200px) 350px, (min-width: 992px) 290px, (min-width: 768px) 210px, (min-width: 576px) 150px, calc( 50vw - 30px )\" aria-describedby=\"gallery-1-1074\" srcset=\"https:\/\/fundhas.org.br\/portfolio\/portfolio2019\/wp-content\/uploads\/2019\/11\/WhatsApp-Image-2019-11-19-at-11.40.35-1-150x150.jpeg 150w, https:\/\/fundhas.org.br\/portfolio\/portfolio2019\/wp-content\/uploads\/2019\/11\/WhatsApp-Image-2019-11-19-at-11.40.35-1-510x510.jpeg 510w\" \/>\r\n                        <\/div>\r\n                              <figcaption class='wp-caption-text gallery-caption' id='gallery-1-1074'>\r\n                              Rob\u00f3tica e Sustentabilidade &#8211; Robotics and Sustainability\r\n                              <\/figcaption><\/figure><figure class='gallery-item col col-auto'>\r\n                        <div class='gallery-icon landscape czr-gallery-icon'>\r\n                              <a data-lb-type=\"grouped-gallery\" title=\"Rob\u00f3tica e Sustentabilidade &#8211; Robotics and Sustainability\" href=https:\/\/fundhas.org.br\/portfolio\/portfolio2019\/wp-content\/uploads\/2019\/11\/robotica-1.jpg class=\"bg-link\"><\/a><img loading=\"lazy\" decoding=\"async\" width=\"150\" height=\"150\" src=\"https:\/\/fundhas.org.br\/portfolio\/portfolio2019\/wp-content\/uploads\/2019\/11\/robotica-1-150x150.jpg\" class=\"attachment-thumbnail size-thumbnail no-lazy\" alt=\"\" sizes=\"auto, (min-width: 1200px) 350px, (min-width: 992px) 290px, (min-width: 768px) 210px, (min-width: 576px) 150px, calc( 50vw - 30px )\" aria-describedby=\"gallery-1-1122\" srcset=\"https:\/\/fundhas.org.br\/portfolio\/portfolio2019\/wp-content\/uploads\/2019\/11\/robotica-1-150x150.jpg 150w, https:\/\/fundhas.org.br\/portfolio\/portfolio2019\/wp-content\/uploads\/2019\/11\/robotica-1-510x510.jpg 510w\" \/>\r\n                        <\/div>\r\n                              <figcaption class='wp-caption-text gallery-caption' id='gallery-1-1122'>\r\n                              Rob\u00f3tica e Sustentabilidade &#8211; Robotics and Sustainability\r\n                              <\/figcaption><\/figure><figure class='gallery-item col col-auto'>\r\n                        <div class='gallery-icon landscape czr-gallery-icon'>\r\n                              <a data-lb-type=\"grouped-gallery\" title=\"Rob\u00f3tica e Sustentabilidade &#8211; Robotics and Sustainability\" href=https:\/\/fundhas.org.br\/portfolio\/portfolio2019\/wp-content\/uploads\/2019\/11\/robotica-3.jpg class=\"bg-link\"><\/a><img loading=\"lazy\" decoding=\"async\" width=\"150\" height=\"150\" src=\"https:\/\/fundhas.org.br\/portfolio\/portfolio2019\/wp-content\/uploads\/2019\/11\/robotica-3-150x150.jpg\" class=\"attachment-thumbnail size-thumbnail no-lazy\" alt=\"\" sizes=\"auto, (min-width: 1200px) 350px, (min-width: 992px) 290px, (min-width: 768px) 210px, (min-width: 576px) 150px, calc( 50vw - 30px )\" aria-describedby=\"gallery-1-1123\" srcset=\"https:\/\/fundhas.org.br\/portfolio\/portfolio2019\/wp-content\/uploads\/2019\/11\/robotica-3-150x150.jpg 150w, https:\/\/fundhas.org.br\/portfolio\/portfolio2019\/wp-content\/uploads\/2019\/11\/robotica-3-510x510.jpg 510w\" \/>\r\n                        <\/div>\r\n                              <figcaption class='wp-caption-text gallery-caption' id='gallery-1-1123'>\r\n                              Rob\u00f3tica e Sustentabilidade &#8211; Robotics and Sustainability\r\n                              <\/figcaption><\/figure>\r\n                  <\/div>\n\r\n<h4><span style=\"color: #00aeef;\">Links<\/span><\/h4>\r\n<p><a href=\"https:\/\/www.sjc.sp.gov.br\/noticias\/2019\/agosto\/2\/educadores-da-fundhas-participam-de-oficinas-maker\/\">https:\/\/www.sjc.sp.gov.br\/noticias\/2019\/agosto\/2\/educadores-da-fundhas-participam-de-oficinas-maker\/<\/a><\/p>\r\n<p><a href=\"https:\/\/www.facebook.com\/FundhasSJC\/posts\/2564347100251483\">https:\/\/www.facebook.com\/FundhasSJC\/posts\/2564347100251483<\/a><\/p>\r\n","protected":false},"excerpt":{"rendered":"<p>Descri\u00e7\u00e3o A jun\u00e7\u00e3o dos conceitos de rob\u00f3tica e sustentabilidade promete dar bons resultados na Fundhas. Para isso, um grupo de educadores, professores e t\u00e9cnicos participou de oficinas de capacita\u00e7\u00e3o em rob\u00f3tica sustent\u00e1vel vivenciando teoria e pr\u00e1tica em prepara\u00e7\u00e3o para aulas e oficinas com alunos.Reutilizando materiais recicl\u00e1veis, dando novo destino a eles e construindo rob\u00f4s, com [&hellip;]<\/p>\n","protected":false},"author":4,"featured_media":0,"parent":0,"menu_order":0,"comment_status":"closed","ping_status":"closed","template":"","meta":{"footnotes":""},"class_list":["post-406","page","type-page","status-publish","czr-hentry"],"_links":{"self":[{"href":"https:\/\/fundhas.org.br\/portfolio\/portfolio2019\/wp-json\/wp\/v2\/pages\/406","targetHints":{"allow":["GET"]}}],"collection":[{"href":"https:\/\/fundhas.org.br\/portfolio\/portfolio2019\/wp-json\/wp\/v2\/pages"}],"about":[{"href":"https:\/\/fundhas.org.br\/portfolio\/portfolio2019\/wp-json\/wp\/v2\/types\/page"}],"author":[{"embeddable":true,"href":"https:\/\/fundhas.org.br\/portfolio\/portfolio2019\/wp-json\/wp\/v2\/users\/4"}],"replies":[{"embeddable":true,"href":"https:\/\/fundhas.org.br\/portfolio\/portfolio2019\/wp-json\/wp\/v2\/comments?post=406"}],"version-history":[{"count":8,"href":"https:\/\/fundhas.org.br\/portfolio\/portfolio2019\/wp-json\/wp\/v2\/pages\/406\/revisions"}],"predecessor-version":[{"id":1126,"href":"https:\/\/fundhas.org.br\/portfolio\/portfolio2019\/wp-json\/wp\/v2\/pages\/406\/revisions\/1126"}],"wp:attachment":[{"href":"https:\/\/fundhas.org.br\/portfolio\/portfolio2019\/wp-json\/wp\/v2\/media?parent=406"}],"curies":[{"name":"wp","href":"https:\/\/api.w.org\/{rel}","templated":true}]}}