{"id":392,"date":"2019-10-18T13:04:57","date_gmt":"2019-10-18T13:04:57","guid":{"rendered":"https:\/\/fundhas.org.br\/portfolio\/portfolio2019\/?page_id=392"},"modified":"2020-08-19T08:58:59","modified_gmt":"2020-08-19T11:58:59","slug":"formacao-dos-profissionais-2","status":"publish","type":"page","link":"https:\/\/fundhas.org.br\/portfolio\/portfolio2019\/formacao-dos-profissionais-2\/","title":{"rendered":"Forma\u00e7\u00e3o dos profissionais"},"content":{"rendered":"\r\n<h4><span style=\"color: #00aeef;\">Descri\u00e7\u00e3o<\/span><\/h4>\r\n<p class=\"has-medium-font-size\">O processo de Forma\u00e7\u00e3o\u00a0Socioeducativa Continuada realizado com os profissionais da DECA iniciou-se no ano de 2014, tendo como objetivo capacitar e contribuir com o processo formativo dos profissionais de atendimento, a partir da concep\u00e7\u00e3o da educa\u00e7\u00e3o n\u00e3o formal em contra turno escolar, que busca garantir a efetividade da proposta sociopedag\u00f3gica da DECA, considerando as exig\u00eancias e pr\u00e1ticas espec\u00edficas deste campo de atua\u00e7\u00e3o respeitando a especificidades de seu p\u00fablico e das fases de desenvolvimento humano.<\/p>\r\n<p>Com o objetivo de assegurar um ensino de qualidade cada vez maior aos alunos, a forma\u00e7\u00e3o continuada de professores tem sido um processo permanente e constante de aperfei\u00e7oamento dos saberes e conta com encontros de forma\u00e7\u00e3o, oficinas, planejamento e compartilhamento de aprendizados entre os educadores e professores.<\/p>\r\n<p>\r\n\r\n<\/p>\r\n<h4><span style=\"color: #00aeef;\">Galeria de Imagens<\/span><\/h4>\r\n<div id='gallery-1' class='czr-gallery row flex-row czr-gallery-style gallery galleryid-392 gallery-columns-3 gallery-size-thumbnail'><figure class='gallery-item col col-auto'>\r\n                        <div class='gallery-icon landscape czr-gallery-icon'>\r\n                              <a data-lb-type=\"grouped-gallery\" title=\"Forma\u00e7\u00e3o dos profissionais &#8211; Training Of The Professionals\" href=https:\/\/fundhas.org.br\/portfolio\/portfolio2019\/wp-content\/uploads\/2019\/11\/WhatsApp-Image-2019-11-19-at-11.43.54.jpeg class=\"bg-link\"><\/a><img loading=\"lazy\" decoding=\"async\" width=\"150\" height=\"150\" src=\"https:\/\/fundhas.org.br\/portfolio\/portfolio2019\/wp-content\/uploads\/2019\/11\/WhatsApp-Image-2019-11-19-at-11.43.54-150x150.jpeg\" class=\"attachment-thumbnail size-thumbnail no-lazy\" alt=\"\" sizes=\"auto, (min-width: 1200px) 350px, (min-width: 992px) 290px, (min-width: 768px) 210px, (min-width: 576px) 150px, calc( 50vw - 30px )\" aria-describedby=\"gallery-1-1081\" srcset=\"https:\/\/fundhas.org.br\/portfolio\/portfolio2019\/wp-content\/uploads\/2019\/11\/WhatsApp-Image-2019-11-19-at-11.43.54-150x150.jpeg 150w, https:\/\/fundhas.org.br\/portfolio\/portfolio2019\/wp-content\/uploads\/2019\/11\/WhatsApp-Image-2019-11-19-at-11.43.54-510x510.jpeg 510w\" \/>\r\n                        <\/div>\r\n                              <figcaption class='wp-caption-text gallery-caption' id='gallery-1-1081'>\r\n                              Forma\u00e7\u00e3o dos profissionais &#8211; Training Of The Professionals\r\n                              <\/figcaption><\/figure><figure class='gallery-item col col-auto'>\r\n                        <div class='gallery-icon landscape czr-gallery-icon'>\r\n                              <a data-lb-type=\"grouped-gallery\" title=\"Forma\u00e7\u00e3o dos profissionais &#8211; Training Of The Professionals\" href=https:\/\/fundhas.org.br\/portfolio\/portfolio2019\/wp-content\/uploads\/2019\/11\/WhatsApp-Image-2019-11-19-at-11.43.55.jpeg class=\"bg-link\"><\/a><img loading=\"lazy\" decoding=\"async\" width=\"150\" height=\"150\" src=\"https:\/\/fundhas.org.br\/portfolio\/portfolio2019\/wp-content\/uploads\/2019\/11\/WhatsApp-Image-2019-11-19-at-11.43.55-150x150.jpeg\" class=\"attachment-thumbnail size-thumbnail no-lazy\" alt=\"\" sizes=\"auto, (min-width: 1200px) 350px, (min-width: 992px) 290px, (min-width: 768px) 210px, (min-width: 576px) 150px, calc( 50vw - 30px )\" aria-describedby=\"gallery-1-1079\" srcset=\"https:\/\/fundhas.org.br\/portfolio\/portfolio2019\/wp-content\/uploads\/2019\/11\/WhatsApp-Image-2019-11-19-at-11.43.55-150x150.jpeg 150w, https:\/\/fundhas.org.br\/portfolio\/portfolio2019\/wp-content\/uploads\/2019\/11\/WhatsApp-Image-2019-11-19-at-11.43.55-510x510.jpeg 510w\" \/>\r\n                        <\/div>\r\n                              <figcaption class='wp-caption-text gallery-caption' id='gallery-1-1079'>\r\n                              Forma\u00e7\u00e3o dos profissionais &#8211; Training Of The Professionals\r\n                              <\/figcaption><\/figure><figure class='gallery-item col col-auto'>\r\n                        <div class='gallery-icon landscape czr-gallery-icon'>\r\n                              <a data-lb-type=\"grouped-gallery\" title=\"Forma\u00e7\u00e3o dos profissionais &#8211; Training Of The Professionals\" href=https:\/\/fundhas.org.br\/portfolio\/portfolio2019\/wp-content\/uploads\/2019\/11\/WhatsApp-Image-2019-11-19-at-11.43.54-1.jpeg class=\"bg-link\"><\/a><img loading=\"lazy\" decoding=\"async\" width=\"150\" height=\"150\" src=\"https:\/\/fundhas.org.br\/portfolio\/portfolio2019\/wp-content\/uploads\/2019\/11\/WhatsApp-Image-2019-11-19-at-11.43.54-1-150x150.jpeg\" class=\"attachment-thumbnail size-thumbnail no-lazy\" alt=\"\" sizes=\"auto, (min-width: 1200px) 350px, (min-width: 992px) 290px, (min-width: 768px) 210px, (min-width: 576px) 150px, calc( 50vw - 30px )\" aria-describedby=\"gallery-1-1080\" srcset=\"https:\/\/fundhas.org.br\/portfolio\/portfolio2019\/wp-content\/uploads\/2019\/11\/WhatsApp-Image-2019-11-19-at-11.43.54-1-150x150.jpeg 150w, https:\/\/fundhas.org.br\/portfolio\/portfolio2019\/wp-content\/uploads\/2019\/11\/WhatsApp-Image-2019-11-19-at-11.43.54-1-510x510.jpeg 510w\" \/>\r\n                        <\/div>\r\n                              <figcaption class='wp-caption-text gallery-caption' id='gallery-1-1080'>\r\n                              Forma\u00e7\u00e3o dos profissionais &#8211; Training Of The Professionals\r\n                              <\/figcaption><\/figure><figure class='gallery-item col col-auto'>\r\n                        <div class='gallery-icon landscape czr-gallery-icon'>\r\n                              <a data-lb-type=\"grouped-gallery\" title=\"Forma\u00e7\u00e3o dos profissionais &#8211; Training Of The Professionals\" href=https:\/\/fundhas.org.br\/portfolio\/portfolio2019\/wp-content\/uploads\/2019\/11\/WhatsApp-Image-2019-11-19-at-11.42.48.jpeg class=\"bg-link\"><\/a><img loading=\"lazy\" decoding=\"async\" width=\"150\" height=\"150\" src=\"https:\/\/fundhas.org.br\/portfolio\/portfolio2019\/wp-content\/uploads\/2019\/11\/WhatsApp-Image-2019-11-19-at-11.42.48-150x150.jpeg\" class=\"attachment-thumbnail size-thumbnail no-lazy\" alt=\"\" sizes=\"auto, (min-width: 1200px) 350px, (min-width: 992px) 290px, (min-width: 768px) 210px, (min-width: 576px) 150px, calc( 50vw - 30px )\" aria-describedby=\"gallery-1-1082\" srcset=\"https:\/\/fundhas.org.br\/portfolio\/portfolio2019\/wp-content\/uploads\/2019\/11\/WhatsApp-Image-2019-11-19-at-11.42.48-150x150.jpeg 150w, https:\/\/fundhas.org.br\/portfolio\/portfolio2019\/wp-content\/uploads\/2019\/11\/WhatsApp-Image-2019-11-19-at-11.42.48-510x510.jpeg 510w\" \/>\r\n                        <\/div>\r\n                              <figcaption class='wp-caption-text gallery-caption' id='gallery-1-1082'>\r\n                              Forma\u00e7\u00e3o dos profissionais &#8211; Training Of The Professionals\r\n                              <\/figcaption><\/figure><figure class='gallery-item col col-auto'>\r\n                        <div class='gallery-icon landscape czr-gallery-icon'>\r\n                              <a data-lb-type=\"grouped-gallery\" title=\"Forma\u00e7\u00e3o dos profissionais &#8211; Training Of The Professionals\" href=https:\/\/fundhas.org.br\/portfolio\/portfolio2019\/wp-content\/uploads\/2019\/11\/WhatsApp-Image-2019-11-19-at-11.42.47.jpeg class=\"bg-link\"><\/a><img loading=\"lazy\" decoding=\"async\" width=\"150\" height=\"150\" src=\"https:\/\/fundhas.org.br\/portfolio\/portfolio2019\/wp-content\/uploads\/2019\/11\/WhatsApp-Image-2019-11-19-at-11.42.47-150x150.jpeg\" class=\"attachment-thumbnail size-thumbnail no-lazy\" alt=\"\" sizes=\"auto, (min-width: 1200px) 350px, (min-width: 992px) 290px, (min-width: 768px) 210px, (min-width: 576px) 150px, calc( 50vw - 30px )\" aria-describedby=\"gallery-1-1083\" srcset=\"https:\/\/fundhas.org.br\/portfolio\/portfolio2019\/wp-content\/uploads\/2019\/11\/WhatsApp-Image-2019-11-19-at-11.42.47-150x150.jpeg 150w, https:\/\/fundhas.org.br\/portfolio\/portfolio2019\/wp-content\/uploads\/2019\/11\/WhatsApp-Image-2019-11-19-at-11.42.47-510x510.jpeg 510w\" \/>\r\n                        <\/div>\r\n                              <figcaption class='wp-caption-text gallery-caption' id='gallery-1-1083'>\r\n                              Forma\u00e7\u00e3o dos profissionais &#8211; Training Of The Professionals\r\n                              <\/figcaption><\/figure><figure class='gallery-item col col-auto'>\r\n                        <div class='gallery-icon landscape czr-gallery-icon'>\r\n                              <a data-lb-type=\"grouped-gallery\" title=\"Forma\u00e7\u00e3o dos profissionais &#8211; Training Of The Professionals\" href=https:\/\/fundhas.org.br\/portfolio\/portfolio2019\/wp-content\/uploads\/2019\/11\/Parque-Vicentina-Aranha_Semana-do-Educador6.jpeg class=\"bg-link\"><\/a><img loading=\"lazy\" decoding=\"async\" width=\"150\" height=\"150\" src=\"https:\/\/fundhas.org.br\/portfolio\/portfolio2019\/wp-content\/uploads\/2019\/11\/Parque-Vicentina-Aranha_Semana-do-Educador6-150x150.jpeg\" class=\"attachment-thumbnail size-thumbnail no-lazy\" alt=\"\" sizes=\"auto, (min-width: 1200px) 350px, (min-width: 992px) 290px, (min-width: 768px) 210px, (min-width: 576px) 150px, calc( 50vw - 30px )\" aria-describedby=\"gallery-1-1172\" srcset=\"https:\/\/fundhas.org.br\/portfolio\/portfolio2019\/wp-content\/uploads\/2019\/11\/Parque-Vicentina-Aranha_Semana-do-Educador6-150x150.jpeg 150w, https:\/\/fundhas.org.br\/portfolio\/portfolio2019\/wp-content\/uploads\/2019\/11\/Parque-Vicentina-Aranha_Semana-do-Educador6-510x510.jpeg 510w\" \/>\r\n                        <\/div>\r\n                              <figcaption class='wp-caption-text gallery-caption' id='gallery-1-1172'>\r\n                              Forma\u00e7\u00e3o dos profissionais &#8211; Training Of The Professionals\r\n                              <\/figcaption><\/figure>\r\n                  <\/div>\n\r\n<h4><span style=\"color: #00aeef;\">PDF Calend\u00e1rio<\/span><\/h4>\r\n<p><a href=\"https:\/\/fundhas.org.br\/portfolio\/portfolio2019\/wp-content\/uploads\/2019\/11\/CALEND\u00c1RIO-FORMA\u00c7\u00d5ES.pdf\" target=\"_blank\" rel=\"noopener noreferrer\">CALEND\u00c1RIO FORMA\u00c7\u00d5ES<\/a><\/p>\r\n<h4>\u00a0<\/h4>\r\n<p>&nbsp;<\/p>\r\n","protected":false},"excerpt":{"rendered":"<p>Descri\u00e7\u00e3o O processo de Forma\u00e7\u00e3o\u00a0Socioeducativa Continuada realizado com os profissionais da DECA iniciou-se no ano de 2014, tendo como objetivo capacitar e contribuir com o processo formativo dos profissionais de atendimento, a partir da concep\u00e7\u00e3o da educa\u00e7\u00e3o n\u00e3o formal em contra turno escolar, que busca garantir a efetividade da proposta sociopedag\u00f3gica da DECA, considerando as [&hellip;]<\/p>\n","protected":false},"author":4,"featured_media":0,"parent":0,"menu_order":0,"comment_status":"closed","ping_status":"closed","template":"","meta":{"footnotes":""},"class_list":["post-392","page","type-page","status-publish","czr-hentry"],"_links":{"self":[{"href":"https:\/\/fundhas.org.br\/portfolio\/portfolio2019\/wp-json\/wp\/v2\/pages\/392","targetHints":{"allow":["GET"]}}],"collection":[{"href":"https:\/\/fundhas.org.br\/portfolio\/portfolio2019\/wp-json\/wp\/v2\/pages"}],"about":[{"href":"https:\/\/fundhas.org.br\/portfolio\/portfolio2019\/wp-json\/wp\/v2\/types\/page"}],"author":[{"embeddable":true,"href":"https:\/\/fundhas.org.br\/portfolio\/portfolio2019\/wp-json\/wp\/v2\/users\/4"}],"replies":[{"embeddable":true,"href":"https:\/\/fundhas.org.br\/portfolio\/portfolio2019\/wp-json\/wp\/v2\/comments?post=392"}],"version-history":[{"count":46,"href":"https:\/\/fundhas.org.br\/portfolio\/portfolio2019\/wp-json\/wp\/v2\/pages\/392\/revisions"}],"predecessor-version":[{"id":1173,"href":"https:\/\/fundhas.org.br\/portfolio\/portfolio2019\/wp-json\/wp\/v2\/pages\/392\/revisions\/1173"}],"wp:attachment":[{"href":"https:\/\/fundhas.org.br\/portfolio\/portfolio2019\/wp-json\/wp\/v2\/media?parent=392"}],"curies":[{"name":"wp","href":"https:\/\/api.w.org\/{rel}","templated":true}]}}