{"id":368,"date":"2019-10-18T12:56:02","date_gmt":"2019-10-18T12:56:02","guid":{"rendered":"https:\/\/fundhas.org.br\/portfolio\/portfolio2019\/?page_id=368"},"modified":"2020-08-19T09:55:23","modified_gmt":"2020-08-19T12:55:23","slug":"tecnologia-na-fundhas","status":"publish","type":"page","link":"https:\/\/fundhas.org.br\/portfolio\/portfolio2019\/tecnologia-na-fundhas\/","title":{"rendered":"Tecnologia na Fundhas"},"content":{"rendered":"<h4><span style=\"color: #00aeef;\">Descri\u00e7\u00e3o<\/span><\/h4>\n<p>A tecnologia faz parte da rotina de crian\u00e7as, adolescentes e jovens e, na Fundhas, ela ganha finalidades pedag\u00f3gicas, educativas e inovadoras que fazem a diferen\u00e7a na forma\u00e7\u00e3o dos atendidos.<br \/>\nAs unidades da institui\u00e7\u00e3o usam \u00f3culos de realidade virtual e tablets para propostas de sala diferenciada interativa, que permitem o desenvolvimento de leitura, escrita e racioc\u00ednio l\u00f3gico.<br \/>\nOs \u00f3culos de realidade virtual ir\u00e3o ampliar os ambientes de aprendizagem, mostrando cen\u00e1rios de museus, pontos tur\u00edsticos no Brasil e no mundo, al\u00e9m de descobertas voltadas \u00e0s ci\u00eancias e biologia.<br \/>\nA proposta torna as aulas mais interativas e atrativas \u00e0s crian\u00e7as e aos adolescentes. Com isso, a Fundhas coloca em pr\u00e1tica as a\u00e7\u00f5es de seu mapa estrat\u00e9gico voltadas \u00e0 implanta\u00e7\u00e3o de atendimento inovador por meio de solu\u00e7\u00f5es tecnol\u00f3gicas.<\/p>\n<h4><span style=\"color: #00aeef;\">Galeria de Imagens<\/span><\/h4>\n<div id='gallery-1' class='czr-gallery row flex-row czr-gallery-style gallery galleryid-368 gallery-columns-3 gallery-size-thumbnail'><figure class='gallery-item col col-auto'>\r\n                        <div class='gallery-icon landscape czr-gallery-icon'>\r\n                              <a data-lb-type=\"grouped-gallery\" title=\"Tecnologia na Fundhas &#8211; Technology At Fundhas\" href=https:\/\/fundhas.org.br\/portfolio\/portfolio2019\/wp-content\/uploads\/2019\/11\/cv__6601_claudio_vieira.jpg class=\"bg-link\"><\/a><img loading=\"lazy\" decoding=\"async\" width=\"150\" height=\"150\" src=\"https:\/\/fundhas.org.br\/portfolio\/portfolio2019\/wp-content\/uploads\/2019\/11\/cv__6601_claudio_vieira-150x150.jpg\" class=\"attachment-thumbnail size-thumbnail no-lazy\" alt=\"\" sizes=\"auto, (min-width: 1200px) 350px, (min-width: 992px) 290px, (min-width: 768px) 210px, (min-width: 576px) 150px, calc( 50vw - 30px )\" aria-describedby=\"gallery-1-1057\" srcset=\"https:\/\/fundhas.org.br\/portfolio\/portfolio2019\/wp-content\/uploads\/2019\/11\/cv__6601_claudio_vieira-150x150.jpg 150w, https:\/\/fundhas.org.br\/portfolio\/portfolio2019\/wp-content\/uploads\/2019\/11\/cv__6601_claudio_vieira-510x510.jpg 510w\" \/>\r\n                        <\/div>\r\n                              <figcaption class='wp-caption-text gallery-caption' id='gallery-1-1057'>\r\n                              Tecnologia na Fundhas &#8211; Technology At Fundhas\r\n                              <\/figcaption><\/figure><figure class='gallery-item col col-auto'>\r\n                        <div class='gallery-icon landscape czr-gallery-icon'>\r\n                              <a data-lb-type=\"grouped-gallery\" title=\"Tecnologia na Fundhas &#8211; Technology At Fundhas\" href=https:\/\/fundhas.org.br\/portfolio\/portfolio2019\/wp-content\/uploads\/2019\/11\/cv__6439_claudio_vieira.jpg class=\"bg-link\"><\/a><img loading=\"lazy\" decoding=\"async\" width=\"150\" height=\"150\" src=\"https:\/\/fundhas.org.br\/portfolio\/portfolio2019\/wp-content\/uploads\/2019\/11\/cv__6439_claudio_vieira-150x150.jpg\" class=\"attachment-thumbnail size-thumbnail no-lazy\" alt=\"\" sizes=\"auto, (min-width: 1200px) 350px, (min-width: 992px) 290px, (min-width: 768px) 210px, (min-width: 576px) 150px, calc( 50vw - 30px )\" aria-describedby=\"gallery-1-1053\" srcset=\"https:\/\/fundhas.org.br\/portfolio\/portfolio2019\/wp-content\/uploads\/2019\/11\/cv__6439_claudio_vieira-150x150.jpg 150w, https:\/\/fundhas.org.br\/portfolio\/portfolio2019\/wp-content\/uploads\/2019\/11\/cv__6439_claudio_vieira-510x510.jpg 510w\" \/>\r\n                        <\/div>\r\n                              <figcaption class='wp-caption-text gallery-caption' id='gallery-1-1053'>\r\n                              Tecnologia na Fundhas &#8211; Technology At Fundhas\r\n                              <\/figcaption><\/figure><figure class='gallery-item col col-auto'>\r\n                        <div class='gallery-icon landscape czr-gallery-icon'>\r\n                              <a data-lb-type=\"grouped-gallery\" title=\"Tecnologia na Fundhas &#8211; Technology At Fundhas\" href=https:\/\/fundhas.org.br\/portfolio\/portfolio2019\/wp-content\/uploads\/2019\/11\/cv__6477_claudio_vieira.jpg class=\"bg-link\"><\/a><img loading=\"lazy\" decoding=\"async\" width=\"150\" height=\"150\" src=\"https:\/\/fundhas.org.br\/portfolio\/portfolio2019\/wp-content\/uploads\/2019\/11\/cv__6477_claudio_vieira-150x150.jpg\" class=\"attachment-thumbnail size-thumbnail no-lazy\" alt=\"\" sizes=\"auto, (min-width: 1200px) 350px, (min-width: 992px) 290px, (min-width: 768px) 210px, (min-width: 576px) 150px, calc( 50vw - 30px )\" aria-describedby=\"gallery-1-1054\" srcset=\"https:\/\/fundhas.org.br\/portfolio\/portfolio2019\/wp-content\/uploads\/2019\/11\/cv__6477_claudio_vieira-150x150.jpg 150w, https:\/\/fundhas.org.br\/portfolio\/portfolio2019\/wp-content\/uploads\/2019\/11\/cv__6477_claudio_vieira-510x510.jpg 510w\" \/>\r\n                        <\/div>\r\n                              <figcaption class='wp-caption-text gallery-caption' id='gallery-1-1054'>\r\n                              Tecnologia na Fundhas &#8211; Technology At Fundhas\r\n                              <\/figcaption><\/figure><figure class='gallery-item col col-auto'>\r\n                        <div class='gallery-icon landscape czr-gallery-icon'>\r\n                              <a data-lb-type=\"grouped-gallery\" title=\"Tecnologia na Fundhas &#8211; Technology At Fundhas\" href=https:\/\/fundhas.org.br\/portfolio\/portfolio2019\/wp-content\/uploads\/2019\/11\/cv__6482_claudio_vieira.jpg class=\"bg-link\"><\/a><img loading=\"lazy\" decoding=\"async\" width=\"150\" height=\"150\" src=\"https:\/\/fundhas.org.br\/portfolio\/portfolio2019\/wp-content\/uploads\/2019\/11\/cv__6482_claudio_vieira-150x150.jpg\" class=\"attachment-thumbnail size-thumbnail no-lazy\" alt=\"\" sizes=\"auto, (min-width: 1200px) 350px, (min-width: 992px) 290px, (min-width: 768px) 210px, (min-width: 576px) 150px, calc( 50vw - 30px )\" aria-describedby=\"gallery-1-1055\" srcset=\"https:\/\/fundhas.org.br\/portfolio\/portfolio2019\/wp-content\/uploads\/2019\/11\/cv__6482_claudio_vieira-150x150.jpg 150w, https:\/\/fundhas.org.br\/portfolio\/portfolio2019\/wp-content\/uploads\/2019\/11\/cv__6482_claudio_vieira-510x510.jpg 510w\" \/>\r\n                        <\/div>\r\n                              <figcaption class='wp-caption-text gallery-caption' id='gallery-1-1055'>\r\n                              Tecnologia na Fundhas &#8211; Technology At Fundhas\r\n                              <\/figcaption><\/figure><figure class='gallery-item col col-auto'>\r\n                        <div class='gallery-icon landscape czr-gallery-icon'>\r\n                              <a data-lb-type=\"grouped-gallery\" title=\"Tecnologia na Fundhas &#8211; Technology At Fundhas\" href=https:\/\/fundhas.org.br\/portfolio\/portfolio2019\/wp-content\/uploads\/2019\/11\/cv__6492_claudio_vieira.jpg class=\"bg-link\"><\/a><img loading=\"lazy\" decoding=\"async\" width=\"150\" height=\"150\" src=\"https:\/\/fundhas.org.br\/portfolio\/portfolio2019\/wp-content\/uploads\/2019\/11\/cv__6492_claudio_vieira-150x150.jpg\" class=\"attachment-thumbnail size-thumbnail no-lazy\" alt=\"\" sizes=\"auto, (min-width: 1200px) 350px, (min-width: 992px) 290px, (min-width: 768px) 210px, (min-width: 576px) 150px, calc( 50vw - 30px )\" aria-describedby=\"gallery-1-1056\" srcset=\"https:\/\/fundhas.org.br\/portfolio\/portfolio2019\/wp-content\/uploads\/2019\/11\/cv__6492_claudio_vieira-150x150.jpg 150w, https:\/\/fundhas.org.br\/portfolio\/portfolio2019\/wp-content\/uploads\/2019\/11\/cv__6492_claudio_vieira-510x510.jpg 510w\" \/>\r\n                        <\/div>\r\n                              <figcaption class='wp-caption-text gallery-caption' id='gallery-1-1056'>\r\n                              Tecnologia na Fundhas &#8211; Technology At Fundhas\r\n                              <\/figcaption><\/figure><figure class='gallery-item col col-auto'>\r\n                        <div class='gallery-icon portrait czr-gallery-icon'>\r\n                              <a data-lb-type=\"grouped-gallery\" title=\"Tecnologia na Fundhas &#8211; Technology At Fundhas\" href=https:\/\/fundhas.org.br\/portfolio\/portfolio2019\/wp-content\/uploads\/2019\/11\/WhatsApp-Image-2019-08-27-at-15.01.16.jpeg class=\"bg-link\"><\/a><img loading=\"lazy\" decoding=\"async\" width=\"150\" height=\"150\" src=\"https:\/\/fundhas.org.br\/portfolio\/portfolio2019\/wp-content\/uploads\/2019\/11\/WhatsApp-Image-2019-08-27-at-15.01.16-150x150.jpeg\" class=\"attachment-thumbnail size-thumbnail no-lazy\" alt=\"\" sizes=\"auto, (min-width: 1200px) 350px, (min-width: 992px) 290px, (min-width: 768px) 210px, (min-width: 576px) 150px, calc( 50vw - 30px )\" aria-describedby=\"gallery-1-1250\" srcset=\"https:\/\/fundhas.org.br\/portfolio\/portfolio2019\/wp-content\/uploads\/2019\/11\/WhatsApp-Image-2019-08-27-at-15.01.16-150x150.jpeg 150w, https:\/\/fundhas.org.br\/portfolio\/portfolio2019\/wp-content\/uploads\/2019\/11\/WhatsApp-Image-2019-08-27-at-15.01.16-510x510.jpeg 510w\" \/>\r\n                        <\/div>\r\n                              <figcaption class='wp-caption-text gallery-caption' id='gallery-1-1250'>\r\n                              Tecnologia na Fundhas &#8211; Technology At Fundhas\r\n                              <\/figcaption><\/figure><figure class='gallery-item col col-auto'>\r\n                        <div class='gallery-icon landscape czr-gallery-icon'>\r\n                              <a data-lb-type=\"grouped-gallery\" title=\"Tecnologia na Fundhas &#8211; Technology At Fundhas\" href=https:\/\/fundhas.org.br\/portfolio\/portfolio2019\/wp-content\/uploads\/2019\/11\/WhatsApp-Image-2019-08-27-at-14.30.58.jpeg class=\"bg-link\"><\/a><img loading=\"lazy\" decoding=\"async\" width=\"150\" height=\"150\" src=\"https:\/\/fundhas.org.br\/portfolio\/portfolio2019\/wp-content\/uploads\/2019\/11\/WhatsApp-Image-2019-08-27-at-14.30.58-150x150.jpeg\" class=\"attachment-thumbnail size-thumbnail no-lazy\" alt=\"\" sizes=\"auto, (min-width: 1200px) 350px, (min-width: 992px) 290px, (min-width: 768px) 210px, (min-width: 576px) 150px, calc( 50vw - 30px )\" aria-describedby=\"gallery-1-1251\" srcset=\"https:\/\/fundhas.org.br\/portfolio\/portfolio2019\/wp-content\/uploads\/2019\/11\/WhatsApp-Image-2019-08-27-at-14.30.58-150x150.jpeg 150w, https:\/\/fundhas.org.br\/portfolio\/portfolio2019\/wp-content\/uploads\/2019\/11\/WhatsApp-Image-2019-08-27-at-14.30.58-510x510.jpeg 510w\" \/>\r\n                        <\/div>\r\n                              <figcaption class='wp-caption-text gallery-caption' id='gallery-1-1251'>\r\n                              Tecnologia na Fundhas &#8211; Technology At Fundhas\r\n                              <\/figcaption><\/figure>\r\n                  <\/div>\n\n<h4><span style=\"color: #00aeef;\">Links<\/span><\/h4>\n<p><a href=\"http:\/\/g1.globo.com\/sp\/vale-do-paraiba-regiao\/link-vanguarda\/videos\/v\/fundhas-emprega-oculos-de-realidade-virtual-nas-salas-de-aula\/7902429\/\">http:\/\/g1.globo.com\/sp\/vale-do-paraiba-regiao\/link-vanguarda\/videos\/v\/fundhas-emprega-oculos-de-realidade-virtual-nas-salas-de-aula\/7902429\/<\/a><\/p>\n<p><a href=\"http:\/\/www.meon.com.br\/noticias\/minha-sao-jose\/fundhas-amplia-tecnologia-em-projetos-educativos-e-sociais\">http:\/\/www.meon.com.br\/noticias\/minha-sao-jose\/fundhas-amplia-tecnologia-em-projetos-educativos-e-sociais<\/a><\/p>\n<p><a href=\"https:\/\/www.sjc.sp.gov.br\/galerias\/2019\/fundhas\/com-tecnologia-inovadora-fundhas-oferece-atendimento-diferenciado\/\">https:\/\/www.sjc.sp.gov.br\/galerias\/2019\/fundhas\/com-tecnologia-inovadora-fundhas-oferece-atendimento-diferenciado\/<\/a><\/p>\n<p><a href=\"http:\/\/fundhas.org.br\/v01\/2019\/08\/05\/fundhas-usa-tecnologia-inovadora-em-atividades-com-alunos\/\">http:\/\/fundhas.org.br\/v01\/2019\/08\/05\/fundhas-usa-tecnologia-inovadora-em-atividades-com-alunos\/<\/a><\/p>\n<p>&nbsp;<\/p>\n","protected":false},"excerpt":{"rendered":"<p>Descri\u00e7\u00e3o A tecnologia faz parte da rotina de crian\u00e7as, adolescentes e jovens e, na Fundhas, ela ganha finalidades pedag\u00f3gicas, educativas e inovadoras que fazem a diferen\u00e7a na forma\u00e7\u00e3o dos atendidos. As unidades da institui\u00e7\u00e3o usam \u00f3culos de realidade virtual e tablets para propostas de sala diferenciada interativa, que permitem o desenvolvimento de leitura, escrita e [&hellip;]<\/p>\n","protected":false},"author":4,"featured_media":0,"parent":0,"menu_order":0,"comment_status":"closed","ping_status":"closed","template":"","meta":{"footnotes":""},"class_list":["post-368","page","type-page","status-publish","czr-hentry"],"_links":{"self":[{"href":"https:\/\/fundhas.org.br\/portfolio\/portfolio2019\/wp-json\/wp\/v2\/pages\/368","targetHints":{"allow":["GET"]}}],"collection":[{"href":"https:\/\/fundhas.org.br\/portfolio\/portfolio2019\/wp-json\/wp\/v2\/pages"}],"about":[{"href":"https:\/\/fundhas.org.br\/portfolio\/portfolio2019\/wp-json\/wp\/v2\/types\/page"}],"author":[{"embeddable":true,"href":"https:\/\/fundhas.org.br\/portfolio\/portfolio2019\/wp-json\/wp\/v2\/users\/4"}],"replies":[{"embeddable":true,"href":"https:\/\/fundhas.org.br\/portfolio\/portfolio2019\/wp-json\/wp\/v2\/comments?post=368"}],"version-history":[{"count":16,"href":"https:\/\/fundhas.org.br\/portfolio\/portfolio2019\/wp-json\/wp\/v2\/pages\/368\/revisions"}],"predecessor-version":[{"id":1252,"href":"https:\/\/fundhas.org.br\/portfolio\/portfolio2019\/wp-json\/wp\/v2\/pages\/368\/revisions\/1252"}],"wp:attachment":[{"href":"https:\/\/fundhas.org.br\/portfolio\/portfolio2019\/wp-json\/wp\/v2\/media?parent=368"}],"curies":[{"name":"wp","href":"https:\/\/api.w.org\/{rel}","templated":true}]}}