{"id":263,"date":"2019-10-16T14:26:45","date_gmt":"2019-10-16T14:26:45","guid":{"rendered":"https:\/\/fundhas.org.br\/portfolio\/portfolio2019\/?page_id=263"},"modified":"2020-08-19T09:50:19","modified_gmt":"2020-08-19T12:50:19","slug":"banheiro-ecologico","status":"publish","type":"page","link":"https:\/\/fundhas.org.br\/portfolio\/portfolio2019\/banheiro-ecologico\/","title":{"rendered":"Banheiro ecol\u00f3gico"},"content":{"rendered":"\r\n<h4 class=\"wp-block-heading\"><span style=\"color: #00aeef;\">Descri\u00e7\u00e3o<\/span><\/h4>\r\n<div>\r\n<p>Sustentabilidade, cuidado com o Meio Ambiente, aprendizado diferenciado. Com a\u00e7\u00f5es e atividades voltadas a estes temas, o Centro de Estudos Ambientais da Fundhas,localizado na Unidade Sede, no Parque Industrial, recebe visita de funcion\u00e1rios, alunos e toda comunidade.<br \/>A \u00e1rea de cerca de 3 mil metros quadrados do Centro favorece o desenvolvimento de atividades empreendedoras. \u00c9 um ambiente de aula ao ar livre para projetos pedag\u00f3gicos voltados ao cultivo de sementes e flores, refor\u00e7ando a import\u00e2ncia da aten\u00e7\u00e3o com a natureza em cursos para moradores da regi\u00e3o e nas aulas com crian\u00e7as e adolescentes. <br \/>O espa\u00e7o disp\u00f5e de sistema de capta\u00e7\u00e3o e utiliza\u00e7\u00e3o de \u00e1guas pluviais, aquaponia (cria\u00e7\u00e3o de peixes e plantas consorciadas), viveiros, sistema de compostagem, horta org\u00e2nica e \u00e1reas frut\u00edferas, entre outras variedades. <br \/>O objetivo \u00e9 despertar sensa\u00e7\u00f5es, oferecendo o aprendizado diferenciado ao aluno da Fundhas, com a produ\u00e7\u00e3o de v\u00e1rias esp\u00e9cies de plantas, promovendo viv\u00eancias pr\u00e1ticas e a\u00e7\u00f5es empreendedoras com o Programa Socioambiental.<br \/>O Centro de Estudos concerne com a Agenda da Educa\u00e7\u00e3o 2030, englobado pelo ODS 4 que visa \u201cassegurar a educa\u00e7\u00e3o inclusiva e equitativa de aprendizagem ao longo da vida para todos\u201d e pela seguinte ODS 12 \u201cConsumo e produ\u00e7\u00e3o respons\u00e1vel\u201d e ODS 13 \u201cA\u00e7\u00e3o contra a mudan\u00e7a global do clima\u201d.<\/p>\r\n<p>Um grupo de educadores e profissionais de Meio Ambiente e Sustentabilidade oferece a alunos da Fundhas uma experi\u00eancia inovadora com a constru\u00e7\u00e3o de um banheiro ecol\u00f3gico no Centro de Estudos Ambientai. Todo o trabalho, desde o projeto at\u00e9 a constru\u00e7\u00e3o, conta com a participa\u00e7\u00e3o de 12 crian\u00e7as e adolescentes, com idades entre 12 e 15 anos, que s\u00e3o da Unidade Jorge Alegre (Centro), sob orienta\u00e7\u00e3o de equipe t\u00e9cnica. <br \/>O projeto em grupo trabalha valores como responsabilidade, lideran\u00e7a e respeito, assim como a conscientiza\u00e7\u00e3o sobre os cuidados com a natureza. O desafio foi cumprido em comemora\u00e7\u00e3o ao Dia Mundial do Meio Ambiente, com a abertura do banheiro durante a programa\u00e7\u00e3o da Semana do Meio Ambiente da Fundhas.<\/p>\r\n<h4><span style=\"color: #00aeef;\">Galeria de Imagens<\/span><\/h4>\r\n<\/div>\r\n\r\n\r\n\r\n<p class=\"wp-block-gallery-1 is-layout-flex wp-block-gallery-is-layout-flex\"><div id='gallery-1' class='czr-gallery row flex-row czr-gallery-style gallery galleryid-263 gallery-columns-3 gallery-size-thumbnail'><figure class='gallery-item col col-auto'>\r\n                        <div class='gallery-icon landscape czr-gallery-icon'>\r\n                              <a data-lb-type=\"grouped-gallery\" title=\"Banheiro ecol\u00f3gico &#8211; Ecological Toilet\" href=https:\/\/fundhas.org.br\/portfolio\/portfolio2019\/wp-content\/uploads\/2019\/11\/47943066271_d072b89175_k-1.jpg class=\"bg-link\"><\/a><img loading=\"lazy\" decoding=\"async\" width=\"150\" height=\"150\" src=\"https:\/\/fundhas.org.br\/portfolio\/portfolio2019\/wp-content\/uploads\/2019\/11\/47943066271_d072b89175_k-1-150x150.jpg\" class=\"attachment-thumbnail size-thumbnail no-lazy\" alt=\"\" sizes=\"auto, (min-width: 1200px) 350px, (min-width: 992px) 290px, (min-width: 768px) 210px, (min-width: 576px) 150px, calc( 50vw - 30px )\" aria-describedby=\"gallery-1-932\" srcset=\"https:\/\/fundhas.org.br\/portfolio\/portfolio2019\/wp-content\/uploads\/2019\/11\/47943066271_d072b89175_k-1-150x150.jpg 150w, https:\/\/fundhas.org.br\/portfolio\/portfolio2019\/wp-content\/uploads\/2019\/11\/47943066271_d072b89175_k-1-510x510.jpg 510w\" \/>\r\n                        <\/div>\r\n                              <figcaption class='wp-caption-text gallery-caption' id='gallery-1-932'>\r\n                              Banheiro ecol\u00f3gico &#8211; Ecological Toilet\r\n                              <\/figcaption><\/figure><figure class='gallery-item col col-auto'>\r\n                        <div class='gallery-icon landscape czr-gallery-icon'>\r\n                              <a data-lb-type=\"grouped-gallery\" title=\"Banheiro ecol\u00f3gico &#8211; Ecological Toilet\" href=https:\/\/fundhas.org.br\/portfolio\/portfolio2019\/wp-content\/uploads\/2019\/11\/47943079021_c81a7015ec_k-2.jpg class=\"bg-link\"><\/a><img loading=\"lazy\" decoding=\"async\" width=\"150\" height=\"150\" src=\"https:\/\/fundhas.org.br\/portfolio\/portfolio2019\/wp-content\/uploads\/2019\/11\/47943079021_c81a7015ec_k-2-150x150.jpg\" class=\"attachment-thumbnail size-thumbnail no-lazy\" alt=\"\" sizes=\"auto, (min-width: 1200px) 350px, (min-width: 992px) 290px, (min-width: 768px) 210px, (min-width: 576px) 150px, calc( 50vw - 30px )\" aria-describedby=\"gallery-1-933\" srcset=\"https:\/\/fundhas.org.br\/portfolio\/portfolio2019\/wp-content\/uploads\/2019\/11\/47943079021_c81a7015ec_k-2-150x150.jpg 150w, https:\/\/fundhas.org.br\/portfolio\/portfolio2019\/wp-content\/uploads\/2019\/11\/47943079021_c81a7015ec_k-2-510x510.jpg 510w\" \/>\r\n                        <\/div>\r\n                              <figcaption class='wp-caption-text gallery-caption' id='gallery-1-933'>\r\n                              Banheiro ecol\u00f3gico &#8211; Ecological Toilet\r\n                              <\/figcaption><\/figure><figure class='gallery-item col col-auto'>\r\n                        <div class='gallery-icon landscape czr-gallery-icon'>\r\n                              <a data-lb-type=\"grouped-gallery\" title=\"Banheiro ecol\u00f3gico &#8211; Ecological Toilet\" href=https:\/\/fundhas.org.br\/portfolio\/portfolio2019\/wp-content\/uploads\/2019\/11\/47943108936_c587c19399_k-2.jpg class=\"bg-link\"><\/a><img loading=\"lazy\" decoding=\"async\" width=\"150\" height=\"150\" src=\"https:\/\/fundhas.org.br\/portfolio\/portfolio2019\/wp-content\/uploads\/2019\/11\/47943108936_c587c19399_k-2-150x150.jpg\" class=\"attachment-thumbnail size-thumbnail no-lazy\" alt=\"\" sizes=\"auto, (min-width: 1200px) 350px, (min-width: 992px) 290px, (min-width: 768px) 210px, (min-width: 576px) 150px, calc( 50vw - 30px )\" aria-describedby=\"gallery-1-934\" srcset=\"https:\/\/fundhas.org.br\/portfolio\/portfolio2019\/wp-content\/uploads\/2019\/11\/47943108936_c587c19399_k-2-150x150.jpg 150w, https:\/\/fundhas.org.br\/portfolio\/portfolio2019\/wp-content\/uploads\/2019\/11\/47943108936_c587c19399_k-2-510x510.jpg 510w\" \/>\r\n                        <\/div>\r\n                              <figcaption class='wp-caption-text gallery-caption' id='gallery-1-934'>\r\n                              Banheiro ecol\u00f3gico &#8211; Ecological Toilet\r\n                              <\/figcaption><\/figure><figure class='gallery-item col col-auto'>\r\n                        <div class='gallery-icon landscape czr-gallery-icon'>\r\n                              <a data-lb-type=\"grouped-gallery\" title=\"Banheiro ecol\u00f3gico &#8211; Ecological Toilet\" href=https:\/\/fundhas.org.br\/portfolio\/portfolio2019\/wp-content\/uploads\/2019\/11\/47943109762_428b3b2966_k-2.jpg class=\"bg-link\"><\/a><img loading=\"lazy\" decoding=\"async\" width=\"150\" height=\"150\" src=\"https:\/\/fundhas.org.br\/portfolio\/portfolio2019\/wp-content\/uploads\/2019\/11\/47943109762_428b3b2966_k-2-150x150.jpg\" class=\"attachment-thumbnail size-thumbnail no-lazy\" alt=\"\" sizes=\"auto, (min-width: 1200px) 350px, (min-width: 992px) 290px, (min-width: 768px) 210px, (min-width: 576px) 150px, calc( 50vw - 30px )\" aria-describedby=\"gallery-1-935\" srcset=\"https:\/\/fundhas.org.br\/portfolio\/portfolio2019\/wp-content\/uploads\/2019\/11\/47943109762_428b3b2966_k-2-150x150.jpg 150w, https:\/\/fundhas.org.br\/portfolio\/portfolio2019\/wp-content\/uploads\/2019\/11\/47943109762_428b3b2966_k-2-510x510.jpg 510w\" \/>\r\n                        <\/div>\r\n                              <figcaption class='wp-caption-text gallery-caption' id='gallery-1-935'>\r\n                              Banheiro ecol\u00f3gico &#8211; Ecological Toilet\r\n                              <\/figcaption><\/figure><figure class='gallery-item col col-auto'>\r\n                        <div class='gallery-icon landscape czr-gallery-icon'>\r\n                              <a data-lb-type=\"grouped-gallery\" title=\"Banheiro ecol\u00f3gico &#8211; Ecological Toilet\" href=https:\/\/fundhas.org.br\/portfolio\/portfolio2019\/wp-content\/uploads\/2019\/11\/47943117718_55c129914c_k-2.jpg class=\"bg-link\"><\/a><img loading=\"lazy\" decoding=\"async\" width=\"150\" height=\"150\" src=\"https:\/\/fundhas.org.br\/portfolio\/portfolio2019\/wp-content\/uploads\/2019\/11\/47943117718_55c129914c_k-2-150x150.jpg\" class=\"attachment-thumbnail size-thumbnail no-lazy\" alt=\"\" sizes=\"auto, (min-width: 1200px) 350px, (min-width: 992px) 290px, (min-width: 768px) 210px, (min-width: 576px) 150px, calc( 50vw - 30px )\" aria-describedby=\"gallery-1-936\" srcset=\"https:\/\/fundhas.org.br\/portfolio\/portfolio2019\/wp-content\/uploads\/2019\/11\/47943117718_55c129914c_k-2-150x150.jpg 150w, https:\/\/fundhas.org.br\/portfolio\/portfolio2019\/wp-content\/uploads\/2019\/11\/47943117718_55c129914c_k-2-510x510.jpg 510w\" \/>\r\n                        <\/div>\r\n                              <figcaption class='wp-caption-text gallery-caption' id='gallery-1-936'>\r\n                              Banheiro ecol\u00f3gico &#8211; Ecological Toilet\r\n                              <\/figcaption><\/figure><figure class='gallery-item col col-auto'>\r\n                        <div class='gallery-icon landscape czr-gallery-icon'>\r\n                              <a data-lb-type=\"grouped-gallery\" title=\"Banheiro ecol\u00f3gico &#8211; Ecological Toilet\" href=https:\/\/fundhas.org.br\/portfolio\/portfolio2019\/wp-content\/uploads\/2019\/11\/banheiro-eco-3.jpg class=\"bg-link\"><\/a><img loading=\"lazy\" decoding=\"async\" width=\"150\" height=\"150\" src=\"https:\/\/fundhas.org.br\/portfolio\/portfolio2019\/wp-content\/uploads\/2019\/11\/banheiro-eco-3-150x150.jpg\" class=\"attachment-thumbnail size-thumbnail no-lazy\" alt=\"\" sizes=\"auto, (min-width: 1200px) 350px, (min-width: 992px) 290px, (min-width: 768px) 210px, (min-width: 576px) 150px, calc( 50vw - 30px )\" aria-describedby=\"gallery-1-1156\" srcset=\"https:\/\/fundhas.org.br\/portfolio\/portfolio2019\/wp-content\/uploads\/2019\/11\/banheiro-eco-3-150x150.jpg 150w, https:\/\/fundhas.org.br\/portfolio\/portfolio2019\/wp-content\/uploads\/2019\/11\/banheiro-eco-3-510x510.jpg 510w\" \/>\r\n                        <\/div>\r\n                              <figcaption class='wp-caption-text gallery-caption' id='gallery-1-1156'>\r\n                              Banheiro ecol\u00f3gico &#8211; Ecological Toilet\r\n                              <\/figcaption><\/figure><figure class='gallery-item col col-auto'>\r\n                        <div class='gallery-icon landscape czr-gallery-icon'>\r\n                              <a data-lb-type=\"grouped-gallery\" title=\"Banheiro ecol\u00f3gico &#8211; Ecological Toilet\" href=https:\/\/fundhas.org.br\/portfolio\/portfolio2019\/wp-content\/uploads\/2019\/11\/banheiro-eco-1.jpg class=\"bg-link\"><\/a><img loading=\"lazy\" decoding=\"async\" width=\"150\" height=\"150\" src=\"https:\/\/fundhas.org.br\/portfolio\/portfolio2019\/wp-content\/uploads\/2019\/11\/banheiro-eco-1-150x150.jpg\" class=\"attachment-thumbnail size-thumbnail no-lazy\" alt=\"\" sizes=\"auto, (min-width: 1200px) 350px, (min-width: 992px) 290px, (min-width: 768px) 210px, (min-width: 576px) 150px, calc( 50vw - 30px )\" aria-describedby=\"gallery-1-1157\" srcset=\"https:\/\/fundhas.org.br\/portfolio\/portfolio2019\/wp-content\/uploads\/2019\/11\/banheiro-eco-1-150x150.jpg 150w, https:\/\/fundhas.org.br\/portfolio\/portfolio2019\/wp-content\/uploads\/2019\/11\/banheiro-eco-1-510x510.jpg 510w\" \/>\r\n                        <\/div>\r\n                              <figcaption class='wp-caption-text gallery-caption' id='gallery-1-1157'>\r\n                              Banheiro ecol\u00f3gico &#8211; Ecological Toilet\r\n                              <\/figcaption><\/figure><figure class='gallery-item col col-auto'>\r\n                        <div class='gallery-icon landscape czr-gallery-icon'>\r\n                              <a data-lb-type=\"grouped-gallery\" title=\"Banheiro ecol\u00f3gico &#8211; Ecological Toilet\" href=https:\/\/fundhas.org.br\/portfolio\/portfolio2019\/wp-content\/uploads\/2019\/11\/banheiro-eco-2.jpg class=\"bg-link\"><\/a><img loading=\"lazy\" decoding=\"async\" width=\"150\" height=\"150\" src=\"https:\/\/fundhas.org.br\/portfolio\/portfolio2019\/wp-content\/uploads\/2019\/11\/banheiro-eco-2-150x150.jpg\" class=\"attachment-thumbnail size-thumbnail no-lazy\" alt=\"\" sizes=\"auto, (min-width: 1200px) 350px, (min-width: 992px) 290px, (min-width: 768px) 210px, (min-width: 576px) 150px, calc( 50vw - 30px )\" aria-describedby=\"gallery-1-1158\" srcset=\"https:\/\/fundhas.org.br\/portfolio\/portfolio2019\/wp-content\/uploads\/2019\/11\/banheiro-eco-2-150x150.jpg 150w, https:\/\/fundhas.org.br\/portfolio\/portfolio2019\/wp-content\/uploads\/2019\/11\/banheiro-eco-2-510x510.jpg 510w\" \/>\r\n                        <\/div>\r\n                              <figcaption class='wp-caption-text gallery-caption' id='gallery-1-1158'>\r\n                              Banheiro ecol\u00f3gico &#8211; Ecological Toilet\r\n                              <\/figcaption><\/figure><figure class='gallery-item col col-auto'>\r\n                        <div class='gallery-icon landscape czr-gallery-icon'>\r\n                              <a data-lb-type=\"grouped-gallery\" title=\"Banheiro ecol\u00f3gico &#8211; Ecological Toilet\" href=https:\/\/fundhas.org.br\/portfolio\/portfolio2019\/wp-content\/uploads\/2019\/11\/banheiro-eco-4.jpg class=\"bg-link\"><\/a><img loading=\"lazy\" decoding=\"async\" width=\"150\" height=\"150\" src=\"https:\/\/fundhas.org.br\/portfolio\/portfolio2019\/wp-content\/uploads\/2019\/11\/banheiro-eco-4-150x150.jpg\" class=\"attachment-thumbnail size-thumbnail no-lazy\" alt=\"\" sizes=\"auto, (min-width: 1200px) 350px, (min-width: 992px) 290px, (min-width: 768px) 210px, (min-width: 576px) 150px, calc( 50vw - 30px )\" aria-describedby=\"gallery-1-1159\" srcset=\"https:\/\/fundhas.org.br\/portfolio\/portfolio2019\/wp-content\/uploads\/2019\/11\/banheiro-eco-4-150x150.jpg 150w, https:\/\/fundhas.org.br\/portfolio\/portfolio2019\/wp-content\/uploads\/2019\/11\/banheiro-eco-4-510x510.jpg 510w\" \/>\r\n                        <\/div>\r\n                              <figcaption class='wp-caption-text gallery-caption' id='gallery-1-1159'>\r\n                              Banheiro ecol\u00f3gico &#8211; Ecological Toilet\r\n                              <\/figcaption><\/figure>\r\n                  <\/div>\n<\/p>\r\n<h4><span style=\"color: #00aeef;\">Links<\/span><\/h4>\r\n<p><a href=\"https:\/\/globoplay.globo.com\/v\/7651910\/programa\/\">https:\/\/globoplay.globo.com\/v\/7651910\/programa\/<\/a><\/p>\r\n<p><a href=\"https:\/\/www.spriomais.com.br\/2019\/06\/28\/alunos-da-fundhas-inovam-e-constroem-banheiro-ecologico\/\">https:\/\/www.spriomais.com.br\/2019\/06\/28\/alunos-da-fundhas-inovam-e-constroem-banheiro-ecologico\/<\/a><\/p>\r\n<p><a href=\"https:\/\/www.facebook.com\/watch\/?v=1548232148645572\">https:\/\/www.facebook.com\/watch\/?v=1548232148645572<\/a><\/p>\r\n","protected":false},"excerpt":{"rendered":"<p>Descri\u00e7\u00e3o Sustentabilidade, cuidado com o Meio Ambiente, aprendizado diferenciado. Com a\u00e7\u00f5es e atividades voltadas a estes temas, o Centro de Estudos Ambientais da Fundhas,localizado na Unidade Sede, no Parque Industrial, recebe visita de funcion\u00e1rios, alunos e toda comunidade.A \u00e1rea de cerca de 3 mil metros quadrados do Centro favorece o desenvolvimento de atividades empreendedoras. \u00c9 [&hellip;]<\/p>\n","protected":false},"author":4,"featured_media":0,"parent":0,"menu_order":0,"comment_status":"closed","ping_status":"closed","template":"","meta":{"footnotes":""},"class_list":["post-263","page","type-page","status-publish","czr-hentry"],"_links":{"self":[{"href":"https:\/\/fundhas.org.br\/portfolio\/portfolio2019\/wp-json\/wp\/v2\/pages\/263","targetHints":{"allow":["GET"]}}],"collection":[{"href":"https:\/\/fundhas.org.br\/portfolio\/portfolio2019\/wp-json\/wp\/v2\/pages"}],"about":[{"href":"https:\/\/fundhas.org.br\/portfolio\/portfolio2019\/wp-json\/wp\/v2\/types\/page"}],"author":[{"embeddable":true,"href":"https:\/\/fundhas.org.br\/portfolio\/portfolio2019\/wp-json\/wp\/v2\/users\/4"}],"replies":[{"embeddable":true,"href":"https:\/\/fundhas.org.br\/portfolio\/portfolio2019\/wp-json\/wp\/v2\/comments?post=263"}],"version-history":[{"count":13,"href":"https:\/\/fundhas.org.br\/portfolio\/portfolio2019\/wp-json\/wp\/v2\/pages\/263\/revisions"}],"predecessor-version":[{"id":1160,"href":"https:\/\/fundhas.org.br\/portfolio\/portfolio2019\/wp-json\/wp\/v2\/pages\/263\/revisions\/1160"}],"wp:attachment":[{"href":"https:\/\/fundhas.org.br\/portfolio\/portfolio2019\/wp-json\/wp\/v2\/media?parent=263"}],"curies":[{"name":"wp","href":"https:\/\/api.w.org\/{rel}","templated":true}]}}