{"id":206,"date":"2019-10-16T13:33:03","date_gmt":"2019-10-16T13:33:03","guid":{"rendered":"https:\/\/fundhas.org.br\/portfolio\/portfolio2019\/?page_id=206"},"modified":"2020-08-19T09:56:35","modified_gmt":"2020-08-19T12:56:35","slug":"corporacaomusical","status":"publish","type":"page","link":"https:\/\/fundhas.org.br\/portfolio\/portfolio2019\/corporacaomusical\/","title":{"rendered":"Corpora\u00e7\u00e3o Musical"},"content":{"rendered":"\r\n<h4><span style=\"color: #00aeef;\">Descri\u00e7\u00e3o<\/span><\/h4>\r\n<p>Toda semana, a Banda Marcial da Fundhas re\u00fane cerca de 80 crian\u00e7as e adolescentes, na Unidade Jardim Paulista, para os ensaios do grupo. Os jovens m\u00fasicos se preparam para apresenta\u00e7\u00f5es em eventos municipais e campeonatos.<br \/>Composta por alas com instrumentos de percuss\u00e3o, sopro, cordas e corpo coreogr\u00e1fico, a composi\u00e7\u00e3o musical, o grupo surpreende o p\u00fablico e trabalha talentos com os atendidos. <br \/>A banda da Fundhas desenvolve atividades de m\u00fasica e dan\u00e7a dentro de uma filosofia educacional, garantindo oportunidades de desenvolvimento de voca\u00e7\u00f5es art\u00edsticas \u00e0s crian\u00e7as e aos adolescentes da Institui\u00e7\u00e3o e coleciona pr\u00eamios.<br \/>A participa\u00e7\u00e3o no grupo musical pode ser a oportunidade de in\u00edcio para a forma\u00e7\u00e3o de jovens m\u00fasicos, uma vez que oferece o primeiro contato com uma linha definida de melodias e ritmos, a possibilidade de conhecer pe\u00e7as contempor\u00e2neas e eruditas, al\u00e9m das apresenta\u00e7\u00f5es em datas comemorativas na Institui\u00e7\u00e3o e no munic\u00edpio.<br \/>Aos estudantes \u00e9 ofertada a viv\u00eancia e aprendizagem de valores essenciais \u00e0 forma\u00e7\u00e3o humana, como respeito, disciplina, organiza\u00e7\u00e3o, e o protagonismo entre os jovens.<\/p>\r\n<h4><span style=\"color: #00aeef;\">Galeria de Imagens<\/span><\/h4>\r\n<div id='gallery-1' class='czr-gallery row flex-row czr-gallery-style gallery galleryid-206 gallery-columns-3 gallery-size-thumbnail'><figure class='gallery-item col col-auto'>\r\n                        <div class='gallery-icon landscape czr-gallery-icon'>\r\n                              <a data-lb-type=\"grouped-gallery\" title=\"Corpora\u00e7\u00e3o Musical &#8211; Music Corporation\" href=https:\/\/fundhas.org.br\/portfolio\/portfolio2019\/wp-content\/uploads\/2019\/11\/36795639872_50367a9d01_k.jpg class=\"bg-link\"><\/a><img loading=\"lazy\" decoding=\"async\" width=\"150\" height=\"150\" src=\"https:\/\/fundhas.org.br\/portfolio\/portfolio2019\/wp-content\/uploads\/2019\/11\/36795639872_50367a9d01_k-150x150.jpg\" class=\"attachment-thumbnail size-thumbnail no-lazy\" alt=\"\" sizes=\"auto, (min-width: 1200px) 350px, (min-width: 992px) 290px, (min-width: 768px) 210px, (min-width: 576px) 150px, calc( 50vw - 30px )\" aria-describedby=\"gallery-1-768\" srcset=\"https:\/\/fundhas.org.br\/portfolio\/portfolio2019\/wp-content\/uploads\/2019\/11\/36795639872_50367a9d01_k-150x150.jpg 150w, https:\/\/fundhas.org.br\/portfolio\/portfolio2019\/wp-content\/uploads\/2019\/11\/36795639872_50367a9d01_k-510x510.jpg 510w\" \/>\r\n                        <\/div>\r\n                              <figcaption class='wp-caption-text gallery-caption' id='gallery-1-768'>\r\n                              Corpora\u00e7\u00e3o Musical &#8211; Music Corporation\r\n                              <\/figcaption><\/figure><figure class='gallery-item col col-auto'>\r\n                        <div class='gallery-icon landscape czr-gallery-icon'>\r\n                              <a data-lb-type=\"grouped-gallery\" title=\"Corpora\u00e7\u00e3o Musical &#8211; Music Corporation\" href=https:\/\/fundhas.org.br\/portfolio\/portfolio2019\/wp-content\/uploads\/2019\/11\/36795686192_2ee90ece2c_k.jpg class=\"bg-link\"><\/a><img loading=\"lazy\" decoding=\"async\" width=\"150\" height=\"150\" src=\"https:\/\/fundhas.org.br\/portfolio\/portfolio2019\/wp-content\/uploads\/2019\/11\/36795686192_2ee90ece2c_k-150x150.jpg\" class=\"attachment-thumbnail size-thumbnail no-lazy\" alt=\"\" sizes=\"auto, (min-width: 1200px) 350px, (min-width: 992px) 290px, (min-width: 768px) 210px, (min-width: 576px) 150px, calc( 50vw - 30px )\" aria-describedby=\"gallery-1-770\" srcset=\"https:\/\/fundhas.org.br\/portfolio\/portfolio2019\/wp-content\/uploads\/2019\/11\/36795686192_2ee90ece2c_k-150x150.jpg 150w, https:\/\/fundhas.org.br\/portfolio\/portfolio2019\/wp-content\/uploads\/2019\/11\/36795686192_2ee90ece2c_k-510x510.jpg 510w\" \/>\r\n                        <\/div>\r\n                              <figcaption class='wp-caption-text gallery-caption' id='gallery-1-770'>\r\n                              Corpora\u00e7\u00e3o Musical &#8211; Music Corporation\r\n                              <\/figcaption><\/figure><figure class='gallery-item col col-auto'>\r\n                        <div class='gallery-icon landscape czr-gallery-icon'>\r\n                              <a data-lb-type=\"grouped-gallery\" title=\"Corpora\u00e7\u00e3o Musical &#8211; Music Corporation\" href=https:\/\/fundhas.org.br\/portfolio\/portfolio2019\/wp-content\/uploads\/2019\/11\/IMG_9199-scaled.jpg class=\"bg-link\"><\/a><img loading=\"lazy\" decoding=\"async\" width=\"150\" height=\"150\" src=\"https:\/\/fundhas.org.br\/portfolio\/portfolio2019\/wp-content\/uploads\/2019\/11\/IMG_9199-150x150.jpg\" class=\"attachment-thumbnail size-thumbnail no-lazy\" alt=\"\" sizes=\"auto, (min-width: 1200px) 350px, (min-width: 992px) 290px, (min-width: 768px) 210px, (min-width: 576px) 150px, calc( 50vw - 30px )\" aria-describedby=\"gallery-1-1166\" srcset=\"https:\/\/fundhas.org.br\/portfolio\/portfolio2019\/wp-content\/uploads\/2019\/11\/IMG_9199-150x150.jpg 150w, https:\/\/fundhas.org.br\/portfolio\/portfolio2019\/wp-content\/uploads\/2019\/11\/IMG_9199-510x510.jpg 510w\" \/>\r\n                        <\/div>\r\n                              <figcaption class='wp-caption-text gallery-caption' id='gallery-1-1166'>\r\n                              Corpora\u00e7\u00e3o Musical &#8211; Music Corporation\r\n                              <\/figcaption><\/figure><figure class='gallery-item col col-auto'>\r\n                        <div class='gallery-icon landscape czr-gallery-icon'>\r\n                              <a data-lb-type=\"grouped-gallery\" title=\"Corpora\u00e7\u00e3o Musical &#8211; Music Corporation\" href=https:\/\/fundhas.org.br\/portfolio\/portfolio2019\/wp-content\/uploads\/2019\/11\/40739832473_b7f3899ed5_k.jpg class=\"bg-link\"><\/a><img loading=\"lazy\" decoding=\"async\" width=\"150\" height=\"150\" src=\"https:\/\/fundhas.org.br\/portfolio\/portfolio2019\/wp-content\/uploads\/2019\/11\/40739832473_b7f3899ed5_k-150x150.jpg\" class=\"attachment-thumbnail size-thumbnail no-lazy\" alt=\"\" sizes=\"auto, (min-width: 1200px) 350px, (min-width: 992px) 290px, (min-width: 768px) 210px, (min-width: 576px) 150px, calc( 50vw - 30px )\" aria-describedby=\"gallery-1-771\" srcset=\"https:\/\/fundhas.org.br\/portfolio\/portfolio2019\/wp-content\/uploads\/2019\/11\/40739832473_b7f3899ed5_k-150x150.jpg 150w, https:\/\/fundhas.org.br\/portfolio\/portfolio2019\/wp-content\/uploads\/2019\/11\/40739832473_b7f3899ed5_k-510x510.jpg 510w\" \/>\r\n                        <\/div>\r\n                              <figcaption class='wp-caption-text gallery-caption' id='gallery-1-771'>\r\n                              Corpora\u00e7\u00e3o Musical &#8211; Music Corporation\r\n                              <\/figcaption><\/figure><figure class='gallery-item col col-auto'>\r\n                        <div class='gallery-icon landscape czr-gallery-icon'>\r\n                              <a data-lb-type=\"grouped-gallery\" title=\"Corpora\u00e7\u00e3o Musical &#8211; Music Corporation\" href=https:\/\/fundhas.org.br\/portfolio\/portfolio2019\/wp-content\/uploads\/2019\/11\/48694414622_40d99e83e3_k.jpg class=\"bg-link\"><\/a><img loading=\"lazy\" decoding=\"async\" width=\"150\" height=\"150\" src=\"https:\/\/fundhas.org.br\/portfolio\/portfolio2019\/wp-content\/uploads\/2019\/11\/48694414622_40d99e83e3_k-150x150.jpg\" class=\"attachment-thumbnail size-thumbnail no-lazy\" alt=\"\" sizes=\"auto, (min-width: 1200px) 350px, (min-width: 992px) 290px, (min-width: 768px) 210px, (min-width: 576px) 150px, calc( 50vw - 30px )\" aria-describedby=\"gallery-1-772\" srcset=\"https:\/\/fundhas.org.br\/portfolio\/portfolio2019\/wp-content\/uploads\/2019\/11\/48694414622_40d99e83e3_k-150x150.jpg 150w, https:\/\/fundhas.org.br\/portfolio\/portfolio2019\/wp-content\/uploads\/2019\/11\/48694414622_40d99e83e3_k-510x510.jpg 510w\" \/>\r\n                        <\/div>\r\n                              <figcaption class='wp-caption-text gallery-caption' id='gallery-1-772'>\r\n                              Corpora\u00e7\u00e3o Musical &#8211; Music Corporation\r\n                              <\/figcaption><\/figure><figure class='gallery-item col col-auto'>\r\n                        <div class='gallery-icon landscape czr-gallery-icon'>\r\n                              <a data-lb-type=\"grouped-gallery\" title=\"Corpora\u00e7\u00e3o Musical &#8211; Music Corporation\" href=https:\/\/fundhas.org.br\/portfolio\/portfolio2019\/wp-content\/uploads\/2019\/11\/48638721111_a915568052_k.jpg class=\"bg-link\"><\/a><img loading=\"lazy\" decoding=\"async\" width=\"150\" height=\"150\" src=\"https:\/\/fundhas.org.br\/portfolio\/portfolio2019\/wp-content\/uploads\/2019\/11\/48638721111_a915568052_k-150x150.jpg\" class=\"attachment-thumbnail size-thumbnail no-lazy\" alt=\"\" sizes=\"auto, (min-width: 1200px) 350px, (min-width: 992px) 290px, (min-width: 768px) 210px, (min-width: 576px) 150px, calc( 50vw - 30px )\" aria-describedby=\"gallery-1-1167\" srcset=\"https:\/\/fundhas.org.br\/portfolio\/portfolio2019\/wp-content\/uploads\/2019\/11\/48638721111_a915568052_k-150x150.jpg 150w, https:\/\/fundhas.org.br\/portfolio\/portfolio2019\/wp-content\/uploads\/2019\/11\/48638721111_a915568052_k-510x510.jpg 510w\" \/>\r\n                        <\/div>\r\n                              <figcaption class='wp-caption-text gallery-caption' id='gallery-1-1167'>\r\n                              Corpora\u00e7\u00e3o Musical &#8211; Music Corporation\r\n                              <\/figcaption><\/figure><figure class='gallery-item col col-auto'>\r\n                        <div class='gallery-icon landscape czr-gallery-icon'>\r\n                              <a data-lb-type=\"grouped-gallery\" title=\"Corpora\u00e7\u00e3o Musical &#8211; Music Corporation\" href=https:\/\/fundhas.org.br\/portfolio\/portfolio2019\/wp-content\/uploads\/2019\/11\/36131610724_1a4154e0dc_k.jpg class=\"bg-link\"><\/a><img loading=\"lazy\" decoding=\"async\" width=\"150\" height=\"150\" src=\"https:\/\/fundhas.org.br\/portfolio\/portfolio2019\/wp-content\/uploads\/2019\/11\/36131610724_1a4154e0dc_k-150x150.jpg\" class=\"attachment-thumbnail size-thumbnail no-lazy\" alt=\"\" sizes=\"auto, (min-width: 1200px) 350px, (min-width: 992px) 290px, (min-width: 768px) 210px, (min-width: 576px) 150px, calc( 50vw - 30px )\" aria-describedby=\"gallery-1-767\" srcset=\"https:\/\/fundhas.org.br\/portfolio\/portfolio2019\/wp-content\/uploads\/2019\/11\/36131610724_1a4154e0dc_k-150x150.jpg 150w, https:\/\/fundhas.org.br\/portfolio\/portfolio2019\/wp-content\/uploads\/2019\/11\/36131610724_1a4154e0dc_k-510x510.jpg 510w\" \/>\r\n                        <\/div>\r\n                              <figcaption class='wp-caption-text gallery-caption' id='gallery-1-767'>\r\n                              Corpora\u00e7\u00e3o Musical &#8211; Music Corporation\r\n                              <\/figcaption><\/figure><figure class='gallery-item col col-auto'>\r\n                        <div class='gallery-icon landscape czr-gallery-icon'>\r\n                              <a data-lb-type=\"grouped-gallery\" title=\"Corpora\u00e7\u00e3o Musical &#8211; Music Corporation\" href=https:\/\/fundhas.org.br\/portfolio\/portfolio2019\/wp-content\/uploads\/2019\/11\/fanfarra-no-niver-fundhas-32-2.jpg class=\"bg-link\"><\/a><img loading=\"lazy\" decoding=\"async\" width=\"150\" height=\"150\" src=\"https:\/\/fundhas.org.br\/portfolio\/portfolio2019\/wp-content\/uploads\/2019\/11\/fanfarra-no-niver-fundhas-32-2-150x150.jpg\" class=\"attachment-thumbnail size-thumbnail no-lazy\" alt=\"\" sizes=\"auto, (min-width: 1200px) 350px, (min-width: 992px) 290px, (min-width: 768px) 210px, (min-width: 576px) 150px, calc( 50vw - 30px )\" aria-describedby=\"gallery-1-1165\" srcset=\"https:\/\/fundhas.org.br\/portfolio\/portfolio2019\/wp-content\/uploads\/2019\/11\/fanfarra-no-niver-fundhas-32-2-150x150.jpg 150w, https:\/\/fundhas.org.br\/portfolio\/portfolio2019\/wp-content\/uploads\/2019\/11\/fanfarra-no-niver-fundhas-32-2-510x510.jpg 510w\" \/>\r\n                        <\/div>\r\n                              <figcaption class='wp-caption-text gallery-caption' id='gallery-1-1165'>\r\n                              Corpora\u00e7\u00e3o Musical &#8211; Music Corporation\r\n                              <\/figcaption><\/figure><figure class='gallery-item col col-auto'>\r\n                        <div class='gallery-icon landscape czr-gallery-icon'>\r\n                              <a data-lb-type=\"grouped-gallery\" title=\"Corpora\u00e7\u00e3o Musical &#8211; Music Corporation\" href=https:\/\/fundhas.org.br\/portfolio\/portfolio2019\/wp-content\/uploads\/2019\/11\/48659725631_732949e253_z.jpg class=\"bg-link\"><\/a><img loading=\"lazy\" decoding=\"async\" width=\"150\" height=\"150\" src=\"https:\/\/fundhas.org.br\/portfolio\/portfolio2019\/wp-content\/uploads\/2019\/11\/48659725631_732949e253_z-150x150.jpg\" class=\"attachment-thumbnail size-thumbnail no-lazy\" alt=\"\" sizes=\"auto, (min-width: 1200px) 350px, (min-width: 992px) 290px, (min-width: 768px) 210px, (min-width: 576px) 150px, calc( 50vw - 30px )\" aria-describedby=\"gallery-1-1168\" \/>\r\n                        <\/div>\r\n                              <figcaption class='wp-caption-text gallery-caption' id='gallery-1-1168'>\r\n                              Corpora\u00e7\u00e3o Musical &#8211; Music Corporation\r\n                              <\/figcaption><\/figure>\r\n                  <\/div>\n\r\n<h4><span style=\"color: #00aeef;\">Links<\/span><\/h4>\r\n<p><a href=\"https:\/\/www.sjc.sp.gov.br\/noticias\/2018\/agosto\/26\/fanfarra-da-fundhas-realiza-sonho-de-criancas-e-adolescentes\/\">https:\/\/www.sjc.sp.gov.br\/noticias\/2018\/agosto\/26\/fanfarra-da-fundhas-realiza-sonho-de-criancas-e-adolescentes\/<\/a><\/p>\r\n<p>\r\n\r\n<\/p>\r\n<p><a href=\"https:\/\/www.facebook.com\/watch\/?v=2295284090718602\">https:\/\/www.facebook.com\/watch\/?v=2295284090718602<\/a><\/p>\r\n<p><a href=\"http:\/\/fundhas.org.br\/v01\/2019\/05\/21\/militar-da-banda-do-dcta-realiza-palestra-para-fanfarra-da-fundhas\/\">http:\/\/fundhas.org.br\/v01\/2019\/05\/21\/militar-da-banda-do-dcta-realiza-palestra-para-fanfarra-da-fundhas\/<\/a><\/p>","protected":false},"excerpt":{"rendered":"<p>Descri\u00e7\u00e3o Toda semana, a Banda Marcial da Fundhas re\u00fane cerca de 80 crian\u00e7as e adolescentes, na Unidade Jardim Paulista, para os ensaios do grupo. Os jovens m\u00fasicos se preparam para apresenta\u00e7\u00f5es em eventos municipais e campeonatos.Composta por alas com instrumentos de percuss\u00e3o, sopro, cordas e corpo coreogr\u00e1fico, a composi\u00e7\u00e3o musical, o grupo surpreende o p\u00fablico [&hellip;]<\/p>\n","protected":false},"author":4,"featured_media":0,"parent":0,"menu_order":0,"comment_status":"closed","ping_status":"closed","template":"","meta":{"footnotes":""},"class_list":["post-206","page","type-page","status-publish","czr-hentry"],"_links":{"self":[{"href":"https:\/\/fundhas.org.br\/portfolio\/portfolio2019\/wp-json\/wp\/v2\/pages\/206","targetHints":{"allow":["GET"]}}],"collection":[{"href":"https:\/\/fundhas.org.br\/portfolio\/portfolio2019\/wp-json\/wp\/v2\/pages"}],"about":[{"href":"https:\/\/fundhas.org.br\/portfolio\/portfolio2019\/wp-json\/wp\/v2\/types\/page"}],"author":[{"embeddable":true,"href":"https:\/\/fundhas.org.br\/portfolio\/portfolio2019\/wp-json\/wp\/v2\/users\/4"}],"replies":[{"embeddable":true,"href":"https:\/\/fundhas.org.br\/portfolio\/portfolio2019\/wp-json\/wp\/v2\/comments?post=206"}],"version-history":[{"count":13,"href":"https:\/\/fundhas.org.br\/portfolio\/portfolio2019\/wp-json\/wp\/v2\/pages\/206\/revisions"}],"predecessor-version":[{"id":1169,"href":"https:\/\/fundhas.org.br\/portfolio\/portfolio2019\/wp-json\/wp\/v2\/pages\/206\/revisions\/1169"}],"wp:attachment":[{"href":"https:\/\/fundhas.org.br\/portfolio\/portfolio2019\/wp-json\/wp\/v2\/media?parent=206"}],"curies":[{"name":"wp","href":"https:\/\/api.w.org\/{rel}","templated":true}]}}