{"id":131,"date":"2019-10-16T12:29:12","date_gmt":"2019-10-16T12:29:12","guid":{"rendered":"https:\/\/fundhas.org.br\/portfolio\/portfolio2019\/?page_id=131"},"modified":"2019-11-20T12:46:09","modified_gmt":"2019-11-20T12:46:09","slug":"conheca-a-fundhas","status":"publish","type":"page","link":"https:\/\/fundhas.org.br\/portfolio\/portfolio2019\/conheca-a-fundhas\/","title":{"rendered":"Conhe\u00e7a a Fundhas"},"content":{"rendered":"\r\n<h4><span style=\"color: #00aeef;\">Descri\u00e7\u00e3o<\/span><\/h4>\r\n<p>A FUNDHAS (Funda\u00e7\u00e3o H\u00e9lio Augusto de Souza) \u00e9 o maior projeto social do munic\u00edpio de S\u00e3o Jos\u00e9 dos Campos. Mantida pela Prefeitura de S\u00e3o Jos\u00e9 dos Campos \u00e9 uma institui\u00e7\u00e3o sem fins lucrativos que desde 1987 atende crian\u00e7as, adolescentes e jovens do munic\u00edpio, em situa\u00e7\u00e3o de vulnerabilidade e\/ou risco social. A DECA (Diretoria Especializada em Crian\u00e7as e Adolescentes) atende em suas 10 unidades, divididas por regi\u00f5es, crian\u00e7as e adolescentes de 06 a 14 anos, no contraturno escolar. Para as idades subsequentes, a FUNDHAS conta com o CEPHAS (Centro de Educa\u00e7\u00e3o Profissional H\u00e9lio Augusto de Souza), que desenvolve educa\u00e7\u00e3o profissional, iniciando com a Empregabilidade dos adolescentes, dos 15 aos 18 anos, atendendo em quatro unidades, com a possibilidade posterior de ingresso no ensino formal t\u00e9cnico, via Vestibulinho do Cephas.<\/p>\r\n<p>A FUNDHAS desenvolve seus trabalhos com foco em \u201cfazer a diferen\u00e7a na vida de crian\u00e7as e adolescentes\u201d e ser excel\u00eancia nas a\u00e7\u00f5es socioeducativas propostas, que possam viabilizar a emancipa\u00e7\u00e3o social.\u00a0<br \/>A institui\u00e7\u00e3o compreende a emancipa\u00e7\u00e3o social como uma aquisi\u00e7\u00e3o processual de concep\u00e7\u00f5es e fazeres que fortalecem o sujeito promove interven\u00e7\u00f5es de car\u00e1ter preventivo e proativo no desenvolvimento e forma\u00e7\u00e3o integral do sujeito, considerando suas capacidades e potencialidades, fortalecendo sua tarefa de supera\u00e7\u00e3o diante dos obst\u00e1culos e para o alcance de alternativas emancipat\u00f3rias.<\/p>\r\n","protected":false},"excerpt":{"rendered":"<p>Descri\u00e7\u00e3o A FUNDHAS (Funda\u00e7\u00e3o H\u00e9lio Augusto de Souza) \u00e9 o maior projeto social do munic\u00edpio de S\u00e3o Jos\u00e9 dos Campos. Mantida pela Prefeitura de S\u00e3o Jos\u00e9 dos Campos \u00e9 uma institui\u00e7\u00e3o sem fins lucrativos que desde 1987 atende crian\u00e7as, adolescentes e jovens do munic\u00edpio, em situa\u00e7\u00e3o de vulnerabilidade e\/ou risco social. A DECA (Diretoria Especializada [&hellip;]<\/p>\n","protected":false},"author":4,"featured_media":0,"parent":0,"menu_order":0,"comment_status":"closed","ping_status":"closed","template":"","meta":{"footnotes":""},"class_list":["post-131","page","type-page","status-publish","czr-hentry"],"_links":{"self":[{"href":"https:\/\/fundhas.org.br\/portfolio\/portfolio2019\/wp-json\/wp\/v2\/pages\/131","targetHints":{"allow":["GET"]}}],"collection":[{"href":"https:\/\/fundhas.org.br\/portfolio\/portfolio2019\/wp-json\/wp\/v2\/pages"}],"about":[{"href":"https:\/\/fundhas.org.br\/portfolio\/portfolio2019\/wp-json\/wp\/v2\/types\/page"}],"author":[{"embeddable":true,"href":"https:\/\/fundhas.org.br\/portfolio\/portfolio2019\/wp-json\/wp\/v2\/users\/4"}],"replies":[{"embeddable":true,"href":"https:\/\/fundhas.org.br\/portfolio\/portfolio2019\/wp-json\/wp\/v2\/comments?post=131"}],"version-history":[{"count":7,"href":"https:\/\/fundhas.org.br\/portfolio\/portfolio2019\/wp-json\/wp\/v2\/pages\/131\/revisions"}],"predecessor-version":[{"id":1141,"href":"https:\/\/fundhas.org.br\/portfolio\/portfolio2019\/wp-json\/wp\/v2\/pages\/131\/revisions\/1141"}],"wp:attachment":[{"href":"https:\/\/fundhas.org.br\/portfolio\/portfolio2019\/wp-json\/wp\/v2\/media?parent=131"}],"curies":[{"name":"wp","href":"https:\/\/api.w.org\/{rel}","templated":true}]}}